{"id":23,"date":"2024-09-29T03:49:11","date_gmt":"2024-09-29T03:49:11","guid":{"rendered":"https:\/\/cncrush.com\/?page_id=23"},"modified":"2024-12-20T07:45:35","modified_gmt":"2024-12-20T07:45:35","slug":"dodatkowe-uslugi","status":"publish","type":"page","link":"https:\/\/cncrush.com\/pl\/dodatkowe-uslugi\/","title":{"rendered":"Dodatkowe us\u0142ugi"},"content":{"rendered":"<div class=\"container section-title-container\" ><h3 class=\"section-title section-title-normal\"><b><\/b><span class=\"section-title-main\" style=\"font-size:133%;\">Dodatkowe us\u0142ugi<\/span><b><\/b><\/h3><\/div>\n\n\t<section class=\"section\" id=\"section_2069512003\">\n\t\t<div class=\"section-bg fill\" >\n\t\t\t\t\t\t\t\t\t\n\t\t\t\n\n\t\t<\/div>\n\n\t\t\n\n\t\t<div class=\"section-content relative\">\n\t\t\t\n<div class=\"row row-collapse\"  id=\"row-1224294758\">\n\n\t<div id=\"col-1863891881\" class=\"col medium-5 small-12 large-5\"  >\n\t\t\t\t<div class=\"col-inner\"  >\n\t\t\t\n\t\t\t\n<div class=\"row\"  id=\"row-641522856\">\n\n\t<div id=\"col-94425735\" class=\"col medium-9 small-12 large-9\"  >\n\t\t\t\t<div class=\"col-inner\"  >\n\t\t\t\n\t\t\t\n\t<div id=\"text-2449438892\" class=\"text\">\n\t\t\n<h3>Wsparcie techniczne<\/h3>\n<p>Oferujemy kompleksowe wsparcie techniczne w celu optymalizacji proces\u00f3w produkcyjnych. Nasza specjalistyczna wiedza obejmuje ocen\u0119 wykonalno\u015bci cz\u0119\u015bci, rekomendowanie ulepsze\u0144 materia\u0142\u00f3w i proces\u00f3w oraz zapewnianie dostosowa\u0144 projektowych w celu zwi\u0119kszenia wydajno\u015bci i obni\u017cenia koszt\u00f3w.\u00a0<\/p>\n\t\t\n<style>\n#text-2449438892 {\n  text-align: left;\n}\n<\/style>\n\t<\/div>\n\t\n\t<div class=\"img has-hover x md-x lg-x y md-y lg-y\" id=\"image_9123714\">\n\t\t\t\t\t\t\t\t<div class=\"img-inner dark\" >\n\t\t\t<img loading=\"lazy\" decoding=\"async\" width=\"1020\" height=\"536\" src=\"https:\/\/cncrush.com\/wp-content\/uploads\/2024\/12\/technical-support-1024x538.png\" class=\"attachment-large size-large\" alt=\"\" srcset=\"https:\/\/cncrush.com\/wp-content\/uploads\/2024\/12\/technical-support-1024x538.png 1024w, https:\/\/cncrush.com\/wp-content\/uploads\/2024\/12\/technical-support-300x158.png 300w, https:\/\/cncrush.com\/wp-content\/uploads\/2024\/12\/technical-support-768x403.png 768w, https:\/\/cncrush.com\/wp-content\/uploads\/2024\/12\/technical-support-18x9.png 18w, https:\/\/cncrush.com\/wp-content\/uploads\/2024\/12\/technical-support.png 1200w\" sizes=\"auto, (max-width: 1020px) 100vw, 1020px\" title=\"\">\t\t\t\t\t\t\n\t\t\t\t\t<\/div>\n\t\t\t\t\t\t\t\t\n<style>\n#image_9123714 {\n  width: 100%;\n}\n<\/style>\n\t<\/div>\n\t\n\t\t<\/div>\n\t\t\t\t\t<\/div>\n\n\t\n\n\t<div id=\"col-1640089812\" class=\"col medium-9 small-12 large-9\"  >\n\t\t\t\t<div class=\"col-inner\"  >\n\t\t\t\n\t\t\t\n<h3>Monta\u017c<\/h3>\n<p>Naszym Klientom oferujemy kompleksow\u0105 produkcj\u0119 podzespo\u0142\u00f3w, a nast\u0119pnie us\u0142ugi monta\u017cu przy udziale do\u015bwiadczonej kadry<\/p>\n\t\t<\/div>\n\t\t\t\t\t<\/div>\n\n\t\n\n\t<div id=\"col-674802116\" class=\"col medium-7 small-12 large-7\"  >\n\t\t\t\t<div class=\"col-inner\"  >\n\t\t\t\n\t\t\t\n\t<div class=\"img has-hover x md-x lg-x y md-y lg-y\" id=\"image_1620457656\">\n\t\t\t\t\t\t\t\t<div class=\"img-inner dark\" >\n\t\t\t<img loading=\"lazy\" decoding=\"async\" width=\"1020\" height=\"765\" src=\"https:\/\/cncrush.com\/wp-content\/uploads\/2024\/12\/Assembly-1024x768.jpg\" class=\"attachment-large size-large\" alt=\"\" srcset=\"https:\/\/cncrush.com\/wp-content\/uploads\/2024\/12\/Assembly-1024x768.jpg 1024w, https:\/\/cncrush.com\/wp-content\/uploads\/2024\/12\/Assembly-300x225.jpg 300w, https:\/\/cncrush.com\/wp-content\/uploads\/2024\/12\/Assembly-768x576.jpg 768w, https:\/\/cncrush.com\/wp-content\/uploads\/2024\/12\/Assembly-16x12.jpg 16w, https:\/\/cncrush.com\/wp-content\/uploads\/2024\/12\/Assembly.jpg 1440w\" sizes=\"auto, (max-width: 1020px) 100vw, 1020px\" title=\"\">\t\t\t\t\t\t\n\t\t\t\t\t<\/div>\n\t\t\t\t\t\t\t\t\n<style>\n#image_1620457656 {\n  width: 100%;\n}\n<\/style>\n\t<\/div>\n\t\n\t\t<\/div>\n\t\t\t\t\t<\/div>\n\n\t\n<\/div>\n\t\t<\/div>\n\t\t\t\t\t<\/div>\n\n\t\n\n\t<div id=\"col-28452649\" class=\"col medium-6 small-12 large-6\"  >\n\t\t\t\t<div class=\"col-inner\"  >\n\t\t\t\n\t\t\t\n<div class=\"row\"  id=\"row-980860674\">\n\n\t<div id=\"col-504751657\" class=\"col medium-7 small-12 large-7\"  >\n\t\t\t\t<div class=\"col-inner\"  >\n\t\t\t\n\t\t\t\n<h3>Mycie<\/h3>\n<p>Posiadamy kilka myjek ultrad\u017awi\u0119kowych, dzi\u0119ki czemu mamy pewno\u015b\u0107, \u017ce produkowane przez nas cz\u0119\u015bci s\u0105 czyste, pozbawione jakichkolwiek zadzior\u00f3w, wi\u00f3r\u00f3w czy resztek oleju.<\/p>\n\t<div class=\"img has-hover x md-x lg-x y md-y lg-y\" id=\"image_269079878\">\n\t\t\t\t\t\t\t\t<div class=\"img-inner dark\" >\n\t\t\t<img loading=\"lazy\" decoding=\"async\" width=\"538\" height=\"306\" src=\"https:\/\/cncrush.com\/wp-content\/uploads\/2024\/12\/ultrasonics.png\" class=\"attachment-large size-large\" alt=\"\" srcset=\"https:\/\/cncrush.com\/wp-content\/uploads\/2024\/12\/ultrasonics.png 538w, https:\/\/cncrush.com\/wp-content\/uploads\/2024\/12\/ultrasonics-300x171.png 300w, https:\/\/cncrush.com\/wp-content\/uploads\/2024\/12\/ultrasonics-18x10.png 18w\" sizes=\"auto, (max-width: 538px) 100vw, 538px\" title=\"\">\t\t\t\t\t\t\n\t\t\t\t\t<\/div>\n\t\t\t\t\t\t\t\t\n<style>\n#image_269079878 {\n  width: 100%;\n}\n<\/style>\n\t<\/div>\n\t\n\t\t<\/div>\n\t\t\t\t\t<\/div>\n\n\t\n\n\t<div id=\"col-963234517\" class=\"col medium-8 small-12 large-8\"  >\n\t\t\t\t<div class=\"col-inner\"  >\n\t\t\t\n\t\t\t\n<h3>Opcje wysy\u0142ki<\/h3>\n<p>Oferujemy r\u00f3\u017cne opcje wysy\u0142ki, takie jak DHL, FedEx, UPS, fracht morski, fracht kolejowy i inne.<\/p>\n\t<div class=\"img has-hover x md-x lg-x y md-y lg-y\" id=\"image_1721166997\">\n\t\t\t\t\t\t\t\t<div class=\"img-inner dark\" >\n\t\t\t<img loading=\"lazy\" decoding=\"async\" width=\"833\" height=\"468\" src=\"https:\/\/cncrush.com\/wp-content\/uploads\/2024\/12\/fedex-ups-dhl-usps.jpg\" class=\"attachment-large size-large\" alt=\"\" srcset=\"https:\/\/cncrush.com\/wp-content\/uploads\/2024\/12\/fedex-ups-dhl-usps.jpg 833w, https:\/\/cncrush.com\/wp-content\/uploads\/2024\/12\/fedex-ups-dhl-usps-300x169.jpg 300w, https:\/\/cncrush.com\/wp-content\/uploads\/2024\/12\/fedex-ups-dhl-usps-768x431.jpg 768w, https:\/\/cncrush.com\/wp-content\/uploads\/2024\/12\/fedex-ups-dhl-usps-18x10.jpg 18w\" sizes=\"auto, (max-width: 833px) 100vw, 833px\" title=\"\">\t\t\t\t\t\t\n\t\t\t\t\t<\/div>\n\t\t\t\t\t\t\t\t\n<style>\n#image_1721166997 {\n  width: 100%;\n}\n<\/style>\n\t<\/div>\n\t\n\t\t<\/div>\n\t\t\t\t\t<\/div>\n\n\t\n<\/div>\n\t\t<\/div>\n\t\t\t\t\t<\/div>\n\n\t\n<\/div>\n\t\t<\/div>\n\n\t\t\n<style>\n#section_2069512003 {\n  padding-top: 0px;\n  padding-bottom: 0px;\n}\n@media (min-width:550px) {\n  #section_2069512003 {\n    padding-top: 10px;\n    padding-bottom: 10px;\n  }\n}\n<\/style>\n\t<\/section>","protected":false},"excerpt":{"rendered":"","protected":false},"author":1,"featured_media":0,"parent":0,"menu_order":0,"comment_status":"closed","ping_status":"closed","template":"page-blank.php","meta":{"footnotes":""},"class_list":["post-23","page","type-page","status-publish","hentry"],"_links":{"self":[{"href":"https:\/\/cncrush.com\/pl\/wp-json\/wp\/v2\/pages\/23","targetHints":{"allow":["GET"]}}],"collection":[{"href":"https:\/\/cncrush.com\/pl\/wp-json\/wp\/v2\/pages"}],"about":[{"href":"https:\/\/cncrush.com\/pl\/wp-json\/wp\/v2\/types\/page"}],"author":[{"embeddable":true,"href":"https:\/\/cncrush.com\/pl\/wp-json\/wp\/v2\/users\/1"}],"replies":[{"embeddable":true,"href":"https:\/\/cncrush.com\/pl\/wp-json\/wp\/v2\/comments?post=23"}],"version-history":[{"count":0,"href":"https:\/\/cncrush.com\/pl\/wp-json\/wp\/v2\/pages\/23\/revisions"}],"wp:attachment":[{"href":"https:\/\/cncrush.com\/pl\/wp-json\/wp\/v2\/media?parent=23"}],"curies":[{"name":"wp","href":"https:\/\/api.w.org\/{rel}","templated":true}]}}