{"id":25,"date":"2024-09-29T03:49:21","date_gmt":"2024-09-29T03:49:21","guid":{"rendered":"https:\/\/cncrush.com\/?page_id=25"},"modified":"2025-06-04T05:03:07","modified_gmt":"2025-06-04T05:03:07","slug":"anodowanie-czesci","status":"publish","type":"page","link":"https:\/\/cncrush.com\/pl\/anodowanie-czesci\/","title":{"rendered":"Anodowanie cz\u0119\u015bci"},"content":{"rendered":"<section class=\"section\" id=\"section_949279649\">\n\t\t<div class=\"section-bg fill\" >\n\t\t\t\t\t\t\t\t\t\n\t\t\t\n\n\t\t<\/div>\n\n\t\t\n\n\t\t<div class=\"section-content relative\">\n\t\t\t\n<div class=\"row align-equal row-box-shadow-2-hover\"  id=\"row-1422446499\">\n\n\t<div id=\"col-1401769079\" class=\"col medium-6 small-12 large-4\"  data-animate=\"bounceInUp\">\n\t\t\t\t<div class=\"col-inner\"  >\n\t\t\t\n\t\t\t\n\t<div class=\"box has-hover   has-hover box-text-bottom\" >\n\n\t\t<div class=\"box-image\" >\n\t\t\t\t\t\t<div class=\"\" >\n\t\t\t\t<img loading=\"lazy\" decoding=\"async\" width=\"2560\" height=\"2081\" src=\"https:\/\/cncrush.com\/wp-content\/uploads\/2024\/12\/234c1419f76b724ab7490d7d935cb0f-scaled.jpg\" class=\"attachment- size-\" alt=\"\" srcset=\"https:\/\/cncrush.com\/wp-content\/uploads\/2024\/12\/234c1419f76b724ab7490d7d935cb0f-scaled.jpg 2560w, https:\/\/cncrush.com\/wp-content\/uploads\/2024\/12\/234c1419f76b724ab7490d7d935cb0f-300x244.jpg 300w, https:\/\/cncrush.com\/wp-content\/uploads\/2024\/12\/234c1419f76b724ab7490d7d935cb0f-1024x832.jpg 1024w, https:\/\/cncrush.com\/wp-content\/uploads\/2024\/12\/234c1419f76b724ab7490d7d935cb0f-768x624.jpg 768w, https:\/\/cncrush.com\/wp-content\/uploads\/2024\/12\/234c1419f76b724ab7490d7d935cb0f-1536x1248.jpg 1536w, https:\/\/cncrush.com\/wp-content\/uploads\/2024\/12\/234c1419f76b724ab7490d7d935cb0f-2048x1665.jpg 2048w, https:\/\/cncrush.com\/wp-content\/uploads\/2024\/12\/234c1419f76b724ab7490d7d935cb0f-15x12.jpg 15w\" sizes=\"auto, (max-width: 2560px) 100vw, 2560px\" title=\"\">\t\t\t\t\t\t\t\t\t\t\t<\/div>\n\t\t\t\t\t<\/div>\n\n\t\t<div class=\"box-text text-center\" >\n\t\t\t<div class=\"box-text-inner\">\n\t\t\t\t\n<h4>Zwyk\u0142e anodowanie<\/h4>\n<p>Zwyk\u0142e anodowanie zwi\u0119ksza odporno\u015b\u0107 na korozj\u0119 i zapewnia dekoracyjne wyko\u0144czenia. Grubo\u015b\u0107 wynosi 5-20 \u03bcm. <\/p>\n\t\t\t<\/div>\n\t\t<\/div>\n\t<\/div>\n\t\n\t\t<\/div>\n\t\t\t\t\t<\/div>\n\n\t\n\n\t<div id=\"col-970868361\" class=\"col medium-6 small-12 large-4\"  data-animate=\"bounceInUp\">\n\t\t\t\t<div class=\"col-inner\"  >\n\t\t\t\n\t\t\t\n\n\t<a class=\"plain\" href=\"#\" >\t<div class=\"icon-box featured-box icon-box-center text-center\"  >\n\t\t\t\t<div class=\"icon-box-text last-reset\">\n\t\t\t\t\t\t\t\t\t\n\t<div class=\"box has-hover   has-hover box-text-bottom\" >\n\n\t\t<div class=\"box-image\" >\n\t\t\t\t\t\t<div class=\"\" >\n\t\t\t\t<img loading=\"lazy\" decoding=\"async\" width=\"2109\" height=\"2560\" src=\"https:\/\/cncrush.com\/wp-content\/uploads\/2024\/12\/437ffd92eead4650cf71d439fb915d7-scaled.jpg\" class=\"attachment- size-\" alt=\"Anodowanie aluminium\" srcset=\"https:\/\/cncrush.com\/wp-content\/uploads\/2024\/12\/437ffd92eead4650cf71d439fb915d7-scaled.jpg 2109w, https:\/\/cncrush.com\/wp-content\/uploads\/2024\/12\/437ffd92eead4650cf71d439fb915d7-247x300.jpg 247w, https:\/\/cncrush.com\/wp-content\/uploads\/2024\/12\/437ffd92eead4650cf71d439fb915d7-843x1024.jpg 843w, https:\/\/cncrush.com\/wp-content\/uploads\/2024\/12\/437ffd92eead4650cf71d439fb915d7-768x932.jpg 768w, https:\/\/cncrush.com\/wp-content\/uploads\/2024\/12\/437ffd92eead4650cf71d439fb915d7-1265x1536.jpg 1265w, https:\/\/cncrush.com\/wp-content\/uploads\/2024\/12\/437ffd92eead4650cf71d439fb915d7-1687x2048.jpg 1687w, https:\/\/cncrush.com\/wp-content\/uploads\/2024\/12\/437ffd92eead4650cf71d439fb915d7-10x12.jpg 10w\" sizes=\"auto, (max-width: 2109px) 100vw, 2109px\" title=\"\">\t\t\t\t\t\t\t\t\t\t\t<\/div>\n\t\t\t\t\t<\/div>\n\n\t\t<div class=\"box-text text-center\" >\n\t\t\t<div class=\"box-text-inner\">\n\t\t\t\t\n<h4>Twarde anodowanie<\/h4>\n<p>Twarde anodowanie tworzy trwa\u0142\u0105, odporn\u0105 na zu\u017cycie powierzchni\u0119 cz\u0119\u015bci aluminiowych. Grubo\u015b\u0107 wynosi 25-70 \u03bcm.<\/p>\n\t\t\t<\/div>\n\t\t<\/div>\n\t<\/div>\n\t\n\t\t<\/div>\n\t<\/div>\n\t<\/a>\n\t\n\t\t<\/div>\n\t\t\t\t\t<\/div>\n\n\t\n\n\t<div id=\"col-1907489280\" class=\"col medium-6 small-12 large-4\"  data-animate=\"bounceInUp\">\n\t\t\t\t<div class=\"col-inner\"  >\n\t\t\t\n\t\t\t\n\n\t<a class=\"plain\" href=\"#\" >\t<div class=\"icon-box featured-box icon-box-center text-center\"  >\n\t\t\t\t<div class=\"icon-box-text last-reset\">\n\t\t\t\t\t\t\t\t\t\n\t<div class=\"box has-hover   has-hover box-text-bottom\" >\n\n\t\t<div class=\"box-image\" >\n\t\t\t\t\t\t<div class=\"\" >\n\t\t\t\t<img loading=\"lazy\" decoding=\"async\" width=\"2560\" height=\"1780\" src=\"https:\/\/cncrush.com\/wp-content\/uploads\/2024\/12\/4482ae9563252855b301506e337d83d-scaled.jpg\" class=\"attachment- size-\" alt=\"Cz\u0119\u015bci obrabiane CNC\" srcset=\"https:\/\/cncrush.com\/wp-content\/uploads\/2024\/12\/4482ae9563252855b301506e337d83d-scaled.jpg 2560w, https:\/\/cncrush.com\/wp-content\/uploads\/2024\/12\/4482ae9563252855b301506e337d83d-300x209.jpg 300w, https:\/\/cncrush.com\/wp-content\/uploads\/2024\/12\/4482ae9563252855b301506e337d83d-1024x712.jpg 1024w, https:\/\/cncrush.com\/wp-content\/uploads\/2024\/12\/4482ae9563252855b301506e337d83d-768x534.jpg 768w, https:\/\/cncrush.com\/wp-content\/uploads\/2024\/12\/4482ae9563252855b301506e337d83d-1536x1068.jpg 1536w, https:\/\/cncrush.com\/wp-content\/uploads\/2024\/12\/4482ae9563252855b301506e337d83d-2048x1424.jpg 2048w, https:\/\/cncrush.com\/wp-content\/uploads\/2024\/12\/4482ae9563252855b301506e337d83d-18x12.jpg 18w\" sizes=\"auto, (max-width: 2560px) 100vw, 2560px\" title=\"\">\t\t\t\t\t\t\t\t\t\t\t<\/div>\n\t\t\t\t\t<\/div>\n\n\t\t<div class=\"box-text text-center\" >\n\t\t\t<div class=\"box-text-inner\">\n\t\t\t\t\n<h4>Anodowanie kolorowe<\/h4>\n<p>Kolorowe anodowanie zapewnia \u017cywe i trwa\u0142e wyko\u0144czenia, jednocze\u015bnie chroni\u0105c powierzchnie aluminiowe.<\/p>\n\t\t\t<\/div>\n\t\t<\/div>\n\t<\/div>\n\t\n\t\t<\/div>\n\t<\/div>\n\t<\/a>\n\t\n\t\t<\/div>\n\t\t\t\t\t<\/div>\n\n\t\n\n\t<div id=\"col-837035712\" class=\"col medium-4 small-12 large-4\"  >\n\t\t\t\t<div class=\"col-inner\"  >\n\t\t\t\n\t\t\t\n\t<div class=\"box has-hover   has-hover box-text-bottom\" >\n\n\t\t<div class=\"box-image\" >\n\t\t\t\t\t\t<div class=\"\" >\n\t\t\t\t<img loading=\"lazy\" decoding=\"async\" width=\"2560\" height=\"2251\" src=\"https:\/\/cncrush.com\/wp-content\/uploads\/2024\/12\/edd09d5920df704c041b5b2d202f671-scaled.jpg\" class=\"attachment- size-\" alt=\"\" srcset=\"https:\/\/cncrush.com\/wp-content\/uploads\/2024\/12\/edd09d5920df704c041b5b2d202f671-scaled.jpg 2560w, https:\/\/cncrush.com\/wp-content\/uploads\/2024\/12\/edd09d5920df704c041b5b2d202f671-300x264.jpg 300w, https:\/\/cncrush.com\/wp-content\/uploads\/2024\/12\/edd09d5920df704c041b5b2d202f671-1024x900.jpg 1024w, https:\/\/cncrush.com\/wp-content\/uploads\/2024\/12\/edd09d5920df704c041b5b2d202f671-768x675.jpg 768w, https:\/\/cncrush.com\/wp-content\/uploads\/2024\/12\/edd09d5920df704c041b5b2d202f671-1536x1350.jpg 1536w, https:\/\/cncrush.com\/wp-content\/uploads\/2024\/12\/edd09d5920df704c041b5b2d202f671-2048x1800.jpg 2048w, https:\/\/cncrush.com\/wp-content\/uploads\/2024\/12\/edd09d5920df704c041b5b2d202f671-14x12.jpg 14w\" sizes=\"auto, (max-width: 2560px) 100vw, 2560px\" title=\"\">\t\t\t\t\t\t\t\t\t\t\t<\/div>\n\t\t\t\t\t<\/div>\n\n\t\t<div class=\"box-text text-center\" >\n\t\t\t<div class=\"box-text-inner\">\n\t\t\t\t\n<h4>Cynkowanie<\/h4>\n<p>Cynkowanie zapewnia odporno\u015b\u0107 na korozj\u0119 i g\u0142adkie, b\u0142yszcz\u0105ce wyko\u0144czenie cz\u0119\u015bci metalowych.<\/p>\n\t\t\t<\/div>\n\t\t<\/div>\n\t<\/div>\n\t\n\t\t<\/div>\n\t\t\t\t\t<\/div>\n\n\t\n\n\t<div id=\"col-1418075643\" class=\"col medium-4 small-12 large-4\"  >\n\t\t\t\t<div class=\"col-inner\"  >\n\t\t\t\n\t\t\t\n\t<div class=\"box has-hover   has-hover box-text-bottom\" >\n\n\t\t<div class=\"box-image\" >\n\t\t\t\t\t\t<div class=\"\" >\n\t\t\t\t<img loading=\"lazy\" decoding=\"async\" width=\"1024\" height=\"590\" src=\"https:\/\/cncrush.com\/wp-content\/uploads\/2024\/12\/Nickel-Plating.jpg\" class=\"attachment- size-\" alt=\"\" srcset=\"https:\/\/cncrush.com\/wp-content\/uploads\/2024\/12\/Nickel-Plating.jpg 1024w, https:\/\/cncrush.com\/wp-content\/uploads\/2024\/12\/Nickel-Plating-300x173.jpg 300w, https:\/\/cncrush.com\/wp-content\/uploads\/2024\/12\/Nickel-Plating-768x443.jpg 768w, https:\/\/cncrush.com\/wp-content\/uploads\/2024\/12\/Nickel-Plating-18x10.jpg 18w\" sizes=\"auto, (max-width: 1024px) 100vw, 1024px\" title=\"\">\t\t\t\t\t\t\t\t\t\t\t<\/div>\n\t\t\t\t\t<\/div>\n\n\t\t<div class=\"box-text text-center\" >\n\t\t\t<div class=\"box-text-inner\">\n\t\t\t\t\n<h4>Niklowanie<\/h4>\n<p>Niklowanie zapewnia odporno\u015b\u0107 na korozj\u0119 i g\u0142adkie wyko\u0144czenie.<\/p>\n\t\t\t<\/div>\n\t\t<\/div>\n\t<\/div>\n\t\n\t\t<\/div>\n\t\t\t\t\t<\/div>\n\n\t\n\n\t<div id=\"col-1609728457\" class=\"col medium-4 small-12 large-4\"  >\n\t\t\t\t<div class=\"col-inner\"  >\n\t\t\t\n\t\t\t\n\t<div class=\"box has-hover   has-hover box-text-bottom\" >\n\n\t\t<div class=\"box-image\" >\n\t\t\t\t\t\t<div class=\"\" >\n\t\t\t\t<img loading=\"lazy\" decoding=\"async\" width=\"560\" height=\"400\" src=\"https:\/\/cncrush.com\/wp-content\/uploads\/2024\/12\/Chrome-Plating.jpg\" class=\"attachment- size-\" alt=\"\" srcset=\"https:\/\/cncrush.com\/wp-content\/uploads\/2024\/12\/Chrome-Plating.jpg 560w, https:\/\/cncrush.com\/wp-content\/uploads\/2024\/12\/Chrome-Plating-300x214.jpg 300w, https:\/\/cncrush.com\/wp-content\/uploads\/2024\/12\/Chrome-Plating-18x12.jpg 18w\" sizes=\"auto, (max-width: 560px) 100vw, 560px\" title=\"\">\t\t\t\t\t\t\t\t\t\t\t<\/div>\n\t\t\t\t\t<\/div>\n\n\t\t<div class=\"box-text text-center\" >\n\t\t\t<div class=\"box-text-inner\">\n\t\t\t\t\n<h4>Chromowanie<\/h4>\n<p>Chromowanie zapewnia b\u0142yszcz\u0105c\u0105, trwa\u0142\u0105 i odporn\u0105 na zu\u017cycie warstw\u0119.<\/p>\n\t\t\t<\/div>\n\t\t<\/div>\n\t<\/div>\n\t\n\t\t<\/div>\n\t\t\t\t\t<\/div>\n\n\t\n\n\t<div id=\"col-1408243620\" class=\"col medium-4 small-12 large-4\"  >\n\t\t\t\t<div class=\"col-inner\"  >\n\t\t\t\n\t\t\t\n\t<div class=\"box has-hover   has-hover box-text-bottom\" >\n\n\t\t<div class=\"box-image\" >\n\t\t\t\t\t\t<div class=\"\" >\n\t\t\t\t<img loading=\"lazy\" decoding=\"async\" width=\"1770\" height=\"1152\" src=\"https:\/\/cncrush.com\/wp-content\/uploads\/2024\/12\/powder-coating-scaled-e1734677075851.jpg\" class=\"attachment- size-\" alt=\"\" srcset=\"https:\/\/cncrush.com\/wp-content\/uploads\/2024\/12\/powder-coating-scaled-e1734677075851.jpg 1770w, https:\/\/cncrush.com\/wp-content\/uploads\/2024\/12\/powder-coating-scaled-e1734677075851-300x195.jpg 300w, https:\/\/cncrush.com\/wp-content\/uploads\/2024\/12\/powder-coating-scaled-e1734677075851-1024x666.jpg 1024w, https:\/\/cncrush.com\/wp-content\/uploads\/2024\/12\/powder-coating-scaled-e1734677075851-768x500.jpg 768w, https:\/\/cncrush.com\/wp-content\/uploads\/2024\/12\/powder-coating-scaled-e1734677075851-1536x1000.jpg 1536w, https:\/\/cncrush.com\/wp-content\/uploads\/2024\/12\/powder-coating-scaled-e1734677075851-18x12.jpg 18w\" sizes=\"auto, (max-width: 1770px) 100vw, 1770px\" title=\"\">\t\t\t\t\t\t\t\t\t\t\t<\/div>\n\t\t\t\t\t<\/div>\n\n\t\t<div class=\"box-text text-center\" >\n\t\t\t<div class=\"box-text-inner\">\n\t\t\t\t\n<h4>Malowanie proszkowe<\/h4>\n<p>Malowanie proszkowe zapewnia trwa\u0142o\u015b\u0107, g\u0142adko\u015b\u0107 i odporno\u015b\u0107 na korozj\u0119.<\/p>\n\t\t\t<\/div>\n\t\t<\/div>\n\t<\/div>\n\t\n\t\t<\/div>\n\t\t\t\t\t<\/div>\n\n\t\n\n\t<div id=\"col-1345725949\" class=\"col medium-4 small-12 large-4\"  >\n\t\t\t\t<div class=\"col-inner\"  >\n\t\t\t\n\t\t\t\n\t<div class=\"box has-hover   has-hover box-text-bottom\" >\n\n\t\t<div class=\"box-image\" >\n\t\t\t\t\t\t<div class=\"\" >\n\t\t\t\t<img loading=\"lazy\" decoding=\"async\" width=\"1693\" height=\"1260\" src=\"https:\/\/cncrush.com\/wp-content\/uploads\/2024\/12\/Brushing.jpg\" class=\"attachment- size-\" alt=\"\" srcset=\"https:\/\/cncrush.com\/wp-content\/uploads\/2024\/12\/Brushing.jpg 1693w, https:\/\/cncrush.com\/wp-content\/uploads\/2024\/12\/Brushing-300x223.jpg 300w, https:\/\/cncrush.com\/wp-content\/uploads\/2024\/12\/Brushing-1024x762.jpg 1024w, https:\/\/cncrush.com\/wp-content\/uploads\/2024\/12\/Brushing-768x572.jpg 768w, https:\/\/cncrush.com\/wp-content\/uploads\/2024\/12\/Brushing-1536x1143.jpg 1536w, https:\/\/cncrush.com\/wp-content\/uploads\/2024\/12\/Brushing-16x12.jpg 16w\" sizes=\"auto, (max-width: 1693px) 100vw, 1693px\" title=\"\">\t\t\t\t\t\t\t\t\t\t\t<\/div>\n\t\t\t\t\t<\/div>\n\n\t\t<div class=\"box-text text-center\" >\n\t\t\t<div class=\"box-text-inner\">\n\t\t\t\t\n<h4>Szczotkowanie<\/h4>\n<p>Szczotkowanie tworzy teksturowane, matowe wyko\u0144czenie, kt\u00f3re nadaje elegancki wygl\u0105d.<\/p>\n\t\t\t<\/div>\n\t\t<\/div>\n\t<\/div>\n\t\n\t\t<\/div>\n\t\t\t\t\t<\/div>\n\n\t\n\n\t<div id=\"col-443698039\" class=\"col medium-4 small-12 large-4\"  >\n\t\t\t\t<div class=\"col-inner\"  >\n\t\t\t\n\t\t\t\n\t<div class=\"box has-hover   has-hover box-text-bottom\" >\n\n\t\t<div class=\"box-image\" >\n\t\t\t\t\t\t<div class=\"\" >\n\t\t\t\t<img loading=\"lazy\" decoding=\"async\" width=\"1600\" height=\"1068\" src=\"https:\/\/cncrush.com\/wp-content\/uploads\/2024\/12\/Polished.jpg\" class=\"attachment- size-\" alt=\"\" srcset=\"https:\/\/cncrush.com\/wp-content\/uploads\/2024\/12\/Polished.jpg 1600w, https:\/\/cncrush.com\/wp-content\/uploads\/2024\/12\/Polished-300x200.jpg 300w, https:\/\/cncrush.com\/wp-content\/uploads\/2024\/12\/Polished-1024x684.jpg 1024w, https:\/\/cncrush.com\/wp-content\/uploads\/2024\/12\/Polished-768x513.jpg 768w, https:\/\/cncrush.com\/wp-content\/uploads\/2024\/12\/Polished-1536x1025.jpg 1536w, https:\/\/cncrush.com\/wp-content\/uploads\/2024\/12\/Polished-18x12.jpg 18w\" sizes=\"auto, (max-width: 1600px) 100vw, 1600px\" title=\"\">\t\t\t\t\t\t\t\t\t\t\t<\/div>\n\t\t\t\t\t<\/div>\n\n\t\t<div class=\"box-text text-center\" >\n\t\t\t<div class=\"box-text-inner\">\n\t\t\t\t\n<h4>Polerowanie<\/h4>\n<p>Polerowanie pozwala uzyska\u0107 b\u0142yszcz\u0105c\u0105, g\u0142adk\u0105 i odbijaj\u0105c\u0105 \u015bwiat\u0142o powierzchni\u0119.<\/p>\n\t\t\t<\/div>\n\t\t<\/div>\n\t<\/div>\n\t\n\t\t<\/div>\n\t\t\t\t\t<\/div>\n\n\t\n\n\t<div id=\"col-1806482878\" class=\"col medium-4 small-12 large-4\"  >\n\t\t\t\t<div class=\"col-inner\"  >\n\t\t\t\n\t\t\t\n\t<div class=\"box has-hover   has-hover box-text-bottom\" >\n\n\t\t<div class=\"box-image\" >\n\t\t\t\t\t\t<div class=\"\" >\n\t\t\t\t<img loading=\"lazy\" decoding=\"async\" width=\"660\" height=\"440\" src=\"https:\/\/cncrush.com\/wp-content\/uploads\/2024\/12\/Hardening.jpeg\" class=\"attachment- size-\" alt=\"\" srcset=\"https:\/\/cncrush.com\/wp-content\/uploads\/2024\/12\/Hardening.jpeg 660w, https:\/\/cncrush.com\/wp-content\/uploads\/2024\/12\/Hardening-300x200.jpeg 300w, https:\/\/cncrush.com\/wp-content\/uploads\/2024\/12\/Hardening-18x12.jpeg 18w\" sizes=\"auto, (max-width: 660px) 100vw, 660px\" title=\"\">\t\t\t\t\t\t\t\t\t\t\t<\/div>\n\t\t\t\t\t<\/div>\n\n\t\t<div class=\"box-text text-center\" >\n\t\t\t<div class=\"box-text-inner\">\n\t\t\t\t\n<h4>Hartowanie<\/h4>\n<p>Hartowanie zwi\u0119ksza wytrzyma\u0142o\u015b\u0107, odporno\u015b\u0107 na zu\u017cycie i trwa\u0142o\u015b\u0107.<\/p>\n\t\t\t<\/div>\n\t\t<\/div>\n\t<\/div>\n\t\n\t\t<\/div>\n\t\t\t\t\t<\/div>\n\n\t\n\n\t<div id=\"col-1777188767\" class=\"col medium-4 small-12 large-4\"  >\n\t\t\t\t<div class=\"col-inner\"  >\n\t\t\t\n\t\t\t\n\t<div class=\"box has-hover   has-hover box-text-bottom\" >\n\n\t\t<div class=\"box-image\" >\n\t\t\t\t\t\t<div class=\"\" >\n\t\t\t\t<img loading=\"lazy\" decoding=\"async\" width=\"565\" height=\"334\" src=\"https:\/\/cncrush.com\/wp-content\/uploads\/2024\/12\/HVOF.jpg\" class=\"attachment- size-\" alt=\"\" srcset=\"https:\/\/cncrush.com\/wp-content\/uploads\/2024\/12\/HVOF.jpg 565w, https:\/\/cncrush.com\/wp-content\/uploads\/2024\/12\/HVOF-300x177.jpg 300w, https:\/\/cncrush.com\/wp-content\/uploads\/2024\/12\/HVOF-18x12.jpg 18w\" sizes=\"auto, (max-width: 565px) 100vw, 565px\" title=\"\">\t\t\t\t\t\t\t\t\t\t\t<\/div>\n\t\t\t\t\t<\/div>\n\n\t\t<div class=\"box-text text-center\" >\n\t\t\t<div class=\"box-text-inner\">\n\t\t\t\t\n<h4>Pow\u0142oka HVOF<\/h4>\n<p>HVOF to pow\u0142oka o du\u017cej g\u0119sto\u015bci zapewniaj\u0105ca wyj\u0105tkow\u0105 trwa\u0142o\u015b\u0107 i zu\u017cycie<\/p>\n\t\t\t<\/div>\n\t\t<\/div>\n\t<\/div>\n\t\n\t\t<\/div>\n\t\t\t\t\t<\/div>\n\n\t\n\n\t<div id=\"col-7286684\" class=\"col medium-4 small-12 large-4\"  >\n\t\t\t\t<div class=\"col-inner\"  >\n\t\t\t\n\t\t\t\n\t<div class=\"box has-hover   has-hover box-text-bottom\" >\n\n\t\t<div class=\"box-image\" >\n\t\t\t\t\t\t<div class=\"\" >\n\t\t\t\t<img loading=\"lazy\" decoding=\"async\" width=\"1227\" height=\"792\" src=\"https:\/\/cncrush.com\/wp-content\/uploads\/2025\/06\/PVD.jpg\" class=\"attachment- size-\" alt=\"\" srcset=\"https:\/\/cncrush.com\/wp-content\/uploads\/2025\/06\/PVD.jpg 1227w, https:\/\/cncrush.com\/wp-content\/uploads\/2025\/06\/PVD-300x194.jpg 300w, https:\/\/cncrush.com\/wp-content\/uploads\/2025\/06\/PVD-1024x661.jpg 1024w, https:\/\/cncrush.com\/wp-content\/uploads\/2025\/06\/PVD-768x496.jpg 768w, https:\/\/cncrush.com\/wp-content\/uploads\/2025\/06\/PVD-18x12.jpg 18w\" sizes=\"auto, (max-width: 1227px) 100vw, 1227px\" title=\"\">\t\t\t\t\t\t\t\t\t\t\t<\/div>\n\t\t\t\t\t<\/div>\n\n\t\t<div class=\"box-text text-center\" >\n\t\t\t<div class=\"box-text-inner\">\n\t\t\t\t\n<h4>Pow\u0142oka PVD-DLC<\/h4>\n<p>PVD-DLC to cienka, wytrzyma\u0142a pow\u0142oka o wysokiej twardo\u015bci i niskim tarciu.<\/p>\n\t\t\t<\/div>\n\t\t<\/div>\n\t<\/div>\n\t\n\t\t<\/div>\n\t\t\t\t\t<\/div>\n\n\t\n\n<style>\n#row-1422446499 > .col > .col-inner {\n  padding: 40px 40px 40px 40px;\n  background-color: rgb(255,255,255);\n  border-radius: 20px;\n}\n<\/style>\n<\/div>\n\t\t<\/div>\n\n\t\t\n<style>\n#section_949279649 {\n  padding-top: 60px;\n  padding-bottom: 60px;\n  background-color: rgb(250, 250, 250);\n}\n<\/style>\n\t<\/section>\n\t\n<div class=\"row align-middle\"  id=\"row-1957748633\">\n\n\t<div id=\"col-1159396159\" class=\"col medium-6 small-12 large-6\"  >\n\t\t\t\t<div class=\"col-inner\"  >\n\t\t\t\n\t\t\t\n\t<div id=\"text-1214251165\" class=\"text\">\n\t\t\n<p><strong>Dlaczego warto wybra\u0107 CNCRUSH do obr\u00f3bki powierzchni?<\/strong><\/p>\n<p>Zale\u017cy nam na dostarczaniu wyj\u0105tkowych wynik\u00f3w, oferuj\u0105c:<\/p>\n<ul>\n<li>\n<p><strong>\u015acis\u0142a kontrola tolerancji:<\/strong> Zapewniamy dok\u0142adne przestrzeganie w\u0105skich tolerancji, zachowuj\u0105c dok\u0142adne specyfikacje wymagane dla Twoich cz\u0119\u015bci.<\/p>\n<\/li>\n<li>\n<p><strong>Doskona\u0142a estetyka:<\/strong> Nasz proces obr\u00f3bki powierzchni gwarantuje sp\u00f3jny kolor i jednakow\u0105 grubo\u015b\u0107 wszystkich warstw, zapewniaj\u0105c nieskazitelne wyko\u0144czenie.<\/p>\n<\/li>\n<li>\n<p><strong>Bezpieczna obs\u0142uga i logistyka:<\/strong> Dzi\u0119ki starannej logistyce wewn\u0119trznej chronimy Twoje cz\u0119\u015bci przed st\u0142uczeniami, zadrapaniami lub uszkodzeniami podczas procesu produkcyjnego.<\/p>\n<\/li>\n<li>\n<p><strong>Szybka realizacja i dostawa na czas:<\/strong> Jeste\u015bmy dumni z zapewniania kr\u00f3tkich termin\u00f3w realizacji i konsekwentnego dotrzymywania termin\u00f3w dostaw, dzi\u0119ki czemu Tw\u00f3j projekt dotrzymuje termin\u00f3w.<\/p>\n<\/li>\n<\/ul>\n\t\t\n<style>\n#text-1214251165 {\n  font-size: 1rem;\n  color: rgb(0,0,0);\n}\n#text-1214251165 > * {\n  color: rgb(0,0,0);\n}\n<\/style>\n\t<\/div>\n\t\n\t\t<\/div>\n\t\t\t\t\t<\/div>\n\n\t\n\n\t<div id=\"col-262860795\" class=\"col medium-6 small-12 large-6\"  >\n\t\t\t\t<div class=\"col-inner\"  >\n\t\t\t\n\t\t\t\n\t<div class=\"img has-hover x md-x lg-x y md-y lg-y\" id=\"image_873797501\">\n\t\t\t\t\t\t\t\t<div class=\"img-inner dark\" >\n\t\t\t<img loading=\"lazy\" decoding=\"async\" width=\"800\" height=\"600\" src=\"https:\/\/cncrush.com\/wp-content\/uploads\/2024\/11\/4.png\" class=\"attachment-large size-large\" alt=\"Anodowane aluminium\" srcset=\"https:\/\/cncrush.com\/wp-content\/uploads\/2024\/11\/4.png 800w, https:\/\/cncrush.com\/wp-content\/uploads\/2024\/11\/4-300x225.png 300w, https:\/\/cncrush.com\/wp-content\/uploads\/2024\/11\/4-768x576.png 768w, https:\/\/cncrush.com\/wp-content\/uploads\/2024\/11\/4-16x12.png 16w\" sizes=\"auto, (max-width: 800px) 100vw, 800px\" title=\"\">\t\t\t\t\t\t\n\t\t\t\t\t<\/div>\n\t\t\t\t\t\t\t\t\n<style>\n#image_873797501 {\n  width: 100%;\n}\n<\/style>\n\t<\/div>\n\t\n\t\t<\/div>\n\t\t\t\t\t<\/div>\n\n\t\n<\/div>\n<div class=\"row row-collapse row-full-width\"  id=\"row-1035114863\">\n\n\t<div id=\"col-384193735\" class=\"col small-12 large-12\"  >\n\t\t\t\t<div class=\"col-inner text-center dark\"  >\n\t\t\t\n\t\t\t\n\n  <div class=\"banner has-hover\" id=\"banner-397849120\">\n          <div class=\"banner-inner fill\">\n        <div class=\"banner-bg fill\" >\n            <img loading=\"lazy\" decoding=\"async\" width=\"1020\" height=\"421\" src=\"https:\/\/cncrush.com\/wp-content\/uploads\/2024\/09\/milled-stainless-steel-background-1024x423.webp\" class=\"bg attachment-large size-large\" alt=\"\" title=\"\">                        <div class=\"overlay\"><\/div>            \n                    <\/div>\n\t\t\n        <div class=\"banner-layers container\">\n            <div class=\"fill banner-link\"><\/div>            \n   <div id=\"text-box-1719552279\" class=\"text-box banner-layer x50 md-x50 lg-x50 y50 md-y50 lg-y50 res-text\">\n                                <div class=\"text-box-content text dark\">\n              \n              <div class=\"text-inner text-center\">\n                  \n\t<div id=\"text-2302355617\" class=\"text\">\n\t\t\n<h2>Zainteresowany? Uzyskaj bezp\u0142atn\u0105 wycen\u0119 us\u0142ug CNC ju\u017c dzi\u015b!<\/h2>\n\t\t\n<style>\n#text-2302355617 {\n  font-size: 1rem;\n}\n<\/style>\n\t<\/div>\n\t\n<a href=\"https:\/\/cncrush.com\/pl\/wyslij-zapytanie\/\" class=\"button alert\"  >\n\t\t<span>Wy\u015blij zapytanie<\/span>\n\t<\/a>\n\n              <\/div>\n           <\/div>\n                            \n<style>\n#text-box-1719552279 {\n  width: 100%;\n}\n#text-box-1719552279 .text-box-content {\n  font-size: 100%;\n}\n@media (min-width:550px) {\n  #text-box-1719552279 {\n    width: 98%;\n  }\n}\n<\/style>\n    <\/div>\n \n        <\/div>\n      <\/div>\n\n            \n<style>\n#banner-397849120 {\n  padding-top: 99.99%;\n}\n#banner-397849120 .overlay {\n  background-color: rgba(0, 0, 0, 0.17);\n}\n#banner-397849120 .banner-bg img {\n  object-position: 47% 60%;\n}\n@media (min-width:550px) {\n  #banner-397849120 {\n    padding-top: 128px;\n  }\n}\n<\/style>\n  <\/div>\n\n\n\t\t<\/div>\n\t\t\t\t\t<\/div>\n\n\t\n<\/div>","protected":false},"excerpt":{"rendered":"","protected":false},"author":1,"featured_media":0,"parent":0,"menu_order":0,"comment_status":"closed","ping_status":"closed","template":"page-blank.php","meta":{"footnotes":""},"class_list":["post-25","page","type-page","status-publish","hentry"],"_links":{"self":[{"href":"https:\/\/cncrush.com\/pl\/wp-json\/wp\/v2\/pages\/25","targetHints":{"allow":["GET"]}}],"collection":[{"href":"https:\/\/cncrush.com\/pl\/wp-json\/wp\/v2\/pages"}],"about":[{"href":"https:\/\/cncrush.com\/pl\/wp-json\/wp\/v2\/types\/page"}],"author":[{"embeddable":true,"href":"https:\/\/cncrush.com\/pl\/wp-json\/wp\/v2\/users\/1"}],"replies":[{"embeddable":true,"href":"https:\/\/cncrush.com\/pl\/wp-json\/wp\/v2\/comments?post=25"}],"version-history":[{"count":0,"href":"https:\/\/cncrush.com\/pl\/wp-json\/wp\/v2\/pages\/25\/revisions"}],"wp:attachment":[{"href":"https:\/\/cncrush.com\/pl\/wp-json\/wp\/v2\/media?parent=25"}],"curies":[{"name":"wp","href":"https:\/\/api.w.org\/{rel}","templated":true}]}}