{"id":27,"date":"2024-09-29T03:49:42","date_gmt":"2024-09-29T03:49:42","guid":{"rendered":"https:\/\/cncrush.com\/?page_id=27"},"modified":"2024-12-24T06:39:18","modified_gmt":"2024-12-24T06:39:18","slug":"automobilowy","status":"publish","type":"page","link":"https:\/\/cncrush.com\/pl\/automobilowy\/","title":{"rendered":"Automobilowy"},"content":{"rendered":"<section class=\"section dark\" id=\"section_650590464\">\n\t\t<div class=\"section-bg fill\" >\n\t\t\t<img loading=\"lazy\" decoding=\"async\" width=\"2100\" height=\"700\" src=\"https:\/\/cncrush.com\/wp-content\/uploads\/2024\/09\/automotive-parts-production.webp\" class=\"bg attachment- size-\" alt=\"\" title=\"\">\t\t\t\t\t\t<div class=\"section-bg-overlay absolute fill\"><\/div><button class=\"scroll-for-more z-5 icon absolute bottom h-center\" aria-label=\"Przewi\u0144, aby uzyska\u0107 wi\u0119cej\"><i class=\"icon-angle-down\" style=\"font-size:42px;\" ><\/i><\/button>\n\t\t\t\n\n\t\t<\/div>\n\n\t\t\n\n\t\t<div class=\"section-content relative\">\n\t\t\t\n<div class=\"row align-center\"  id=\"row-888895626\">\n\n\t<div id=\"col-1721373435\" class=\"col medium-10 small-12 large-10\"  >\n\t\t\t\t<div class=\"col-inner text-center\"  >\n\t\t\t\n\t\t\t\n\t<div id=\"text-3983376034\" class=\"text\">\n\t\t\n<h1>Rozwi\u0105zania CNC dla motoryzacji<\/h1>\n\t\t\n<style>\n#text-3983376034 {\n  font-size: 1.35rem;\n}\n@media (min-width:550px) {\n  #text-3983376034 {\n    font-size: 2rem;\n  }\n}\n<\/style>\n\t<\/div>\n\t\n<div class=\"row\"  id=\"row-624154932\">\n\n\t<div id=\"col-1667781692\" class=\"col medium-9 small-12 large-9\"  >\n\t\t\t\t<div class=\"col-inner\"  >\n\t\t\t\n\t\t\t\n\t<div id=\"text-2293424004\" class=\"text\">\n\t\t\n<p>W CNCRUSH dostarczamy precyzyjne cz\u0119\u015bci samochodowe obrabiane CNC do niestandardowych silnik\u00f3w, zawieszenia, uk\u0142adu nap\u0119dowego, element\u00f3w hamulc\u00f3w i tak dalej. Zaufali nam klienci na ca\u0142ym \u015bwiecie ze wzgl\u0119du na wyj\u0105tkow\u0105 jako\u015b\u0107 i niezawodno\u015b\u0107.<\/p>\n\t\t\n<style>\n#text-2293424004 {\n  text-align: left;\n}\n<\/style>\n\t<\/div>\n\t\n\t\t<\/div>\n\t\t\t\t\t<\/div>\n\n\t\n<\/div>\n\t\t<\/div>\n\t\t\t\t\t<\/div>\n\n\t\n<\/div>\n\t\t<\/div>\n\n\t\t\n<style>\n#section_650590464 {\n  padding-top: 30px;\n  padding-bottom: 30px;\n  min-height: 100px;\n}\n#section_650590464 .section-bg-overlay {\n  background-color: rgba(0, 0, 0, 0.384);\n}\n#section_650590464 .section-bg img {\n  object-position: 53% 58%;\n}\n@media (min-width:550px) {\n  #section_650590464 {\n    min-height: 600px;\n  }\n}\n<\/style>\n\t<\/section>\n\t\n\n\t<section class=\"section\" id=\"section_822223297\">\n\t\t<div class=\"section-bg fill\" >\n\t\t\t\t\t\t\t\t\t\n\t\t\t\n\n\t\t<\/div>\n\n\t\t\n\n\t\t<div class=\"section-content relative\">\n\t\t\t\n<div class=\"row row-full-width\"  id=\"row-2031748121\">\n\n\t<div id=\"col-832935373\" class=\"col small-12 large-12\"  >\n\t\t\t\t<div class=\"col-inner\"  >\n\t\t\t\n\t\t\t\n<div class=\"row row-collapse align-equal align-right\"  id=\"row-2084108147\">\n\n\t<div id=\"col-783366486\" class=\"col medium-2 small-12 large-2\"  >\n\t\t\t\t<div class=\"col-inner\"  >\n\t\t\t\n\t<div class=\"is-border is-dashed\"\n\t\tstyle=\"border-color:rgb(228, 228, 228);border-width:0px 2px 0px 0px;margin:60px 50% 0px 0px;\">\n\t<\/div>\n\t\t\t\n\n\t\t<div class=\"icon-box featured-box icon-box-center text-center\"  >\n\t\t\t\t\t<div class=\"icon-box-img has-icon-bg\" style=\"width: 60px\">\n\t\t\t\t<div class=\"icon\">\n\t\t\t\t\t<div class=\"icon-inner\" style=\"border-width:3px;color:rgb(42, 51, 226);\">\n\t\t\t\t\t\t<?xml version=\"1.0\" encoding=\"iso-8859-1\"?>\r\n<!-- Generator: Adobe Illustrator 18.0.0, SVG Export Plug-In . SVG Version: 6.00 Build 0)  -->\r\n<!DOCTYPE svg PUBLIC \"-\/\/W3C\/\/DTD SVG 1.1\/\/EN\" \"http:\/\/www.w3.org\/Graphics\/SVG\/1.1\/DTD\/svg11.dtd\">\r\n<svg version=\"1.1\" id=\"Capa_1\" xmlns=\"http:\/\/www.w3.org\/2000\/svg\" xmlns:xlink=\"http:\/\/www.w3.org\/1999\/xlink\" x=\"0px\" y=\"0px\"\r\n\t viewbox=\"0 0 297 297\" style=\"enable-background:new 0 0 297 297;\" xml:space=\"preserve\">\r\n<path d=\"M278.652,281.865l-35.575-71.145h17.592c5.775,0,10.459-4.684,10.459-10.459c0-5.773-4.684-10.455-10.459-10.455h-28.05\tl-37.473-74.939c7.48-9.84,11.927-22.1,11.927-35.389c0-28.736-20.793-52.691-48.114-57.641V10.459C158.958,4.682,154.277,0,148.5,0\tc-5.776,0-10.458,4.682-10.458,10.459v11.379c-27.321,4.949-48.114,28.904-48.114,57.641c0,13.289,4.447,25.549,11.927,35.389\tl-37.473,74.939h-28.05c-5.775,0-10.459,4.682-10.459,10.455c0,5.775,4.684,10.459,10.459,10.459h17.592l-35.575,71.145\tc-2.584,5.164-0.487,11.443,4.676,14.026c1.506,0.754,3.1,1.108,4.674,1.108c3.835,0,7.527-2.117,9.361-5.784l40.252-80.495H219.69\tl40.251,80.495c1.835,3.667,5.525,5.784,9.363,5.784c1.572,0,3.168-0.354,4.672-1.108\tC279.137,293.309,281.236,287.029,278.652,281.865z M148.5,41.799c20.764,0,37.657,16.902,37.657,37.68\tc0,20.777-16.893,37.68-37.657,37.68c-20.764,0-37.656-16.902-37.656-37.68C110.844,58.701,127.736,41.799,148.5,41.799z\t M87.768,189.807l30.183-60.359c8.899,5.467,19.36,8.626,30.55,8.626c11.189,0,21.65-3.159,30.55-8.626l30.182,60.359H87.768z\"\/>\r\n<g>\r\n<\/g>\r\n<g>\r\n<\/g>\r\n<g>\r\n<\/g>\r\n<g>\r\n<\/g>\r\n<g>\r\n<\/g>\r\n<g>\r\n<\/g>\r\n<g>\r\n<\/g>\r\n<g>\r\n<\/g>\r\n<g>\r\n<\/g>\r\n<g>\r\n<\/g>\r\n<g>\r\n<\/g>\r\n<g>\r\n<\/g>\r\n<g>\r\n<\/g>\r\n<g>\r\n<\/g>\r\n<g>\r\n<\/g>\r\n<\/svg>\r\n\t\t\t\t\t<\/div>\n\t\t\t\t<\/div>\n\t\t\t<\/div>\n\t\t\t\t<div class=\"icon-box-text last-reset\">\n\t\t\t\t\t\t\t\t\t\n\t<div id=\"gap-900574961\" class=\"gap-element clearfix hidden\" style=\"display:block; height:auto;\">\n\t\t\n<style>\n#gap-900574961 {\n  padding-top: 30px;\n}\n<\/style>\n\t<\/div>\n\t\n\t\t<\/div>\n\t<\/div>\n\t\n\t\n\t\t<\/div>\n\t\t\t\t\t<\/div>\n\n\t\n\n\t<div id=\"col-2114764273\" class=\"col medium-5 small-12 large-5\"  data-animate=\"bounceInUp\">\n\t\t\t\t<div class=\"col-inner box-shadow-2\"  >\n\t\t\t\n\t\t\t\n<div class=\"row row-collapse\"  id=\"row-390173656\">\n\n\t<div id=\"col-1592357579\" class=\"col small-12 large-12\"  >\n\t\t\t\t<div class=\"col-inner dark\" style=\"background-color:rgb(42, 51, 226);\" >\n\t\t\t\n\t\t\t\n<h3>01 Cz\u0119\u015bci, kt\u00f3re produkujemy<\/h3>\n\t\t<\/div>\n\t\t\t\t\t<\/div>\n\n\t\n\n\t<div id=\"col-472039644\" class=\"col small-12 large-12\"  >\n\t\t\t\t<div class=\"col-inner\" style=\"background-color:rgb(255,255,255);\" >\n\t\t\t\n\t\t\t\n<ul>\n<li>Osie i wa\u0142y<\/li>\n<li>Profile i elementy obud\u00f3w akumulator\u00f3w pojazd\u00f3w elektrycznych<\/li>\n<li>Korpusy przegubowe (toczone z odkuwek)<\/li>\n<li>Korpusy i obudowy<\/li>\n<li>Elementy z\u0142\u0105czne<\/li>\n<li>Wkr\u00f3tce<\/li>\n<\/ul>\n\t\t<\/div>\n\t\t\t\t\t<\/div>\n\n\t\n\n<style>\n#row-390173656 > .col > .col-inner {\n  padding: 10px 20px 2px 20px;\n}\n<\/style>\n<\/div>\n\t\t<\/div>\n\t\t\t\t\n<style>\n#col-2114764273 > .col-inner {\n  margin: 0px 0px 25px 0px;\n}\n<\/style>\n\t<\/div>\n\n\t\n<\/div>\n<div class=\"row row-collapse align-equal\"  id=\"row-899397937\">\n\n\t<div id=\"col-826497260\" class=\"col medium-5 small-12 large-5\"  data-animate=\"bounceInUp\">\n\t\t\t\t<div class=\"col-inner box-shadow-2\"  >\n\t\t\t\n\t\t\t\n<div class=\"row row-collapse\"  id=\"row-1831024685\">\n\n\t<div id=\"col-1167389975\" class=\"col small-12 large-12\"  >\n\t\t\t\t<div class=\"col-inner dark\" style=\"background-color:rgb(154, 208, 173);\" >\n\t\t\t\n\t\t\t\n<h3>02 Nasz proces<\/h3>\n\t\t<\/div>\n\t\t\t\t\t<\/div>\n\n\t\n\n\t<div id=\"col-204802566\" class=\"col small-12 large-12\"  >\n\t\t\t\t<div class=\"col-inner\" style=\"background-color:rgb(255,255,255);\" >\n\t\t\t\n\t\t\t\n<div class=\"pwr-tabs__header\">\n<p>Nasz proces produkcyjny jest dostosowany do specyficznych wymaga\u0144 przemys\u0142u motoryzacyjnego, zgodnie z norm\u0105 IATF 16949:2016 oraz wytycznymi AIAG APQP, FMEA, SPC, MSA i PPAP.<\/p>\n<ul>\n<li>Zaczynamy od <strong>Zaawansowany Plan Jako\u015bci Produktu (APQP)<\/strong> aby zapewni\u0107 staranne zarz\u0105dzanie ka\u017cd\u0105 faz\u0105 cyklu \u017cycia produktu.<\/li>\n<li>Korzystanie z <strong>Analiza tryb\u00f3w i skutk\u00f3w awarii (FMEA)<\/strong>oceniamy ryzyko od odbioru materia\u0142u do dostarczenia produktu ko\u0144cowego.<\/li>\n<li>Na podstawie tej analizy rozwijamy si\u0119 <strong>Plany kontroli<\/strong>, zapewniaj\u0105c monitorowanie krytycznych wymiar\u00f3w <strong>Statystyczna kontrola procesu (SPC)<\/strong>.<\/li>\n<li>Utrzymujemy precyzj\u0119 poprzez kalibracj\u0119 naszych maszyn i narz\u0119dzi pomiarowych, certyfikowan\u0105 przez <strong>Analiza systemu pomiarowego (MSA)<\/strong>.<\/li>\n<li>Ostateczne wydania produkt\u00f3w nast\u0119puje po <strong>Proces zatwierdzania cz\u0119\u015bci do produkcji (PPAP)<\/strong>, zapewniaj\u0105c zgodno\u015b\u0107 ze wszystkimi normami bran\u017cy motoryzacyjnej.<\/li>\n<\/ul>\n<\/div>\n\t\t<\/div>\n\t\t\t\t\t<\/div>\n\n\t\n\n<style>\n#row-1831024685 > .col > .col-inner {\n  padding: 10px 20px 2px 20px;\n}\n<\/style>\n<\/div>\n\t\t<\/div>\n\t\t\t\t\n<style>\n#col-826497260 > .col-inner {\n  margin: 0px 0px 25px 0px;\n}\n<\/style>\n\t<\/div>\n\n\t\n\n\t<div id=\"col-1252914668\" class=\"col medium-2 small-12 large-2 small-col-first\"  >\n\t\t\t\t<div class=\"col-inner\"  >\n\t\t\t\n\t<div class=\"is-border is-dashed\"\n\t\tstyle=\"border-color:rgb(228, 228, 228);border-width:0px 2px 0px 0px;margin:60px 50% 0px 0px;\">\n\t<\/div>\n\t\t\t\n\n\t\t<div class=\"icon-box featured-box icon-box-center text-center\"  >\n\t\t\t\t\t<div class=\"icon-box-img has-icon-bg\" style=\"width: 60px\">\n\t\t\t\t<div class=\"icon\">\n\t\t\t\t\t<div class=\"icon-inner\" style=\"border-width:3px;color:rgb(154, 208, 173);\">\n\t\t\t\t\t\t<?xml version=\"1.0\" encoding=\"iso-8859-1\"?>\r\n<!-- Generator: Adobe Illustrator 18.0.0, SVG Export Plug-In . SVG Version: 6.00 Build 0)  -->\r\n<!DOCTYPE svg PUBLIC \"-\/\/W3C\/\/DTD SVG 1.1\/\/EN\" \"http:\/\/www.w3.org\/Graphics\/SVG\/1.1\/DTD\/svg11.dtd\">\r\n<svg version=\"1.1\" id=\"Capa_1\" xmlns=\"http:\/\/www.w3.org\/2000\/svg\" xmlns:xlink=\"http:\/\/www.w3.org\/1999\/xlink\" x=\"0px\" y=\"0px\"\r\n\t viewbox=\"0 0 297 297\" style=\"enable-background:new 0 0 297 297;\" xml:space=\"preserve\">\r\n<path d=\"M247.5,188H241V43h6.5c5.523,0,10-4.478,10-10s-4.477-10-10-10h-89V10c0-5.523-4.477-10-10-10s-10,4.477-10,10v13h-89\tc-5.522,0-10,4.478-10,10s4.478,10,10,10H56v145h-6.5c-5.522,0-10,4.477-10,10s4.478,10,10,10h53.829l-30.114,75.283\tc-2.051,5.128,0.443,10.947,5.571,12.999c1.218,0.487,2.475,0.718,3.711,0.718c3.969,0,7.724-2.379,9.288-6.289l33.001-82.5\tc0.027-0.07,0.046-0.141,0.072-0.211H138.5v78.997c0,5.522,4.477,10,10,10s10-4.478,10-10V208h13.642\tc0.026,0.07,0.045,0.141,0.072,0.211l33.001,82.5c1.564,3.91,5.319,6.289,9.288,6.289c1.236,0,2.493-0.231,3.711-0.718\tc5.128-2.052,7.622-7.871,5.571-12.999L193.671,208H247.5c5.523,0,10-4.477,10-10S253.023,188,247.5,188z M76,43h145v145H76V43z\"\/>\r\n<g>\r\n<\/g>\r\n<g>\r\n<\/g>\r\n<g>\r\n<\/g>\r\n<g>\r\n<\/g>\r\n<g>\r\n<\/g>\r\n<g>\r\n<\/g>\r\n<g>\r\n<\/g>\r\n<g>\r\n<\/g>\r\n<g>\r\n<\/g>\r\n<g>\r\n<\/g>\r\n<g>\r\n<\/g>\r\n<g>\r\n<\/g>\r\n<g>\r\n<\/g>\r\n<g>\r\n<\/g>\r\n<g>\r\n<\/g>\r\n<\/svg>\r\n\t\t\t\t\t<\/div>\n\t\t\t\t<\/div>\n\t\t\t<\/div>\n\t\t\t\t<div class=\"icon-box-text last-reset\">\n\t\t\t\t\t\t\t\t\t\n\t<div id=\"gap-1217400360\" class=\"gap-element clearfix hidden\" style=\"display:block; height:auto;\">\n\t\t\n<style>\n#gap-1217400360 {\n  padding-top: 30px;\n}\n<\/style>\n\t<\/div>\n\t\n\t\t<\/div>\n\t<\/div>\n\t\n\t\n\t\t<\/div>\n\t\t\t\t\t<\/div>\n\n\t\n<\/div>\n<div class=\"row row-collapse align-equal align-right\"  id=\"row-1627496691\">\n\n\t<div id=\"col-742294110\" class=\"col medium-2 small-12 large-2\"  >\n\t\t\t\t<div class=\"col-inner\"  >\n\t\t\t\n\t<div class=\"is-border is-dashed\"\n\t\tstyle=\"border-color:rgb(228, 228, 228);border-width:0px 2px 0px 0px;margin:60px 50% 0px 0px;\">\n\t<\/div>\n\t\t\t\n\n\t\t<div class=\"icon-box featured-box icon-box-center text-center\"  >\n\t\t\t\t\t<div class=\"icon-box-img has-icon-bg\" style=\"width: 60px\">\n\t\t\t\t<div class=\"icon\">\n\t\t\t\t\t<div class=\"icon-inner\" style=\"border-width:3px;color:rgb(251, 201, 51);\">\n\t\t\t\t\t\t<?xml version=\"1.0\" encoding=\"iso-8859-1\"?>\r\n<!-- Generator: Adobe Illustrator 18.0.0, SVG Export Plug-In . SVG Version: 6.00 Build 0)  -->\r\n<!DOCTYPE svg PUBLIC \"-\/\/W3C\/\/DTD SVG 1.1\/\/EN\" \"http:\/\/www.w3.org\/Graphics\/SVG\/1.1\/DTD\/svg11.dtd\">\r\n<svg version=\"1.1\" id=\"Capa_1\" xmlns=\"http:\/\/www.w3.org\/2000\/svg\" xmlns:xlink=\"http:\/\/www.w3.org\/1999\/xlink\" x=\"0px\" y=\"0px\"\r\n\t viewbox=\"0 0 297 297\" style=\"enable-background:new 0 0 297 297;\" xml:space=\"preserve\">\r\n<path d=\"M268.281,63.54h-20.494V42.666c0-5.499-4.459-9.959-9.958-9.959h-23.853V9.959c0-5.5-4.458-9.959-9.958-9.959h-175.3\tc-5.499,0-9.958,4.459-9.958,9.959v213.542c0,5.5,4.459,9.959,9.958,9.959h23.853v22.749c0,5.5,4.458,9.958,9.958,9.958h20.494\tv20.874c0,5.5,4.458,9.959,9.958,9.959h175.3c5.499,0,9.958-4.459,9.958-9.959V73.499C278.239,67.999,273.78,63.54,268.281,63.54z\t M38.678,19.917h155.383v193.627H38.678V19.917z M72.487,233.46h131.531c5.5,0,9.958-4.459,9.958-9.959V52.625h13.894v193.626\tH72.487V233.46z M258.322,277.083H102.939v-10.916h134.89c5.499,0,9.958-4.458,9.958-9.958V83.456h10.535V277.083z\"\/>\r\n<g>\r\n<\/g>\r\n<g>\r\n<\/g>\r\n<g>\r\n<\/g>\r\n<g>\r\n<\/g>\r\n<g>\r\n<\/g>\r\n<g>\r\n<\/g>\r\n<g>\r\n<\/g>\r\n<g>\r\n<\/g>\r\n<g>\r\n<\/g>\r\n<g>\r\n<\/g>\r\n<g>\r\n<\/g>\r\n<g>\r\n<\/g>\r\n<g>\r\n<\/g>\r\n<g>\r\n<\/g>\r\n<g>\r\n<\/g>\r\n<\/svg>\r\n\t\t\t\t\t<\/div>\n\t\t\t\t<\/div>\n\t\t\t<\/div>\n\t\t\t\t<div class=\"icon-box-text last-reset\">\n\t\t\t\t\t\t\t\t\t\n\t<div id=\"gap-809124250\" class=\"gap-element clearfix hidden\" style=\"display:block; height:auto;\">\n\t\t\n<style>\n#gap-809124250 {\n  padding-top: 30px;\n}\n<\/style>\n\t<\/div>\n\t\n\t\t<\/div>\n\t<\/div>\n\t\n\t\n\t\t<\/div>\n\t\t\t\t\t<\/div>\n\n\t\n\n\t<div id=\"col-450497816\" class=\"col medium-5 small-12 large-5\"  data-animate=\"bounceInUp\">\n\t\t\t\t<div class=\"col-inner box-shadow-2\"  >\n\t\t\t\n\t\t\t\n<div class=\"row row-collapse\"  id=\"row-408858824\">\n\n\t<div id=\"col-457259421\" class=\"col small-12 large-12\"  >\n\t\t\t\t<div class=\"col-inner dark\" style=\"background-color:rgb(251, 201, 51);\" >\n\t\t\t\n\t\t\t\n<h3>03 Zapewnienie jako\u015bci<\/h3>\n\t\t<\/div>\n\t\t\t\t\t<\/div>\n\n\t\n\n\t<div id=\"col-1860878195\" class=\"col small-12 large-12\"  >\n\t\t\t\t<div class=\"col-inner\" style=\"background-color:rgb(255,255,255);\" >\n\t\t\t\n\t\t\t\n<p>W CNCRUSH wierzymy w ci\u0105g\u0142e doskonalenie, aby przekracza\u0107 oczekiwania jako\u015bciowe naszych klient\u00f3w. Nasze procesy s\u0105 zgodne z:<\/p>\n<ul>\n<li><strong>ISO 9001:2015<\/strong><\/li>\n<li><strong>IATF 16949:2016<\/strong><\/li>\n<\/ul>\n\t\t<\/div>\n\t\t\t\t\t<\/div>\n\n\t\n\n<style>\n#row-408858824 > .col > .col-inner {\n  padding: 10px 20px 2px 20px;\n}\n<\/style>\n<\/div>\n\t\t<\/div>\n\t\t\t\t\n<style>\n#col-450497816 > .col-inner {\n  margin: 0px 0px 25px 0px;\n}\n<\/style>\n\t<\/div>\n\n\t\n<\/div>\n\t\t<\/div>\n\t\t\t\t\t<\/div>\n\n\t\n<\/div>\n\t\t<\/div>\n\n\t\t\n<style>\n#section_822223297 {\n  padding-top: 30px;\n  padding-bottom: 30px;\n}\n<\/style>\n\t<\/section>\n\t\n<div class=\"row row-collapse row-full-width\"  id=\"row-1305430331\">\n\n\t<div id=\"col-719283243\" class=\"col small-12 large-12\"  >\n\t\t\t\t<div class=\"col-inner text-center dark\"  >\n\t\t\t\n\t\t\t\n\n  <div class=\"banner has-hover\" id=\"banner-179158863\">\n          <div class=\"banner-inner fill\">\n        <div class=\"banner-bg fill\" >\n            <img loading=\"lazy\" decoding=\"async\" width=\"1020\" height=\"421\" src=\"https:\/\/cncrush.com\/wp-content\/uploads\/2024\/09\/milled-stainless-steel-background-1024x423.webp\" class=\"bg attachment-large size-large\" alt=\"\" title=\"\">                        <div class=\"overlay\"><\/div>            \n                    <\/div>\n\t\t\n        <div class=\"banner-layers container\">\n            <div class=\"fill banner-link\"><\/div>            \n   <div id=\"text-box-1514584006\" class=\"text-box banner-layer x50 md-x50 lg-x50 y50 md-y50 lg-y50 res-text\">\n                                <div class=\"text-box-content text dark\">\n              \n              <div class=\"text-inner text-center\">\n                  \n\t<div id=\"text-3446605824\" class=\"text\">\n\t\t\n<h3>Zainteresowany? Skontaktuj si\u0119 ju\u017c dzi\u015b po darmow\u0105 wycen\u0119!<\/h3>\n\t\t\n<style>\n#text-3446605824 {\n  font-size: 0.75rem;\n}\n<\/style>\n\t<\/div>\n\t\n<a href=\"https:\/\/cncrush.com\/pl\/wyslij-zapytanie\/\" class=\"button alert\"  >\n\t\t<span>Wy\u015blij zapytanie<\/span>\n\t<\/a>\n\n              <\/div>\n           <\/div>\n                            \n<style>\n#text-box-1514584006 {\n  width: 100%;\n}\n#text-box-1514584006 .text-box-content {\n  font-size: 100%;\n}\n@media (min-width:550px) {\n  #text-box-1514584006 {\n    width: 94%;\n  }\n}\n<\/style>\n    <\/div>\n \n        <\/div>\n      <\/div>\n\n            \n<style>\n#banner-179158863 {\n  padding-top: 99.99%;\n}\n#banner-179158863 .overlay {\n  background-color: rgba(0, 0, 0, 0.17);\n}\n#banner-179158863 .banner-bg img {\n  object-position: 47% 60%;\n}\n@media (min-width:550px) {\n  #banner-179158863 {\n    padding-top: 135px;\n  }\n}\n<\/style>\n  <\/div>\n\n\n\t\t<\/div>\n\t\t\t\t\t<\/div>\n\n\t\n<\/div>","protected":false},"excerpt":{"rendered":"","protected":false},"author":1,"featured_media":0,"parent":0,"menu_order":0,"comment_status":"closed","ping_status":"closed","template":"page-blank.php","meta":{"footnotes":""},"class_list":["post-27","page","type-page","status-publish","hentry"],"_links":{"self":[{"href":"https:\/\/cncrush.com\/pl\/wp-json\/wp\/v2\/pages\/27","targetHints":{"allow":["GET"]}}],"collection":[{"href":"https:\/\/cncrush.com\/pl\/wp-json\/wp\/v2\/pages"}],"about":[{"href":"https:\/\/cncrush.com\/pl\/wp-json\/wp\/v2\/types\/page"}],"author":[{"embeddable":true,"href":"https:\/\/cncrush.com\/pl\/wp-json\/wp\/v2\/users\/1"}],"replies":[{"embeddable":true,"href":"https:\/\/cncrush.com\/pl\/wp-json\/wp\/v2\/comments?post=27"}],"version-history":[{"count":0,"href":"https:\/\/cncrush.com\/pl\/wp-json\/wp\/v2\/pages\/27\/revisions"}],"wp:attachment":[{"href":"https:\/\/cncrush.com\/pl\/wp-json\/wp\/v2\/media?parent=27"}],"curies":[{"name":"wp","href":"https:\/\/api.w.org\/{rel}","templated":true}]}}