{"id":29,"date":"2024-09-29T03:50:01","date_gmt":"2024-09-29T03:50:01","guid":{"rendered":"https:\/\/cncrush.com\/?page_id=29"},"modified":"2024-12-20T14:06:29","modified_gmt":"2024-12-20T14:06:29","slug":"elektrotechnika","status":"publish","type":"page","link":"https:\/\/cncrush.com\/pl\/elektrotechnika\/","title":{"rendered":"In\u017cynieria elektryczna"},"content":{"rendered":"<section class=\"section dark\" id=\"section_1509298043\">\n\t\t<div class=\"section-bg fill\" >\n\t\t\t<img loading=\"lazy\" decoding=\"async\" width=\"2100\" height=\"700\" src=\"https:\/\/cncrush.com\/wp-content\/uploads\/2024\/10\/electrical-engineering.webp\" class=\"bg attachment- size-\" alt=\"\" title=\"\">\t\t\t\t\t\t<div class=\"section-bg-overlay absolute fill\"><\/div><button class=\"scroll-for-more z-5 icon absolute bottom h-center\" aria-label=\"Przewi\u0144, aby uzyska\u0107 wi\u0119cej\"><i class=\"icon-angle-down\" style=\"font-size:42px;\" ><\/i><\/button>\n\t\t\t\n\n\t\t<\/div>\n\n\t\t\n\n\t\t<div class=\"section-content relative\">\n\t\t\t\n<div class=\"row align-center\"  id=\"row-260898038\">\n\n\t<div id=\"col-463579138\" class=\"col medium-10 small-12 large-10\"  >\n\t\t\t\t<div class=\"col-inner text-center\"  >\n\t\t\t\n\t\t\t\n\t<div id=\"text-2378719427\" class=\"text\">\n\t\t\n<h1>Rozwi\u0105zania CNC dla in\u017cynierii elektrycznej<\/h1>\n\t\t\n<style>\n#text-2378719427 {\n  font-size: 1.35rem;\n}\n@media (min-width:550px) {\n  #text-2378719427 {\n    font-size: 2rem;\n  }\n}\n<\/style>\n\t<\/div>\n\t\n<div class=\"row\"  id=\"row-1452798259\">\n\n\t<div id=\"col-1656516439\" class=\"col medium-9 small-12 large-9\"  >\n\t\t\t\t<div class=\"col-inner\"  >\n\t\t\t\n\t\t\t\n<p>W CNCRUSH specjalizujemy si\u0119 w produkcji precyzyjnych cz\u0119\u015bci toczonych i frezowanych niezb\u0119dnych do budowy zaawansowanych produkt\u00f3w elektrycznych. Oferujemy elastyczn\u0105 produkcj\u0119 na zam\u00f3wienie lub kontrakt, zapewniaj\u0105c terminowo\u015b\u0107 dostaw w oparciu o zasady Just-In-Time (JIT).<\/p>\n\t\t<\/div>\n\t\t\t\t\t<\/div>\n\n\t\n<\/div>\n\t\t<\/div>\n\t\t\t\t\t<\/div>\n\n\t\n<\/div>\n\t\t<\/div>\n\n\t\t\n<style>\n#section_1509298043 {\n  padding-top: 30px;\n  padding-bottom: 30px;\n  min-height: 100px;\n}\n#section_1509298043 .section-bg-overlay {\n  background-color: rgba(0, 0, 0, 0.384);\n}\n#section_1509298043 .section-bg img {\n  object-position: 53% 58%;\n}\n@media (min-width:550px) {\n  #section_1509298043 {\n    min-height: 600px;\n  }\n}\n<\/style>\n\t<\/section>\n\t\n\n\t<section class=\"section\" id=\"section_603938229\">\n\t\t<div class=\"section-bg fill\" >\n\t\t\t\t\t\t\t\t\t\n\t\t\t\n\n\t\t<\/div>\n\n\t\t\n\n\t\t<div class=\"section-content relative\">\n\t\t\t\n<div class=\"row row-large steps-simple-headline\"  id=\"row-755600199\">\n\n\t<div id=\"col-2019271557\" class=\"col medium-8 small-12 large-12\"  >\n\t\t\t\t<div class=\"col-inner\"  >\n\t\t\t\n\t\t\t\n<div class=\"row row-collapse\"  id=\"row-217482400\">\n\n\t<div id=\"col-1693133814\" class=\"col medium-1 small-2 large-1\"  >\n\t\t\t\t<div class=\"col-inner\"  >\n\t\t\t\n\t\t\t\n<h2>01<\/h2>\n\t\t<\/div>\n\t\t\t\t\t<\/div>\n\n\t\n\n\t<div id=\"col-1880357664\" class=\"col medium-11 small-10 large-11\"  >\n\t\t\t\t<div class=\"col-inner\"  >\n\t\t\t\n\t\t\t\n<h3>Cz\u0119\u015bci, kt\u00f3re produkujemy<\/h3>\n<ul>\n<li><strong>Obudowy aluminiowe<\/strong> do obwod\u00f3w elektronicznych i modu\u0142\u00f3w elektrooptycznych<\/li>\n<li><strong>Komponenty \u017ar\u00f3de\u0142 laserowych<\/strong> wykonane z aluminium i miedzi<\/li>\n<li><strong>Cz\u0119\u015bci dla przemys\u0142u p\u00f3\u0142przewodnik\u00f3w<\/strong><\/li>\n<\/ul>\n\t\t<\/div>\n\t\t\t\t\t<\/div>\n\n\t\n<\/div>\n<div class=\"is-divider divider clearfix\" style=\"margin-top:10px;margin-bottom:10px;max-width:100%;height:1px;\"><\/div>\n<div class=\"row row-collapse\"  id=\"row-2137000206\">\n\n\t<div id=\"col-638074189\" class=\"col medium-1 small-2 large-1\"  >\n\t\t\t\t<div class=\"col-inner\"  >\n\t\t\t\n\t\t\t\n<h2>02<\/h2>\n\t\t<\/div>\n\t\t\t\t\t<\/div>\n\n\t\n\n\t<div id=\"col-1547417252\" class=\"col medium-11 small-10 large-11\"  >\n\t\t\t\t<div class=\"col-inner\"  >\n\t\t\t\n\t\t\t\n<h3>Nasz proces<\/h3>\n<ul>\n<li><strong>Precyzja:<\/strong> Toczymy i frezujemy cz\u0119\u015bci z wyj\u0105tkow\u0105 precyzj\u0105, zachowuj\u0105c tolerancje tak w\u0105skie, jak 0,01 mm lub mniejsze.<\/li>\n<li><strong>Estetyka i jako\u015b\u0107:<\/strong> 100% naszych cz\u0119\u015bci poddawane jest rygorystycznej kontroli jako\u015bci powierzchni, ostro\u015bci kraw\u0119dzi, przeci\u0119\u0107 otwor\u00f3w i braku zadzior\u00f3w.<\/li>\n<li><strong>Czysto\u015b\u0107:<\/strong> Wszystkie elementy s\u0105 myte przemys\u0142owo i zabezpieczane przed korozj\u0105 i uszkodzeniami podczas transportu.<\/li>\n<li><strong>Anodowanie:<\/strong> Oferujemy anodowanie dekoracyjne i techniczne w celu zwi\u0119kszenia funkcjonalno\u015bci i wygl\u0105du Twoich cz\u0119\u015bci.<\/li>\n<\/ul>\n\t\t<\/div>\n\t\t\t\t\t<\/div>\n\n\t\n<\/div>\n<div class=\"is-divider divider clearfix\" style=\"margin-top:10px;margin-bottom:10px;max-width:100%;height:1px;\"><\/div>\n<div class=\"row row-collapse align-middle\"  id=\"row-567169804\">\n\n\t<div id=\"col-44479760\" class=\"col medium-1 small-2 large-1\"  >\n\t\t\t\t<div class=\"col-inner\"  >\n\t\t\t\n\t\t\t\n<h2>03<\/h2>\n\t\t<\/div>\n\t\t\t\t\t<\/div>\n\n\t\n\n\t<div id=\"col-572788374\" class=\"col medium-11 small-10 large-11\"  >\n\t\t\t\t<div class=\"col-inner\"  >\n\t\t\t\n\t\t\t\n<h3>Zapewnienie jako\u015bci<\/h3>\n<p>Dok\u0142adno\u015b\u0107 naszych cz\u0119\u015bci o w\u0105skich tolerancjach zapewniamy za pomoc\u0105 <strong>Wsp\u00f3\u0142rz\u0119dno\u015bciowa maszyna pomiarowa Hexagon X-METRO<\/strong>co gwarantuje precyzj\u0119 pomiaru do 0,002 mm.<\/p>\n<p>We wsp\u00f3\u0142pracy z naszymi klientami wst\u0119pnie definiujemy strategie kontroli i pomiar\u00f3w, aby spe\u0142ni\u0107 dok\u0142adne specyfikacje. Ka\u017cda cz\u0119\u015b\u0107 jest regularnie sprawdzana w oparciu o nasz Plan Kontroli, a je\u015bli to mo\u017cliwe, przeprowadzana jest statystyczna kontrola kluczowych wymiar\u00f3w.<\/p>\n\t\t<\/div>\n\t\t\t\t\t<\/div>\n\n\t\n<\/div>\n<div class=\"is-divider divider clearfix\" style=\"margin-top:10px;margin-bottom:10px;max-width:100%;height:1px;\"><\/div>\n\t\t<\/div>\n\t\t\t\t\t<\/div>\n\n\t\n<\/div>\n\t\t<\/div>\n\n\t\t\n<style>\n#section_603938229 {\n  padding-top: 60px;\n  padding-bottom: 60px;\n}\n<\/style>\n\t<\/section>\n\t\n<div class=\"row row-collapse row-full-width\"  id=\"row-141352507\">\n\n\t<div id=\"col-1994821269\" class=\"col small-12 large-12\"  >\n\t\t\t\t<div class=\"col-inner text-center dark\"  >\n\t\t\t\n\t\t\t\n\n  <div class=\"banner has-hover\" id=\"banner-2053473179\">\n          <div class=\"banner-inner fill\">\n        <div class=\"banner-bg fill\" >\n            <img loading=\"lazy\" decoding=\"async\" width=\"1020\" height=\"421\" src=\"https:\/\/cncrush.com\/wp-content\/uploads\/2024\/09\/milled-stainless-steel-background-1024x423.webp\" class=\"bg attachment-large size-large\" alt=\"\" title=\"\">                        <div class=\"overlay\"><\/div>            \n                    <\/div>\n\t\t\n        <div class=\"banner-layers container\">\n            <div class=\"fill banner-link\"><\/div>            \n   <div id=\"text-box-1460187138\" class=\"text-box banner-layer x50 md-x50 lg-x50 y50 md-y50 lg-y50 res-text\">\n                                <div class=\"text-box-content text dark\">\n              \n              <div class=\"text-inner text-center\">\n                  \n\t<div id=\"text-3769538325\" class=\"text\">\n\t\t\n<h3>Brzmi interesuj\u0105co? Uzyskaj bezp\u0142atn\u0105 wycen\u0119 ju\u017c dzi\u015b!<\/h3>\n\t\t\n<style>\n#text-3769538325 {\n  font-size: 0.75rem;\n  text-align: center;\n}\n<\/style>\n\t<\/div>\n\t\n<a href=\"https:\/\/cncrush.com\/pl\/wyslij-zapytanie\/\" class=\"button alert\"  >\n\t\t<span>Wy\u015blij zapytanie<\/span>\n\t<\/a>\n\n              <\/div>\n           <\/div>\n                            \n<style>\n#text-box-1460187138 {\n  width: 100%;\n}\n#text-box-1460187138 .text-box-content {\n  font-size: 100%;\n}\n@media (min-width:550px) {\n  #text-box-1460187138 {\n    width: 94%;\n  }\n}\n<\/style>\n    <\/div>\n \n        <\/div>\n      <\/div>\n\n            \n<style>\n#banner-2053473179 {\n  padding-top: 99.99%;\n}\n#banner-2053473179 .overlay {\n  background-color: rgba(0, 0, 0, 0.17);\n}\n#banner-2053473179 .banner-bg img {\n  object-position: 47% 60%;\n}\n@media (min-width:550px) {\n  #banner-2053473179 {\n    padding-top: 118px;\n  }\n}\n<\/style>\n  <\/div>\n\n\n\t\t<\/div>\n\t\t\t\t\t<\/div>\n\n\t\n<\/div>","protected":false},"excerpt":{"rendered":"","protected":false},"author":1,"featured_media":0,"parent":0,"menu_order":0,"comment_status":"closed","ping_status":"closed","template":"page-blank.php","meta":{"footnotes":""},"class_list":["post-29","page","type-page","status-publish","hentry"],"_links":{"self":[{"href":"https:\/\/cncrush.com\/pl\/wp-json\/wp\/v2\/pages\/29","targetHints":{"allow":["GET"]}}],"collection":[{"href":"https:\/\/cncrush.com\/pl\/wp-json\/wp\/v2\/pages"}],"about":[{"href":"https:\/\/cncrush.com\/pl\/wp-json\/wp\/v2\/types\/page"}],"author":[{"embeddable":true,"href":"https:\/\/cncrush.com\/pl\/wp-json\/wp\/v2\/users\/1"}],"replies":[{"embeddable":true,"href":"https:\/\/cncrush.com\/pl\/wp-json\/wp\/v2\/comments?post=29"}],"version-history":[{"count":0,"href":"https:\/\/cncrush.com\/pl\/wp-json\/wp\/v2\/pages\/29\/revisions"}],"wp:attachment":[{"href":"https:\/\/cncrush.com\/pl\/wp-json\/wp\/v2\/media?parent=29"}],"curies":[{"name":"wp","href":"https:\/\/api.w.org\/{rel}","templated":true}]}}