{"id":3,"date":"2024-09-29T03:41:52","date_gmt":"2024-09-29T03:41:52","guid":{"rendered":"http:\/\/cncrush.com\/?page_id=3"},"modified":"2024-10-03T15:38:15","modified_gmt":"2024-10-03T15:38:15","slug":"polityka-prywatnosci","status":"publish","type":"page","link":"https:\/\/cncrush.com\/pl\/polityka-prywatnosci\/","title":{"rendered":"Polityka prywatno\u015bci"},"content":{"rendered":"<p>Na <strong><a href=\"https:\/\/cncrush.com\/pl\/\">CNCRUSH<\/a><\/strong>Twoja prywatno\u015b\u0107 jest dla nas najwa\u017cniejsza. Niniejsza Polityka prywatno\u015bci opisuje, w jaki spos\u00f3b gromadzimy, wykorzystujemy, ujawniamy i chronimy Twoje dane osobowe, gdy odwiedzasz nasz\u0105 stron\u0119 internetow\u0105, <a href=\"https:\/\/cncrush.com\/pl\/\" target=\"_new\" rel=\"noopener\">https:\/\/cncrush.com\/<\/a> (\u201eWitryna internetowa\u201d) lub podczas jakiejkolwiek interakcji z nami. Korzystaj\u0105c z naszej Strony internetowej lub korzystaj\u0105c z naszych us\u0142ug, wyra\u017casz zgod\u0119 na praktyki opisane w niniejszej polityce.<\/p>\r\n<h4 class=\"wp-block-heading\"><strong>1. Informacje, kt\u00f3re zbieramy<\/strong><\/h4>\r\n<p>Gromadzimy kilka rodzaj\u00f3w informacji od i o u\u017cytkownikach naszej Strony internetowej, w tym:<\/p>\r\n<ul>\r\n<li>\r\n<p><strong>Dane osobowe:<\/strong> Mo\u017ce to obejmowa\u0107 Twoje imi\u0119 i nazwisko, adres e-mail, numer telefonu, nazw\u0119 firmy i wszelkie inne dane osobowe, kt\u00f3re podajesz, gdy:<\/p>\r\n<ul>\r\n<li>Popro\u015b o wycen\u0119<\/li>\r\n<li>Skontaktuj si\u0119 z nami poprzez e-mail lub formularz<\/li>\r\n<li>Zapisz si\u0119 na biuletyny lub komunikacj\u0119 marketingow\u0105<\/li>\r\n<li>Skontaktuj si\u0119 z nami w mediach spo\u0142eczno\u015bciowych lub za po\u015brednictwem naszych kana\u0142\u00f3w obs\u0142ugi klienta<\/li>\r\n<\/ul>\r\n<\/li>\r\n<li>\r\n<p><strong>Dane nieosobowe:<\/strong> Mo\u017cemy r\u00f3wnie\u017c gromadzi\u0107 dane nieosobowe, kt\u00f3re nie ujawniaj\u0105 Twojej konkretnej to\u017csamo\u015bci, takie jak typ przegl\u0105darki, informacje o urz\u0105dzeniu, lokalizacja geograficzna i spos\u00f3b korzystania z naszej Witryny (np. przegl\u0105dane strony, czas sp\u0119dzony w witrynie).<\/p>\r\n<\/li>\r\n<li>\r\n<p><strong>Pliki cookie i technologie \u015bledzenia:<\/strong> U\u017cywamy plik\u00f3w cookie i innych technologii \u015bledzenia, aby poprawi\u0107 Twoje do\u015bwiadczenie w naszej Witrynie i zbiera\u0107 dane na temat Twoich zachowa\u0144 podczas przegl\u0105dania. Wi\u0119cej informacji na temat sposobu, w jaki wykorzystujemy pliki cookie, mo\u017cna znale\u017a\u0107 w naszej <a target=\"_new\" rel=\"noopener\">Polityka plik\u00f3w cookies<\/a>.<\/p>\r\n<\/li>\r\n<\/ul>\r\n<h4><strong>2. Jak wykorzystujemy Twoje dane<\/strong><\/h4>\r\n<p>Informacje, kt\u00f3re zbieramy, wykorzystujemy do:<\/p>\r\n<ul>\r\n<li>\u015awiadczymy i ulepszamy nasze us\u0142ugi obr\u00f3bki CNC<\/li>\r\n<li>Odpowiadaj na Twoje zapytania, pro\u015bby lub przedstawiaj oferty<\/li>\r\n<li>Spersonalizuj swoje do\u015bwiadczenia na naszej Stronie internetowej<\/li>\r\n<li>Komunikowa\u0107 si\u0119 z Tob\u0105 w sprawie aktualizacji, promocji i innych istotnych informacji<\/li>\r\n<li>Analizuj i ulepszaj dzia\u0142anie naszej Strony internetowej<\/li>\r\n<li>Przestrzegaj obowi\u0105zk\u00f3w prawnych i chro\u0144 nasze prawa<\/li>\r\n<\/ul>\r\n<p>Twoje informacje pomagaj\u0105 nam lepiej zrozumie\u0107 Twoje potrzeby i ulepszy\u0107 nasze us\u0142ugi. Gromadzimy wy\u0142\u0105cznie informacje niezb\u0119dne do tych cel\u00f3w i szanujemy Twoj\u0105 prywatno\u015b\u0107, dbaj\u0105c o bezpiecze\u0144stwo Twoich danych.<\/p>\r\n<h4><strong>3. Podstawa prawna przetwarzania<\/strong><\/h4>\r\n<p>Przetwarzamy dane osobowe w oparciu o nast\u0119puj\u0105ce podstawy prawne:<\/p>\r\n<ul>\r\n<li><strong>Obowi\u0105zek umowny:<\/strong> Kiedy prosisz o nasze us\u0142ugi (np. prosisz o wycen\u0119 lub dokonujesz zakupu), przetwarzamy Twoje dane osobowe w celu realizacji naszej umowy z Tob\u0105.<\/li>\r\n<li><strong>Uzasadnione interesy:<\/strong> Mo\u017cemy przetwarza\u0107 Twoje dane osobowe w uzasadnionych celach biznesowych, takich jak ulepszanie naszych us\u0142ug, komunikacja marketingowa lub ulepszanie Twoich do\u015bwiadcze\u0144.<\/li>\r\n<li><strong>Zgoda:<\/strong> Je\u017celi wymagaj\u0105 tego przepisy prawa, uzyskamy Twoj\u0105 zgod\u0119 przed gromadzeniem lub przetwarzaniem Twoich danych, np. w celu wysy\u0142ania e-maili marketingowych.<\/li>\r\n<li><strong>Zgodno\u015b\u0107 z obowi\u0105zkami prawnymi:<\/strong> Mo\u017cemy r\u00f3wnie\u017c przetwarza\u0107 Twoje dane osobowe w celu zapewnienia zgodno\u015bci z obowi\u0105zuj\u0105cymi przepisami prawa i regulacjami.<\/li>\r\n<\/ul>\r\n<h4><strong>4. Udost\u0119pnianie i ujawnianie Twoich danych<\/strong><\/h4>\r\n<p>Nie sprzedajemy, nie handlujemy ani nie wynajmujemy Twoich danych osobowych stronom trzecim. Mo\u017cemy jednak udost\u0119pni\u0107 Twoje dane w nast\u0119puj\u0105cych okoliczno\u015bciach:<\/p>\r\n<ul>\r\n<li>\r\n<p><strong>Dostawcy us\u0142ug:<\/strong> Mo\u017cemy udost\u0119pnia\u0107 Twoje dane zaufanym zewn\u0119trznym dostawcom, kt\u00f3rzy \u015bwiadcz\u0105 us\u0142ugi w naszym imieniu, takie jak hosting witryn internetowych, analiza danych, dostarczanie wiadomo\u015bci e-mail lub przetwarzanie p\u0142atno\u015bci. Te strony trzecie s\u0105 zwi\u0105zane umowami o zachowaniu poufno\u015bci i wykorzystuj\u0105 Twoje dane wy\u0142\u0105cznie w celu \u015bwiadczenia okre\u015blonych us\u0142ug, o kt\u00f3re prosimy.<\/p>\r\n<\/li>\r\n<li>\r\n<p><strong>Zgodno\u015b\u0107 z prawem:<\/strong> Mo\u017cemy ujawni\u0107 Twoje dane, je\u015bli jest to wymagane przez prawo, na przyk\u0142ad w odpowiedzi na nakaz s\u0105dowy lub wniosek rz\u0105du, lub w celu ochrony naszych praw, zapobiegania oszustwom lub zapewnienia bezpiecze\u0144stwa naszych u\u017cytkownik\u00f3w.<\/p>\r\n<\/li>\r\n<li>\r\n<p><strong>Transfery biznesowe:<\/strong> W przypadku fuzji, przej\u0119cia lub sprzeda\u017cy aktyw\u00f3w Twoje dane osobowe mog\u0105 zosta\u0107 przekazane w ramach transakcji biznesowej.<\/p>\r\n<\/li>\r\n<\/ul>\r\n<h4><strong>5. Bezpiecze\u0144stwo danych<\/strong><\/h4>\r\n<p>Powa\u017cnie podchodzimy do bezpiecze\u0144stwa Twoich danych osobowych i stosujemy r\u00f3\u017cne \u015brodki w celu ochrony ich przed nieuprawnionym dost\u0119pem, ujawnieniem, zmian\u0105 lub zniszczeniem. \u015arodki te obejmuj\u0105:<\/p>\r\n<ul>\r\n<li>Bezpieczny hosting serwer\u00f3w i zapory ogniowe<\/li>\r\n<li>Szyfrowanie wra\u017cliwych danych podczas transmisji (np. SSL)<\/li>\r\n<li>Ograniczony dost\u0119p do danych osobowych wy\u0142\u0105cznie dla upowa\u017cnionego personelu<\/li>\r\n<\/ul>\r\n<p>Jednak\u017ce \u017cadna metoda przesy\u0142ania ani przechowywania nie jest bezpieczna 100% i chocia\u017c staramy si\u0119 chroni\u0107 Twoje dane osobowe, nie mo\u017cemy zagwarantowa\u0107 ich ca\u0142kowitego bezpiecze\u0144stwa.<\/p>\r\n<h4><strong>6. Twoje prawa do danych<\/strong><\/h4>\r\n<p>Przys\u0142uguj\u0105 Ci nast\u0119puj\u0105ce prawa dotycz\u0105ce Twoich danych osobowych:<\/p>\r\n<ul>\r\n<li><strong>Dost\u0119p:<\/strong> Masz prawo za\u017c\u0105da\u0107 kopii danych osobowych, kt\u00f3re o Tobie posiadamy.<\/li>\r\n<li><strong>Korekta:<\/strong> Mo\u017cesz za\u017c\u0105da\u0107, aby\u015bmy poprawili wszelkie nie\u015bcis\u0142o\u015bci w Twoich danych osobowych.<\/li>\r\n<li><strong>Usuni\u0119cie:<\/strong> Mo\u017cesz za\u017c\u0105da\u0107, aby\u015bmy usun\u0119li Twoje dane osobowe pod pewnymi warunkami.<\/li>\r\n<li><strong>Ograniczenie przetwarzania:<\/strong> Mo\u017cesz \u017c\u0105da\u0107, aby\u015bmy ograniczyli przetwarzanie Twoich danych w okre\u015blonych okoliczno\u015bciach.<\/li>\r\n<li><strong>Przeno\u015bno\u015b\u0107 danych:<\/strong> Masz prawo otrzyma\u0107 swoje dane osobowe w ustrukturyzowanym, powszechnie u\u017cywanym formacie nadaj\u0105cym si\u0119 do odczytu maszynowego.<\/li>\r\n<li><strong>Sprzeciw:<\/strong> W ka\u017cdej chwili mo\u017cesz sprzeciwi\u0107 si\u0119 przetwarzaniu Twoich danych w celach marketingowych.<\/li>\r\n<\/ul>\r\n<p>Aby skorzysta\u0107 z kt\u00f3regokolwiek z tych praw, skontaktuj si\u0119 z nami pod adresem <a rel=\"noopener\"><span \n                data-original-string='PE8EAA7fN\/3ut0cjtJckRA==250Mhp+qKA7QgaUvpDSUQNmHpsTnsNlR\/9pK6gW0WCKJTc='\n                class='apbct-email-encoder'\n                title='Ten kontakt zosta\u0142 zakodowany przez Anti-Spam przez CleanTalk. Kliknij, aby dekodowa\u0107. Aby uko\u0144czy\u0107 dekodowanie, upewnij si\u0119, \u017ce JavaScript jest w\u0142\u0105czony w Twojej przegl\u0105darce.'>W<span class=\"apbct-blur\">**<\/span>@<span class=\"apbct-blur\">*****<\/span>sh.com<\/span><\/a>. Odpowiemy na Twoje \u017c\u0105danie w terminie wymaganym przez obowi\u0105zuj\u0105ce prawo.<\/p>\r\n<h4><strong>7. Mi\u0119dzynarodowe przekazywanie danych<\/strong><\/h4>\r\n<p>Jako firma z siedzib\u0105 w Chinach, Twoje dane osobowe mog\u0105 by\u0107 przesy\u0142ane i przetwarzane w krajach innych ni\u017c Tw\u00f3j kraj zamieszkania. Je\u015bli znajdujesz si\u0119 na terenie Europejskiego Obszaru Gospodarczego (EOG), mo\u017ce to obejmowa\u0107 transfery do kraj\u00f3w, w kt\u00f3rych nie obowi\u0105zuj\u0105 takie same przepisy dotycz\u0105ce ochrony danych jak Tw\u00f3j kraj. Jednak\u017ce podejmiemy wszelkie uzasadnione kroki, aby zapewni\u0107, \u017ce Twoje dane b\u0119d\u0105 traktowane bezpiecznie i zgodnie z niniejsz\u0105 Polityk\u0105 prywatno\u015bci.<\/p>\r\n<h4><strong>8. Przechowywanie danych<\/strong><\/h4>\r\n<p>Przechowujemy Twoje dane osobowe tylko tak d\u0142ugo, jak jest to konieczne do realizacji cel\u00f3w, dla kt\u00f3rych zosta\u0142y zebrane, lub zgodnie z wymaganiami prawa. Kiedy nie b\u0119dziemy ju\u017c potrzebowa\u0107 Twoich danych, bezpiecznie je usuniemy lub zanonimizujemy.<\/p>\r\n<h4><strong>9. Linki stron trzecich<\/strong><\/h4>\r\n<p>Nasza Strona internetowa mo\u017ce zawiera\u0107 linki do stron internetowych os\u00f3b trzecich. Nie ponosimy odpowiedzialno\u015bci za praktyki dotycz\u0105ce prywatno\u015bci ani zawarto\u015b\u0107 tych zewn\u0119trznych witryn. Zach\u0119camy Ci\u0119 do zapoznania si\u0119 z polityk\u0105 prywatno\u015bci wszelkich odwiedzanych witryn stron trzecich.<\/p>\r\n<h4><strong>10. Zmiany w niniejszej Polityce Prywatno\u015bci<\/strong><\/h4>\r\n<p>Mo\u017cemy od czasu do czasu aktualizowa\u0107 niniejsz\u0105 Polityk\u0119 prywatno\u015bci, aby odzwierciedli\u0107 zmiany w naszych praktykach lub ze wzgl\u0119d\u00f3w prawnych i regulacyjnych. Wszelkie zmiany zostan\u0105 opublikowane na tej stronie ze zaktualizowan\u0105 \u201eDat\u0105 wej\u015bcia w \u017cycie\u201d. Zach\u0119camy Ci\u0119 do okresowego przegl\u0105dania tej polityki, aby by\u0107 na bie\u017c\u0105co z tym, jak chronimy Twoje dane.<\/p>\r\n<h4><strong>Skontaktuj si\u0119 z nami<\/strong><\/h4>\r\n<p>Je\u015bli masz jakiekolwiek pytania lub w\u0105tpliwo\u015bci dotycz\u0105ce niniejszej Polityki prywatno\u015bci lub sposobu, w jaki post\u0119pujemy z Twoimi danymi osobowymi, skontaktuj si\u0119 z nami pod adresem:<\/p>\r\n<p><strong>E-mail:<\/strong> <a rel=\"noopener\"><span \n                data-original-string='4QmSz4OzGnDc4dO+3QyYUg==250Byv1tK+kshvLYUcTtY3Qi1FSKunKBNjuT6XIbZls41I='\n                class='apbct-email-encoder'\n                title='Ten kontakt zosta\u0142 zakodowany przez Anti-Spam przez CleanTalk. Kliknij, aby dekodowa\u0107. Aby uko\u0144czy\u0107 dekodowanie, upewnij si\u0119, \u017ce JavaScript jest w\u0142\u0105czony w Twojej przegl\u0105darce.'>W<span class=\"apbct-blur\">**<\/span>@<span class=\"apbct-blur\">*****<\/span>sh.com<\/span><\/a><\/p>","protected":false},"excerpt":{"rendered":"<p>W CNCRUSH Twoja prywatno\u015b\u0107 jest dla nas najwa\u017cniejsza. Niniejsza Polityka prywatno\u015bci opisuje, w jaki spos\u00f3b gromadzimy, wykorzystujemy, ujawniamy i chronimy Twoje dane osobowe, gdy odwiedzasz nasz\u0105 stron\u0119 internetow\u0105, https:\/\/cncrush.com\/ (\u201eWitryna\u201d) lub gdy wchodzisz z nami w jak\u0105kolwiek interakcj\u0119. Korzystaj\u0105c z naszej Strony internetowej lub korzystaj\u0105c z naszych us\u0142ug, wyra\u017casz zgod\u0119 na [\u2026]","protected":false},"author":1,"featured_media":0,"parent":0,"menu_order":0,"comment_status":"closed","ping_status":"closed","template":"page-blank-title-center.php","meta":{"footnotes":""},"class_list":["post-3","page","type-page","status-publish","hentry"],"_links":{"self":[{"href":"https:\/\/cncrush.com\/pl\/wp-json\/wp\/v2\/pages\/3","targetHints":{"allow":["GET"]}}],"collection":[{"href":"https:\/\/cncrush.com\/pl\/wp-json\/wp\/v2\/pages"}],"about":[{"href":"https:\/\/cncrush.com\/pl\/wp-json\/wp\/v2\/types\/page"}],"author":[{"embeddable":true,"href":"https:\/\/cncrush.com\/pl\/wp-json\/wp\/v2\/users\/1"}],"replies":[{"embeddable":true,"href":"https:\/\/cncrush.com\/pl\/wp-json\/wp\/v2\/comments?post=3"}],"version-history":[{"count":0,"href":"https:\/\/cncrush.com\/pl\/wp-json\/wp\/v2\/pages\/3\/revisions"}],"wp:attachment":[{"href":"https:\/\/cncrush.com\/pl\/wp-json\/wp\/v2\/media?parent=3"}],"curies":[{"name":"wp","href":"https:\/\/api.w.org\/{rel}","templated":true}]}}