{"id":33,"date":"2024-09-29T03:50:17","date_gmt":"2024-09-29T03:50:17","guid":{"rendered":"https:\/\/cncrush.com\/?page_id=33"},"modified":"2024-12-20T14:14:01","modified_gmt":"2024-12-20T14:14:01","slug":"produkty-konsumenckie","status":"publish","type":"page","link":"https:\/\/cncrush.com\/pl\/produkty-konsumenckie\/","title":{"rendered":"Produkty konsumenckie"},"content":{"rendered":"<section class=\"section dark\" id=\"section_708910394\">\n\t\t<div class=\"section-bg fill\" >\n\t\t\t<img loading=\"lazy\" decoding=\"async\" width=\"2100\" height=\"700\" src=\"https:\/\/cncrush.com\/wp-content\/uploads\/2024\/10\/consumer-products.webp\" class=\"bg attachment- size-\" alt=\"\" title=\"\">\t\t\t\t\t\t<div class=\"section-bg-overlay absolute fill\"><\/div><button class=\"scroll-for-more z-5 icon absolute bottom h-center\" aria-label=\"Przewi\u0144, aby uzyska\u0107 wi\u0119cej\"><i class=\"icon-angle-down\" style=\"font-size:42px;\" ><\/i><\/button>\n\t\t\t\n\n\t\t<\/div>\n\n\t\t\n\n\t\t<div class=\"section-content relative\">\n\t\t\t\n<div class=\"row align-center\"  id=\"row-1435308503\">\n\n\t<div id=\"col-287394711\" class=\"col medium-10 small-12 large-10\"  >\n\t\t\t\t<div class=\"col-inner text-center\"  >\n\t\t\t\n\t\t\t\n\t<div id=\"text-3914013151\" class=\"text\">\n\t\t\n<h1>Produkcja Produkt\u00f3w Konsumenckich<\/h1>\n\t\t\n<style>\n#text-3914013151 {\n  font-size: 1.35rem;\n}\n@media (min-width:550px) {\n  #text-3914013151 {\n    font-size: 2rem;\n  }\n}\n<\/style>\n\t<\/div>\n\t\n<div class=\"row\"  id=\"row-507912311\">\n\n\t<div id=\"col-1199088106\" class=\"col medium-9 small-12 large-9\"  >\n\t\t\t\t<div class=\"col-inner\"  >\n\t\t\t\n\t\t\t\n<p>W CNCRUSH wcielimy w \u017cycie Twoje pomys\u0142y na produkty, pomagaj\u0105c Ci zoptymalizowa\u0107 zar\u00f3wno koszty projektowania, jak i produkcji. Zapewniamy, \u017ce Tw\u00f3j produkt jest zapakowany zgodnie ze specyfikacjami, zapewniaj\u0105c zar\u00f3wno jako\u015b\u0107, jak i warto\u015b\u0107.<\/p>\n\t\t<\/div>\n\t\t\t\t\t<\/div>\n\n\t\n<\/div>\n\t\t<\/div>\n\t\t\t\t\t<\/div>\n\n\t\n<\/div>\n\t\t<\/div>\n\n\t\t\n<style>\n#section_708910394 {\n  padding-top: 30px;\n  padding-bottom: 30px;\n  min-height: 100px;\n}\n#section_708910394 .section-bg-overlay {\n  background-color: rgba(0, 0, 0, 0.384);\n}\n#section_708910394 .section-bg img {\n  object-position: 53% 58%;\n}\n@media (min-width:550px) {\n  #section_708910394 {\n    min-height: 600px;\n  }\n}\n<\/style>\n\t<\/section>\n\t\n\n\t<section class=\"section\" id=\"section_253926720\">\n\t\t<div class=\"section-bg fill\" >\n\t\t\t\t\t\t\t\t\t\n\t\t\t\n\n\t\t<\/div>\n\n\t\t\n\n\t\t<div class=\"section-content relative\">\n\t\t\t\n<div class=\"row row-large steps-simple-headline\"  id=\"row-2029597631\">\n\n\t<div id=\"col-576083232\" class=\"col medium-8 small-12 large-12\"  >\n\t\t\t\t<div class=\"col-inner\"  >\n\t\t\t\n\t\t\t\n<div class=\"row row-collapse\"  id=\"row-2093061155\">\n\n\t<div id=\"col-354135947\" class=\"col medium-1 small-2 large-1\"  >\n\t\t\t\t<div class=\"col-inner\"  >\n\t\t\t\n\t\t\t\n<h2>01<\/h2>\n\t\t<\/div>\n\t\t\t\t\t<\/div>\n\n\t\n\n\t<div id=\"col-774643183\" class=\"col medium-11 small-10 large-11\"  >\n\t\t\t\t<div class=\"col-inner\"  >\n\t\t\t\n\t\t\t\n<h3>Przyk\u0142adowe produkty, kt\u00f3re produkujemy<\/h3>\n<ul>\n<li>Obudowy przycisk\u00f3w system\u00f3w sterowania budynkiem<\/li>\n<li>Etui na tablety<\/li>\n<li>Cz\u0119\u015bci rowerowe<\/li>\n<li>Komponenty do shishy<\/li>\n<li>Uchwyty i pokr\u0119t\u0142a do sprz\u0119tu AGD i RTV<\/li>\n<\/ul>\n\t\t<\/div>\n\t\t\t\t\t<\/div>\n\n\t\n<\/div>\n<div class=\"is-divider divider clearfix\" style=\"margin-top:10px;margin-bottom:10px;max-width:100%;height:1px;\"><\/div>\n<div class=\"row row-collapse\"  id=\"row-29232366\">\n\n\t<div id=\"col-228833032\" class=\"col medium-1 small-2 large-1\"  >\n\t\t\t\t<div class=\"col-inner\"  >\n\t\t\t\n\t\t\t\n<h2>02<\/h2>\n\t\t<\/div>\n\t\t\t\t\t<\/div>\n\n\t\n\n\t<div id=\"col-1280012909\" class=\"col medium-11 small-10 large-11\"  >\n\t\t\t\t<div class=\"col-inner\"  >\n\t\t\t\n\t\t\t\n<h3>Kompleksowe wsparcie<\/h3>\n<p>Masz pomys\u0142, ale nie jeste\u015b pewien kolejnych krok\u00f3w? W CNCRUSH zamieniamy Twoje koncepcje w rzeczywisto\u015b\u0107. Nasz zesp\u00f3\u0142 pomo\u017ce Ci w:<\/p>\n<ul>\n<li><strong>Projektowanie Twojego produktu<\/strong> aby upewni\u0107 si\u0119, \u017ce spe\u0142nia Twoj\u0105 wizj\u0119<\/li>\n<li>Zapewnienie <strong>optymalna wydajno\u015b\u0107<\/strong> z w\u0142a\u015bciwymi specyfikacjami<\/li>\n<li><strong>Wyb\u00f3r najlepszych materia\u0142\u00f3w<\/strong> za trwa\u0142o\u015b\u0107 i funkcjonalno\u015b\u0107<\/li>\n<li>Tworzenie jak najbardziej <strong>wydajny proces produkcyjny<\/strong><\/li>\n<li><strong>Wyb\u00f3r idealnego opakowania<\/strong> pasowa\u0107 do Twojej marki<\/li>\n<\/ul>\n\t\t<\/div>\n\t\t\t\t\t<\/div>\n\n\t\n<\/div>\n<div class=\"is-divider divider clearfix\" style=\"margin-top:10px;margin-bottom:10px;max-width:100%;height:1px;\"><\/div>\n<div class=\"row row-collapse align-middle\"  id=\"row-1524558002\">\n\n\t<div id=\"col-875784119\" class=\"col medium-1 small-2 large-1\"  >\n\t\t\t\t<div class=\"col-inner\"  >\n\t\t\t\n\t\t\t\n<h2>03<\/h2>\n\t\t<\/div>\n\t\t\t\t\t<\/div>\n\n\t\n\n\t<div id=\"col-878578220\" class=\"col medium-11 small-10 large-11\"  >\n\t\t\t\t<div class=\"col-inner\"  >\n\t\t\t\n\t\t\t\n<h3>Dostosowany proces produkcyjny<\/h3>\n<p>W CNCRUSH oferujemy kompleksowe rozwi\u0105zania produkcyjne, dostosowane do konkretnych potrzeb Twojego produktu:<\/p>\n<ul>\n<li><strong>Projekt i precyzja:<\/strong> Szczeg\u00f3\u0142owa konstrukcja i optymalizacja parametr\u00f3w<\/li>\n<li><strong>Rozw\u00f3j i testowanie:<\/strong> Identyfikacja w\u0142a\u015bciwej technologii i dodatkowych zabieg\u00f3w<\/li>\n<li><strong>Rozwi\u0105zania wizualne i opakowaniowe:<\/strong> Dbanie o to, aby produkt ko\u0144cowy wygl\u0105da\u0142 \u015bwietnie i by\u0142 odpowiednio chroniony<\/li>\n<li><strong>Kontrola jako\u015bci:<\/strong> Kompleksowe kontrole gwarantuj\u0105ce najwy\u017csz\u0105 jako\u015b\u0107<\/li>\n<li><strong>Elastyczno\u015b\u0107:<\/strong> \u0141atwo dostosowuj si\u0119 do modyfikacji produktu i ulepsze\u0144 projektu<\/li>\n<li><strong>Komunikacja bezpo\u015brednia:<\/strong> \u015acis\u0142a wsp\u00f3\u0142praca z kierownikiem projektu i bie\u017c\u0105cy monitoring linii produkcyjnej<\/li>\n<li><strong>Trwa\u0142o\u015b\u0107 i testowanie:<\/strong> Wyb\u00f3r odpowiednich materia\u0142\u00f3w zapewniaj\u0105cych trwa\u0142o\u015b\u0107 produktu<\/li>\n<\/ul>\n\t\t<\/div>\n\t\t\t\t\t<\/div>\n\n\t\n<\/div>\n<div class=\"is-divider divider clearfix\" style=\"margin-top:10px;margin-bottom:10px;max-width:100%;height:1px;\"><\/div>\n\t\t<\/div>\n\t\t\t\t\t<\/div>\n\n\t\n<\/div>\n\t\t<\/div>\n\n\t\t\n<style>\n#section_253926720 {\n  padding-top: 60px;\n  padding-bottom: 60px;\n}\n<\/style>\n\t<\/section>\n\t\n<div class=\"row row-collapse row-full-width\"  id=\"row-543062156\">\n\n\t<div id=\"col-740479480\" class=\"col small-12 large-12\"  >\n\t\t\t\t<div class=\"col-inner text-center dark\"  >\n\t\t\t\n\t\t\t\n\n  <div class=\"banner has-hover\" id=\"banner-1873977344\">\n          <div class=\"banner-inner fill\">\n        <div class=\"banner-bg fill\" >\n            <img loading=\"lazy\" decoding=\"async\" width=\"1020\" height=\"421\" src=\"https:\/\/cncrush.com\/wp-content\/uploads\/2024\/09\/milled-stainless-steel-background-1024x423.webp\" class=\"bg attachment-large size-large\" alt=\"\" title=\"\">                        <div class=\"overlay\"><\/div>            \n                    <\/div>\n\t\t\n        <div class=\"banner-layers container\">\n            <div class=\"fill banner-link\"><\/div>            \n   <div id=\"text-box-923679754\" class=\"text-box banner-layer x50 md-x50 lg-x50 y50 md-y50 lg-y50 res-text\">\n                                <div class=\"text-box-content text dark\">\n              \n              <div class=\"text-inner text-center\">\n                  \n\t<div id=\"text-3710913560\" class=\"text\">\n\t\t\n<h3>Zainteresowany? Uzyskaj bezp\u0142atn\u0105 wycen\u0119 ju\u017c dzi\u015b!<\/h3>\n\t\t\n<style>\n#text-3710913560 {\n  font-size: 0.75rem;\n  text-align: center;\n}\n<\/style>\n\t<\/div>\n\t\n<a href=\"https:\/\/cncrush.com\/pl\/wyslij-zapytanie\/\" class=\"button alert\"  >\n\t\t<span>Wy\u015blij zapytanie<\/span>\n\t<\/a>\n\n              <\/div>\n           <\/div>\n                            \n<style>\n#text-box-923679754 {\n  width: 100%;\n}\n#text-box-923679754 .text-box-content {\n  font-size: 100%;\n}\n@media (min-width:550px) {\n  #text-box-923679754 {\n    width: 94%;\n  }\n}\n<\/style>\n    <\/div>\n \n        <\/div>\n      <\/div>\n\n            \n<style>\n#banner-1873977344 {\n  padding-top: 99.99%;\n}\n#banner-1873977344 .overlay {\n  background-color: rgba(0, 0, 0, 0.17);\n}\n#banner-1873977344 .banner-bg img {\n  object-position: 47% 60%;\n}\n@media (min-width:550px) {\n  #banner-1873977344 {\n    padding-top: 119px;\n  }\n}\n<\/style>\n  <\/div>\n\n\n\t\t<\/div>\n\t\t\t\t\t<\/div>\n\n\t\n<\/div>","protected":false},"excerpt":{"rendered":"","protected":false},"author":1,"featured_media":0,"parent":0,"menu_order":0,"comment_status":"closed","ping_status":"closed","template":"page-blank.php","meta":{"footnotes":""},"class_list":["post-33","page","type-page","status-publish","hentry"],"_links":{"self":[{"href":"https:\/\/cncrush.com\/pl\/wp-json\/wp\/v2\/pages\/33","targetHints":{"allow":["GET"]}}],"collection":[{"href":"https:\/\/cncrush.com\/pl\/wp-json\/wp\/v2\/pages"}],"about":[{"href":"https:\/\/cncrush.com\/pl\/wp-json\/wp\/v2\/types\/page"}],"author":[{"embeddable":true,"href":"https:\/\/cncrush.com\/pl\/wp-json\/wp\/v2\/users\/1"}],"replies":[{"embeddable":true,"href":"https:\/\/cncrush.com\/pl\/wp-json\/wp\/v2\/comments?post=33"}],"version-history":[{"count":0,"href":"https:\/\/cncrush.com\/pl\/wp-json\/wp\/v2\/pages\/33\/revisions"}],"wp:attachment":[{"href":"https:\/\/cncrush.com\/pl\/wp-json\/wp\/v2\/media?parent=33"}],"curies":[{"name":"wp","href":"https:\/\/api.w.org\/{rel}","templated":true}]}}