{"id":37,"date":"2024-09-29T03:50:30","date_gmt":"2024-09-29T03:50:30","guid":{"rendered":"https:\/\/cncrush.com\/?page_id=37"},"modified":"2024-12-20T13:53:35","modified_gmt":"2024-12-20T13:53:35","slug":"branza-medyczna","status":"publish","type":"page","link":"https:\/\/cncrush.com\/pl\/branza-medyczna\/","title":{"rendered":"Przemys\u0142 medyczny"},"content":{"rendered":"<section class=\"section dark\" id=\"section_183035138\">\n\t\t<div class=\"section-bg fill\" >\n\t\t\t<img loading=\"lazy\" decoding=\"async\" width=\"2100\" height=\"700\" src=\"https:\/\/cncrush.com\/wp-content\/uploads\/2024\/10\/medical-industry.webp\" class=\"bg attachment- size-\" alt=\"\" title=\"\">\t\t\t\t\t\t<div class=\"section-bg-overlay absolute fill\"><\/div><button class=\"scroll-for-more z-5 icon absolute bottom h-center\" aria-label=\"Przewi\u0144, aby uzyska\u0107 wi\u0119cej\"><i class=\"icon-angle-down\" style=\"font-size:42px;\" ><\/i><\/button>\n\t\t\t\n\n\t\t<\/div>\n\n\t\t\n\n\t\t<div class=\"section-content relative\">\n\t\t\t\n<div class=\"row align-center\"  id=\"row-2114214897\">\n\n\t<div id=\"col-596055011\" class=\"col medium-10 small-12 large-10\"  >\n\t\t\t\t<div class=\"col-inner text-center\"  >\n\t\t\t\n\t\t\t\n\t<div id=\"text-456263628\" class=\"text\">\n\t\t\n<h1>Precyzyjne cz\u0119\u015bci CNC dla przemys\u0142u medycznego<\/h1>\n\t\t\n<style>\n#text-456263628 {\n  font-size: 1.35rem;\n}\n@media (min-width:550px) {\n  #text-456263628 {\n    font-size: 2rem;\n  }\n}\n<\/style>\n\t<\/div>\n\t\n<div class=\"row\"  id=\"row-1009855710\">\n\n\t<div id=\"col-921535733\" class=\"col medium-9 small-12 large-9\"  >\n\t\t\t\t<div class=\"col-inner\"  >\n\t\t\t\n\t\t\t\n<p>W CNCRUSH produkujemy precyzyjne komponenty do specjalistycznego sprz\u0119tu medycznego, zapewniaj\u0105c najwy\u017csz\u0105 jako\u015b\u0107 i niezawodno\u015b\u0107 dla sektora medycznego.<\/p>\n\t\t<\/div>\n\t\t\t\t\t<\/div>\n\n\t\n<\/div>\n\t\t<\/div>\n\t\t\t\t\t<\/div>\n\n\t\n<\/div>\n\t\t<\/div>\n\n\t\t\n<style>\n#section_183035138 {\n  padding-top: 30px;\n  padding-bottom: 30px;\n  min-height: 100px;\n}\n#section_183035138 .section-bg-overlay {\n  background-color: rgba(0, 0, 0, 0.384);\n}\n#section_183035138 .section-bg img {\n  object-position: 53% 58%;\n}\n@media (min-width:550px) {\n  #section_183035138 {\n    min-height: 600px;\n  }\n}\n<\/style>\n\t<\/section>\n\t\n\n\t<section class=\"section\" id=\"section_629631627\">\n\t\t<div class=\"section-bg fill\" >\n\t\t\t\t\t\t\t\t\t\n\t\t\t\n\n\t\t<\/div>\n\n\t\t\n\n\t\t<div class=\"section-content relative\">\n\t\t\t\n<div class=\"row row-large steps-simple-headline\"  id=\"row-1208788132\">\n\n\t<div id=\"col-1217220652\" class=\"col medium-8 small-12 large-12\"  >\n\t\t\t\t<div class=\"col-inner\"  >\n\t\t\t\n\t\t\t\n<div class=\"row row-collapse\"  id=\"row-389634901\">\n\n\t<div id=\"col-262867800\" class=\"col medium-1 small-2 large-1\"  >\n\t\t\t\t<div class=\"col-inner\"  >\n\t\t\t\n\t\t\t\n<h2>01<\/h2>\n\t\t<\/div>\n\t\t\t\t\t<\/div>\n\n\t\n\n\t<div id=\"col-356829405\" class=\"col medium-11 small-10 large-11\"  >\n\t\t\t\t<div class=\"col-inner\"  >\n\t\t\t\n\t\t\t\n<h3>Cz\u0119\u015bci, kt\u00f3re produkujemy<\/h3>\n<p>Specjalizujemy si\u0119 w produkcji krytycznych cz\u0119\u015bci do wyrob\u00f3w medycznych, m.in.:<\/p>\n<ul>\n<li><strong>Obudowy aluminiowe<\/strong><\/li>\n<li><strong>Cz\u0119\u015bci mechaniczne<\/strong> do sprz\u0119tu medycznego wykonanego z aluminium i stali nierdzewnej, stosowanego w radioterapii, endoskopii, laparoskopii i skanerach stomatologicznych<\/li>\n<li><strong>Elektrody<\/strong><\/li>\n<\/ul>\n\t\t<\/div>\n\t\t\t\t\t<\/div>\n\n\t\n<\/div>\n<div class=\"is-divider divider clearfix\" style=\"margin-top:10px;margin-bottom:10px;max-width:100%;height:1px;\"><\/div>\n<div class=\"row row-collapse\"  id=\"row-1108903518\">\n\n\t<div id=\"col-1933613565\" class=\"col medium-1 small-2 large-1\"  >\n\t\t\t\t<div class=\"col-inner\"  >\n\t\t\t\n\t\t\t\n<h2>02<\/h2>\n\t\t<\/div>\n\t\t\t\t\t<\/div>\n\n\t\n\n\t<div id=\"col-481271151\" class=\"col medium-11 small-10 large-11\"  >\n\t\t\t\t<div class=\"col-inner\"  >\n\t\t\t\n\t\t\t\n<h3>Nasz proces produkcyjny<\/h3>\n<ul>\n<li><strong>Precyzja:<\/strong> Produkujemy ma\u0142e, precyzyjne cz\u0119\u015bci z tolerancjami tak w\u0105skimi jak 0,02 mm.<\/li>\n<li><strong>Czysto\u015b\u0107:<\/strong> Ka\u017cda cz\u0119\u015b\u0107 jest dok\u0142adnie sprawdzana pod k\u0105tem braku zadzior\u00f3w, wi\u00f3r\u00f3w i resztek oleju.<\/li>\n<li><strong>Niezawodno\u015b\u0107:<\/strong> Starannie dobieramy procesy produkcyjne, kt\u00f3re zapewniaj\u0105 wysok\u0105 powtarzalno\u015b\u0107, funkcjonalno\u015b\u0107 i zgodno\u015b\u0107 cz\u0119\u015bci.<\/li>\n<li><strong>Zaanga\u017cowanie klienta:<\/strong> \u015aci\u015ble wsp\u00f3\u0142pracujemy z klientami, analizuj\u0105c wymagania projektowe i dostosowuj\u0105c nasze procesy do ich specyficznych potrzeb.<\/li>\n<\/ul>\n\t\t<\/div>\n\t\t\t\t\t<\/div>\n\n\t\n<\/div>\n<div class=\"is-divider divider clearfix\" style=\"margin-top:10px;margin-bottom:10px;max-width:100%;height:1px;\"><\/div>\n<div class=\"row row-collapse align-middle\"  id=\"row-1471725393\">\n\n\t<div id=\"col-586166424\" class=\"col medium-1 small-2 large-1\"  >\n\t\t\t\t<div class=\"col-inner\"  >\n\t\t\t\n\t\t\t\n<h2>03<\/h2>\n\t\t<\/div>\n\t\t\t\t\t<\/div>\n\n\t\n\n\t<div id=\"col-1939527065\" class=\"col medium-11 small-10 large-11\"  >\n\t\t\t\t<div class=\"col-inner\"  >\n\t\t\t\n\t\t\t\n<h3>Zapewnienie jako\u015bci<\/h3>\n<p>Precyzja ma kluczowe znaczenie w bran\u017cy medycznej, dlatego spe\u0142niamy najwy\u017csze standardy, korzystaj\u0105c z zaawansowanego sprz\u0119tu pomiarowego, takiego jak <strong>Hexagon Global S<\/strong>, zapewniaj\u0105c dok\u0142adno\u015b\u0107 0,005 mm. W przypadku skomplikowanych cz\u0119\u015bci o ma\u0142ych rozmiarach przeprowadzamy r\u00f3wnie\u017c kontrole wizualne w powi\u0119kszeniu, aby zapewni\u0107 jako\u015b\u0107.<\/p>\n\t\t<\/div>\n\t\t\t\t\t<\/div>\n\n\t\n<\/div>\n<div class=\"is-divider divider clearfix\" style=\"margin-top:10px;margin-bottom:10px;max-width:100%;height:1px;\"><\/div>\n\t\t<\/div>\n\t\t\t\t\t<\/div>\n\n\t\n<\/div>\n\t\t<\/div>\n\n\t\t\n<style>\n#section_629631627 {\n  padding-top: 60px;\n  padding-bottom: 60px;\n}\n<\/style>\n\t<\/section>\n\t\n<div class=\"row row-collapse row-full-width\"  id=\"row-1958887485\">\n\n\t<div id=\"col-1422765772\" class=\"col small-12 large-12\"  >\n\t\t\t\t<div class=\"col-inner text-center dark\"  >\n\t\t\t\n\t\t\t\n\n  <div class=\"banner has-hover\" id=\"banner-536249738\">\n          <div class=\"banner-inner fill\">\n        <div class=\"banner-bg fill\" >\n            <img loading=\"lazy\" decoding=\"async\" width=\"1020\" height=\"421\" src=\"https:\/\/cncrush.com\/wp-content\/uploads\/2024\/09\/milled-stainless-steel-background-1024x423.webp\" class=\"bg attachment-large size-large\" alt=\"\" title=\"\">                        <div class=\"overlay\"><\/div>            \n                    <\/div>\n\t\t\n        <div class=\"banner-layers container\">\n            <div class=\"fill banner-link\"><\/div>            \n   <div id=\"text-box-949063996\" class=\"text-box banner-layer x50 md-x50 lg-x50 y50 md-y50 lg-y50 res-text\">\n                                <div class=\"text-box-content text dark\">\n              \n              <div class=\"text-inner text-center\">\n                  \n\t<div id=\"text-1437938701\" class=\"text\">\n\t\t\n<h3>Zainteresowany? Uzyskaj bezp\u0142atn\u0105 wycen\u0119 ju\u017c dzi\u015b!<\/h3>\n\t\t\n<style>\n#text-1437938701 {\n  font-size: 0.75rem;\n  text-align: center;\n}\n<\/style>\n\t<\/div>\n\t\n<a href=\"https:\/\/cncrush.com\/pl\/wyslij-zapytanie\/\" class=\"button alert\"  >\n\t\t<span>Wy\u015blij zapytanie<\/span>\n\t<\/a>\n\n              <\/div>\n           <\/div>\n                            \n<style>\n#text-box-949063996 {\n  width: 100%;\n}\n#text-box-949063996 .text-box-content {\n  font-size: 100%;\n}\n@media (min-width:550px) {\n  #text-box-949063996 {\n    width: 94%;\n  }\n}\n<\/style>\n    <\/div>\n \n        <\/div>\n      <\/div>\n\n            \n<style>\n#banner-536249738 {\n  padding-top: 99.99%;\n}\n#banner-536249738 .overlay {\n  background-color: rgba(0, 0, 0, 0.17);\n}\n#banner-536249738 .banner-bg img {\n  object-position: 47% 60%;\n}\n@media (min-width:550px) {\n  #banner-536249738 {\n    padding-top: 97px;\n  }\n}\n<\/style>\n  <\/div>\n\n\n\t\t<\/div>\n\t\t\t\t\t<\/div>\n\n\t\n<\/div>","protected":false},"excerpt":{"rendered":"","protected":false},"author":1,"featured_media":0,"parent":0,"menu_order":0,"comment_status":"closed","ping_status":"closed","template":"page-blank.php","meta":{"footnotes":""},"class_list":["post-37","page","type-page","status-publish","hentry"],"_links":{"self":[{"href":"https:\/\/cncrush.com\/pl\/wp-json\/wp\/v2\/pages\/37","targetHints":{"allow":["GET"]}}],"collection":[{"href":"https:\/\/cncrush.com\/pl\/wp-json\/wp\/v2\/pages"}],"about":[{"href":"https:\/\/cncrush.com\/pl\/wp-json\/wp\/v2\/types\/page"}],"author":[{"embeddable":true,"href":"https:\/\/cncrush.com\/pl\/wp-json\/wp\/v2\/users\/1"}],"replies":[{"embeddable":true,"href":"https:\/\/cncrush.com\/pl\/wp-json\/wp\/v2\/comments?post=37"}],"version-history":[{"count":0,"href":"https:\/\/cncrush.com\/pl\/wp-json\/wp\/v2\/pages\/37\/revisions"}],"wp:attachment":[{"href":"https:\/\/cncrush.com\/pl\/wp-json\/wp\/v2\/media?parent=37"}],"curies":[{"name":"wp","href":"https:\/\/api.w.org\/{rel}","templated":true}]}}