{"id":43,"date":"2024-09-29T03:52:14","date_gmt":"2024-09-29T03:52:14","guid":{"rendered":"https:\/\/cncrush.com\/?page_id=43"},"modified":"2024-10-03T15:34:47","modified_gmt":"2024-10-03T15:34:47","slug":"polityka-plikow-cookies","status":"publish","type":"page","link":"https:\/\/cncrush.com\/pl\/polityka-plikow-cookies\/","title":{"rendered":"Polityka plik\u00f3w cookies"},"content":{"rendered":"<p>Na <strong><a href=\"https:\/\/cncrush.com\/pl\/\">CNCRUSH<\/a><\/strong>, zobowi\u0105zujemy si\u0119 do ochrony Twojej prywatno\u015bci i zapewnienia przejrzysto\u015bci w sposobie post\u0119powania z Twoimi danymi osobowymi. Niniejsza Polityka plik\u00f3w cookies wyja\u015bnia, w jaki spos\u00f3b wykorzystujemy pliki cookies i podobne technologie na naszej stronie internetowej, <a href=\"https:\/\/cncrush.com\/pl\/\" target=\"_new\" rel=\"noopener\">https:\/\/cncrush.com\/<\/a> (\u201eStrona internetowa\u201d). Kontynuuj\u0105c korzystanie z naszej Witryny, wyra\u017casz zgod\u0119 na u\u017cywanie plik\u00f3w cookie zgodnie z niniejszymi zasadami.<\/p>\n<h4><strong>Czym s\u0105 pliki cookie?<\/strong><\/h4>\n<p>Pliki cookies to ma\u0142e pliki tekstowe zapisywane na Twoim urz\u0105dzeniu (komputerze, smartfonie lub tablecie), kiedy odwiedzasz stron\u0119 internetow\u0105. Zawieraj\u0105 informacje, kt\u00f3re pomagaj\u0105 witrynie rozpozna\u0107 Twoje urz\u0105dzenie i mog\u0105 poprawi\u0107 Twoje do\u015bwiadczenie poprzez zapami\u0119tywanie preferencji, umo\u017cliwienie szybszego \u0142adowania i popraw\u0119 og\u00f3lnej funkcjonalno\u015bci.<\/p>\n<h4><strong>Rodzaje plik\u00f3w cookie, kt\u00f3rych u\u017cywamy<\/strong><\/h4>\n<ol>\n<li><strong>\u015aci\u015ble niezb\u0119dne pliki cookie:<\/strong> Te pliki cookie s\u0105 niezb\u0119dne do prawid\u0142owego funkcjonowania Witryny. Umo\u017cliwiaj\u0105 podstawowe funkcje, takie jak nawigacja po stronie i bezpieczne obszary Witryny. Bez tych plik\u00f3w cookie nie mo\u017cna zapewni\u0107 niekt\u00f3rych us\u0142ug, o kt\u00f3re prosisz. Przyk\u0142ady absolutnie niezb\u0119dnych plik\u00f3w cookie obejmuj\u0105:\n<ul>\n<li>Zarz\u0105dzanie sesj\u0105<\/li>\n<li>Uwierzytelnianie bezpiecze\u0144stwa<\/li>\n<li>Zg\u0142oszenia formularzy<\/li>\n<\/ul>\n<\/li>\n<li><strong>Pliki cookie dotycz\u0105ce wydajno\u015bci i analityki:<\/strong> Te pliki cookie zbieraj\u0105 informacje o tym, jak odwiedzaj\u0105cy korzystaj\u0105 z naszej Witryny, takie jak najcz\u0119\u015bciej odwiedzane strony i wszelkie otrzymywane komunikaty o b\u0142\u0119dach. Informacje s\u0105 zbiorcze i anonimowe i pomagaj\u0105 nam ulepsza\u0107 dzia\u0142anie naszej Strony internetowej. Korzystamy z narz\u0119dzi analitycznych stron trzecich, takich jak Google Analytics, w celu monitorowania ruchu w Witrynie i wzorc\u00f3w u\u017cytkowania. Pomaga nam to podejmowa\u0107 decyzje oparte na danych w celu optymalizacji do\u015bwiadczenia u\u017cytkownika.<\/li>\n<li><strong>Funkcjonalne pliki cookie:<\/strong> Te pliki cookie pozwalaj\u0105 Stronie internetowej zapami\u0119ta\u0107 wybory, kt\u00f3rych dokonujesz, takie jak preferencje j\u0119zykowe lub region. Poprawiaj\u0105 wygod\u0119 u\u017cytkownika, zapewniaj\u0105c spersonalizowane funkcje.<\/li>\n<li><strong>Targetuj\u0105ce i reklamowe pliki cookie:<\/strong> Mo\u017cemy u\u017cywa\u0107 tych plik\u00f3w cookie, aby dostarcza\u0107 Ci bardziej trafne reklamy. \u015aledz\u0105 Twoj\u0105 aktywno\u015b\u0107 online i pozwalaj\u0105 nam wy\u015bwietla\u0107 reklamy w oparciu o Twoje zainteresowania. Te pliki cookie pomagaj\u0105 nam r\u00f3wnie\u017c mierzy\u0107 skuteczno\u015b\u0107 naszych kampanii marketingowych. Wsp\u00f3\u0142pracujemy z reklamodawcami zewn\u0119trznymi, kt\u00f3rzy mog\u0105 umieszcza\u0107 pliki cookie na Twoim urz\u0105dzeniu podczas odwiedzania naszej Witryny. Nale\u017cy pami\u0119ta\u0107, \u017ce te strony trzecie maj\u0105 w\u0142asne zasady dotycz\u0105ce prywatno\u015bci i plik\u00f3w cookie.<\/li>\n<\/ol>\n<h4><strong>Jak u\u017cywamy plik\u00f3w cookie<\/strong><\/h4>\n<p>U\u017cywamy plik\u00f3w cookie, aby:<\/p>\n<ul>\n<li>Popraw funkcjonalno\u015b\u0107 i wydajno\u015b\u0107 naszej Strony internetowej.<\/li>\n<li>Zapewnij sobie spersonalizowane do\u015bwiadczenie.<\/li>\n<li>Analizuj ruch i poprawiaj u\u017cyteczno\u015b\u0107 Serwisu.<\/li>\n<li>Wspieraj nasze wysi\u0142ki marketingowe i reklamowe.<\/li>\n<\/ul>\n<p>Pliki cookie pomagaj\u0105 nam r\u00f3wnie\u017c poprawia\u0107 jako\u015b\u0107 naszych us\u0142ug, identyfikuj\u0105c wszelkie problemy techniczne lub obszary wymagaj\u0105ce ulepsze\u0144.<\/p>\n<h4><strong>Zarz\u0105dzanie plikami cookie<\/strong><\/h4>\n<p>Masz prawo kontrolowa\u0107 i zarz\u0105dza\u0107 plikami cookies na kilka sposob\u00f3w:<\/p>\n<ol>\n<li><strong>Ustawienia przegl\u0105darki:<\/strong> Wi\u0119kszo\u015b\u0107 przegl\u0105darek internetowych umo\u017cliwia zarz\u0105dzanie preferencjami dotycz\u0105cymi plik\u00f3w cookies poprzez odpowiednie ustawienia. Mo\u017cesz zablokowa\u0107 lub usun\u0105\u0107 pliki cookie. Nale\u017cy jednak pami\u0119ta\u0107, \u017ce je\u015bli wy\u0142\u0105czysz niekt\u00f3re pliki cookie, cz\u0119\u015bci naszej Witryny mog\u0105 nie dzia\u0142a\u0107 poprawnie.<\/li>\n<li><strong>Linki do rezygnacji:<\/strong> W przypadku plik\u00f3w cookie dotycz\u0105cych wydajno\u015bci i targetowania mo\u017cesz zrezygnowa\u0107 bezpo\u015brednio za po\u015brednictwem odpowiednich us\u0142ug stron trzecich:\n<ul>\n<li><a target=\"_new\" rel=\"noopener\">Rezygnacja z Google Analytics<\/a><\/li>\n<li>Preferencje reklamowe dla Google<\/li>\n<li>Twoje wybory online dla u\u017cytkownik\u00f3w z UE<\/li>\n<\/ul>\n<\/li>\n<li><strong>Ustawienia Nie \u015bled\u017a (DNT):<\/strong> Niekt\u00f3re przegl\u0105darki internetowe oferuj\u0105 funkcj\u0119 \u201eNie \u015bled\u017a\u201d, kt\u00f3ra pozwala zasygnalizowa\u0107 preferencje dotycz\u0105ce prywatno\u015bci i za\u017c\u0105da\u0107, aby strony internetowe nie \u015bledzi\u0142y Twojej aktywno\u015bci online. Nie ma jednak jednolitego standardu sygna\u0142\u00f3w DNT i nasza Strona internetowa mo\u017ce nie reagowa\u0107 na te sygna\u0142y.<\/li>\n<\/ol>\n<h4><strong>Pliki cookie stron trzecich<\/strong><\/h4>\n<p>Mo\u017cemy korzysta\u0107 z us\u0142ug stron trzecich, kt\u00f3re ustawiaj\u0105 pliki cookie na Twoim urz\u0105dzeniu, aby poprawi\u0107 jako\u015b\u0107 przegl\u0105dania lub wy\u015bwietla\u0107 spersonalizowane tre\u015bci. Te pliki cookie stron trzecich podlegaj\u0105 politykom prywatno\u015bci odpowiednich stron trzecich i zalecamy zapoznanie si\u0119 z ich polityk\u0105, aby uzyska\u0107 wi\u0119cej informacji.<\/p>\n<h4><strong>Zmiany w niniejszej Polityce plik\u00f3w cookies<\/strong><\/h4>\n<p>Od czasu do czasu mo\u017cemy aktualizowa\u0107 niniejsz\u0105 Polityk\u0119 dotycz\u0105c\u0105 plik\u00f3w cookie, aby odzwierciedli\u0107 zmiany w technologii, wymaganiach prawnych lub funkcjonalno\u015bci naszej Witryny. Wszelkie aktualizacje b\u0119d\u0105 publikowane na tej stronie, a \u201eData wej\u015bcia w \u017cycie\u201d zostanie odpowiednio zmieniona. Zach\u0119camy do okresowego przegl\u0105dania tej polityki, aby by\u0107 na bie\u017c\u0105co z informacjami o korzystaniu przez nas z plik\u00f3w cookie.<\/p>\n<h4><strong>Skontaktuj si\u0119 z nami<\/strong><\/h4>\n<p>Je\u015bli masz jakiekolwiek pytania dotycz\u0105ce korzystania przez nas z plik\u00f3w cookie lub niniejszej Polityki plik\u00f3w cookie, skontaktuj si\u0119 z nami pod adresem:<\/p>\n<p><strong>E-mail:<\/strong> <a rel=\"noopener\"><span \n                data-original-string='+V0BWUE+dz\/1BRwUq5Rhig==2508wK1yaVkRpBEMzxhafIRrhhWVNhlhinXinj0RWoN7Ek='\n                class='apbct-email-encoder'\n                title='Ten kontakt zosta\u0142 zakodowany przez Anti-Spam przez CleanTalk. Kliknij, aby dekodowa\u0107. Aby uko\u0144czy\u0107 dekodowanie, upewnij si\u0119, \u017ce JavaScript jest w\u0142\u0105czony w Twojej przegl\u0105darce.'>W<span class=\"apbct-blur\">**<\/span>@<span class=\"apbct-blur\">*****<\/span>sh.com<\/span><\/a><\/p>","protected":false},"excerpt":{"rendered":"<p>W CNCRUSH dok\u0142adamy wszelkich stara\u0144, aby chroni\u0107 Twoj\u0105 prywatno\u015b\u0107 i zapewnia\u0107 przejrzysto\u015b\u0107 w sposobie post\u0119powania z Twoimi danymi osobowymi. Niniejsza Polityka dotycz\u0105ca plik\u00f3w cookie wyja\u015bnia, w jaki spos\u00f3b u\u017cywamy plik\u00f3w cookie i podobnych technologii na naszej stronie internetowej https:\/\/cncrush.com\/ (\u201eWitryna\u201d). Kontynuuj\u0105c korzystanie z naszej Witryny, wyra\u017casz zgod\u0119 na u\u017cywanie plik\u00f3w cookie zgodnie z niniejszymi zasadami. Co [\u2026]","protected":false},"author":1,"featured_media":0,"parent":0,"menu_order":0,"comment_status":"closed","ping_status":"closed","template":"page-blank-title-center.php","meta":{"footnotes":""},"class_list":["post-43","page","type-page","status-publish","hentry"],"_links":{"self":[{"href":"https:\/\/cncrush.com\/pl\/wp-json\/wp\/v2\/pages\/43","targetHints":{"allow":["GET"]}}],"collection":[{"href":"https:\/\/cncrush.com\/pl\/wp-json\/wp\/v2\/pages"}],"about":[{"href":"https:\/\/cncrush.com\/pl\/wp-json\/wp\/v2\/types\/page"}],"author":[{"embeddable":true,"href":"https:\/\/cncrush.com\/pl\/wp-json\/wp\/v2\/users\/1"}],"replies":[{"embeddable":true,"href":"https:\/\/cncrush.com\/pl\/wp-json\/wp\/v2\/comments?post=43"}],"version-history":[{"count":0,"href":"https:\/\/cncrush.com\/pl\/wp-json\/wp\/v2\/pages\/43\/revisions"}],"wp:attachment":[{"href":"https:\/\/cncrush.com\/pl\/wp-json\/wp\/v2\/media?parent=43"}],"curies":[{"name":"wp","href":"https:\/\/api.w.org\/{rel}","templated":true}]}}