{"id":12,"date":"2024-09-29T03:47:11","date_gmt":"2024-09-29T03:47:11","guid":{"rendered":"https:\/\/cncrush.com\/?page_id=12"},"modified":"2024-12-20T13:30:54","modified_gmt":"2024-12-20T13:30:54","slug":"sobre-nos","status":"publish","type":"page","link":"https:\/\/cncrush.com\/pt\/sobre-nos\/","title":{"rendered":"Sobre n\u00f3s"},"content":{"rendered":"<section class=\"section\" id=\"section_77507174\">\n\t\t<div class=\"section-bg fill\" >\n\t\t\t\t\t\t\t\t\t\n\t\t\t\n\n\t\t<\/div>\n\n\t\t\n\n\t\t<div class=\"section-content relative\">\n\t\t\t\n<div class=\"row align-center\"  id=\"row-432681419\">\n\n\t<div id=\"col-1268867782\" class=\"col medium-11 small-12 large-10\"  >\n\t\t\t\t<div class=\"col-inner\"  >\n\t\t\t\n\t\t\t\n<div class=\"row row-large align-middle\"  id=\"row-1700638726\">\n\n\t<div id=\"col-355922201\" class=\"col medium-4 small-12 large-6\"  >\n\t\t\t\t<div class=\"col-inner\"  >\n\t\t\t\n\t\t\t\n\n  <div class=\"banner has-hover\" id=\"banner-1647327389\">\n          <div class=\"banner-inner fill\">\n        <div class=\"banner-bg fill\" >\n            <img loading=\"lazy\" decoding=\"async\" width=\"1020\" height=\"876\" src=\"https:\/\/cncrush.com\/wp-content\/uploads\/2024\/12\/Machines-1-1024x879.jpg\" class=\"bg attachment-large size-large\" alt=\"\" title=\"\">                                    \n                    <\/div>\n\t\t\n        <div class=\"banner-layers container\">\n            <div class=\"fill banner-link\"><\/div>            \n   <div id=\"text-box-1442185287\" class=\"text-box banner-layer x50 md-x50 lg-x50 y50 md-y50 lg-y50 res-text\">\n                                <div class=\"text-box-content text dark\">\n              \n              <div class=\"text-inner text-center\">\n                  \n              <\/div>\n           <\/div>\n                            \n<style>\n#text-box-1442185287 {\n  width: 60%;\n}\n#text-box-1442185287 .text-box-content {\n  font-size: 100%;\n}\n@media (min-width:550px) {\n  #text-box-1442185287 {\n    width: 60%;\n  }\n}\n<\/style>\n    <\/div>\n \n        <\/div>\n      <\/div>\n\n            \n<style>\n#banner-1647327389 {\n  padding-top: 300px;\n}\n@media (min-width:550px) {\n  #banner-1647327389 {\n    padding-top: 79.66%;\n  }\n}\n<\/style>\n  <\/div>\n\n\n\t\t<\/div>\n\t\t\t\t\t<\/div>\n\n\t\n\n\t<div id=\"col-1411125666\" class=\"col medium-8 small-12 large-6\"  >\n\t\t\t\t<div class=\"col-inner\"  >\n\t\t\t\n\t\t\t\n<h3>Nosso humilde come\u00e7o <\/h3>\n<p>Em 2012, Mike, nosso fundador, come\u00e7ou com apenas duas m\u00e1quinas CNC e com a vis\u00e3o de oferecer precis\u00e3o e qualidade. Naquela \u00e9poca, atend\u00edamos exclusivamente ao mercado interno, fabricando pe\u00e7as personalizadas para os mais diversos setores. Desde pequenas oficinas at\u00e9 grandes f\u00e1bricas, a dedica\u00e7\u00e3o e a abordagem pr\u00e1tica de Mike constru\u00edram uma reputa\u00e7\u00e3o de fiabilidade e excel\u00eancia, estabelecendo a base para o que somos hoje.<\/p>\n\t\t<\/div>\n\t\t\t\t\t<\/div>\n\n\t\n<\/div>\n<div class=\"row row-large align-middle\"  id=\"row-710477351\">\n\n\t<div id=\"col-641213729\" class=\"col medium-8 small-12 large-6\"  >\n\t\t\t\t<div class=\"col-inner\"  >\n\t\t\t\n\t\t\t\n<h3>Expandindo Horizontes<\/h3>\n<p>\u00c0 medida que a procura crescia, tamb\u00e9m crescia a nossa ambi\u00e7\u00e3o. Em 2015, expandimos nossas opera\u00e7\u00f5es para atender clientes na Europa, nos Estados Unidos e na Austr\u00e1lia. Ao longo do caminho, refinamos nossa experi\u00eancia e come\u00e7amos a nos concentrar em ind\u00fastrias-chave, como componentes automotivos, dispositivos m\u00e9dicos, pe\u00e7as eletr\u00f4nicas e equipamentos de automa\u00e7\u00e3o. Estes setores especializados tornaram-se a pedra angular do nosso crescimento e inova\u00e7\u00e3o.<\/p>\n\t\t<\/div>\n\t\t\t\t\t<\/div>\n\n\t\n\n\t<div id=\"col-1694292724\" class=\"col medium-4 small-12 large-6 medium-col-first\"  >\n\t\t\t\t<div class=\"col-inner\"  >\n\t\t\t\n\t\t\t\n\n  <div class=\"banner has-hover\" id=\"banner-1165030689\">\n          <div class=\"banner-inner fill\">\n        <div class=\"banner-bg fill\" >\n            <img loading=\"lazy\" decoding=\"async\" width=\"507\" height=\"494\" src=\"https:\/\/cncrush.com\/wp-content\/uploads\/2024\/12\/About-us-2.png\" class=\"bg attachment-large size-large\" alt=\"\" title=\"\">                                    \n                    <\/div>\n\t\t\n        <div class=\"banner-layers container\">\n            <div class=\"fill banner-link\"><\/div>            \n   <div id=\"text-box-796615456\" class=\"text-box banner-layer x50 md-x50 lg-x50 y50 md-y50 lg-y50 res-text\">\n                                <div class=\"text-box-content text dark\">\n              \n              <div class=\"text-inner text-center\">\n                  \n              <\/div>\n           <\/div>\n                            \n<style>\n#text-box-796615456 {\n  width: 60%;\n}\n#text-box-796615456 .text-box-content {\n  font-size: 100%;\n}\n@media (min-width:550px) {\n  #text-box-796615456 {\n    width: 60%;\n  }\n}\n<\/style>\n    <\/div>\n \n        <\/div>\n      <\/div>\n\n            \n<style>\n#banner-1165030689 {\n  padding-top: 300px;\n}\n@media (min-width:550px) {\n  #banner-1165030689 {\n    padding-top: 61.03%;\n  }\n}\n<\/style>\n  <\/div>\n\n\n\t\t<\/div>\n\t\t\t\t\t<\/div>\n\n\t\n<\/div>\n<div class=\"row row-large align-middle\"  id=\"row-632134879\">\n\n\t<div id=\"col-1899606603\" class=\"col medium-4 small-12 large-6\"  >\n\t\t\t\t<div class=\"col-inner\"  >\n\t\t\t\n\t\t\t\n\n  <div class=\"banner has-hover\" id=\"banner-871625877\">\n          <div class=\"banner-inner fill\">\n        <div class=\"banner-bg fill\" >\n            <img loading=\"lazy\" decoding=\"async\" width=\"1020\" height=\"680\" src=\"https:\/\/cncrush.com\/wp-content\/uploads\/2024\/12\/Machines-2-1024x683.jpg\" class=\"bg attachment-large size-large\" alt=\"fresagem cnc\" title=\"\">                                    \n                    <\/div>\n\t\t\n        <div class=\"banner-layers container\">\n            <div class=\"fill banner-link\"><\/div>            \n   <div id=\"text-box-925964364\" class=\"text-box banner-layer x50 md-x50 lg-x50 y50 md-y50 lg-y50 res-text\">\n                                <div class=\"text-box-content text dark\">\n              \n              <div class=\"text-inner text-center\">\n                  \n              <\/div>\n           <\/div>\n                            \n<style>\n#text-box-925964364 {\n  width: 60%;\n}\n#text-box-925964364 .text-box-content {\n  font-size: 100%;\n}\n@media (min-width:550px) {\n  #text-box-925964364 {\n    width: 60%;\n  }\n}\n<\/style>\n    <\/div>\n \n        <\/div>\n      <\/div>\n\n            \n<style>\n#banner-871625877 {\n  padding-top: 300px;\n}\n@media (min-width:550px) {\n  #banner-871625877 {\n    padding-top: 70.63%;\n  }\n}\n<\/style>\n  <\/div>\n\n\n\t\t<\/div>\n\t\t\t\t\t<\/div>\n\n\t\n\n\t<div id=\"col-71565704\" class=\"col medium-8 small-12 large-6\"  >\n\t\t\t\t<div class=\"col-inner\"  >\n\t\t\t\n\t\t\t\n<h3>Uma equipe pr\u00f3spera com vis\u00e3o global<\/h3>\n<p>Nossa equipe cresceu junto com nosso neg\u00f3cio. De 8 profissionais qualificados em 2018 a mais de 20 indiv\u00edduos talentosos em 2024, percorremos um longo caminho. Cada membro de nossa equipe compartilha um compromisso com a precis\u00e3o, qualidade e satisfa\u00e7\u00e3o do cliente. Hoje, temos orgulho de fornecer servi\u00e7os de usinagem CNC de classe mundial para mercados globais, apoiados por mais de uma d\u00e9cada de experi\u00eancia e uma paix\u00e3o pela melhoria cont\u00ednua.<\/p>\n\t\t<\/div>\n\t\t\t\t\t<\/div>\n\n\t\n<\/div>\n<div class=\"row align-center\"  id=\"row-1451002332\">\n\n\t<div id=\"col-2104320538\" class=\"col medium-9 small-10 large-12\"  >\n\t\t\t\t<div class=\"col-inner text-center\"  >\n\t\t\t\n\t\t\t\n\t<div id=\"text-3560933969\" class=\"text\">\n\t\t\n<p>Na CNCRUSH, estamos comprometidos em <strong>qualidade, precis\u00e3o e inova\u00e7\u00e3o<\/strong>. Quer voc\u00ea precise de pequenos prot\u00f3tipos ou grandes lotes de produ\u00e7\u00e3o, somos seu parceiro de confian\u00e7a para usinagem CNC, garantindo excel\u00eancia em todas as fases da produ\u00e7\u00e3o.<\/p>\n<p>Convidamos voc\u00ea a colaborar com CNCRUSH, onde <strong>precis\u00e3o encontra confiabilidade<\/strong>. Vamos construir algo extraordin\u00e1rio juntos.<br \/>\n\t\t\n<style>\n#text-3560933969 {\n  text-align: left;\n}\n<\/style>\n\t<\/div>\n\t\n<a href=\"https:\/\/cncrush.com\/pt\/enviar-consulta\/\" class=\"button secondary\"  style=\"border-radius:4px;\">\n\t\t<span>Enviar consulta<\/span>\n\t<\/a>\n\n\t\t<\/div>\n\t\t\t\t\n<style>\n#col-2104320538 > .col-inner {\n  margin: 20px 0px 20px 0px;\n}\n<\/style>\n\t<\/div>\n\n\t\n<\/div>\n\t\t<\/div>\n\t\t\t\t\t<\/div>\n\n\t\n<\/div>\n\t\t<\/div>\n\n\t\t\n<style>\n#section_77507174 {\n  padding-top: 80px;\n  padding-bottom: 80px;\n  background-color: rgb(244, 244, 244);\n}\n<\/style>\n\t<\/section>","protected":false},"excerpt":{"rendered":"","protected":false},"author":1,"featured_media":103,"parent":0,"menu_order":0,"comment_status":"closed","ping_status":"closed","template":"page-blank.php","meta":{"footnotes":""},"class_list":["post-12","page","type-page","status-publish","has-post-thumbnail","hentry"],"_links":{"self":[{"href":"https:\/\/cncrush.com\/pt\/wp-json\/wp\/v2\/pages\/12","targetHints":{"allow":["GET"]}}],"collection":[{"href":"https:\/\/cncrush.com\/pt\/wp-json\/wp\/v2\/pages"}],"about":[{"href":"https:\/\/cncrush.com\/pt\/wp-json\/wp\/v2\/types\/page"}],"author":[{"embeddable":true,"href":"https:\/\/cncrush.com\/pt\/wp-json\/wp\/v2\/users\/1"}],"replies":[{"embeddable":true,"href":"https:\/\/cncrush.com\/pt\/wp-json\/wp\/v2\/comments?post=12"}],"version-history":[{"count":0,"href":"https:\/\/cncrush.com\/pt\/wp-json\/wp\/v2\/pages\/12\/revisions"}],"wp:featuredmedia":[{"embeddable":true,"href":"https:\/\/cncrush.com\/pt\/wp-json\/wp\/v2\/media\/103"}],"wp:attachment":[{"href":"https:\/\/cncrush.com\/pt\/wp-json\/wp\/v2\/media?parent=12"}],"curies":[{"name":"wp","href":"https:\/\/api.w.org\/{rel}","templated":true}]}}