{"id":23,"date":"2024-09-29T03:49:11","date_gmt":"2024-09-29T03:49:11","guid":{"rendered":"https:\/\/cncrush.com\/?page_id=23"},"modified":"2024-12-20T07:45:35","modified_gmt":"2024-12-20T07:45:35","slug":"servicos-adicionais","status":"publish","type":"page","link":"https:\/\/cncrush.com\/pt\/servicos-adicionais\/","title":{"rendered":"Servi\u00e7os adicionais"},"content":{"rendered":"<div class=\"container section-title-container\" ><h3 class=\"section-title section-title-normal\"><b><\/b><span class=\"section-title-main\" style=\"font-size:133%;\">Servi\u00e7os Adicionais<\/span><b><\/b><\/h3><\/div>\n\n\t<section class=\"section\" id=\"section_528140725\">\n\t\t<div class=\"section-bg fill\" >\n\t\t\t\t\t\t\t\t\t\n\t\t\t\n\n\t\t<\/div>\n\n\t\t\n\n\t\t<div class=\"section-content relative\">\n\t\t\t\n<div class=\"row row-collapse\"  id=\"row-747797365\">\n\n\t<div id=\"col-898968259\" class=\"col medium-5 small-12 large-5\"  >\n\t\t\t\t<div class=\"col-inner\"  >\n\t\t\t\n\t\t\t\n<div class=\"row\"  id=\"row-1335338707\">\n\n\t<div id=\"col-1803309024\" class=\"col medium-9 small-12 large-9\"  >\n\t\t\t\t<div class=\"col-inner\"  >\n\t\t\t\n\t\t\t\n\t<div id=\"text-84714357\" class=\"text\">\n\t\t\n<h3>Suporte t\u00e9cnico<\/h3>\n<p>Oferecemos suporte t\u00e9cnico abrangente para otimizar seus processos de fabrica\u00e7\u00e3o. Nossa experi\u00eancia inclui avaliar a capacidade de fabrica\u00e7\u00e3o de pe\u00e7as, recomendar melhorias de materiais e processos e fornecer ajustes de projeto para aumentar a efici\u00eancia e reduzir custos.\u00a0<\/p>\n\t\t\n<style>\n#text-84714357 {\n  text-align: left;\n}\n<\/style>\n\t<\/div>\n\t\n\t<div class=\"img has-hover x md-x lg-x y md-y lg-y\" id=\"image_1865717113\">\n\t\t\t\t\t\t\t\t<div class=\"img-inner dark\" >\n\t\t\t<img loading=\"lazy\" decoding=\"async\" width=\"1020\" height=\"536\" src=\"https:\/\/cncrush.com\/wp-content\/uploads\/2024\/12\/technical-support-1024x538.png\" class=\"attachment-large size-large\" alt=\"\" srcset=\"https:\/\/cncrush.com\/wp-content\/uploads\/2024\/12\/technical-support-1024x538.png 1024w, https:\/\/cncrush.com\/wp-content\/uploads\/2024\/12\/technical-support-300x158.png 300w, https:\/\/cncrush.com\/wp-content\/uploads\/2024\/12\/technical-support-768x403.png 768w, https:\/\/cncrush.com\/wp-content\/uploads\/2024\/12\/technical-support-18x9.png 18w, https:\/\/cncrush.com\/wp-content\/uploads\/2024\/12\/technical-support.png 1200w\" sizes=\"auto, (max-width: 1020px) 100vw, 1020px\" title=\"\">\t\t\t\t\t\t\n\t\t\t\t\t<\/div>\n\t\t\t\t\t\t\t\t\n<style>\n#image_1865717113 {\n  width: 100%;\n}\n<\/style>\n\t<\/div>\n\t\n\t\t<\/div>\n\t\t\t\t\t<\/div>\n\n\t\n\n\t<div id=\"col-1717244345\" class=\"col medium-9 small-12 large-9\"  >\n\t\t\t\t<div class=\"col-inner\"  >\n\t\t\t\n\t\t\t\n<h3>Conjunto<\/h3>\n<p>Oferecemos aos nossos Clientes uma produ\u00e7\u00e3o integral de subconjuntos, seguida de servi\u00e7os de montagem com a participa\u00e7\u00e3o de pessoal experiente<\/p>\n\t\t<\/div>\n\t\t\t\t\t<\/div>\n\n\t\n\n\t<div id=\"col-1340534637\" class=\"col medium-7 small-12 large-7\"  >\n\t\t\t\t<div class=\"col-inner\"  >\n\t\t\t\n\t\t\t\n\t<div class=\"img has-hover x md-x lg-x y md-y lg-y\" id=\"image_1409394822\">\n\t\t\t\t\t\t\t\t<div class=\"img-inner dark\" >\n\t\t\t<img loading=\"lazy\" decoding=\"async\" width=\"1020\" height=\"765\" src=\"https:\/\/cncrush.com\/wp-content\/uploads\/2024\/12\/Assembly-1024x768.jpg\" class=\"attachment-large size-large\" alt=\"\" srcset=\"https:\/\/cncrush.com\/wp-content\/uploads\/2024\/12\/Assembly-1024x768.jpg 1024w, https:\/\/cncrush.com\/wp-content\/uploads\/2024\/12\/Assembly-300x225.jpg 300w, https:\/\/cncrush.com\/wp-content\/uploads\/2024\/12\/Assembly-768x576.jpg 768w, https:\/\/cncrush.com\/wp-content\/uploads\/2024\/12\/Assembly-16x12.jpg 16w, https:\/\/cncrush.com\/wp-content\/uploads\/2024\/12\/Assembly.jpg 1440w\" sizes=\"auto, (max-width: 1020px) 100vw, 1020px\" title=\"\">\t\t\t\t\t\t\n\t\t\t\t\t<\/div>\n\t\t\t\t\t\t\t\t\n<style>\n#image_1409394822 {\n  width: 100%;\n}\n<\/style>\n\t<\/div>\n\t\n\t\t<\/div>\n\t\t\t\t\t<\/div>\n\n\t\n<\/div>\n\t\t<\/div>\n\t\t\t\t\t<\/div>\n\n\t\n\n\t<div id=\"col-1743074052\" class=\"col medium-6 small-12 large-6\"  >\n\t\t\t\t<div class=\"col-inner\"  >\n\t\t\t\n\t\t\t\n<div class=\"row\"  id=\"row-1255008401\">\n\n\t<div id=\"col-183491121\" class=\"col medium-7 small-12 large-7\"  >\n\t\t\t\t<div class=\"col-inner\"  >\n\t\t\t\n\t\t\t\n<h3>Lavando<\/h3>\n<p>Possu\u00edmos diversas lavadoras ultrass\u00f4nicas, gra\u00e7as \u00e0s quais podemos garantir que as pe\u00e7as que fabricamos est\u00e3o limpas e livres de rebarbas, aparas ou res\u00edduos de \u00f3leo.<\/p>\n\t<div class=\"img has-hover x md-x lg-x y md-y lg-y\" id=\"image_391056807\">\n\t\t\t\t\t\t\t\t<div class=\"img-inner dark\" >\n\t\t\t<img loading=\"lazy\" decoding=\"async\" width=\"538\" height=\"306\" src=\"https:\/\/cncrush.com\/wp-content\/uploads\/2024\/12\/ultrasonics.png\" class=\"attachment-large size-large\" alt=\"\" srcset=\"https:\/\/cncrush.com\/wp-content\/uploads\/2024\/12\/ultrasonics.png 538w, https:\/\/cncrush.com\/wp-content\/uploads\/2024\/12\/ultrasonics-300x171.png 300w, https:\/\/cncrush.com\/wp-content\/uploads\/2024\/12\/ultrasonics-18x10.png 18w\" sizes=\"auto, (max-width: 538px) 100vw, 538px\" title=\"\">\t\t\t\t\t\t\n\t\t\t\t\t<\/div>\n\t\t\t\t\t\t\t\t\n<style>\n#image_391056807 {\n  width: 100%;\n}\n<\/style>\n\t<\/div>\n\t\n\t\t<\/div>\n\t\t\t\t\t<\/div>\n\n\t\n\n\t<div id=\"col-1309870634\" class=\"col medium-8 small-12 large-8\"  >\n\t\t\t\t<div class=\"col-inner\"  >\n\t\t\t\n\t\t\t\n<h3>Op\u00e7\u00f5es de envio<\/h3>\n<p>Oferecemos diferentes op\u00e7\u00f5es de envio, como DHL, FedEx, UPS, frete mar\u00edtimo, frete ferrovi\u00e1rio e muito mais.<\/p>\n\t<div class=\"img has-hover x md-x lg-x y md-y lg-y\" id=\"image_1151751975\">\n\t\t\t\t\t\t\t\t<div class=\"img-inner dark\" >\n\t\t\t<img loading=\"lazy\" decoding=\"async\" width=\"833\" height=\"468\" src=\"https:\/\/cncrush.com\/wp-content\/uploads\/2024\/12\/fedex-ups-dhl-usps.jpg\" class=\"attachment-large size-large\" alt=\"\" srcset=\"https:\/\/cncrush.com\/wp-content\/uploads\/2024\/12\/fedex-ups-dhl-usps.jpg 833w, https:\/\/cncrush.com\/wp-content\/uploads\/2024\/12\/fedex-ups-dhl-usps-300x169.jpg 300w, https:\/\/cncrush.com\/wp-content\/uploads\/2024\/12\/fedex-ups-dhl-usps-768x431.jpg 768w, https:\/\/cncrush.com\/wp-content\/uploads\/2024\/12\/fedex-ups-dhl-usps-18x10.jpg 18w\" sizes=\"auto, (max-width: 833px) 100vw, 833px\" title=\"\">\t\t\t\t\t\t\n\t\t\t\t\t<\/div>\n\t\t\t\t\t\t\t\t\n<style>\n#image_1151751975 {\n  width: 100%;\n}\n<\/style>\n\t<\/div>\n\t\n\t\t<\/div>\n\t\t\t\t\t<\/div>\n\n\t\n<\/div>\n\t\t<\/div>\n\t\t\t\t\t<\/div>\n\n\t\n<\/div>\n\t\t<\/div>\n\n\t\t\n<style>\n#section_528140725 {\n  padding-top: 0px;\n  padding-bottom: 0px;\n}\n@media (min-width:550px) {\n  #section_528140725 {\n    padding-top: 10px;\n    padding-bottom: 10px;\n  }\n}\n<\/style>\n\t<\/section>","protected":false},"excerpt":{"rendered":"","protected":false},"author":1,"featured_media":0,"parent":0,"menu_order":0,"comment_status":"closed","ping_status":"closed","template":"page-blank.php","meta":{"footnotes":""},"class_list":["post-23","page","type-page","status-publish","hentry"],"_links":{"self":[{"href":"https:\/\/cncrush.com\/pt\/wp-json\/wp\/v2\/pages\/23","targetHints":{"allow":["GET"]}}],"collection":[{"href":"https:\/\/cncrush.com\/pt\/wp-json\/wp\/v2\/pages"}],"about":[{"href":"https:\/\/cncrush.com\/pt\/wp-json\/wp\/v2\/types\/page"}],"author":[{"embeddable":true,"href":"https:\/\/cncrush.com\/pt\/wp-json\/wp\/v2\/users\/1"}],"replies":[{"embeddable":true,"href":"https:\/\/cncrush.com\/pt\/wp-json\/wp\/v2\/comments?post=23"}],"version-history":[{"count":0,"href":"https:\/\/cncrush.com\/pt\/wp-json\/wp\/v2\/pages\/23\/revisions"}],"wp:attachment":[{"href":"https:\/\/cncrush.com\/pt\/wp-json\/wp\/v2\/media?parent=23"}],"curies":[{"name":"wp","href":"https:\/\/api.w.org\/{rel}","templated":true}]}}