{"id":29,"date":"2024-09-29T03:50:01","date_gmt":"2024-09-29T03:50:01","guid":{"rendered":"https:\/\/cncrush.com\/?page_id=29"},"modified":"2024-12-20T14:06:29","modified_gmt":"2024-12-20T14:06:29","slug":"engenharia-eletrica","status":"publish","type":"page","link":"https:\/\/cncrush.com\/pt\/engenharia-eletrica\/","title":{"rendered":"Engenharia El\u00e9trica"},"content":{"rendered":"<section class=\"section dark\" id=\"section_2057827532\">\n\t\t<div class=\"section-bg fill\" >\n\t\t\t<img loading=\"lazy\" decoding=\"async\" width=\"2100\" height=\"700\" src=\"https:\/\/cncrush.com\/wp-content\/uploads\/2024\/10\/electrical-engineering.webp\" class=\"bg attachment- size-\" alt=\"\" title=\"\">\t\t\t\t\t\t<div class=\"section-bg-overlay absolute fill\"><\/div><button class=\"scroll-for-more z-5 icon absolute bottom h-center\" aria-label=\"Role para mais\"><i class=\"icon-angle-down\" style=\"font-size:42px;\" ><\/i><\/button>\n\t\t\t\n\n\t\t<\/div>\n\n\t\t\n\n\t\t<div class=\"section-content relative\">\n\t\t\t\n<div class=\"row align-center\"  id=\"row-1507157629\">\n\n\t<div id=\"col-1819900318\" class=\"col medium-10 small-12 large-10\"  >\n\t\t\t\t<div class=\"col-inner text-center\"  >\n\t\t\t\n\t\t\t\n\t<div id=\"text-1569530800\" class=\"text\">\n\t\t\n<h1>Solu\u00e7\u00f5es CNC para Engenharia El\u00e9trica<\/h1>\n\t\t\n<style>\n#text-1569530800 {\n  font-size: 1.35rem;\n}\n@media (min-width:550px) {\n  #text-1569530800 {\n    font-size: 2rem;\n  }\n}\n<\/style>\n\t<\/div>\n\t\n<div class=\"row\"  id=\"row-1920076101\">\n\n\t<div id=\"col-1124982186\" class=\"col medium-9 small-12 large-9\"  >\n\t\t\t\t<div class=\"col-inner\"  >\n\t\t\t\n\t\t\t\n<p>Na CNCRUSH, nos especializamos na produ\u00e7\u00e3o de pe\u00e7as torneadas e fresadas de alta precis\u00e3o, necess\u00e1rias para a constru\u00e7\u00e3o de seus produtos el\u00e9tricos avan\u00e7ados. Oferecemos produ\u00e7\u00e3o flex\u00edvel mediante solicita\u00e7\u00e3o ou contrato, garantindo entregas pontuais com base nos princ\u00edpios Just-In-Time (JIT).<\/p>\n\t\t<\/div>\n\t\t\t\t\t<\/div>\n\n\t\n<\/div>\n\t\t<\/div>\n\t\t\t\t\t<\/div>\n\n\t\n<\/div>\n\t\t<\/div>\n\n\t\t\n<style>\n#section_2057827532 {\n  padding-top: 30px;\n  padding-bottom: 30px;\n  min-height: 100px;\n}\n#section_2057827532 .section-bg-overlay {\n  background-color: rgba(0, 0, 0, 0.384);\n}\n#section_2057827532 .section-bg img {\n  object-position: 53% 58%;\n}\n@media (min-width:550px) {\n  #section_2057827532 {\n    min-height: 600px;\n  }\n}\n<\/style>\n\t<\/section>\n\t\n\n\t<section class=\"section\" id=\"section_499203756\">\n\t\t<div class=\"section-bg fill\" >\n\t\t\t\t\t\t\t\t\t\n\t\t\t\n\n\t\t<\/div>\n\n\t\t\n\n\t\t<div class=\"section-content relative\">\n\t\t\t\n<div class=\"row row-large steps-simple-headline\"  id=\"row-613095909\">\n\n\t<div id=\"col-121902813\" class=\"col medium-8 small-12 large-12\"  >\n\t\t\t\t<div class=\"col-inner\"  >\n\t\t\t\n\t\t\t\n<div class=\"row row-collapse\"  id=\"row-890459957\">\n\n\t<div id=\"col-2108199037\" class=\"col medium-1 small-2 large-1\"  >\n\t\t\t\t<div class=\"col-inner\"  >\n\t\t\t\n\t\t\t\n<h2>01<\/h2>\n\t\t<\/div>\n\t\t\t\t\t<\/div>\n\n\t\n\n\t<div id=\"col-779740615\" class=\"col medium-11 small-10 large-11\"  >\n\t\t\t\t<div class=\"col-inner\"  >\n\t\t\t\n\t\t\t\n<h3>Pe\u00e7as que fabricamos<\/h3>\n<ul>\n<li><strong>Inv\u00f3lucros de alum\u00ednio<\/strong> para circuitos eletr\u00f4nicos e m\u00f3dulos eletro-\u00f3pticos<\/li>\n<li><strong>Componentes para fontes de laser<\/strong> feito de alum\u00ednio e cobre<\/li>\n<li><strong>Pe\u00e7as para a ind\u00fastria de semicondutores<\/strong><\/li>\n<\/ul>\n\t\t<\/div>\n\t\t\t\t\t<\/div>\n\n\t\n<\/div>\n<div class=\"is-divider divider clearfix\" style=\"margin-top:10px;margin-bottom:10px;max-width:100%;height:1px;\"><\/div>\n<div class=\"row row-collapse\"  id=\"row-29308449\">\n\n\t<div id=\"col-1891111088\" class=\"col medium-1 small-2 large-1\"  >\n\t\t\t\t<div class=\"col-inner\"  >\n\t\t\t\n\t\t\t\n<h2>02<\/h2>\n\t\t<\/div>\n\t\t\t\t\t<\/div>\n\n\t\n\n\t<div id=\"col-1044264349\" class=\"col medium-11 small-10 large-11\"  >\n\t\t\t\t<div class=\"col-inner\"  >\n\t\t\t\n\t\t\t\n<h3>Nosso Processo<\/h3>\n<ul>\n<li><strong>Precis\u00e3o:<\/strong> Tornamos e fresamos pe\u00e7as com precis\u00e3o excepcional, atendendo toler\u00e2ncias t\u00e3o r\u00edgidas quanto 0,01 mm ou menos.<\/li>\n<li><strong>Est\u00e9tica e Qualidade:<\/strong> 100% de nossas pe\u00e7as passam por inspe\u00e7\u00e3o rigorosa quanto \u00e0 qualidade da superf\u00edcie, nitidez das bordas, interse\u00e7\u00f5es de furos e aus\u00eancia de rebarbas.<\/li>\n<li><strong>Limpeza:<\/strong> Todos os componentes s\u00e3o lavados industrialmente e protegidos contra corros\u00e3o e danos durante o transporte.<\/li>\n<li><strong>Anodiza\u00e7\u00e3o:<\/strong> Fornecemos anodiza\u00e7\u00e3o decorativa e t\u00e9cnica para melhorar a funcionalidade e a apar\u00eancia de suas pe\u00e7as.<\/li>\n<\/ul>\n\t\t<\/div>\n\t\t\t\t\t<\/div>\n\n\t\n<\/div>\n<div class=\"is-divider divider clearfix\" style=\"margin-top:10px;margin-bottom:10px;max-width:100%;height:1px;\"><\/div>\n<div class=\"row row-collapse align-middle\"  id=\"row-713560835\">\n\n\t<div id=\"col-213762635\" class=\"col medium-1 small-2 large-1\"  >\n\t\t\t\t<div class=\"col-inner\"  >\n\t\t\t\n\t\t\t\n<h2>03<\/h2>\n\t\t<\/div>\n\t\t\t\t\t<\/div>\n\n\t\n\n\t<div id=\"col-1601062272\" class=\"col medium-11 small-10 large-11\"  >\n\t\t\t\t<div class=\"col-inner\"  >\n\t\t\t\n\t\t\t\n<h3>Garantia de qualidade<\/h3>\n<p>Garantimos a precis\u00e3o de nossas pe\u00e7as com toler\u00e2ncias restritas usando o <strong>M\u00e1quina de medi\u00e7\u00e3o por coordenadas Hexagon X-METRO<\/strong>, o que garante precis\u00e3o de medi\u00e7\u00e3o de at\u00e9 0,002 mm.<\/p>\n<p>Em colabora\u00e7\u00e3o com nossos clientes, pr\u00e9-definimos estrat\u00e9gias de controle e medi\u00e7\u00e3o para atender \u00e0s especifica\u00e7\u00f5es exatas. Cada pe\u00e7a \u00e9 verificada regularmente com base no nosso Plano de Controle, e o controle estat\u00edstico das dimens\u00f5es cr\u00edticas \u00e9 realizado sempre que poss\u00edvel.<\/p>\n\t\t<\/div>\n\t\t\t\t\t<\/div>\n\n\t\n<\/div>\n<div class=\"is-divider divider clearfix\" style=\"margin-top:10px;margin-bottom:10px;max-width:100%;height:1px;\"><\/div>\n\t\t<\/div>\n\t\t\t\t\t<\/div>\n\n\t\n<\/div>\n\t\t<\/div>\n\n\t\t\n<style>\n#section_499203756 {\n  padding-top: 60px;\n  padding-bottom: 60px;\n}\n<\/style>\n\t<\/section>\n\t\n<div class=\"row row-collapse row-full-width\"  id=\"row-2010673024\">\n\n\t<div id=\"col-1651293349\" class=\"col small-12 large-12\"  >\n\t\t\t\t<div class=\"col-inner text-center dark\"  >\n\t\t\t\n\t\t\t\n\n  <div class=\"banner has-hover\" id=\"banner-898079842\">\n          <div class=\"banner-inner fill\">\n        <div class=\"banner-bg fill\" >\n            <img loading=\"lazy\" decoding=\"async\" width=\"1020\" height=\"421\" src=\"https:\/\/cncrush.com\/wp-content\/uploads\/2024\/09\/milled-stainless-steel-background-1024x423.webp\" class=\"bg attachment-large size-large\" alt=\"\" title=\"\">                        <div class=\"overlay\"><\/div>            \n                    <\/div>\n\t\t\n        <div class=\"banner-layers container\">\n            <div class=\"fill banner-link\"><\/div>            \n   <div id=\"text-box-297699172\" class=\"text-box banner-layer x50 md-x50 lg-x50 y50 md-y50 lg-y50 res-text\">\n                                <div class=\"text-box-content text dark\">\n              \n              <div class=\"text-inner text-center\">\n                  \n\t<div id=\"text-1831665068\" class=\"text\">\n\t\t\n<h3>Parece interessante? Obtenha um or\u00e7amento gr\u00e1tis hoje!<\/h3>\n\t\t\n<style>\n#text-1831665068 {\n  font-size: 0.75rem;\n  text-align: center;\n}\n<\/style>\n\t<\/div>\n\t\n<a href=\"https:\/\/cncrush.com\/pt\/enviar-consulta\/\" class=\"button alert\"  >\n\t\t<span>Envie sua consulta<\/span>\n\t<\/a>\n\n              <\/div>\n           <\/div>\n                            \n<style>\n#text-box-297699172 {\n  width: 100%;\n}\n#text-box-297699172 .text-box-content {\n  font-size: 100%;\n}\n@media (min-width:550px) {\n  #text-box-297699172 {\n    width: 94%;\n  }\n}\n<\/style>\n    <\/div>\n \n        <\/div>\n      <\/div>\n\n            \n<style>\n#banner-898079842 {\n  padding-top: 99.99%;\n}\n#banner-898079842 .overlay {\n  background-color: rgba(0, 0, 0, 0.17);\n}\n#banner-898079842 .banner-bg img {\n  object-position: 47% 60%;\n}\n@media (min-width:550px) {\n  #banner-898079842 {\n    padding-top: 118px;\n  }\n}\n<\/style>\n  <\/div>\n\n\n\t\t<\/div>\n\t\t\t\t\t<\/div>\n\n\t\n<\/div>","protected":false},"excerpt":{"rendered":"","protected":false},"author":1,"featured_media":0,"parent":0,"menu_order":0,"comment_status":"closed","ping_status":"closed","template":"page-blank.php","meta":{"footnotes":""},"class_list":["post-29","page","type-page","status-publish","hentry"],"_links":{"self":[{"href":"https:\/\/cncrush.com\/pt\/wp-json\/wp\/v2\/pages\/29","targetHints":{"allow":["GET"]}}],"collection":[{"href":"https:\/\/cncrush.com\/pt\/wp-json\/wp\/v2\/pages"}],"about":[{"href":"https:\/\/cncrush.com\/pt\/wp-json\/wp\/v2\/types\/page"}],"author":[{"embeddable":true,"href":"https:\/\/cncrush.com\/pt\/wp-json\/wp\/v2\/users\/1"}],"replies":[{"embeddable":true,"href":"https:\/\/cncrush.com\/pt\/wp-json\/wp\/v2\/comments?post=29"}],"version-history":[{"count":0,"href":"https:\/\/cncrush.com\/pt\/wp-json\/wp\/v2\/pages\/29\/revisions"}],"wp:attachment":[{"href":"https:\/\/cncrush.com\/pt\/wp-json\/wp\/v2\/media?parent=29"}],"curies":[{"name":"wp","href":"https:\/\/api.w.org\/{rel}","templated":true}]}}