{"id":3,"date":"2024-09-29T03:41:52","date_gmt":"2024-09-29T03:41:52","guid":{"rendered":"http:\/\/cncrush.com\/?page_id=3"},"modified":"2024-10-03T15:38:15","modified_gmt":"2024-10-03T15:38:15","slug":"politica-de-privacidade","status":"publish","type":"page","link":"https:\/\/cncrush.com\/pt\/politica-de-privacidade\/","title":{"rendered":"pol\u00edtica de Privacidade"},"content":{"rendered":"<p>No <strong><a href=\"https:\/\/cncrush.com\/pt\/\">CNCRUSH<\/a><\/strong>, sua privacidade \u00e9 de extrema import\u00e2ncia para n\u00f3s. Esta Pol\u00edtica de Privacidade descreve como coletamos, usamos, divulgamos e protegemos suas informa\u00e7\u00f5es pessoais quando voc\u00ea visita nosso site, <a href=\"https:\/\/cncrush.com\/pt\/\" target=\"_new\" rel=\"noopener\">https:\/\/cncrush.com\/<\/a> (\u201co Site\u201d), ou quando voc\u00ea interage conosco de alguma forma. Ao utilizar nosso Site ou contratar nossos servi\u00e7os, voc\u00ea concorda com as pr\u00e1ticas descritas nesta pol\u00edtica.<\/p>\r\n<h4 class=\"wp-block-heading\"><strong>1. Informa\u00e7\u00f5es que coletamos<\/strong><\/h4>\r\n<p>Coletamos v\u00e1rios tipos de informa\u00e7\u00f5es de e sobre os usu\u00e1rios do nosso site, incluindo:<\/p>\r\n<ul>\r\n<li>\r\n<p><strong>Informa\u00e7\u00f5es de identifica\u00e7\u00e3o pessoal (PII):<\/strong> Isso pode incluir seu nome, endere\u00e7o de e-mail, n\u00famero de telefone, nome da empresa e quaisquer outros dados pessoais que voc\u00ea fornecer quando:<\/p>\r\n<ul>\r\n<li>Solicite um or\u00e7amento<\/li>\r\n<li>Entre em contato conosco por e-mail ou envio de formul\u00e1rio<\/li>\r\n<li>Assine boletins informativos ou comunica\u00e7\u00f5es de marketing<\/li>\r\n<li>Interaja conosco nas redes sociais ou atrav\u00e9s de nossos canais de atendimento<\/li>\r\n<\/ul>\r\n<\/li>\r\n<li>\r\n<p><strong>Informa\u00e7\u00f5es n\u00e3o pessoais:<\/strong> Tamb\u00e9m poderemos coletar dados n\u00e3o pessoais que n\u00e3o revelem sua identidade espec\u00edfica, como tipo de navegador, informa\u00e7\u00f5es do dispositivo, localiza\u00e7\u00e3o geogr\u00e1fica e como voc\u00ea usa nosso Site (por exemplo, p\u00e1ginas visualizadas, tempo gasto no site).<\/p>\r\n<\/li>\r\n<li>\r\n<p><strong>Cookies e tecnologias de rastreamento:<\/strong> Utilizamos cookies e outras tecnologias de rastreamento para melhorar a sua experi\u00eancia no nosso Site e coletar dados sobre o seu comportamento de navega\u00e7\u00e3o. Para obter mais informa\u00e7\u00f5es sobre como usamos cookies, consulte nosso <a target=\"_new\" rel=\"noopener\">Pol\u00edtica de Cookies<\/a>.<\/p>\r\n<\/li>\r\n<\/ul>\r\n<h4><strong>2. Como usamos suas informa\u00e7\u00f5es<\/strong><\/h4>\r\n<p>Usamos as informa\u00e7\u00f5es que coletamos para:<\/p>\r\n<ul>\r\n<li>Fornecer e melhorar nossos servi\u00e7os de usinagem CNC<\/li>\r\n<li>Responda \u00e0s suas d\u00favidas, solicita\u00e7\u00f5es ou forne\u00e7a or\u00e7amentos<\/li>\r\n<li>Personalize sua experi\u00eancia em nosso site<\/li>\r\n<li>Comunicar com voc\u00ea sobre atualiza\u00e7\u00f5es, promo\u00e7\u00f5es ou outras informa\u00e7\u00f5es relevantes<\/li>\r\n<li>Analisar e melhorar o desempenho do nosso Site<\/li>\r\n<li>Cumprir as obriga\u00e7\u00f5es legais e proteger os nossos direitos<\/li>\r\n<\/ul>\r\n<p>Suas informa\u00e7\u00f5es nos ajudam a entender melhor suas necessidades e melhorar nossos servi\u00e7os. Recolhemos apenas a informa\u00e7\u00e3o necess\u00e1ria para estes fins e respeitamos a sua privacidade garantindo que os seus dados s\u00e3o tratados de forma segura.<\/p>\r\n<h4><strong>3. Base Legal para Processamento<\/strong><\/h4>\r\n<p>Processamos dados pessoais com base nos seguintes fundamentos legais:<\/p>\r\n<ul>\r\n<li><strong>Obriga\u00e7\u00e3o Contratual:<\/strong> Quando voc\u00ea solicita nossos servi\u00e7os (por exemplo, solicitando um or\u00e7amento ou fazendo uma compra), processamos seus dados pessoais para cumprir nosso contrato com voc\u00ea.<\/li>\r\n<li><strong>Interesses leg\u00edtimos:<\/strong> Poderemos processar os seus dados pessoais para fins comerciais leg\u00edtimos, como melhorar os nossos servi\u00e7os, comunica\u00e7\u00f5es de marketing ou melhorar a sua experi\u00eancia.<\/li>\r\n<li><strong>Consentimento:<\/strong> Sempre que exigido por lei, obteremos o seu consentimento antes de recolher ou processar os seus dados, como para enviar e-mails de marketing.<\/li>\r\n<li><strong>Cumprimento das Obriga\u00e7\u00f5es Legais:<\/strong> Tamb\u00e9m poderemos processar os seus dados pessoais para cumprir as leis e regulamentos aplic\u00e1veis.<\/li>\r\n<\/ul>\r\n<h4><strong>4. Compartilhamento e divulga\u00e7\u00e3o de suas informa\u00e7\u00f5es<\/strong><\/h4>\r\n<p>N\u00e3o vendemos, comercializamos ou alugamos os seus dados pessoais a terceiros. No entanto, podemos compartilhar suas informa\u00e7\u00f5es nas seguintes circunst\u00e2ncias:<\/p>\r\n<ul>\r\n<li>\r\n<p><strong>Provedores de servi\u00e7os:<\/strong> Poderemos compartilhar seus dados com fornecedores terceirizados confi\u00e1veis \u200b\u200bque prestam servi\u00e7os em nosso nome, como hospedagem de sites, an\u00e1lise de dados, entrega de e-mail ou processamento de pagamentos. Estes terceiros est\u00e3o vinculados a acordos de confidencialidade e apenas utilizam os seus dados para os servi\u00e7os espec\u00edficos que solicitamos.<\/p>\r\n<\/li>\r\n<li>\r\n<p><strong>Conformidade Legal:<\/strong> Poderemos divulgar suas informa\u00e7\u00f5es se exigido por lei, como em resposta a uma ordem judicial ou solicita\u00e7\u00e3o governamental, ou para proteger nossos direitos legais, prevenir fraudes ou garantir a seguran\u00e7a de nossos usu\u00e1rios.<\/p>\r\n<\/li>\r\n<li>\r\n<p><strong>Transfer\u00eancias Empresariais:<\/strong> No caso de uma fus\u00e3o, aquisi\u00e7\u00e3o ou venda de ativos, os seus dados pessoais poder\u00e3o ser transferidos como parte da transa\u00e7\u00e3o comercial.<\/p>\r\n<\/li>\r\n<\/ul>\r\n<h4><strong>5. Seguran\u00e7a de dados<\/strong><\/h4>\r\n<p>Levamos a s\u00e9rio a seguran\u00e7a das suas informa\u00e7\u00f5es pessoais e empregamos uma variedade de medidas para proteg\u00ea-las contra acesso n\u00e3o autorizado, divulga\u00e7\u00e3o, altera\u00e7\u00e3o ou destrui\u00e7\u00e3o. Essas medidas incluem:<\/p>\r\n<ul>\r\n<li>Hospedagem segura de servidores e firewalls<\/li>\r\n<li>Criptografia de dados confidenciais durante a transmiss\u00e3o (por exemplo, SSL)<\/li>\r\n<li>Acesso restrito aos dados pessoais apenas a pessoal autorizado<\/li>\r\n<\/ul>\r\n<p>No entanto, nenhum m\u00e9todo de transmiss\u00e3o ou armazenamento \u00e9 100% seguro e, embora nos esforcemos para proteger as suas informa\u00e7\u00f5es pessoais, n\u00e3o podemos garantir a sua seguran\u00e7a absoluta.<\/p>\r\n<h4><strong>6. Seus direitos de dados<\/strong><\/h4>\r\n<p>Voc\u00ea tem os seguintes direitos em rela\u00e7\u00e3o aos seus dados pessoais:<\/p>\r\n<ul>\r\n<li><strong>Acesso:<\/strong> Voc\u00ea tem o direito de solicitar uma c\u00f3pia dos dados pessoais que mantemos sobre voc\u00ea.<\/li>\r\n<li><strong>Corre\u00e7\u00e3o:<\/strong> Voc\u00ea pode solicitar que corrijamos quaisquer imprecis\u00f5es em suas informa\u00e7\u00f5es pessoais.<\/li>\r\n<li><strong>Elimina\u00e7\u00e3o:<\/strong> Voc\u00ea pode solicitar que excluamos seus dados pessoais sob determinadas condi\u00e7\u00f5es.<\/li>\r\n<li><strong>Restri\u00e7\u00e3o de Processamento:<\/strong> Voc\u00ea pode solicitar que restrinjamos o processamento dos seus dados em circunst\u00e2ncias espec\u00edficas.<\/li>\r\n<li><strong>Portabilidade de dados:<\/strong> Voc\u00ea tem o direito de receber seus dados pessoais em um formato estruturado, comumente usado e leg\u00edvel por m\u00e1quina.<\/li>\r\n<li><strong>Obje\u00e7\u00e3o:<\/strong> Poder\u00e1 opor-se ao tratamento dos seus dados para fins de marketing a qualquer momento.<\/li>\r\n<\/ul>\r\n<p>Para exercer qualquer um destes direitos, por favor contacte-nos atrav\u00e9s do email <a rel=\"noopener\"><span \n                data-original-string='88an\/jNPRnj5mg0srH85sA==250b9GfxackQ8TFTgaA\/thl0t9nhIUTO+UaUhbcz9sZZw8='\n                class='apbct-email-encoder'\n                title='Este contato foi codificado pelo Anti-Spam da CleanTalk. Clique para decodificar. Para concluir a decodifica\u00e7\u00e3o, certifique-se de que o JavaScript esteja habilitado no seu navegador.'>em<span class=\"apbct-blur\">**<\/span>@<span class=\"apbct-blur\">*****<\/span>sh.com<\/span><\/a>. Responderemos \u00e0 sua solicita\u00e7\u00e3o dentro do prazo exigido pela lei aplic\u00e1vel.<\/p>\r\n<h4><strong>7. Transfer\u00eancias Internacionais de Dados<\/strong><\/h4>\r\n<p>Sendo uma empresa sediada na China, os seus dados pessoais podem ser transferidos e processados \u200b\u200bem pa\u00edses fora do seu pa\u00eds de resid\u00eancia. Se voc\u00ea estiver localizado no Espa\u00e7o Econ\u00f4mico Europeu (EEE), isso poder\u00e1 incluir transfer\u00eancias para pa\u00edses que n\u00e3o possuem as mesmas leis de prote\u00e7\u00e3o de dados que o seu pa\u00eds. No entanto, tomaremos todas as medidas razo\u00e1veis \u200b\u200bpara garantir que os seus dados sejam tratados de forma segura e de acordo com esta Pol\u00edtica de Privacidade.<\/p>\r\n<h4><strong>8. Reten\u00e7\u00e3o de dados<\/strong><\/h4>\r\n<p>Retemos suas informa\u00e7\u00f5es pessoais apenas pelo tempo necess\u00e1rio para cumprir os prop\u00f3sitos para os quais foram coletadas ou conforme exigido por lei. Quando n\u00e3o precisarmos mais dos seus dados, iremos exclu\u00ed-los ou anonimiz\u00e1-los com seguran\u00e7a.<\/p>\r\n<h4><strong>9. Links de terceiros<\/strong><\/h4>\r\n<p>Nosso site pode conter links para sites de terceiros. N\u00e3o somos respons\u00e1veis \u200b\u200bpelas pr\u00e1ticas de privacidade ou pelo conte\u00fado desses sites externos. Encorajamos voc\u00ea a revisar as pol\u00edticas de privacidade de quaisquer sites de terceiros que voc\u00ea visitar.<\/p>\r\n<h4><strong>10. Altera\u00e7\u00f5es nesta Pol\u00edtica de Privacidade<\/strong><\/h4>\r\n<p>Poderemos atualizar esta Pol\u00edtica de Privacidade periodicamente para refletir altera\u00e7\u00f5es em nossas pr\u00e1ticas ou por motivos legais e regulat\u00f3rios. Quaisquer altera\u00e7\u00f5es ser\u00e3o publicadas nesta p\u00e1gina com uma \u201cData de Vig\u00eancia\u201d atualizada. Encorajamos voc\u00ea a revisar esta pol\u00edtica periodicamente para se manter informado sobre como protegemos seus dados.<\/p>\r\n<h4><strong>Contate-nos<\/strong><\/h4>\r\n<p>Se voc\u00ea tiver alguma d\u00favida ou preocupa\u00e7\u00e3o sobre esta Pol\u00edtica de Privacidade ou sobre como lidamos com suas informa\u00e7\u00f5es pessoais, entre em contato conosco:<\/p>\r\n<p><strong>E-mail:<\/strong> <a rel=\"noopener\"><span \n                data-original-string='3Srxxvzh6QaWGRMMRAq6kA==250wZHIE5yviFW60HOzdG9noaWWccfXHajWnDRxZJ\/UnyM='\n                class='apbct-email-encoder'\n                title='Este contato foi codificado pelo Anti-Spam da CleanTalk. Clique para decodificar. Para concluir a decodifica\u00e7\u00e3o, certifique-se de que o JavaScript esteja habilitado no seu navegador.'>em<span class=\"apbct-blur\">**<\/span>@<span class=\"apbct-blur\">*****<\/span>sh.com<\/span><\/a><\/p>","protected":false},"excerpt":{"rendered":"<p>Na CNCRUSH, sua privacidade \u00e9 de extrema import\u00e2ncia para n\u00f3s. Esta Pol\u00edtica de Privacidade descreve como coletamos, usamos, divulgamos e protegemos suas informa\u00e7\u00f5es pessoais quando voc\u00ea visita nosso site, https:\/\/cncrush.com\/ (\u201co Site\u201d), ou quando voc\u00ea interage conosco de qualquer forma. Ao usar nosso site ou contratar nossos servi\u00e7os, voc\u00ea concorda com [...]","protected":false},"author":1,"featured_media":0,"parent":0,"menu_order":0,"comment_status":"closed","ping_status":"closed","template":"page-blank-title-center.php","meta":{"footnotes":""},"class_list":["post-3","page","type-page","status-publish","hentry"],"_links":{"self":[{"href":"https:\/\/cncrush.com\/pt\/wp-json\/wp\/v2\/pages\/3","targetHints":{"allow":["GET"]}}],"collection":[{"href":"https:\/\/cncrush.com\/pt\/wp-json\/wp\/v2\/pages"}],"about":[{"href":"https:\/\/cncrush.com\/pt\/wp-json\/wp\/v2\/types\/page"}],"author":[{"embeddable":true,"href":"https:\/\/cncrush.com\/pt\/wp-json\/wp\/v2\/users\/1"}],"replies":[{"embeddable":true,"href":"https:\/\/cncrush.com\/pt\/wp-json\/wp\/v2\/comments?post=3"}],"version-history":[{"count":0,"href":"https:\/\/cncrush.com\/pt\/wp-json\/wp\/v2\/pages\/3\/revisions"}],"wp:attachment":[{"href":"https:\/\/cncrush.com\/pt\/wp-json\/wp\/v2\/media?parent=3"}],"curies":[{"name":"wp","href":"https:\/\/api.w.org\/{rel}","templated":true}]}}