{"id":31,"date":"2024-09-29T03:50:09","date_gmt":"2024-09-29T03:50:09","guid":{"rendered":"https:\/\/cncrush.com\/?page_id=31"},"modified":"2024-12-20T14:11:01","modified_gmt":"2024-12-20T14:11:01","slug":"construcao-de-maquinas-e-automacao","status":"publish","type":"page","link":"https:\/\/cncrush.com\/pt\/construcao-de-maquinas-e-automacao\/","title":{"rendered":"Constru\u00e7\u00e3o e Automa\u00e7\u00e3o de M\u00e1quinas"},"content":{"rendered":"<section class=\"section dark\" id=\"section_1251704336\">\n\t\t<div class=\"section-bg fill\" >\n\t\t\t<img loading=\"lazy\" decoding=\"async\" width=\"2100\" height=\"700\" src=\"https:\/\/cncrush.com\/wp-content\/uploads\/2024\/10\/machine-building-automation.webp\" class=\"bg attachment- size-\" alt=\"\" title=\"\">\t\t\t\t\t\t<div class=\"section-bg-overlay absolute fill\"><\/div><button class=\"scroll-for-more z-5 icon absolute bottom h-center\" aria-label=\"Role para mais\"><i class=\"icon-angle-down\" style=\"font-size:42px;\" ><\/i><\/button>\n\t\t\t\n\n\t\t<\/div>\n\n\t\t\n\n\t\t<div class=\"section-content relative\">\n\t\t\t\n<div class=\"row align-center\"  id=\"row-302473151\">\n\n\t<div id=\"col-983769610\" class=\"col medium-10 small-12 large-10\"  >\n\t\t\t\t<div class=\"col-inner text-center\"  >\n\t\t\t\n\t\t\t\n\t<div id=\"text-2796142830\" class=\"text\">\n\t\t\n<h1>Servi\u00e7os CNC de constru\u00e7\u00e3o de m\u00e1quinas e automa\u00e7\u00e3o<\/h1>\n\t\t\n<style>\n#text-2796142830 {\n  font-size: 1.35rem;\n}\n@media (min-width:550px) {\n  #text-2796142830 {\n    font-size: 2rem;\n  }\n}\n<\/style>\n\t<\/div>\n\t\n<div class=\"row\"  id=\"row-500900050\">\n\n\t<div id=\"col-1274303690\" class=\"col medium-9 small-12 large-9\"  >\n\t\t\t\t<div class=\"col-inner\"  >\n\t\t\t\n\t\t\t\n<p>Na CNCRUSH, produzimos todas as pe\u00e7as para suas m\u00e1quinas ou dispositivos com confiabilidade, economia e a mais alta qualidade. Certificados pela ISO 9001:2015 e ISO 14001, garantimos entrega dentro do prazo e padr\u00f5es excepcionais para todos os componentes.<\/p>\n\t\t<\/div>\n\t\t\t\t\t<\/div>\n\n\t\n<\/div>\n\t\t<\/div>\n\t\t\t\t\t<\/div>\n\n\t\n<\/div>\n\t\t<\/div>\n\n\t\t\n<style>\n#section_1251704336 {\n  padding-top: 30px;\n  padding-bottom: 30px;\n  min-height: 100px;\n}\n#section_1251704336 .section-bg-overlay {\n  background-color: rgba(0, 0, 0, 0.384);\n}\n#section_1251704336 .section-bg img {\n  object-position: 53% 58%;\n}\n@media (min-width:550px) {\n  #section_1251704336 {\n    min-height: 600px;\n  }\n}\n<\/style>\n\t<\/section>\n\t\n\n\t<section class=\"section\" id=\"section_1431112111\">\n\t\t<div class=\"section-bg fill\" >\n\t\t\t\t\t\t\t\t\t\n\t\t\t\n\n\t\t<\/div>\n\n\t\t\n\n\t\t<div class=\"section-content relative\">\n\t\t\t\n<div class=\"row row-large steps-simple-headline\"  id=\"row-808933140\">\n\n\t<div id=\"col-1391532769\" class=\"col medium-8 small-12 large-12\"  >\n\t\t\t\t<div class=\"col-inner\"  >\n\t\t\t\n\t\t\t\n<div class=\"row row-collapse\"  id=\"row-1557985235\">\n\n\t<div id=\"col-1561157321\" class=\"col medium-1 small-2 large-1\"  >\n\t\t\t\t<div class=\"col-inner\"  >\n\t\t\t\n\t\t\t\n<h2>01<\/h2>\n\t\t<\/div>\n\t\t\t\t\t<\/div>\n\n\t\n\n\t<div id=\"col-429330845\" class=\"col medium-11 small-10 large-11\"  >\n\t\t\t\t<div class=\"col-inner\"  >\n\t\t\t\n\t\t\t\n<h3>Pe\u00e7as que fabricamos<\/h3>\n<p>Nossa experi\u00eancia abrange uma variedade de materiais, incluindo alum\u00ednio, a\u00e7o, cobre e pl\u00e1sticos, para pe\u00e7as como:<\/p>\n<ul>\n<li>Corpos, inv\u00f3lucros, blocos<\/li>\n<li>Fixa\u00e7\u00e3o, ajuste e conex\u00e3o de elementos<\/li>\n<li>Ripas e perfis<\/li>\n<li>Mangas, an\u00e9is, porcas, eixos e eixos<\/li>\n<li>Titulares<\/li>\n<li>Pratos<\/li>\n<\/ul>\n\t\t<\/div>\n\t\t\t\t\t<\/div>\n\n\t\n<\/div>\n<div class=\"is-divider divider clearfix\" style=\"margin-top:10px;margin-bottom:10px;max-width:100%;height:1px;\"><\/div>\n<div class=\"row row-collapse\"  id=\"row-1149763497\">\n\n\t<div id=\"col-642298266\" class=\"col medium-1 small-2 large-1\"  >\n\t\t\t\t<div class=\"col-inner\"  >\n\t\t\t\n\t\t\t\n<h2>02<\/h2>\n\t\t<\/div>\n\t\t\t\t\t<\/div>\n\n\t\n\n\t<div id=\"col-182608919\" class=\"col medium-11 small-10 large-11\"  >\n\t\t\t\t<div class=\"col-inner\"  >\n\t\t\t\n\t\t\t\n<h3>Nosso Processo<\/h3>\n<p>Na CNCRUSH, a qualidade \u00e9 nossa principal prioridade.<\/p>\n<ul>\n<li><strong>Controle de qualidade 100%:<\/strong> Cada pe\u00e7a \u00e9 aprovada para produ\u00e7\u00e3o pela nossa equipe de Controle de Qualidade, com monitoramento cont\u00ednuo do processo baseado em um Plano de Controle detalhado.<\/li>\n<li><strong>Relat\u00f3rios:<\/strong> Mediante solicita\u00e7\u00e3o, fornecemos <strong>PPAP<\/strong> e <strong>Relat\u00f3rios 8D<\/strong> para garantir a conformidade com suas especifica\u00e7\u00f5es.<\/li>\n<\/ul>\n\t\t<\/div>\n\t\t\t\t\t<\/div>\n\n\t\n<\/div>\n<div class=\"is-divider divider clearfix\" style=\"margin-top:10px;margin-bottom:10px;max-width:100%;height:1px;\"><\/div>\n<div class=\"row row-collapse align-middle\"  id=\"row-479513984\">\n\n\t<div id=\"col-1404739734\" class=\"col medium-1 small-2 large-1\"  >\n\t\t\t\t<div class=\"col-inner\"  >\n\t\t\t\n\t\t\t\n<h2>03<\/h2>\n\t\t<\/div>\n\t\t\t\t\t<\/div>\n\n\t\n\n\t<div id=\"col-104198944\" class=\"col medium-11 small-10 large-11\"  >\n\t\t\t\t<div class=\"col-inner\"  >\n\t\t\t\n\t\t\t\n<h3>Garantia de qualidade<\/h3>\n<p>Na CNCRUSH, a qualidade \u00e9 nossa principal prioridade.<\/p>\n<ul>\n<li><strong>Controle de qualidade 100%:<\/strong> Cada pe\u00e7a \u00e9 aprovada para produ\u00e7\u00e3o pela nossa equipe de Controle de Qualidade, com monitoramento cont\u00ednuo do processo baseado em um Plano de Controle detalhado.<\/li>\n<li><strong>Relat\u00f3rios:<\/strong> Mediante solicita\u00e7\u00e3o, fornecemos <strong>Relat\u00f3rios de inspe\u00e7\u00e3o do primeiro artigo (FAI) e<\/strong> <strong>Relat\u00f3rios 8D<\/strong> para garantir a conformidade com suas especifica\u00e7\u00f5es.<\/li>\n<\/ul>\n\t\t<\/div>\n\t\t\t\t\t<\/div>\n\n\t\n<\/div>\n\t\t<\/div>\n\t\t\t\t\t<\/div>\n\n\t\n<\/div>\n\t\t<\/div>\n\n\t\t\n<style>\n#section_1431112111 {\n  padding-top: 60px;\n  padding-bottom: 60px;\n}\n<\/style>\n\t<\/section>\n\t\n<div class=\"row row-collapse row-full-width\"  id=\"row-601374924\">\n\n\t<div id=\"col-951236620\" class=\"col small-12 large-12\"  >\n\t\t\t\t<div class=\"col-inner text-center dark\"  >\n\t\t\t\n\t\t\t\n\n  <div class=\"banner has-hover\" id=\"banner-857046650\">\n          <div class=\"banner-inner fill\">\n        <div class=\"banner-bg fill\" >\n            <img loading=\"lazy\" decoding=\"async\" width=\"1020\" height=\"421\" src=\"https:\/\/cncrush.com\/wp-content\/uploads\/2024\/09\/milled-stainless-steel-background-1024x423.webp\" class=\"bg attachment-large size-large\" alt=\"\" title=\"\">                        <div class=\"overlay\"><\/div>            \n                    <\/div>\n\t\t\n        <div class=\"banner-layers container\">\n            <div class=\"fill banner-link\"><\/div>            \n   <div id=\"text-box-1722965318\" class=\"text-box banner-layer x50 md-x50 lg-x50 y50 md-y50 lg-y50 res-text\">\n                                <div class=\"text-box-content text dark\">\n              \n              <div class=\"text-inner text-center\">\n                  \n\t<div id=\"text-3930722793\" class=\"text\">\n\t\t\n<h3>Interessado? Obtenha um or\u00e7amento gr\u00e1tis hoje!<\/h3>\n\t\t\n<style>\n#text-3930722793 {\n  font-size: 0.75rem;\n  text-align: center;\n}\n<\/style>\n\t<\/div>\n\t\n<a href=\"https:\/\/cncrush.com\/pt\/enviar-consulta\/\" class=\"button alert\"  >\n\t\t<span>Envie sua consulta<\/span>\n\t<\/a>\n\n              <\/div>\n           <\/div>\n                            \n<style>\n#text-box-1722965318 {\n  width: 100%;\n}\n#text-box-1722965318 .text-box-content {\n  font-size: 100%;\n}\n@media (min-width:550px) {\n  #text-box-1722965318 {\n    width: 94%;\n  }\n}\n<\/style>\n    <\/div>\n \n        <\/div>\n      <\/div>\n\n            \n<style>\n#banner-857046650 {\n  padding-top: 99.99%;\n}\n#banner-857046650 .overlay {\n  background-color: rgba(0, 0, 0, 0.17);\n}\n#banner-857046650 .banner-bg img {\n  object-position: 47% 60%;\n}\n@media (min-width:550px) {\n  #banner-857046650 {\n    padding-top: 105px;\n  }\n}\n<\/style>\n  <\/div>\n\n\n\t\t<\/div>\n\t\t\t\t\t<\/div>\n\n\t\n<\/div>","protected":false},"excerpt":{"rendered":"","protected":false},"author":1,"featured_media":0,"parent":0,"menu_order":0,"comment_status":"closed","ping_status":"closed","template":"page-blank.php","meta":{"footnotes":""},"class_list":["post-31","page","type-page","status-publish","hentry"],"_links":{"self":[{"href":"https:\/\/cncrush.com\/pt\/wp-json\/wp\/v2\/pages\/31","targetHints":{"allow":["GET"]}}],"collection":[{"href":"https:\/\/cncrush.com\/pt\/wp-json\/wp\/v2\/pages"}],"about":[{"href":"https:\/\/cncrush.com\/pt\/wp-json\/wp\/v2\/types\/page"}],"author":[{"embeddable":true,"href":"https:\/\/cncrush.com\/pt\/wp-json\/wp\/v2\/users\/1"}],"replies":[{"embeddable":true,"href":"https:\/\/cncrush.com\/pt\/wp-json\/wp\/v2\/comments?post=31"}],"version-history":[{"count":0,"href":"https:\/\/cncrush.com\/pt\/wp-json\/wp\/v2\/pages\/31\/revisions"}],"wp:attachment":[{"href":"https:\/\/cncrush.com\/pt\/wp-json\/wp\/v2\/media?parent=31"}],"curies":[{"name":"wp","href":"https:\/\/api.w.org\/{rel}","templated":true}]}}