{"id":33,"date":"2024-09-29T03:50:17","date_gmt":"2024-09-29T03:50:17","guid":{"rendered":"https:\/\/cncrush.com\/?page_id=33"},"modified":"2024-12-20T14:14:01","modified_gmt":"2024-12-20T14:14:01","slug":"produtos-de-consumo","status":"publish","type":"page","link":"https:\/\/cncrush.com\/pt\/produtos-de-consumo\/","title":{"rendered":"Produtos de consumo"},"content":{"rendered":"<section class=\"section dark\" id=\"section_1228388331\">\n\t\t<div class=\"section-bg fill\" >\n\t\t\t<img loading=\"lazy\" decoding=\"async\" width=\"2100\" height=\"700\" src=\"https:\/\/cncrush.com\/wp-content\/uploads\/2024\/10\/consumer-products.webp\" class=\"bg attachment- size-\" alt=\"\" title=\"\">\t\t\t\t\t\t<div class=\"section-bg-overlay absolute fill\"><\/div><button class=\"scroll-for-more z-5 icon absolute bottom h-center\" aria-label=\"Role para mais\"><i class=\"icon-angle-down\" style=\"font-size:42px;\" ><\/i><\/button>\n\t\t\t\n\n\t\t<\/div>\n\n\t\t\n\n\t\t<div class=\"section-content relative\">\n\t\t\t\n<div class=\"row align-center\"  id=\"row-876057555\">\n\n\t<div id=\"col-1038435210\" class=\"col medium-10 small-12 large-10\"  >\n\t\t\t\t<div class=\"col-inner text-center\"  >\n\t\t\t\n\t\t\t\n\t<div id=\"text-2385588795\" class=\"text\">\n\t\t\n<h1>Fabrica\u00e7\u00e3o de produtos de consumo<\/h1>\n\t\t\n<style>\n#text-2385588795 {\n  font-size: 1.35rem;\n}\n@media (min-width:550px) {\n  #text-2385588795 {\n    font-size: 2rem;\n  }\n}\n<\/style>\n\t<\/div>\n\t\n<div class=\"row\"  id=\"row-542651699\">\n\n\t<div id=\"col-558393147\" class=\"col medium-9 small-12 large-9\"  >\n\t\t\t\t<div class=\"col-inner\"  >\n\t\t\t\n\t\t\t\n<p>Na CNCRUSH, daremos vida \u00e0s suas ideias de produtos, ajudando voc\u00ea a otimizar os custos de design e fabrica\u00e7\u00e3o. Garantimos que seu produto seja embalado de acordo com suas especifica\u00e7\u00f5es, entregando qualidade e valor.<\/p>\n\t\t<\/div>\n\t\t\t\t\t<\/div>\n\n\t\n<\/div>\n\t\t<\/div>\n\t\t\t\t\t<\/div>\n\n\t\n<\/div>\n\t\t<\/div>\n\n\t\t\n<style>\n#section_1228388331 {\n  padding-top: 30px;\n  padding-bottom: 30px;\n  min-height: 100px;\n}\n#section_1228388331 .section-bg-overlay {\n  background-color: rgba(0, 0, 0, 0.384);\n}\n#section_1228388331 .section-bg img {\n  object-position: 53% 58%;\n}\n@media (min-width:550px) {\n  #section_1228388331 {\n    min-height: 600px;\n  }\n}\n<\/style>\n\t<\/section>\n\t\n\n\t<section class=\"section\" id=\"section_1332422777\">\n\t\t<div class=\"section-bg fill\" >\n\t\t\t\t\t\t\t\t\t\n\t\t\t\n\n\t\t<\/div>\n\n\t\t\n\n\t\t<div class=\"section-content relative\">\n\t\t\t\n<div class=\"row row-large steps-simple-headline\"  id=\"row-1057459681\">\n\n\t<div id=\"col-474402356\" class=\"col medium-8 small-12 large-12\"  >\n\t\t\t\t<div class=\"col-inner\"  >\n\t\t\t\n\t\t\t\n<div class=\"row row-collapse\"  id=\"row-503556479\">\n\n\t<div id=\"col-1146129655\" class=\"col medium-1 small-2 large-1\"  >\n\t\t\t\t<div class=\"col-inner\"  >\n\t\t\t\n\t\t\t\n<h2>01<\/h2>\n\t\t<\/div>\n\t\t\t\t\t<\/div>\n\n\t\n\n\t<div id=\"col-699734874\" class=\"col medium-11 small-10 large-11\"  >\n\t\t\t\t<div class=\"col-inner\"  >\n\t\t\t\n\t\t\t\n<h3>Exemplos de produtos que fabricamos<\/h3>\n<ul>\n<li>Caixas para bot\u00f5es de sistema de controle predial<\/li>\n<li>Capas para tablets<\/li>\n<li>Pe\u00e7as de bicicleta<\/li>\n<li>Componentes para shishas<\/li>\n<li>Suportes e bot\u00f5es para eletrodom\u00e9sticos e equipamentos eletr\u00f4nicos<\/li>\n<\/ul>\n\t\t<\/div>\n\t\t\t\t\t<\/div>\n\n\t\n<\/div>\n<div class=\"is-divider divider clearfix\" style=\"margin-top:10px;margin-bottom:10px;max-width:100%;height:1px;\"><\/div>\n<div class=\"row row-collapse\"  id=\"row-330267134\">\n\n\t<div id=\"col-1888254620\" class=\"col medium-1 small-2 large-1\"  >\n\t\t\t\t<div class=\"col-inner\"  >\n\t\t\t\n\t\t\t\n<h2>02<\/h2>\n\t\t<\/div>\n\t\t\t\t\t<\/div>\n\n\t\n\n\t<div id=\"col-362376864\" class=\"col medium-11 small-10 large-11\"  >\n\t\t\t\t<div class=\"col-inner\"  >\n\t\t\t\n\t\t\t\n<h3>Suporte abrangente<\/h3>\n<p>Tem uma ideia, mas n\u00e3o tem certeza dos pr\u00f3ximos passos? Na CNCRUSH, transformamos seus conceitos em realidade. Nossa equipe ir\u00e1 ajud\u00e1-lo em:<\/p>\n<ul>\n<li><strong>Projetando seu produto<\/strong> para garantir que atenda \u00e0 sua vis\u00e3o<\/li>\n<li>Garantindo <strong>desempenho ideal<\/strong> com as especifica\u00e7\u00f5es certas<\/li>\n<li><strong>Selecionando os melhores materiais<\/strong> para durabilidade e funcionalidade<\/li>\n<li>Criando o m\u00e1ximo <strong>processo de produ\u00e7\u00e3o eficiente<\/strong><\/li>\n<li><strong>Escolhendo a embalagem perfeita<\/strong> para combinar com sua marca<\/li>\n<\/ul>\n\t\t<\/div>\n\t\t\t\t\t<\/div>\n\n\t\n<\/div>\n<div class=\"is-divider divider clearfix\" style=\"margin-top:10px;margin-bottom:10px;max-width:100%;height:1px;\"><\/div>\n<div class=\"row row-collapse align-middle\"  id=\"row-1466258019\">\n\n\t<div id=\"col-601330657\" class=\"col medium-1 small-2 large-1\"  >\n\t\t\t\t<div class=\"col-inner\"  >\n\t\t\t\n\t\t\t\n<h2>03<\/h2>\n\t\t<\/div>\n\t\t\t\t\t<\/div>\n\n\t\n\n\t<div id=\"col-8771028\" class=\"col medium-11 small-10 large-11\"  >\n\t\t\t\t<div class=\"col-inner\"  >\n\t\t\t\n\t\t\t\n<h3>Processo de fabrica\u00e7\u00e3o sob medida<\/h3>\n<p>Na CNCRUSH, oferecemos solu\u00e7\u00f5es de produ\u00e7\u00e3o ponta a ponta, adaptadas para atender \u00e0s necessidades espec\u00edficas do seu produto:<\/p>\n<ul>\n<li><strong>Design e precis\u00e3o:<\/strong> Constru\u00e7\u00e3o detalhada e otimiza\u00e7\u00e3o de par\u00e2metros<\/li>\n<li><strong>Desenvolvimento e teste:<\/strong> Identificando a tecnologia certa e tratamentos adicionais<\/li>\n<li><strong>Solu\u00e7\u00f5es visuais e de embalagem:<\/strong> Garantir que o produto final tenha uma \u00f3tima apar\u00eancia e esteja devidamente protegido<\/li>\n<li><strong>Controle de qualidade:<\/strong> Inspe\u00e7\u00f5es abrangentes para garantir qualidade superior<\/li>\n<li><strong>Flexibilidade:<\/strong> Adapte-se facilmente a modifica\u00e7\u00f5es de produtos e melhorias de design<\/li>\n<li><strong>Comunica\u00e7\u00e3o Direta:<\/strong> Colabora\u00e7\u00e3o estreita com seu gerente de projeto e monitoramento cont\u00ednuo da linha de produ\u00e7\u00e3o<\/li>\n<li><strong>Durabilidade e testes:<\/strong> Selecionando os materiais certos para a longevidade do produto<\/li>\n<\/ul>\n\t\t<\/div>\n\t\t\t\t\t<\/div>\n\n\t\n<\/div>\n<div class=\"is-divider divider clearfix\" style=\"margin-top:10px;margin-bottom:10px;max-width:100%;height:1px;\"><\/div>\n\t\t<\/div>\n\t\t\t\t\t<\/div>\n\n\t\n<\/div>\n\t\t<\/div>\n\n\t\t\n<style>\n#section_1332422777 {\n  padding-top: 60px;\n  padding-bottom: 60px;\n}\n<\/style>\n\t<\/section>\n\t\n<div class=\"row row-collapse row-full-width\"  id=\"row-872534302\">\n\n\t<div id=\"col-1211147488\" class=\"col small-12 large-12\"  >\n\t\t\t\t<div class=\"col-inner text-center dark\"  >\n\t\t\t\n\t\t\t\n\n  <div class=\"banner has-hover\" id=\"banner-579345396\">\n          <div class=\"banner-inner fill\">\n        <div class=\"banner-bg fill\" >\n            <img loading=\"lazy\" decoding=\"async\" width=\"1020\" height=\"421\" src=\"https:\/\/cncrush.com\/wp-content\/uploads\/2024\/09\/milled-stainless-steel-background-1024x423.webp\" class=\"bg attachment-large size-large\" alt=\"\" title=\"\">                        <div class=\"overlay\"><\/div>            \n                    <\/div>\n\t\t\n        <div class=\"banner-layers container\">\n            <div class=\"fill banner-link\"><\/div>            \n   <div id=\"text-box-1426330682\" class=\"text-box banner-layer x50 md-x50 lg-x50 y50 md-y50 lg-y50 res-text\">\n                                <div class=\"text-box-content text dark\">\n              \n              <div class=\"text-inner text-center\">\n                  \n\t<div id=\"text-2960125289\" class=\"text\">\n\t\t\n<h3>Interessado? Obtenha um or\u00e7amento gr\u00e1tis hoje!<\/h3>\n\t\t\n<style>\n#text-2960125289 {\n  font-size: 0.75rem;\n  text-align: center;\n}\n<\/style>\n\t<\/div>\n\t\n<a href=\"https:\/\/cncrush.com\/pt\/enviar-consulta\/\" class=\"button alert\"  >\n\t\t<span>Envie sua consulta<\/span>\n\t<\/a>\n\n              <\/div>\n           <\/div>\n                            \n<style>\n#text-box-1426330682 {\n  width: 100%;\n}\n#text-box-1426330682 .text-box-content {\n  font-size: 100%;\n}\n@media (min-width:550px) {\n  #text-box-1426330682 {\n    width: 94%;\n  }\n}\n<\/style>\n    <\/div>\n \n        <\/div>\n      <\/div>\n\n            \n<style>\n#banner-579345396 {\n  padding-top: 99.99%;\n}\n#banner-579345396 .overlay {\n  background-color: rgba(0, 0, 0, 0.17);\n}\n#banner-579345396 .banner-bg img {\n  object-position: 47% 60%;\n}\n@media (min-width:550px) {\n  #banner-579345396 {\n    padding-top: 119px;\n  }\n}\n<\/style>\n  <\/div>\n\n\n\t\t<\/div>\n\t\t\t\t\t<\/div>\n\n\t\n<\/div>","protected":false},"excerpt":{"rendered":"","protected":false},"author":1,"featured_media":0,"parent":0,"menu_order":0,"comment_status":"closed","ping_status":"closed","template":"page-blank.php","meta":{"footnotes":""},"class_list":["post-33","page","type-page","status-publish","hentry"],"_links":{"self":[{"href":"https:\/\/cncrush.com\/pt\/wp-json\/wp\/v2\/pages\/33","targetHints":{"allow":["GET"]}}],"collection":[{"href":"https:\/\/cncrush.com\/pt\/wp-json\/wp\/v2\/pages"}],"about":[{"href":"https:\/\/cncrush.com\/pt\/wp-json\/wp\/v2\/types\/page"}],"author":[{"embeddable":true,"href":"https:\/\/cncrush.com\/pt\/wp-json\/wp\/v2\/users\/1"}],"replies":[{"embeddable":true,"href":"https:\/\/cncrush.com\/pt\/wp-json\/wp\/v2\/comments?post=33"}],"version-history":[{"count":0,"href":"https:\/\/cncrush.com\/pt\/wp-json\/wp\/v2\/pages\/33\/revisions"}],"wp:attachment":[{"href":"https:\/\/cncrush.com\/pt\/wp-json\/wp\/v2\/media?parent=33"}],"curies":[{"name":"wp","href":"https:\/\/api.w.org\/{rel}","templated":true}]}}