{"id":37,"date":"2024-09-29T03:50:30","date_gmt":"2024-09-29T03:50:30","guid":{"rendered":"https:\/\/cncrush.com\/?page_id=37"},"modified":"2024-12-20T13:53:35","modified_gmt":"2024-12-20T13:53:35","slug":"industria-medica","status":"publish","type":"page","link":"https:\/\/cncrush.com\/pt\/industria-medica\/","title":{"rendered":"Ind\u00fastria M\u00e9dica"},"content":{"rendered":"<section class=\"section dark\" id=\"section_941930838\">\n\t\t<div class=\"section-bg fill\" >\n\t\t\t<img loading=\"lazy\" decoding=\"async\" width=\"2100\" height=\"700\" src=\"https:\/\/cncrush.com\/wp-content\/uploads\/2024\/10\/medical-industry.webp\" class=\"bg attachment- size-\" alt=\"\" title=\"\">\t\t\t\t\t\t<div class=\"section-bg-overlay absolute fill\"><\/div><button class=\"scroll-for-more z-5 icon absolute bottom h-center\" aria-label=\"Role para mais\"><i class=\"icon-angle-down\" style=\"font-size:42px;\" ><\/i><\/button>\n\t\t\t\n\n\t\t<\/div>\n\n\t\t\n\n\t\t<div class=\"section-content relative\">\n\t\t\t\n<div class=\"row align-center\"  id=\"row-25997747\">\n\n\t<div id=\"col-1693804781\" class=\"col medium-10 small-12 large-10\"  >\n\t\t\t\t<div class=\"col-inner text-center\"  >\n\t\t\t\n\t\t\t\n\t<div id=\"text-1110997739\" class=\"text\">\n\t\t\n<h1>Pe\u00e7as de precis\u00e3o CNC para a ind\u00fastria m\u00e9dica<\/h1>\n\t\t\n<style>\n#text-1110997739 {\n  font-size: 1.35rem;\n}\n@media (min-width:550px) {\n  #text-1110997739 {\n    font-size: 2rem;\n  }\n}\n<\/style>\n\t<\/div>\n\t\n<div class=\"row\"  id=\"row-1705881367\">\n\n\t<div id=\"col-59014968\" class=\"col medium-9 small-12 large-9\"  >\n\t\t\t\t<div class=\"col-inner\"  >\n\t\t\t\n\t\t\t\n<p>Na CNCRUSH fabricamos componentes de precis\u00e3o para equipamentos m\u00e9dicos especializados, garantindo a mais alta qualidade e confiabilidade para o setor m\u00e9dico.<\/p>\n\t\t<\/div>\n\t\t\t\t\t<\/div>\n\n\t\n<\/div>\n\t\t<\/div>\n\t\t\t\t\t<\/div>\n\n\t\n<\/div>\n\t\t<\/div>\n\n\t\t\n<style>\n#section_941930838 {\n  padding-top: 30px;\n  padding-bottom: 30px;\n  min-height: 100px;\n}\n#section_941930838 .section-bg-overlay {\n  background-color: rgba(0, 0, 0, 0.384);\n}\n#section_941930838 .section-bg img {\n  object-position: 53% 58%;\n}\n@media (min-width:550px) {\n  #section_941930838 {\n    min-height: 600px;\n  }\n}\n<\/style>\n\t<\/section>\n\t\n\n\t<section class=\"section\" id=\"section_750137657\">\n\t\t<div class=\"section-bg fill\" >\n\t\t\t\t\t\t\t\t\t\n\t\t\t\n\n\t\t<\/div>\n\n\t\t\n\n\t\t<div class=\"section-content relative\">\n\t\t\t\n<div class=\"row row-large steps-simple-headline\"  id=\"row-2038423590\">\n\n\t<div id=\"col-1233306236\" class=\"col medium-8 small-12 large-12\"  >\n\t\t\t\t<div class=\"col-inner\"  >\n\t\t\t\n\t\t\t\n<div class=\"row row-collapse\"  id=\"row-827958945\">\n\n\t<div id=\"col-1917711368\" class=\"col medium-1 small-2 large-1\"  >\n\t\t\t\t<div class=\"col-inner\"  >\n\t\t\t\n\t\t\t\n<h2>01<\/h2>\n\t\t<\/div>\n\t\t\t\t\t<\/div>\n\n\t\n\n\t<div id=\"col-1208407612\" class=\"col medium-11 small-10 large-11\"  >\n\t\t\t\t<div class=\"col-inner\"  >\n\t\t\t\n\t\t\t\n<h3>Pe\u00e7as que fabricamos<\/h3>\n<p>Somos especializados na produ\u00e7\u00e3o de pe\u00e7as cr\u00edticas para dispositivos m\u00e9dicos, incluindo:<\/p>\n<ul>\n<li><strong>Inv\u00f3lucros de alum\u00ednio<\/strong><\/li>\n<li><strong>Pe\u00e7as Mec\u00e2nicas<\/strong> para equipamentos m\u00e9dicos feitos de alum\u00ednio e a\u00e7o inoxid\u00e1vel, utilizados em radioterapia, endoscopia, laparoscopia e scanners odontol\u00f3gicos<\/li>\n<li><strong>Eletrodos<\/strong><\/li>\n<\/ul>\n\t\t<\/div>\n\t\t\t\t\t<\/div>\n\n\t\n<\/div>\n<div class=\"is-divider divider clearfix\" style=\"margin-top:10px;margin-bottom:10px;max-width:100%;height:1px;\"><\/div>\n<div class=\"row row-collapse\"  id=\"row-424241711\">\n\n\t<div id=\"col-637782580\" class=\"col medium-1 small-2 large-1\"  >\n\t\t\t\t<div class=\"col-inner\"  >\n\t\t\t\n\t\t\t\n<h2>02<\/h2>\n\t\t<\/div>\n\t\t\t\t\t<\/div>\n\n\t\n\n\t<div id=\"col-152887465\" class=\"col medium-11 small-10 large-11\"  >\n\t\t\t\t<div class=\"col-inner\"  >\n\t\t\t\n\t\t\t\n<h3>Nosso Processo de Fabrica\u00e7\u00e3o<\/h3>\n<ul>\n<li><strong>Precis\u00e3o:<\/strong> Fabricamos pe\u00e7as pequenas e de alta precis\u00e3o com toler\u00e2ncias de at\u00e9 0,02 mm.<\/li>\n<li><strong>Limpeza:<\/strong> Cada pe\u00e7a \u00e9 meticulosamente verificada para garantir que esteja livre de rebarbas, aparas ou res\u00edduos de \u00f3leo.<\/li>\n<li><strong>Confiabilidade:<\/strong> Selecionamos cuidadosamente processos de fabrica\u00e7\u00e3o que garantem alta repetibilidade, funcionalidade e conformidade das pe\u00e7as.<\/li>\n<li><strong>Envolvimento do cliente:<\/strong> Trabalhamos em estreita colabora\u00e7\u00e3o com os clientes para analisar os requisitos de projeto e ajustar nossos processos para atender \u00e0s suas necessidades espec\u00edficas.<\/li>\n<\/ul>\n\t\t<\/div>\n\t\t\t\t\t<\/div>\n\n\t\n<\/div>\n<div class=\"is-divider divider clearfix\" style=\"margin-top:10px;margin-bottom:10px;max-width:100%;height:1px;\"><\/div>\n<div class=\"row row-collapse align-middle\"  id=\"row-2054423042\">\n\n\t<div id=\"col-1734424520\" class=\"col medium-1 small-2 large-1\"  >\n\t\t\t\t<div class=\"col-inner\"  >\n\t\t\t\n\t\t\t\n<h2>03<\/h2>\n\t\t<\/div>\n\t\t\t\t\t<\/div>\n\n\t\n\n\t<div id=\"col-836567170\" class=\"col medium-11 small-10 large-11\"  >\n\t\t\t\t<div class=\"col-inner\"  >\n\t\t\t\n\t\t\t\n<h3>Garantia de qualidade<\/h3>\n<p>A precis\u00e3o \u00e9 cr\u00edtica na \u00e1rea m\u00e9dica e atendemos aos mais altos padr\u00f5es usando equipamentos de medi\u00e7\u00e3o avan\u00e7ados como o <strong>Hex\u00e1gono Global S<\/strong>, proporcionando uma precis\u00e3o de 0,005 mm. Para pe\u00e7as complexas e de pequeno porte, tamb\u00e9m realizamos inspe\u00e7\u00f5es visuais utilizando visualiza\u00e7\u00f5es ampliadas para garantir a qualidade.<\/p>\n\t\t<\/div>\n\t\t\t\t\t<\/div>\n\n\t\n<\/div>\n<div class=\"is-divider divider clearfix\" style=\"margin-top:10px;margin-bottom:10px;max-width:100%;height:1px;\"><\/div>\n\t\t<\/div>\n\t\t\t\t\t<\/div>\n\n\t\n<\/div>\n\t\t<\/div>\n\n\t\t\n<style>\n#section_750137657 {\n  padding-top: 60px;\n  padding-bottom: 60px;\n}\n<\/style>\n\t<\/section>\n\t\n<div class=\"row row-collapse row-full-width\"  id=\"row-964805258\">\n\n\t<div id=\"col-1767689152\" class=\"col small-12 large-12\"  >\n\t\t\t\t<div class=\"col-inner text-center dark\"  >\n\t\t\t\n\t\t\t\n\n  <div class=\"banner has-hover\" id=\"banner-1831826175\">\n          <div class=\"banner-inner fill\">\n        <div class=\"banner-bg fill\" >\n            <img loading=\"lazy\" decoding=\"async\" width=\"1020\" height=\"421\" src=\"https:\/\/cncrush.com\/wp-content\/uploads\/2024\/09\/milled-stainless-steel-background-1024x423.webp\" class=\"bg attachment-large size-large\" alt=\"\" title=\"\">                        <div class=\"overlay\"><\/div>            \n                    <\/div>\n\t\t\n        <div class=\"banner-layers container\">\n            <div class=\"fill banner-link\"><\/div>            \n   <div id=\"text-box-1585130439\" class=\"text-box banner-layer x50 md-x50 lg-x50 y50 md-y50 lg-y50 res-text\">\n                                <div class=\"text-box-content text dark\">\n              \n              <div class=\"text-inner text-center\">\n                  \n\t<div id=\"text-2300453394\" class=\"text\">\n\t\t\n<h3>Interessado? Obtenha um or\u00e7amento gr\u00e1tis hoje!<\/h3>\n\t\t\n<style>\n#text-2300453394 {\n  font-size: 0.75rem;\n  text-align: center;\n}\n<\/style>\n\t<\/div>\n\t\n<a href=\"https:\/\/cncrush.com\/pt\/enviar-consulta\/\" class=\"button alert\"  >\n\t\t<span>Envie sua consulta<\/span>\n\t<\/a>\n\n              <\/div>\n           <\/div>\n                            \n<style>\n#text-box-1585130439 {\n  width: 100%;\n}\n#text-box-1585130439 .text-box-content {\n  font-size: 100%;\n}\n@media (min-width:550px) {\n  #text-box-1585130439 {\n    width: 94%;\n  }\n}\n<\/style>\n    <\/div>\n \n        <\/div>\n      <\/div>\n\n            \n<style>\n#banner-1831826175 {\n  padding-top: 99.99%;\n}\n#banner-1831826175 .overlay {\n  background-color: rgba(0, 0, 0, 0.17);\n}\n#banner-1831826175 .banner-bg img {\n  object-position: 47% 60%;\n}\n@media (min-width:550px) {\n  #banner-1831826175 {\n    padding-top: 97px;\n  }\n}\n<\/style>\n  <\/div>\n\n\n\t\t<\/div>\n\t\t\t\t\t<\/div>\n\n\t\n<\/div>","protected":false},"excerpt":{"rendered":"","protected":false},"author":1,"featured_media":0,"parent":0,"menu_order":0,"comment_status":"closed","ping_status":"closed","template":"page-blank.php","meta":{"footnotes":""},"class_list":["post-37","page","type-page","status-publish","hentry"],"_links":{"self":[{"href":"https:\/\/cncrush.com\/pt\/wp-json\/wp\/v2\/pages\/37","targetHints":{"allow":["GET"]}}],"collection":[{"href":"https:\/\/cncrush.com\/pt\/wp-json\/wp\/v2\/pages"}],"about":[{"href":"https:\/\/cncrush.com\/pt\/wp-json\/wp\/v2\/types\/page"}],"author":[{"embeddable":true,"href":"https:\/\/cncrush.com\/pt\/wp-json\/wp\/v2\/users\/1"}],"replies":[{"embeddable":true,"href":"https:\/\/cncrush.com\/pt\/wp-json\/wp\/v2\/comments?post=37"}],"version-history":[{"count":0,"href":"https:\/\/cncrush.com\/pt\/wp-json\/wp\/v2\/pages\/37\/revisions"}],"wp:attachment":[{"href":"https:\/\/cncrush.com\/pt\/wp-json\/wp\/v2\/media?parent=37"}],"curies":[{"name":"wp","href":"https:\/\/api.w.org\/{rel}","templated":true}]}}