{"id":43,"date":"2024-09-29T03:52:14","date_gmt":"2024-09-29T03:52:14","guid":{"rendered":"https:\/\/cncrush.com\/?page_id=43"},"modified":"2024-10-03T15:34:47","modified_gmt":"2024-10-03T15:34:47","slug":"politica-de-cookies","status":"publish","type":"page","link":"https:\/\/cncrush.com\/pt\/politica-de-cookies\/","title":{"rendered":"Pol\u00edtica de Cookies"},"content":{"rendered":"<p>No <strong><a href=\"https:\/\/cncrush.com\/pt\/\">CNCRUSH<\/a><\/strong>, estamos empenhados em proteger a sua privacidade e garantir a transpar\u00eancia na forma como tratamos os seus dados pessoais. Esta Pol\u00edtica de Cookies explica como utilizamos cookies e tecnologias semelhantes no nosso site, <a href=\"https:\/\/cncrush.com\/pt\/\" target=\"_new\" rel=\"noopener\">https:\/\/cncrush.com\/<\/a> (\u201co Site\u201d). Ao continuar a utilizar o nosso site, voc\u00ea concorda com o uso de cookies conforme descrito nesta pol\u00edtica.<\/p>\n<h4><strong>O que s\u00e3o biscoitos?<\/strong><\/h4>\n<p>Cookies s\u00e3o pequenos arquivos de texto que s\u00e3o armazenados no seu dispositivo (computador, smartphone ou tablet) quando voc\u00ea visita um site. Eles cont\u00eam informa\u00e7\u00f5es que ajudam o site a reconhecer seu dispositivo e podem melhorar sua experi\u00eancia, lembrando prefer\u00eancias, permitindo carregamento mais r\u00e1pido e melhorando a funcionalidade geral.<\/p>\n<h4><strong>Tipos de cookies que usamos<\/strong><\/h4>\n<ol>\n<li><strong>Cookies estritamente necess\u00e1rios:<\/strong> Estes cookies s\u00e3o essenciais para o bom funcionamento do Site. Eles permitem recursos b\u00e1sicos como navega\u00e7\u00e3o na p\u00e1gina e \u00e1reas seguras do Site. Sem estes cookies, determinados servi\u00e7os que voc\u00ea solicita n\u00e3o podem ser fornecidos. Exemplos de cookies estritamente necess\u00e1rios incluem:\n<ul>\n<li>Gerenciamento de sess\u00e3o<\/li>\n<li>Autentica\u00e7\u00e3o de seguran\u00e7a<\/li>\n<li>Envios de formul\u00e1rio<\/li>\n<\/ul>\n<\/li>\n<li><strong>Cookies de desempenho e anal\u00edticos:<\/strong> Estes cookies recolhem informa\u00e7\u00f5es sobre como os visitantes utilizam o nosso Website, tais como as p\u00e1ginas que visitam com mais frequ\u00eancia e quaisquer mensagens de erro que recebem. As informa\u00e7\u00f5es s\u00e3o agregadas e an\u00f4nimas e nos ajudam a melhorar o desempenho do nosso site. Usamos ferramentas anal\u00edticas de terceiros, como o Google Analytics, para monitorar o tr\u00e1fego do site e os padr\u00f5es de uso. Isso nos ajuda a tomar decis\u00f5es baseadas em dados para otimizar a experi\u00eancia do usu\u00e1rio.<\/li>\n<li><strong>Cookies de funcionalidade:<\/strong> Esses cookies permitem que o Site se lembre das escolhas que voc\u00ea faz, como suas prefer\u00eancias de idioma ou regi\u00e3o. Eles aprimoram a experi\u00eancia do usu\u00e1rio, fornecendo recursos personalizados.<\/li>\n<li><strong>Cookies de segmenta\u00e7\u00e3o e publicidade:<\/strong> Podemos usar esses cookies para exibir an\u00fancios mais relevantes para voc\u00ea. Eles rastreiam sua atividade online e nos permitem exibir an\u00fancios com base em seus interesses. Estes cookies tamb\u00e9m nos ajudam a medir a efic\u00e1cia das nossas campanhas de marketing. Trabalhamos com anunciantes terceiros que podem colocar cookies no seu dispositivo quando visita o nosso Website. Observe que esses terceiros t\u00eam suas pr\u00f3prias pol\u00edticas de privacidade e cookies.<\/li>\n<\/ol>\n<h4><strong>Como usamos cookies<\/strong><\/h4>\n<p>Usamos cookies para:<\/p>\n<ul>\n<li>Melhorar a funcionalidade e o desempenho do nosso site.<\/li>\n<li>Proporcionar-lhe uma experi\u00eancia personalizada.<\/li>\n<li>Analisar o tr\u00e1fego e melhorar a usabilidade do Site.<\/li>\n<li>Apoie nossos esfor\u00e7os de marketing e publicidade.<\/li>\n<\/ul>\n<p>Os cookies tamb\u00e9m nos ajudam a melhorar a qualidade dos nossos servi\u00e7os, identificando quaisquer problemas t\u00e9cnicos ou \u00e1reas de melhoria.<\/p>\n<h4><strong>Gerenciando Cookies<\/strong><\/h4>\n<p>Voc\u00ea tem o direito de controlar e gerenciar cookies de diversas maneiras:<\/p>\n<ol>\n<li><strong>Configura\u00e7\u00f5es do navegador:<\/strong> A maioria dos navegadores permite que voc\u00ea gerencie suas prefer\u00eancias de cookies por meio de suas configura\u00e7\u00f5es. Voc\u00ea pode optar por bloquear ou excluir cookies. No entanto, tenha em aten\u00e7\u00e3o que se desativar determinados cookies, partes do nosso Website poder\u00e3o n\u00e3o funcionar corretamente.<\/li>\n<li><strong>Links de exclus\u00e3o:<\/strong> Para cookies de desempenho e direcionamento, voc\u00ea pode cancelar diretamente atrav\u00e9s dos respectivos servi\u00e7os de terceiros:\n<ul>\n<li><a target=\"_new\" rel=\"noopener\">Desativa\u00e7\u00e3o do Google Analytics<\/a><\/li>\n<li>Prefer\u00eancias de publicidade para Google<\/li>\n<li>Suas escolhas on-line para usu\u00e1rios da UE<\/li>\n<\/ul>\n<\/li>\n<li><strong>Configura\u00e7\u00f5es de N\u00e3o Rastrear (DNT):<\/strong> Alguns navegadores oferecem um recurso \u201cDo Not Track\u201d, que permite sinalizar sua prefer\u00eancia por privacidade e solicitar que os sites n\u00e3o rastreiem suas atividades online. No entanto, n\u00e3o existe um padr\u00e3o uniforme para sinais DNT e nosso Site pode n\u00e3o responder a esses sinais.<\/li>\n<\/ol>\n<h4><strong>Cookies de terceiros<\/strong><\/h4>\n<p>Podemos utilizar servi\u00e7os de terceiros que definem cookies no seu dispositivo para melhorar a sua experi\u00eancia de navega\u00e7\u00e3o ou para exibir conte\u00fado personalizado. Estes cookies de terceiros s\u00e3o regidos pelas pol\u00edticas de privacidade dos respetivos terceiros, e recomendamos a revis\u00e3o das suas pol\u00edticas para obter mais informa\u00e7\u00f5es.<\/p>\n<h4><strong>Altera\u00e7\u00f5es a esta Pol\u00edtica de Cookies<\/strong><\/h4>\n<p>Poderemos atualizar esta Pol\u00edtica de Cookies de tempos em tempos para refletir mudan\u00e7as na tecnologia, nos requisitos legais ou na funcionalidade do nosso Site. Quaisquer atualiza\u00e7\u00f5es ser\u00e3o publicadas nesta p\u00e1gina e a \u201cData de Vig\u00eancia\u201d ser\u00e1 revisada de acordo. Encorajamo-lo a rever esta pol\u00edtica periodicamente para se manter informado sobre a nossa utiliza\u00e7\u00e3o de cookies.<\/p>\n<h4><strong>Contate-nos<\/strong><\/h4>\n<p>Se tiver alguma d\u00favida sobre a nossa utiliza\u00e7\u00e3o de cookies ou sobre esta Pol\u00edtica de Cookies, entre em contacto connosco em:<\/p>\n<p><strong>E-mail:<\/strong> <a rel=\"noopener\"><span \n                data-original-string='G0TM7aItIstig40bGtAYBg==250eMkmCEdzdHdEFIB70QbCbo1wWtQS27yUBnOFA2oTR4Y='\n                class='apbct-email-encoder'\n                title='Este contato foi codificado pelo Anti-Spam da CleanTalk. Clique para decodificar. Para concluir a decodifica\u00e7\u00e3o, certifique-se de que o JavaScript esteja habilitado no seu navegador.'>em<span class=\"apbct-blur\">**<\/span>@<span class=\"apbct-blur\">*****<\/span>sh.com<\/span><\/a><\/p>","protected":false},"excerpt":{"rendered":"<p>At CNCRUSH, we are committed to protecting your privacy and ensuring transparency in how we handle your personal data. This Cookies Policy explains how we use cookies and similar technologies on our website, https:\/\/cncrush.com\/ (&#8220;the Website&#8221;). By continuing to use our Website, you agree to the use of cookies as outlined in this policy. What [&#8230;]\n","protected":false},"author":1,"featured_media":0,"parent":0,"menu_order":0,"comment_status":"closed","ping_status":"closed","template":"page-blank-title-center.php","meta":{"footnotes":""},"class_list":["post-43","page","type-page","status-publish","hentry"],"_links":{"self":[{"href":"https:\/\/cncrush.com\/pt\/wp-json\/wp\/v2\/pages\/43","targetHints":{"allow":["GET"]}}],"collection":[{"href":"https:\/\/cncrush.com\/pt\/wp-json\/wp\/v2\/pages"}],"about":[{"href":"https:\/\/cncrush.com\/pt\/wp-json\/wp\/v2\/types\/page"}],"author":[{"embeddable":true,"href":"https:\/\/cncrush.com\/pt\/wp-json\/wp\/v2\/users\/1"}],"replies":[{"embeddable":true,"href":"https:\/\/cncrush.com\/pt\/wp-json\/wp\/v2\/comments?post=43"}],"version-history":[{"count":0,"href":"https:\/\/cncrush.com\/pt\/wp-json\/wp\/v2\/pages\/43\/revisions"}],"wp:attachment":[{"href":"https:\/\/cncrush.com\/pt\/wp-json\/wp\/v2\/media?parent=43"}],"curies":[{"name":"wp","href":"https:\/\/api.w.org\/{rel}","templated":true}]}}