{"id":12,"date":"2024-09-29T03:47:11","date_gmt":"2024-09-29T03:47:11","guid":{"rendered":"https:\/\/cncrush.com\/?page_id=12"},"modified":"2024-12-20T13:30:54","modified_gmt":"2024-12-20T13:30:54","slug":"despre-noi","status":"publish","type":"page","link":"https:\/\/cncrush.com\/ro\/despre-noi\/","title":{"rendered":"Despre noi"},"content":{"rendered":"<section class=\"section\" id=\"section_921227068\">\n\t\t<div class=\"section-bg fill\" >\n\t\t\t\t\t\t\t\t\t\n\t\t\t\n\n\t\t<\/div>\n\n\t\t\n\n\t\t<div class=\"section-content relative\">\n\t\t\t\n<div class=\"row align-center\"  id=\"row-1805527349\">\n\n\t<div id=\"col-2067723472\" class=\"col medium-11 small-12 large-10\"  >\n\t\t\t\t<div class=\"col-inner\"  >\n\t\t\t\n\t\t\t\n<div class=\"row row-large align-middle\"  id=\"row-1542038346\">\n\n\t<div id=\"col-1869278757\" class=\"col medium-4 small-12 large-6\"  >\n\t\t\t\t<div class=\"col-inner\"  >\n\t\t\t\n\t\t\t\n\n  <div class=\"banner has-hover\" id=\"banner-280353266\">\n          <div class=\"banner-inner fill\">\n        <div class=\"banner-bg fill\" >\n            <img loading=\"lazy\" decoding=\"async\" width=\"1020\" height=\"876\" src=\"https:\/\/cncrush.com\/wp-content\/uploads\/2024\/12\/Machines-1-1024x879.jpg\" class=\"bg attachment-large size-large\" alt=\"\" title=\"\">                                    \n                    <\/div>\n\t\t\n        <div class=\"banner-layers container\">\n            <div class=\"fill banner-link\"><\/div>            \n   <div id=\"text-box-446264423\" class=\"text-box banner-layer x50 md-x50 lg-x50 y50 md-y50 lg-y50 res-text\">\n                                <div class=\"text-box-content text dark\">\n              \n              <div class=\"text-inner text-center\">\n                  \n              <\/div>\n           <\/div>\n                            \n<style>\n#text-box-446264423 {\n  width: 60%;\n}\n#text-box-446264423 .text-box-content {\n  font-size: 100%;\n}\n@media (min-width:550px) {\n  #text-box-446264423 {\n    width: 60%;\n  }\n}\n<\/style>\n    <\/div>\n \n        <\/div>\n      <\/div>\n\n            \n<style>\n#banner-280353266 {\n  padding-top: 300px;\n}\n@media (min-width:550px) {\n  #banner-280353266 {\n    padding-top: 79.66%;\n  }\n}\n<\/style>\n  <\/div>\n\n\n\t\t<\/div>\n\t\t\t\t\t<\/div>\n\n\t\n\n\t<div id=\"col-869026312\" class=\"col medium-8 small-12 large-6\"  >\n\t\t\t\t<div class=\"col-inner\"  >\n\t\t\t\n\t\t\t\n<h3>\u00cenceputurile noastre umile <\/h3>\n<p>\u00cen 2012, Mike, fondatorul nostru, a \u00eenceput cu doar dou\u0103 ma\u0219ini CNC \u0219i o viziune de a oferi precizie \u0219i calitate. Pe atunci, ne ocupam exclusiv de pia\u021ba intern\u0103, fabric\u00e2nd piese personalizate pentru o gam\u0103 larg\u0103 de industrii. De la ateliere mici la fabrici mari, d\u0103ruirea \u0219i abordarea practic\u0103 a lui Mike \u0219i-au construit o reputa\u021bie de fiabilitate \u0219i excelen\u021b\u0103, pun\u00e2nd bazele pentru ceea ce suntem ast\u0103zi.<\/p>\n\t\t<\/div>\n\t\t\t\t\t<\/div>\n\n\t\n<\/div>\n<div class=\"row row-large align-middle\"  id=\"row-1128545566\">\n\n\t<div id=\"col-1123399937\" class=\"col medium-8 small-12 large-6\"  >\n\t\t\t\t<div class=\"col-inner\"  >\n\t\t\t\n\t\t\t\n<h3>Extinderea orizonturilor<\/h3>\n<p>Pe m\u0103sur\u0103 ce cererea a crescut, la fel \u0219i ambi\u021bia noastr\u0103. P\u00e2n\u0103 \u00een 2015, ne-am extins opera\u021biunile pentru a servi clien\u021bii din Europa, Statele Unite \u0219i Australia. Pe parcurs, ne-am rafinat expertiza \u0219i am \u00eenceput s\u0103 ne concentr\u0103m pe industrii cheie, cum ar fi componentele auto, dispozitivele medicale, componentele electronice \u0219i echipamentele de automatizare. Aceste sectoare specializate au devenit piatra de temelie a cre\u0219terii \u0219i inova\u021biei noastre.<\/p>\n\t\t<\/div>\n\t\t\t\t\t<\/div>\n\n\t\n\n\t<div id=\"col-1579913335\" class=\"col medium-4 small-12 large-6 medium-col-first\"  >\n\t\t\t\t<div class=\"col-inner\"  >\n\t\t\t\n\t\t\t\n\n  <div class=\"banner has-hover\" id=\"banner-314761866\">\n          <div class=\"banner-inner fill\">\n        <div class=\"banner-bg fill\" >\n            <img loading=\"lazy\" decoding=\"async\" width=\"507\" height=\"494\" src=\"https:\/\/cncrush.com\/wp-content\/uploads\/2024\/12\/About-us-2.png\" class=\"bg attachment-large size-large\" alt=\"\" title=\"\">                                    \n                    <\/div>\n\t\t\n        <div class=\"banner-layers container\">\n            <div class=\"fill banner-link\"><\/div>            \n   <div id=\"text-box-1757375055\" class=\"text-box banner-layer x50 md-x50 lg-x50 y50 md-y50 lg-y50 res-text\">\n                                <div class=\"text-box-content text dark\">\n              \n              <div class=\"text-inner text-center\">\n                  \n              <\/div>\n           <\/div>\n                            \n<style>\n#text-box-1757375055 {\n  width: 60%;\n}\n#text-box-1757375055 .text-box-content {\n  font-size: 100%;\n}\n@media (min-width:550px) {\n  #text-box-1757375055 {\n    width: 60%;\n  }\n}\n<\/style>\n    <\/div>\n \n        <\/div>\n      <\/div>\n\n            \n<style>\n#banner-314761866 {\n  padding-top: 300px;\n}\n@media (min-width:550px) {\n  #banner-314761866 {\n    padding-top: 61.03%;\n  }\n}\n<\/style>\n  <\/div>\n\n\n\t\t<\/div>\n\t\t\t\t\t<\/div>\n\n\t\n<\/div>\n<div class=\"row row-large align-middle\"  id=\"row-1216122371\">\n\n\t<div id=\"col-719942799\" class=\"col medium-4 small-12 large-6\"  >\n\t\t\t\t<div class=\"col-inner\"  >\n\t\t\t\n\t\t\t\n\n  <div class=\"banner has-hover\" id=\"banner-580321547\">\n          <div class=\"banner-inner fill\">\n        <div class=\"banner-bg fill\" >\n            <img loading=\"lazy\" decoding=\"async\" width=\"1020\" height=\"680\" src=\"https:\/\/cncrush.com\/wp-content\/uploads\/2024\/12\/Machines-2-1024x683.jpg\" class=\"bg attachment-large size-large\" alt=\"cnc milling\" title=\"\">                                    \n                    <\/div>\n\t\t\n        <div class=\"banner-layers container\">\n            <div class=\"fill banner-link\"><\/div>            \n   <div id=\"text-box-589152044\" class=\"text-box banner-layer x50 md-x50 lg-x50 y50 md-y50 lg-y50 res-text\">\n                                <div class=\"text-box-content text dark\">\n              \n              <div class=\"text-inner text-center\">\n                  \n              <\/div>\n           <\/div>\n                            \n<style>\n#text-box-589152044 {\n  width: 60%;\n}\n#text-box-589152044 .text-box-content {\n  font-size: 100%;\n}\n@media (min-width:550px) {\n  #text-box-589152044 {\n    width: 60%;\n  }\n}\n<\/style>\n    <\/div>\n \n        <\/div>\n      <\/div>\n\n            \n<style>\n#banner-580321547 {\n  padding-top: 300px;\n}\n@media (min-width:550px) {\n  #banner-580321547 {\n    padding-top: 70.63%;\n  }\n}\n<\/style>\n  <\/div>\n\n\n\t\t<\/div>\n\t\t\t\t\t<\/div>\n\n\t\n\n\t<div id=\"col-648080255\" class=\"col medium-8 small-12 large-6\"  >\n\t\t\t\t<div class=\"col-inner\"  >\n\t\t\t\n\t\t\t\n<h3>O echip\u0103 \u00eenfloritoare cu o viziune global\u0103<\/h3>\n<p>Echipa noastr\u0103 a crescut al\u0103turi de afacerea noastr\u0103. De la 8 profesioni\u0219ti califica\u021bi \u00een 2018 la peste 20 de persoane talentate \u00een 2024, am parcurs un drum lung. Fiecare membru al echipei noastre \u00eemp\u0103rt\u0103\u0219e\u0219te un angajament fa\u021b\u0103 de precizie, calitate \u0219i satisfac\u021bie a clien\u021bilor. Ast\u0103zi, oferim cu m\u00e2ndrie servicii de prelucrare CNC de clas\u0103 mondial\u0103 pie\u021belor globale, sus\u021binute de peste un deceniu de experien\u021b\u0103 \u0219i de o pasiune pentru \u00eembun\u0103t\u0103\u021birea continu\u0103.<\/p>\n\t\t<\/div>\n\t\t\t\t\t<\/div>\n\n\t\n<\/div>\n<div class=\"row align-center\"  id=\"row-95936555\">\n\n\t<div id=\"col-1738623783\" class=\"col medium-9 small-10 large-12\"  >\n\t\t\t\t<div class=\"col-inner text-center\"  >\n\t\t\t\n\t\t\t\n\t<div id=\"text-540313255\" class=\"text\">\n\t\t\n<p>La CNCRUSH, ne angaj\u0103m <strong>calitate, precizie \u0219i inova\u021bie<\/strong>. Indiferent dac\u0103 ave\u021bi nevoie de prototipuri mici sau de loturi mari de produc\u021bie, suntem partenerul dumneavoastr\u0103 de \u00eencredere pentru prelucrarea CNC, asigur\u00e2nd excelen\u021ba \u00een fiecare etap\u0103 a produc\u021biei.<\/p>\n<p>V\u0103 invit\u0103m s\u0103 colabora\u021bi cu CNCRUSH, unde <strong>precizia se intalneste cu fiabilitatea<\/strong>. S\u0103 construim \u00eempreun\u0103 ceva extraordinar.<br \/>\n\t\t\n<style>\n#text-540313255 {\n  text-align: left;\n}\n<\/style>\n\t<\/div>\n\t\n<a href=\"https:\/\/cncrush.com\/ro\/trimiteti-intrebarea\/\" class=\"button secondary\"  style=\"border-radius:4px;\">\n\t\t<span>Trimite\u021bi \u00eentrebarea<\/span>\n\t<\/a>\n\n\t\t<\/div>\n\t\t\t\t\n<style>\n#col-1738623783 > .col-inner {\n  margin: 20px 0px 20px 0px;\n}\n<\/style>\n\t<\/div>\n\n\t\n<\/div>\n\t\t<\/div>\n\t\t\t\t\t<\/div>\n\n\t\n<\/div>\n\t\t<\/div>\n\n\t\t\n<style>\n#section_921227068 {\n  padding-top: 80px;\n  padding-bottom: 80px;\n  background-color: rgb(244, 244, 244);\n}\n<\/style>\n\t<\/section>","protected":false},"excerpt":{"rendered":"","protected":false},"author":1,"featured_media":103,"parent":0,"menu_order":0,"comment_status":"closed","ping_status":"closed","template":"page-blank.php","meta":{"footnotes":""},"class_list":["post-12","page","type-page","status-publish","has-post-thumbnail","hentry"],"_links":{"self":[{"href":"https:\/\/cncrush.com\/ro\/wp-json\/wp\/v2\/pages\/12","targetHints":{"allow":["GET"]}}],"collection":[{"href":"https:\/\/cncrush.com\/ro\/wp-json\/wp\/v2\/pages"}],"about":[{"href":"https:\/\/cncrush.com\/ro\/wp-json\/wp\/v2\/types\/page"}],"author":[{"embeddable":true,"href":"https:\/\/cncrush.com\/ro\/wp-json\/wp\/v2\/users\/1"}],"replies":[{"embeddable":true,"href":"https:\/\/cncrush.com\/ro\/wp-json\/wp\/v2\/comments?post=12"}],"version-history":[{"count":0,"href":"https:\/\/cncrush.com\/ro\/wp-json\/wp\/v2\/pages\/12\/revisions"}],"wp:featuredmedia":[{"embeddable":true,"href":"https:\/\/cncrush.com\/ro\/wp-json\/wp\/v2\/media\/103"}],"wp:attachment":[{"href":"https:\/\/cncrush.com\/ro\/wp-json\/wp\/v2\/media?parent=12"}],"curies":[{"name":"wp","href":"https:\/\/api.w.org\/{rel}","templated":true}]}}