{"id":23,"date":"2024-09-29T03:49:11","date_gmt":"2024-09-29T03:49:11","guid":{"rendered":"https:\/\/cncrush.com\/?page_id=23"},"modified":"2024-12-20T07:45:35","modified_gmt":"2024-12-20T07:45:35","slug":"servicii-suplimentare","status":"publish","type":"page","link":"https:\/\/cncrush.com\/ro\/servicii-suplimentare\/","title":{"rendered":"Servicii suplimentare"},"content":{"rendered":"<div class=\"container section-title-container\" ><h3 class=\"section-title section-title-normal\"><b><\/b><span class=\"section-title-main\" style=\"font-size:133%;\">Servicii suplimentare<\/span><b><\/b><\/h3><\/div>\n\n\t<section class=\"section\" id=\"section_93122584\">\n\t\t<div class=\"section-bg fill\" >\n\t\t\t\t\t\t\t\t\t\n\t\t\t\n\n\t\t<\/div>\n\n\t\t\n\n\t\t<div class=\"section-content relative\">\n\t\t\t\n<div class=\"row row-collapse\"  id=\"row-423349436\">\n\n\t<div id=\"col-1476767155\" class=\"col medium-5 small-12 large-5\"  >\n\t\t\t\t<div class=\"col-inner\"  >\n\t\t\t\n\t\t\t\n<div class=\"row\"  id=\"row-141983451\">\n\n\t<div id=\"col-172203071\" class=\"col medium-9 small-12 large-9\"  >\n\t\t\t\t<div class=\"col-inner\"  >\n\t\t\t\n\t\t\t\n\t<div id=\"text-2875586642\" class=\"text\">\n\t\t\n<h3>Suport tehnic<\/h3>\n<p>Oferim asisten\u021b\u0103 tehnic\u0103 cuprinz\u0103toare pentru a v\u0103 optimiza procesele de produc\u021bie. Expertiza noastr\u0103 include evaluarea fabricabilit\u0103\u021bii pieselor, recomandarea de \u00eembun\u0103t\u0103\u021biri ale materialelor \u0219i proceselor \u0219i furnizarea de ajust\u0103ri de proiectare pentru a spori eficien\u021ba \u0219i a reduce costurile.\u00a0<\/p>\n\t\t\n<style>\n#text-2875586642 {\n  text-align: left;\n}\n<\/style>\n\t<\/div>\n\t\n\t<div class=\"img has-hover x md-x lg-x y md-y lg-y\" id=\"image_1846923551\">\n\t\t\t\t\t\t\t\t<div class=\"img-inner dark\" >\n\t\t\t<img loading=\"lazy\" decoding=\"async\" width=\"1020\" height=\"536\" src=\"https:\/\/cncrush.com\/wp-content\/uploads\/2024\/12\/technical-support-1024x538.png\" class=\"attachment-large size-large\" alt=\"\" srcset=\"https:\/\/cncrush.com\/wp-content\/uploads\/2024\/12\/technical-support-1024x538.png 1024w, https:\/\/cncrush.com\/wp-content\/uploads\/2024\/12\/technical-support-300x158.png 300w, https:\/\/cncrush.com\/wp-content\/uploads\/2024\/12\/technical-support-768x403.png 768w, https:\/\/cncrush.com\/wp-content\/uploads\/2024\/12\/technical-support-18x9.png 18w, https:\/\/cncrush.com\/wp-content\/uploads\/2024\/12\/technical-support.png 1200w\" sizes=\"auto, (max-width: 1020px) 100vw, 1020px\" title=\"\">\t\t\t\t\t\t\n\t\t\t\t\t<\/div>\n\t\t\t\t\t\t\t\t\n<style>\n#image_1846923551 {\n  width: 100%;\n}\n<\/style>\n\t<\/div>\n\t\n\t\t<\/div>\n\t\t\t\t\t<\/div>\n\n\t\n\n\t<div id=\"col-462942222\" class=\"col medium-9 small-12 large-9\"  >\n\t\t\t\t<div class=\"col-inner\"  >\n\t\t\t\n\t\t\t\n<h3>Asamblare<\/h3>\n<p>Oferim clien\u021bilor no\u0219tri produc\u021bie complet\u0103 de subansambluri, urmat\u0103 de servicii de asamblare cu participarea personalului cu experien\u021b\u0103<\/p>\n\t\t<\/div>\n\t\t\t\t\t<\/div>\n\n\t\n\n\t<div id=\"col-1243457938\" class=\"col medium-7 small-12 large-7\"  >\n\t\t\t\t<div class=\"col-inner\"  >\n\t\t\t\n\t\t\t\n\t<div class=\"img has-hover x md-x lg-x y md-y lg-y\" id=\"image_2046049706\">\n\t\t\t\t\t\t\t\t<div class=\"img-inner dark\" >\n\t\t\t<img loading=\"lazy\" decoding=\"async\" width=\"1020\" height=\"765\" src=\"https:\/\/cncrush.com\/wp-content\/uploads\/2024\/12\/Assembly-1024x768.jpg\" class=\"attachment-large size-large\" alt=\"\" srcset=\"https:\/\/cncrush.com\/wp-content\/uploads\/2024\/12\/Assembly-1024x768.jpg 1024w, https:\/\/cncrush.com\/wp-content\/uploads\/2024\/12\/Assembly-300x225.jpg 300w, https:\/\/cncrush.com\/wp-content\/uploads\/2024\/12\/Assembly-768x576.jpg 768w, https:\/\/cncrush.com\/wp-content\/uploads\/2024\/12\/Assembly-16x12.jpg 16w, https:\/\/cncrush.com\/wp-content\/uploads\/2024\/12\/Assembly.jpg 1440w\" sizes=\"auto, (max-width: 1020px) 100vw, 1020px\" title=\"\">\t\t\t\t\t\t\n\t\t\t\t\t<\/div>\n\t\t\t\t\t\t\t\t\n<style>\n#image_2046049706 {\n  width: 100%;\n}\n<\/style>\n\t<\/div>\n\t\n\t\t<\/div>\n\t\t\t\t\t<\/div>\n\n\t\n<\/div>\n\t\t<\/div>\n\t\t\t\t\t<\/div>\n\n\t\n\n\t<div id=\"col-620562380\" class=\"col medium-6 small-12 large-6\"  >\n\t\t\t\t<div class=\"col-inner\"  >\n\t\t\t\n\t\t\t\n<div class=\"row\"  id=\"row-2134165505\">\n\n\t<div id=\"col-735179725\" class=\"col medium-7 small-12 large-7\"  >\n\t\t\t\t<div class=\"col-inner\"  >\n\t\t\t\n\t\t\t\n<h3>Sp\u0103lat<\/h3>\n<p>De\u021binem mai multe ma\u0219ini de sp\u0103lat cu ultrasunete, datorit\u0103 c\u0103rora ne putem asigura c\u0103 piesele pe care le fabric\u0103m sunt curate \u0219i f\u0103r\u0103 bavuri, a\u0219chii sau reziduuri de ulei.<\/p>\n\t<div class=\"img has-hover x md-x lg-x y md-y lg-y\" id=\"image_1654041966\">\n\t\t\t\t\t\t\t\t<div class=\"img-inner dark\" >\n\t\t\t<img loading=\"lazy\" decoding=\"async\" width=\"538\" height=\"306\" src=\"https:\/\/cncrush.com\/wp-content\/uploads\/2024\/12\/ultrasonics.png\" class=\"attachment-large size-large\" alt=\"\" srcset=\"https:\/\/cncrush.com\/wp-content\/uploads\/2024\/12\/ultrasonics.png 538w, https:\/\/cncrush.com\/wp-content\/uploads\/2024\/12\/ultrasonics-300x171.png 300w, https:\/\/cncrush.com\/wp-content\/uploads\/2024\/12\/ultrasonics-18x10.png 18w\" sizes=\"auto, (max-width: 538px) 100vw, 538px\" title=\"\">\t\t\t\t\t\t\n\t\t\t\t\t<\/div>\n\t\t\t\t\t\t\t\t\n<style>\n#image_1654041966 {\n  width: 100%;\n}\n<\/style>\n\t<\/div>\n\t\n\t\t<\/div>\n\t\t\t\t\t<\/div>\n\n\t\n\n\t<div id=\"col-9750508\" class=\"col medium-8 small-12 large-8\"  >\n\t\t\t\t<div class=\"col-inner\"  >\n\t\t\t\n\t\t\t\n<h3>Op\u021biuni de livrare<\/h3>\n<p>Oferim diferite op\u021biuni de transport, cum ar fi DHL, FedEx, UPS, transport maritim, transport feroviar \u0219i multe altele.<\/p>\n\t<div class=\"img has-hover x md-x lg-x y md-y lg-y\" id=\"image_1177337053\">\n\t\t\t\t\t\t\t\t<div class=\"img-inner dark\" >\n\t\t\t<img loading=\"lazy\" decoding=\"async\" width=\"833\" height=\"468\" src=\"https:\/\/cncrush.com\/wp-content\/uploads\/2024\/12\/fedex-ups-dhl-usps.jpg\" class=\"attachment-large size-large\" alt=\"\" srcset=\"https:\/\/cncrush.com\/wp-content\/uploads\/2024\/12\/fedex-ups-dhl-usps.jpg 833w, https:\/\/cncrush.com\/wp-content\/uploads\/2024\/12\/fedex-ups-dhl-usps-300x169.jpg 300w, https:\/\/cncrush.com\/wp-content\/uploads\/2024\/12\/fedex-ups-dhl-usps-768x431.jpg 768w, https:\/\/cncrush.com\/wp-content\/uploads\/2024\/12\/fedex-ups-dhl-usps-18x10.jpg 18w\" sizes=\"auto, (max-width: 833px) 100vw, 833px\" title=\"\">\t\t\t\t\t\t\n\t\t\t\t\t<\/div>\n\t\t\t\t\t\t\t\t\n<style>\n#image_1177337053 {\n  width: 100%;\n}\n<\/style>\n\t<\/div>\n\t\n\t\t<\/div>\n\t\t\t\t\t<\/div>\n\n\t\n<\/div>\n\t\t<\/div>\n\t\t\t\t\t<\/div>\n\n\t\n<\/div>\n\t\t<\/div>\n\n\t\t\n<style>\n#section_93122584 {\n  padding-top: 0px;\n  padding-bottom: 0px;\n}\n@media (min-width:550px) {\n  #section_93122584 {\n    padding-top: 10px;\n    padding-bottom: 10px;\n  }\n}\n<\/style>\n\t<\/section>","protected":false},"excerpt":{"rendered":"","protected":false},"author":1,"featured_media":0,"parent":0,"menu_order":0,"comment_status":"closed","ping_status":"closed","template":"page-blank.php","meta":{"footnotes":""},"class_list":["post-23","page","type-page","status-publish","hentry"],"_links":{"self":[{"href":"https:\/\/cncrush.com\/ro\/wp-json\/wp\/v2\/pages\/23","targetHints":{"allow":["GET"]}}],"collection":[{"href":"https:\/\/cncrush.com\/ro\/wp-json\/wp\/v2\/pages"}],"about":[{"href":"https:\/\/cncrush.com\/ro\/wp-json\/wp\/v2\/types\/page"}],"author":[{"embeddable":true,"href":"https:\/\/cncrush.com\/ro\/wp-json\/wp\/v2\/users\/1"}],"replies":[{"embeddable":true,"href":"https:\/\/cncrush.com\/ro\/wp-json\/wp\/v2\/comments?post=23"}],"version-history":[{"count":0,"href":"https:\/\/cncrush.com\/ro\/wp-json\/wp\/v2\/pages\/23\/revisions"}],"wp:attachment":[{"href":"https:\/\/cncrush.com\/ro\/wp-json\/wp\/v2\/media?parent=23"}],"curies":[{"name":"wp","href":"https:\/\/api.w.org\/{rel}","templated":true}]}}