{"id":33,"date":"2024-09-29T03:50:17","date_gmt":"2024-09-29T03:50:17","guid":{"rendered":"https:\/\/cncrush.com\/?page_id=33"},"modified":"2024-12-20T14:14:01","modified_gmt":"2024-12-20T14:14:01","slug":"produse-de-consum","status":"publish","type":"page","link":"https:\/\/cncrush.com\/ro\/produse-de-consum\/","title":{"rendered":"Produse de consum"},"content":{"rendered":"<section class=\"section dark\" id=\"section_1316289409\">\n\t\t<div class=\"section-bg fill\" >\n\t\t\t<img loading=\"lazy\" decoding=\"async\" width=\"2100\" height=\"700\" src=\"https:\/\/cncrush.com\/wp-content\/uploads\/2024\/10\/consumer-products.webp\" class=\"bg attachment- size-\" alt=\"\" title=\"\">\t\t\t\t\t\t<div class=\"section-bg-overlay absolute fill\"><\/div><button class=\"scroll-for-more z-5 icon absolute bottom h-center\" aria-label=\"Derula\u021bi pentru mai multe\"><i class=\"icon-angle-down\" style=\"font-size:42px;\" ><\/i><\/button>\n\t\t\t\n\n\t\t<\/div>\n\n\t\t\n\n\t\t<div class=\"section-content relative\">\n\t\t\t\n<div class=\"row align-center\"  id=\"row-1022817936\">\n\n\t<div id=\"col-1769537463\" class=\"col medium-10 small-12 large-10\"  >\n\t\t\t\t<div class=\"col-inner text-center\"  >\n\t\t\t\n\t\t\t\n\t<div id=\"text-3347161877\" class=\"text\">\n\t\t\n<h1>Fabricarea produselor de larg consum<\/h1>\n\t\t\n<style>\n#text-3347161877 {\n  font-size: 1.35rem;\n}\n@media (min-width:550px) {\n  #text-3347161877 {\n    font-size: 2rem;\n  }\n}\n<\/style>\n\t<\/div>\n\t\n<div class=\"row\"  id=\"row-1482997667\">\n\n\t<div id=\"col-887459402\" class=\"col medium-9 small-12 large-9\"  >\n\t\t\t\t<div class=\"col-inner\"  >\n\t\t\t\n\t\t\t\n<p>La CNCRUSH, v\u0103 vom aduce ideile de produse la via\u021b\u0103, ajut\u00e2ndu-v\u0103 s\u0103 optimiza\u021bi at\u00e2t costurile de proiectare, c\u00e2t \u0219i de produc\u021bie. Ne asigur\u0103m c\u0103 produsul dumneavoastr\u0103 este ambalat conform specifica\u021biilor dumneavoastr\u0103, oferind at\u00e2t calitate, c\u00e2t \u0219i valoare.<\/p>\n\t\t<\/div>\n\t\t\t\t\t<\/div>\n\n\t\n<\/div>\n\t\t<\/div>\n\t\t\t\t\t<\/div>\n\n\t\n<\/div>\n\t\t<\/div>\n\n\t\t\n<style>\n#section_1316289409 {\n  padding-top: 30px;\n  padding-bottom: 30px;\n  min-height: 100px;\n}\n#section_1316289409 .section-bg-overlay {\n  background-color: rgba(0, 0, 0, 0.384);\n}\n#section_1316289409 .section-bg img {\n  object-position: 53% 58%;\n}\n@media (min-width:550px) {\n  #section_1316289409 {\n    min-height: 600px;\n  }\n}\n<\/style>\n\t<\/section>\n\t\n\n\t<section class=\"section\" id=\"section_2128268350\">\n\t\t<div class=\"section-bg fill\" >\n\t\t\t\t\t\t\t\t\t\n\t\t\t\n\n\t\t<\/div>\n\n\t\t\n\n\t\t<div class=\"section-content relative\">\n\t\t\t\n<div class=\"row row-large steps-simple-headline\"  id=\"row-1261783941\">\n\n\t<div id=\"col-766157718\" class=\"col medium-8 small-12 large-12\"  >\n\t\t\t\t<div class=\"col-inner\"  >\n\t\t\t\n\t\t\t\n<div class=\"row row-collapse\"  id=\"row-1641042506\">\n\n\t<div id=\"col-967763709\" class=\"col medium-1 small-2 large-1\"  >\n\t\t\t\t<div class=\"col-inner\"  >\n\t\t\t\n\t\t\t\n<h2>01<\/h2>\n\t\t<\/div>\n\t\t\t\t\t<\/div>\n\n\t\n\n\t<div id=\"col-2051372089\" class=\"col medium-11 small-10 large-11\"  >\n\t\t\t\t<div class=\"col-inner\"  >\n\t\t\t\n\t\t\t\n<h3>Exemple de produse pe care le producem<\/h3>\n<ul>\n<li>Carcase pentru butoanele sistemului de control al cl\u0103dirii<\/li>\n<li>Carcase pentru tablete<\/li>\n<li>Piese de biciclete<\/li>\n<li>Componente pentru narghile<\/li>\n<li>Suporturi si butoane pentru aparate electrocasnice si echipamente electronice<\/li>\n<\/ul>\n\t\t<\/div>\n\t\t\t\t\t<\/div>\n\n\t\n<\/div>\n<div class=\"is-divider divider clearfix\" style=\"margin-top:10px;margin-bottom:10px;max-width:100%;height:1px;\"><\/div>\n<div class=\"row row-collapse\"  id=\"row-818324218\">\n\n\t<div id=\"col-601543385\" class=\"col medium-1 small-2 large-1\"  >\n\t\t\t\t<div class=\"col-inner\"  >\n\t\t\t\n\t\t\t\n<h2>02<\/h2>\n\t\t<\/div>\n\t\t\t\t\t<\/div>\n\n\t\n\n\t<div id=\"col-1182391535\" class=\"col medium-11 small-10 large-11\"  >\n\t\t\t\t<div class=\"col-inner\"  >\n\t\t\t\n\t\t\t\n<h3>Suport cuprinz\u0103tor<\/h3>\n<p>Ave\u021bi o idee, dar nu sunte\u021bi sigur de pa\u0219ii urm\u0103tori? La CNCRUSH, v\u0103 transform\u0103m conceptele \u00een realitate. Echipa noastr\u0103 v\u0103 va ajuta \u00een:<\/p>\n<ul>\n<li><strong>Proiectarea produsului dvs<\/strong> pentru a v\u0103 asigura c\u0103 corespunde viziunii dvs<\/li>\n<li>Asigur\u00e2nd <strong>performan\u021b\u0103 optim\u0103<\/strong> cu specificatiile potrivite<\/li>\n<li><strong>Alegerea celor mai bune materiale<\/strong> pentru durabilitate si functionalitate<\/li>\n<li>A crea cel mai mult <strong>proces de produc\u021bie eficient<\/strong><\/li>\n<li><strong>Alegerea ambalajului perfect<\/strong> pentru a se potrivi cu marca dvs<\/li>\n<\/ul>\n\t\t<\/div>\n\t\t\t\t\t<\/div>\n\n\t\n<\/div>\n<div class=\"is-divider divider clearfix\" style=\"margin-top:10px;margin-bottom:10px;max-width:100%;height:1px;\"><\/div>\n<div class=\"row row-collapse align-middle\"  id=\"row-1628934129\">\n\n\t<div id=\"col-1663212057\" class=\"col medium-1 small-2 large-1\"  >\n\t\t\t\t<div class=\"col-inner\"  >\n\t\t\t\n\t\t\t\n<h2>03<\/h2>\n\t\t<\/div>\n\t\t\t\t\t<\/div>\n\n\t\n\n\t<div id=\"col-1552780332\" class=\"col medium-11 small-10 large-11\"  >\n\t\t\t\t<div class=\"col-inner\"  >\n\t\t\t\n\t\t\t\n<h3>Proces de fabrica\u021bie personalizat<\/h3>\n<p>La CNCRUSH, oferim solu\u021bii de produc\u021bie end-to-end, adaptate pentru a r\u0103spunde nevoilor specifice ale produsului dumneavoastr\u0103:<\/p>\n<ul>\n<li><strong>Design \u0219i precizie:<\/strong> Construc\u021bie detaliat\u0103 \u0219i optimizare a parametrilor<\/li>\n<li><strong>Dezvoltare \u0219i testare:<\/strong> Identificarea tehnologiei potrivite \u0219i a tratamentelor suplimentare<\/li>\n<li><strong>Solu\u021bii vizuale \u0219i de ambalare:<\/strong> Asigurarea c\u0103 produsul final arat\u0103 grozav \u0219i este protejat corespunz\u0103tor<\/li>\n<li><strong>Controlul calit\u0103\u021bii:<\/strong> Inspec\u021bii complete pentru a asigura o calitate superioar\u0103<\/li>\n<li><strong>Flexibilitate:<\/strong> Adapta\u021bi-v\u0103 cu u\u0219urin\u021b\u0103 la modific\u0103rile de produs \u0219i \u00eembun\u0103t\u0103\u021birile de design<\/li>\n<li><strong>Comunicare directa:<\/strong> Colaborare str\u00e2ns\u0103 cu managerul de proiect \u0219i monitorizarea continu\u0103 a liniei de produc\u021bie<\/li>\n<li><strong>Durabilitate \u0219i testare:<\/strong> Selectarea materialelor potrivite pentru longevitatea produsului<\/li>\n<\/ul>\n\t\t<\/div>\n\t\t\t\t\t<\/div>\n\n\t\n<\/div>\n<div class=\"is-divider divider clearfix\" style=\"margin-top:10px;margin-bottom:10px;max-width:100%;height:1px;\"><\/div>\n\t\t<\/div>\n\t\t\t\t\t<\/div>\n\n\t\n<\/div>\n\t\t<\/div>\n\n\t\t\n<style>\n#section_2128268350 {\n  padding-top: 60px;\n  padding-bottom: 60px;\n}\n<\/style>\n\t<\/section>\n\t\n<div class=\"row row-collapse row-full-width\"  id=\"row-123316261\">\n\n\t<div id=\"col-879492813\" class=\"col small-12 large-12\"  >\n\t\t\t\t<div class=\"col-inner text-center dark\"  >\n\t\t\t\n\t\t\t\n\n  <div class=\"banner has-hover\" id=\"banner-1694142239\">\n          <div class=\"banner-inner fill\">\n        <div class=\"banner-bg fill\" >\n            <img loading=\"lazy\" decoding=\"async\" width=\"1020\" height=\"421\" src=\"https:\/\/cncrush.com\/wp-content\/uploads\/2024\/09\/milled-stainless-steel-background-1024x423.webp\" class=\"bg attachment-large size-large\" alt=\"\" title=\"\">                        <div class=\"overlay\"><\/div>            \n                    <\/div>\n\t\t\n        <div class=\"banner-layers container\">\n            <div class=\"fill banner-link\"><\/div>            \n   <div id=\"text-box-1589985359\" class=\"text-box banner-layer x50 md-x50 lg-x50 y50 md-y50 lg-y50 res-text\">\n                                <div class=\"text-box-content text dark\">\n              \n              <div class=\"text-inner text-center\">\n                  \n\t<div id=\"text-808641015\" class=\"text\">\n\t\t\n<h3>Interesat? Ob\u021bine\u021bi o cota\u021bie gratuit\u0103 ast\u0103zi!<\/h3>\n\t\t\n<style>\n#text-808641015 {\n  font-size: 0.75rem;\n  text-align: center;\n}\n<\/style>\n\t<\/div>\n\t\n<a href=\"https:\/\/cncrush.com\/ro\/trimiteti-intrebarea\/\" class=\"button alert\"  >\n\t\t<span>Trimite\u021bi \u00eentrebarea dvs<\/span>\n\t<\/a>\n\n              <\/div>\n           <\/div>\n                            \n<style>\n#text-box-1589985359 {\n  width: 100%;\n}\n#text-box-1589985359 .text-box-content {\n  font-size: 100%;\n}\n@media (min-width:550px) {\n  #text-box-1589985359 {\n    width: 94%;\n  }\n}\n<\/style>\n    <\/div>\n \n        <\/div>\n      <\/div>\n\n            \n<style>\n#banner-1694142239 {\n  padding-top: 99.99%;\n}\n#banner-1694142239 .overlay {\n  background-color: rgba(0, 0, 0, 0.17);\n}\n#banner-1694142239 .banner-bg img {\n  object-position: 47% 60%;\n}\n@media (min-width:550px) {\n  #banner-1694142239 {\n    padding-top: 119px;\n  }\n}\n<\/style>\n  <\/div>\n\n\n\t\t<\/div>\n\t\t\t\t\t<\/div>\n\n\t\n<\/div>","protected":false},"excerpt":{"rendered":"","protected":false},"author":1,"featured_media":0,"parent":0,"menu_order":0,"comment_status":"closed","ping_status":"closed","template":"page-blank.php","meta":{"footnotes":""},"class_list":["post-33","page","type-page","status-publish","hentry"],"_links":{"self":[{"href":"https:\/\/cncrush.com\/ro\/wp-json\/wp\/v2\/pages\/33","targetHints":{"allow":["GET"]}}],"collection":[{"href":"https:\/\/cncrush.com\/ro\/wp-json\/wp\/v2\/pages"}],"about":[{"href":"https:\/\/cncrush.com\/ro\/wp-json\/wp\/v2\/types\/page"}],"author":[{"embeddable":true,"href":"https:\/\/cncrush.com\/ro\/wp-json\/wp\/v2\/users\/1"}],"replies":[{"embeddable":true,"href":"https:\/\/cncrush.com\/ro\/wp-json\/wp\/v2\/comments?post=33"}],"version-history":[{"count":0,"href":"https:\/\/cncrush.com\/ro\/wp-json\/wp\/v2\/pages\/33\/revisions"}],"wp:attachment":[{"href":"https:\/\/cncrush.com\/ro\/wp-json\/wp\/v2\/media?parent=33"}],"curies":[{"name":"wp","href":"https:\/\/api.w.org\/{rel}","templated":true}]}}