{"id":12,"date":"2024-09-29T03:47:11","date_gmt":"2024-09-29T03:47:11","guid":{"rendered":"https:\/\/cncrush.com\/?page_id=12"},"modified":"2024-12-20T13:30:54","modified_gmt":"2024-12-20T13:30:54","slug":"o-nas","status":"publish","type":"page","link":"https:\/\/cncrush.com\/sl\/o-nas\/","title":{"rendered":"O nas"},"content":{"rendered":"<section class=\"section\" id=\"section_762157039\">\n\t\t<div class=\"section-bg fill\" >\n\t\t\t\t\t\t\t\t\t\n\t\t\t\n\n\t\t<\/div>\n\n\t\t\n\n\t\t<div class=\"section-content relative\">\n\t\t\t\n<div class=\"row align-center\"  id=\"row-919118162\">\n\n\t<div id=\"col-1390644583\" class=\"col medium-11 small-12 large-10\"  >\n\t\t\t\t<div class=\"col-inner\"  >\n\t\t\t\n\t\t\t\n<div class=\"row row-large align-middle\"  id=\"row-1148942515\">\n\n\t<div id=\"col-1814894480\" class=\"col medium-4 small-12 large-6\"  >\n\t\t\t\t<div class=\"col-inner\"  >\n\t\t\t\n\t\t\t\n\n  <div class=\"banner has-hover\" id=\"banner-1587069423\">\n          <div class=\"banner-inner fill\">\n        <div class=\"banner-bg fill\" >\n            <img loading=\"lazy\" decoding=\"async\" width=\"1020\" height=\"876\" src=\"https:\/\/cncrush.com\/wp-content\/uploads\/2024\/12\/Machines-1-1024x879.jpg\" class=\"bg attachment-large size-large\" alt=\"\" title=\"\">                                    \n                    <\/div>\n\t\t\n        <div class=\"banner-layers container\">\n            <div class=\"fill banner-link\"><\/div>            \n   <div id=\"text-box-626184889\" class=\"text-box banner-layer x50 md-x50 lg-x50 y50 md-y50 lg-y50 res-text\">\n                                <div class=\"text-box-content text dark\">\n              \n              <div class=\"text-inner text-center\">\n                  \n              <\/div>\n           <\/div>\n                            \n<style>\n#text-box-626184889 {\n  width: 60%;\n}\n#text-box-626184889 .text-box-content {\n  font-size: 100%;\n}\n@media (min-width:550px) {\n  #text-box-626184889 {\n    width: 60%;\n  }\n}\n<\/style>\n    <\/div>\n \n        <\/div>\n      <\/div>\n\n            \n<style>\n#banner-1587069423 {\n  padding-top: 300px;\n}\n@media (min-width:550px) {\n  #banner-1587069423 {\n    padding-top: 79.66%;\n  }\n}\n<\/style>\n  <\/div>\n\n\n\t\t<\/div>\n\t\t\t\t\t<\/div>\n\n\t\n\n\t<div id=\"col-516728730\" class=\"col medium-8 small-12 large-6\"  >\n\t\t\t\t<div class=\"col-inner\"  >\n\t\t\t\n\t\t\t\n<h3>Na\u0161i skromni za\u010detki <\/h3>\n<p>Leta 2012 je Mike, na\u0161 ustanovitelj, za\u010del s samo dvema CNC strojema in vizijo zagotavljanja natan\u010dnosti in kakovosti. Takrat smo skrbeli izklju\u010dno za doma\u010di trg in izdelovali dele po meri za najrazli\u010dnej\u0161e industrije. Od majhnih delavnic do velikih tovarn sta Mikeova predanost in prakti\u010den pristop ustvarila sloves zanesljivosti in odli\u010dnosti ter postavila temelje za to, kar smo danes.<\/p>\n\t\t<\/div>\n\t\t\t\t\t<\/div>\n\n\t\n<\/div>\n<div class=\"row row-large align-middle\"  id=\"row-2088719210\">\n\n\t<div id=\"col-985792805\" class=\"col medium-8 small-12 large-6\"  >\n\t\t\t\t<div class=\"col-inner\"  >\n\t\t\t\n\t\t\t\n<h3>\u0160irjenje obzorij<\/h3>\n<p>Z rastjo povpra\u0161evanja so rasle tudi na\u0161e ambicije. Do leta 2015 smo svoje delovanje raz\u0161irili na storitve strankam v Evropi, Zdru\u017eenih dr\u017eavah Amerike in Avstraliji. Na tej poti smo izpopolnili svoje strokovno znanje in se za\u010deli osredoto\u010dati na klju\u010dne industrije, kot so avtomobilske komponente, medicinske naprave, elektronski deli in oprema za avtomatizacijo. Ti specializirani sektorji so postali temelj na\u0161e rasti in inovacij.<\/p>\n\t\t<\/div>\n\t\t\t\t\t<\/div>\n\n\t\n\n\t<div id=\"col-1840453613\" class=\"col medium-4 small-12 large-6 medium-col-first\"  >\n\t\t\t\t<div class=\"col-inner\"  >\n\t\t\t\n\t\t\t\n\n  <div class=\"banner has-hover\" id=\"banner-496939998\">\n          <div class=\"banner-inner fill\">\n        <div class=\"banner-bg fill\" >\n            <img loading=\"lazy\" decoding=\"async\" width=\"507\" height=\"494\" src=\"https:\/\/cncrush.com\/wp-content\/uploads\/2024\/12\/About-us-2.png\" class=\"bg attachment-large size-large\" alt=\"\" title=\"\">                                    \n                    <\/div>\n\t\t\n        <div class=\"banner-layers container\">\n            <div class=\"fill banner-link\"><\/div>            \n   <div id=\"text-box-1721879589\" class=\"text-box banner-layer x50 md-x50 lg-x50 y50 md-y50 lg-y50 res-text\">\n                                <div class=\"text-box-content text dark\">\n              \n              <div class=\"text-inner text-center\">\n                  \n              <\/div>\n           <\/div>\n                            \n<style>\n#text-box-1721879589 {\n  width: 60%;\n}\n#text-box-1721879589 .text-box-content {\n  font-size: 100%;\n}\n@media (min-width:550px) {\n  #text-box-1721879589 {\n    width: 60%;\n  }\n}\n<\/style>\n    <\/div>\n \n        <\/div>\n      <\/div>\n\n            \n<style>\n#banner-496939998 {\n  padding-top: 300px;\n}\n@media (min-width:550px) {\n  #banner-496939998 {\n    padding-top: 61.03%;\n  }\n}\n<\/style>\n  <\/div>\n\n\n\t\t<\/div>\n\t\t\t\t\t<\/div>\n\n\t\n<\/div>\n<div class=\"row row-large align-middle\"  id=\"row-1644899082\">\n\n\t<div id=\"col-520939015\" class=\"col medium-4 small-12 large-6\"  >\n\t\t\t\t<div class=\"col-inner\"  >\n\t\t\t\n\t\t\t\n\n  <div class=\"banner has-hover\" id=\"banner-1652432306\">\n          <div class=\"banner-inner fill\">\n        <div class=\"banner-bg fill\" >\n            <img loading=\"lazy\" decoding=\"async\" width=\"1020\" height=\"680\" src=\"https:\/\/cncrush.com\/wp-content\/uploads\/2024\/12\/Machines-2-1024x683.jpg\" class=\"bg attachment-large size-large\" alt=\"CNC rezkanje\" title=\"\">                                    \n                    <\/div>\n\t\t\n        <div class=\"banner-layers container\">\n            <div class=\"fill banner-link\"><\/div>            \n   <div id=\"text-box-309648557\" class=\"text-box banner-layer x50 md-x50 lg-x50 y50 md-y50 lg-y50 res-text\">\n                                <div class=\"text-box-content text dark\">\n              \n              <div class=\"text-inner text-center\">\n                  \n              <\/div>\n           <\/div>\n                            \n<style>\n#text-box-309648557 {\n  width: 60%;\n}\n#text-box-309648557 .text-box-content {\n  font-size: 100%;\n}\n@media (min-width:550px) {\n  #text-box-309648557 {\n    width: 60%;\n  }\n}\n<\/style>\n    <\/div>\n \n        <\/div>\n      <\/div>\n\n            \n<style>\n#banner-1652432306 {\n  padding-top: 300px;\n}\n@media (min-width:550px) {\n  #banner-1652432306 {\n    padding-top: 70.63%;\n  }\n}\n<\/style>\n  <\/div>\n\n\n\t\t<\/div>\n\t\t\t\t\t<\/div>\n\n\t\n\n\t<div id=\"col-665420901\" class=\"col medium-8 small-12 large-6\"  >\n\t\t\t\t<div class=\"col-inner\"  >\n\t\t\t\n\t\t\t\n<h3>Uspe\u0161na ekipa z globalno vizijo<\/h3>\n<p>Na\u0161a ekipa je rasla skupaj z na\u0161im poslom. Od 8 usposobljenih strokovnjakov leta 2018 do ve\u010d kot 20 talentiranih posameznikov leta 2024 smo prehodili dolgo pot. Vsak \u010dlan na\u0161e ekipe je zavezan natan\u010dnosti, kakovosti in zadovoljstvu strank. Danes s ponosom zagotavljamo storitve CNC obdelave svetovnega razreda na svetovnih trgih, podprte z ve\u010d kot desetletnimi izku\u0161njami in strastjo do nenehnih izbolj\u0161av.<\/p>\n\t\t<\/div>\n\t\t\t\t\t<\/div>\n\n\t\n<\/div>\n<div class=\"row align-center\"  id=\"row-1973166587\">\n\n\t<div id=\"col-2081257381\" class=\"col medium-9 small-10 large-12\"  >\n\t\t\t\t<div class=\"col-inner text-center\"  >\n\t\t\t\n\t\t\t\n\t<div id=\"text-387681705\" class=\"text\">\n\t\t\n<p>Pri CNCRUSH-u smo predani <strong>kakovost, natan\u010dnost in inovativnost<\/strong>. Ne glede na to, ali potrebujete majhne serije prototipov ali velike proizvodne serije, smo va\u0161 zaupanja vreden partner za CNC obdelavo, ki zagotavlja odli\u010dnost na vsaki stopnji proizvodnje.<\/p>\n<p>Vabimo vas k sodelovanju s CNCRUSH, kjer <strong>natan\u010dnost se sre\u010da z zanesljivostjo<\/strong>. Skupaj zgradimo nekaj izjemnega.<br \/>\n\t\t\n<style>\n#text-387681705 {\n  text-align: left;\n}\n<\/style>\n\t<\/div>\n\t\n<a href=\"https:\/\/cncrush.com\/sl\/poslji-povprasevanje\/\" class=\"button secondary\"  style=\"border-radius:4px;\">\n\t\t<span>Po\u0161lji povpra\u0161evanje<\/span>\n\t<\/a>\n\n\t\t<\/div>\n\t\t\t\t\n<style>\n#col-2081257381 > .col-inner {\n  margin: 20px 0px 20px 0px;\n}\n<\/style>\n\t<\/div>\n\n\t\n<\/div>\n\t\t<\/div>\n\t\t\t\t\t<\/div>\n\n\t\n<\/div>\n\t\t<\/div>\n\n\t\t\n<style>\n#section_762157039 {\n  padding-top: 80px;\n  padding-bottom: 80px;\n  background-color: rgb(244, 244, 244);\n}\n<\/style>\n\t<\/section>","protected":false},"excerpt":{"rendered":"","protected":false},"author":1,"featured_media":103,"parent":0,"menu_order":0,"comment_status":"closed","ping_status":"closed","template":"page-blank.php","meta":{"footnotes":""},"class_list":["post-12","page","type-page","status-publish","has-post-thumbnail","hentry"],"_links":{"self":[{"href":"https:\/\/cncrush.com\/sl\/wp-json\/wp\/v2\/pages\/12","targetHints":{"allow":["GET"]}}],"collection":[{"href":"https:\/\/cncrush.com\/sl\/wp-json\/wp\/v2\/pages"}],"about":[{"href":"https:\/\/cncrush.com\/sl\/wp-json\/wp\/v2\/types\/page"}],"author":[{"embeddable":true,"href":"https:\/\/cncrush.com\/sl\/wp-json\/wp\/v2\/users\/1"}],"replies":[{"embeddable":true,"href":"https:\/\/cncrush.com\/sl\/wp-json\/wp\/v2\/comments?post=12"}],"version-history":[{"count":0,"href":"https:\/\/cncrush.com\/sl\/wp-json\/wp\/v2\/pages\/12\/revisions"}],"wp:featuredmedia":[{"embeddable":true,"href":"https:\/\/cncrush.com\/sl\/wp-json\/wp\/v2\/media\/103"}],"wp:attachment":[{"href":"https:\/\/cncrush.com\/sl\/wp-json\/wp\/v2\/media?parent=12"}],"curies":[{"name":"wp","href":"https:\/\/api.w.org\/{rel}","templated":true}]}}