{"id":21,"date":"2024-09-29T03:49:06","date_gmt":"2024-09-29T03:49:06","guid":{"rendered":"https:\/\/cncrush.com\/?page_id=21"},"modified":"2024-12-20T12:05:30","modified_gmt":"2024-12-20T12:05:30","slug":"cnc-struzeni-deli","status":"publish","type":"page","link":"https:\/\/cncrush.com\/sl\/cnc-struzeni-deli\/","title":{"rendered":"CNC stru\u017eeni deli"},"content":{"rendered":"<section class=\"section dark\" id=\"section_1692475387\">\n\t\t<div class=\"section-bg fill\" >\n\t\t\t<img loading=\"lazy\" decoding=\"async\" width=\"800\" height=\"400\" src=\"https:\/\/cncrush.com\/wp-content\/uploads\/2024\/11\/1-2.webp\" class=\"bg attachment- size-\" alt=\"CNC rezkanje\" title=\"\">\t\t\t\t\t\t<div class=\"section-bg-overlay absolute fill\"><\/div><button class=\"scroll-for-more z-5 icon absolute bottom h-center\" aria-label=\"Pomaknite se za ve\u010d\"><i class=\"icon-angle-down\" style=\"font-size:42px;\" ><\/i><\/button>\n\t\t\t\n\n\t\t<\/div>\n\n\t\t\n\n\t\t<div class=\"section-content relative\">\n\t\t\t\n<div class=\"row align-center\"  id=\"row-24524950\">\n\n\t<div id=\"col-1465565640\" class=\"col medium-10 small-12 large-10\"  >\n\t\t\t\t<div class=\"col-inner text-center\"  >\n\t\t\t\n\t\t\t\n\t<div id=\"text-424512155\" class=\"text\">\n\t\t\n<h1>CNC stru\u017eeni deli<\/h1>\n\t\t\n<style>\n#text-424512155 {\n  font-size: 1.35rem;\n}\n@media (min-width:550px) {\n  #text-424512155 {\n    font-size: 2rem;\n  }\n}\n<\/style>\n\t<\/div>\n\t\n<div class=\"row\"  id=\"row-175733592\">\n\n\t<div id=\"col-1357588739\" class=\"col medium-10 small-12 large-10\"  >\n\t\t\t\t<div class=\"col-inner\"  >\n\t\t\t\n\t\t\t\n<p>Na\u0161 CNC proces stru\u017eenja izdela prototipe po meri in proizvodne dele za kon\u010dno uporabo v 1 dnevu. Uporabljamo CNC stru\u017enico z aktivnim orodjem, tako da je mogo\u010de strojno obdelati funkcije, kot so aksialne in radialne luknje, ravnine, utori in re\u017ee.<\/p>\n\t\t<\/div>\n\t\t\t\t\t<\/div>\n\n\t\n<\/div>\n\t\t<\/div>\n\t\t\t\t\t<\/div>\n\n\t\n<\/div>\n\t\t<\/div>\n\n\t\t\n<style>\n#section_1692475387 {\n  padding-top: 30px;\n  padding-bottom: 30px;\n  min-height: 100px;\n}\n#section_1692475387 .section-bg-overlay {\n  background-color: rgba(0, 0, 0, 0.384);\n}\n#section_1692475387 .section-bg img {\n  object-position: 53% 58%;\n}\n@media (min-width:550px) {\n  #section_1692475387 {\n    min-height: 200px;\n  }\n}\n<\/style>\n\t<\/section>\n\t\n\n\t<section class=\"section\" id=\"section_526465413\">\n\t\t<div class=\"section-bg fill\" >\n\t\t\t\t\t\t\t\t\t\n\t\t\t\n\n\t\t<\/div>\n\n\t\t\n\n\t\t<div class=\"section-content relative\">\n\t\t\t\n<div class=\"row align-equal row-box-shadow-2-hover\"  id=\"row-48035954\">\n\n\t<div id=\"col-1454091286\" class=\"col medium-6 small-12 large-4\"  data-animate=\"bounceInUp\">\n\t\t\t\t<div class=\"col-inner\"  >\n\t\t\t\n\t\t\t\n\n\t<a class=\"plain\" href=\"#\" >\t<div class=\"icon-box featured-box icon-box-center text-center\"  >\n\t\t\t\t<div class=\"icon-box-text last-reset\">\n\t\t\t\t\t\t\t\t\t\n<h3>Avtomobilski \u0161kripec<\/h3>\n\t<div class=\"img has-hover x md-x lg-x y md-y lg-y\" id=\"image_864282443\">\n\t\t\t\t\t\t\t\t<div class=\"img-inner dark\" >\n\t\t\t<img loading=\"lazy\" decoding=\"async\" width=\"1020\" height=\"829\" src=\"https:\/\/cncrush.com\/wp-content\/uploads\/2024\/12\/234c1419f76b724ab7490d7d935cb0f-1024x832.jpg\" class=\"attachment-large size-large\" alt=\"\" srcset=\"https:\/\/cncrush.com\/wp-content\/uploads\/2024\/12\/234c1419f76b724ab7490d7d935cb0f-1024x832.jpg 1024w, https:\/\/cncrush.com\/wp-content\/uploads\/2024\/12\/234c1419f76b724ab7490d7d935cb0f-300x244.jpg 300w, https:\/\/cncrush.com\/wp-content\/uploads\/2024\/12\/234c1419f76b724ab7490d7d935cb0f-768x624.jpg 768w, https:\/\/cncrush.com\/wp-content\/uploads\/2024\/12\/234c1419f76b724ab7490d7d935cb0f-1536x1248.jpg 1536w, https:\/\/cncrush.com\/wp-content\/uploads\/2024\/12\/234c1419f76b724ab7490d7d935cb0f-2048x1665.jpg 2048w, https:\/\/cncrush.com\/wp-content\/uploads\/2024\/12\/234c1419f76b724ab7490d7d935cb0f-15x12.jpg 15w\" sizes=\"auto, (max-width: 1020px) 100vw, 1020px\" title=\"\">\t\t\t\t\t\t\n\t\t\t\t\t<\/div>\n\t\t\t\t\t\t\t\t\n<style>\n#image_864282443 {\n  width: 100%;\n}\n<\/style>\n\t<\/div>\n\t\n\t\t<\/div>\n\t<\/div>\n\t<\/a>\n\t\n\t\t<\/div>\n\t\t\t\t\t<\/div>\n\n\t\n\n\t<div id=\"col-985368719\" class=\"col medium-6 small-12 large-4\"  data-animate=\"bounceInUp\">\n\t\t\t\t<div class=\"col-inner\"  >\n\t\t\t\n\t\t\t\n\n\t<a class=\"plain\" href=\"#\" >\t<div class=\"icon-box featured-box icon-box-center text-center\"  >\n\t\t\t\t<div class=\"icon-box-text last-reset\">\n\t\t\t\t\t\t\t\t\t\n<h3>Osi in gredi<\/h3>\n\t<div class=\"img has-hover x md-x lg-x y md-y lg-y\" id=\"image_38330034\">\n\t\t\t\t\t\t\t\t<div class=\"img-inner dark\" >\n\t\t\t<img loading=\"lazy\" decoding=\"async\" width=\"1020\" height=\"588\" src=\"https:\/\/cncrush.com\/wp-content\/uploads\/2024\/12\/Nickel-Plating.jpg\" class=\"attachment-large size-large\" alt=\"\" srcset=\"https:\/\/cncrush.com\/wp-content\/uploads\/2024\/12\/Nickel-Plating.jpg 1024w, https:\/\/cncrush.com\/wp-content\/uploads\/2024\/12\/Nickel-Plating-300x173.jpg 300w, https:\/\/cncrush.com\/wp-content\/uploads\/2024\/12\/Nickel-Plating-768x443.jpg 768w, https:\/\/cncrush.com\/wp-content\/uploads\/2024\/12\/Nickel-Plating-18x10.jpg 18w\" sizes=\"auto, (max-width: 1020px) 100vw, 1020px\" title=\"\">\t\t\t\t\t\t\n\t\t\t\t\t<\/div>\n\t\t\t\t\t\t\t\t\n<style>\n#image_38330034 {\n  width: 100%;\n}\n<\/style>\n\t<\/div>\n\t\n\t\t<\/div>\n\t<\/div>\n\t<\/a>\n\t\n\t\t<\/div>\n\t\t\t\t\t<\/div>\n\n\t\n\n\t<div id=\"col-1640802070\" class=\"col medium-6 small-12 large-4\"  data-animate=\"bounceInUp\">\n\t\t\t\t<div class=\"col-inner\"  >\n\t\t\t\n\t\t\t\n\n\t<a class=\"plain\" href=\"#\" >\t<div class=\"icon-box featured-box icon-box-center text-center\"  >\n\t\t\t\t<div class=\"icon-box-text last-reset\">\n\t\t\t\t\t\t\t\t\t\n<h3>Vijaki in pritrdilni elementi<\/h3>\n\t<div class=\"img has-hover x md-x lg-x y md-y lg-y\" id=\"image_651422035\">\n\t\t\t\t\t\t\t\t<div class=\"img-inner dark\" >\n\t\t\t<img loading=\"lazy\" decoding=\"async\" width=\"1020\" height=\"741\" src=\"https:\/\/cncrush.com\/wp-content\/uploads\/2024\/12\/1-1024x744.jpg\" class=\"attachment-large size-large\" alt=\"\" srcset=\"https:\/\/cncrush.com\/wp-content\/uploads\/2024\/12\/1-1024x744.jpg 1024w, https:\/\/cncrush.com\/wp-content\/uploads\/2024\/12\/1-300x218.jpg 300w, https:\/\/cncrush.com\/wp-content\/uploads\/2024\/12\/1-768x558.jpg 768w, https:\/\/cncrush.com\/wp-content\/uploads\/2024\/12\/1-1536x1116.jpg 1536w, https:\/\/cncrush.com\/wp-content\/uploads\/2024\/12\/1-2048x1488.jpg 2048w, https:\/\/cncrush.com\/wp-content\/uploads\/2024\/12\/1-18x12.jpg 18w\" sizes=\"auto, (max-width: 1020px) 100vw, 1020px\" title=\"\">\t\t\t\t\t\t\n\t\t\t\t\t<\/div>\n\t\t\t\t\t\t\t\t\n<style>\n#image_651422035 {\n  width: 100%;\n}\n<\/style>\n\t<\/div>\n\t\n\t\t<\/div>\n\t<\/div>\n\t<\/a>\n\t\n\t\t<\/div>\n\t\t\t\t\t<\/div>\n\n\t\n\n\t<div id=\"col-212593325\" class=\"col medium-6 small-12 large-4\"  data-animate=\"bounceInUp\">\n\t\t\t\t<div class=\"col-inner\"  >\n\t\t\t\n\t\t\t\n\n\t<a class=\"plain\" href=\"#\" >\t<div class=\"icon-box featured-box icon-box-center text-center\"  >\n\t\t\t\t<div class=\"icon-box-text last-reset\">\n\t\t\t\t\t\t\t\t\t\n<h3>Pu\u0161e<\/h3>\n\t<div class=\"img has-hover x md-x lg-x y md-y lg-y\" id=\"image_1641610452\">\n\t\t\t\t\t\t\t\t<div class=\"img-inner dark\" >\n\t\t\t<img loading=\"lazy\" decoding=\"async\" width=\"1020\" height=\"709\" src=\"https:\/\/cncrush.com\/wp-content\/uploads\/2024\/12\/4482ae9563252855b301506e337d83d-1024x712.jpg\" class=\"attachment-large size-large\" alt=\"CNC obdelani deli\" srcset=\"https:\/\/cncrush.com\/wp-content\/uploads\/2024\/12\/4482ae9563252855b301506e337d83d-1024x712.jpg 1024w, https:\/\/cncrush.com\/wp-content\/uploads\/2024\/12\/4482ae9563252855b301506e337d83d-300x209.jpg 300w, https:\/\/cncrush.com\/wp-content\/uploads\/2024\/12\/4482ae9563252855b301506e337d83d-768x534.jpg 768w, https:\/\/cncrush.com\/wp-content\/uploads\/2024\/12\/4482ae9563252855b301506e337d83d-1536x1068.jpg 1536w, https:\/\/cncrush.com\/wp-content\/uploads\/2024\/12\/4482ae9563252855b301506e337d83d-2048x1424.jpg 2048w, https:\/\/cncrush.com\/wp-content\/uploads\/2024\/12\/4482ae9563252855b301506e337d83d-18x12.jpg 18w\" sizes=\"auto, (max-width: 1020px) 100vw, 1020px\" title=\"\">\t\t\t\t\t\t\n\t\t\t\t\t<\/div>\n\t\t\t\t\t\t\t\t\n<style>\n#image_1641610452 {\n  width: 100%;\n}\n<\/style>\n\t<\/div>\n\t\n\t\t<\/div>\n\t<\/div>\n\t<\/a>\n\t\n\t\t<\/div>\n\t\t\t\t\t<\/div>\n\n\t\n\n\t<div id=\"col-1264312408\" class=\"col medium-6 small-12 large-4\"  data-animate=\"bounceInUp\">\n\t\t\t\t<div class=\"col-inner\"  >\n\t\t\t\n\t\t\t\n\n\t<a class=\"plain\" href=\"#\" >\t<div class=\"icon-box featured-box icon-box-center text-center\"  >\n\t\t\t\t<div class=\"icon-box-text last-reset\">\n\t\t\t\t\t\t\t\t\t\n<h3>Vijaki in matice<\/h3>\n\t<div class=\"img has-hover x md-x lg-x y md-y lg-y\" id=\"image_1004029679\">\n\t\t\t\t\t\t\t\t<div class=\"img-inner dark\" >\n\t\t\t<img loading=\"lazy\" decoding=\"async\" width=\"1020\" height=\"780\" src=\"https:\/\/cncrush.com\/wp-content\/uploads\/2024\/12\/CNC-Turning-Bolts-e1734696175378.png\" class=\"attachment-large size-large\" alt=\"\" srcset=\"https:\/\/cncrush.com\/wp-content\/uploads\/2024\/12\/CNC-Turning-Bolts-e1734696175378.png 1024w, https:\/\/cncrush.com\/wp-content\/uploads\/2024\/12\/CNC-Turning-Bolts-e1734696175378-300x229.png 300w, https:\/\/cncrush.com\/wp-content\/uploads\/2024\/12\/CNC-Turning-Bolts-e1734696175378-768x587.png 768w, https:\/\/cncrush.com\/wp-content\/uploads\/2024\/12\/CNC-Turning-Bolts-e1734696175378-16x12.png 16w\" sizes=\"auto, (max-width: 1020px) 100vw, 1020px\" title=\"\">\t\t\t\t\t\t\n\t\t\t\t\t<\/div>\n\t\t\t\t\t\t\t\t\n<style>\n#image_1004029679 {\n  width: 100%;\n}\n<\/style>\n\t<\/div>\n\t\n\t\t<\/div>\n\t<\/div>\n\t<\/a>\n\t\n\t\t<\/div>\n\t\t\t\t\t<\/div>\n\n\t\n\n\t<div id=\"col-1284163009\" class=\"col medium-6 small-12 large-4\"  data-animate=\"bounceInUp\">\n\t\t\t\t<div class=\"col-inner\"  >\n\t\t\t\n\t\t\t\n\n\t<a class=\"plain\" href=\"#\" >\t<div class=\"icon-box featured-box icon-box-center text-center\"  >\n\t\t\t\t<div class=\"icon-box-text last-reset\">\n\t\t\t\t\t\t\t\t\t\n<h3>Rokavi<\/h3>\n\t<div class=\"img has-hover x md-x lg-x y md-y lg-y\" id=\"image_1393398782\">\n\t\t\t\t\t\t\t\t<div class=\"img-inner dark\" >\n\t\t\t<img loading=\"lazy\" decoding=\"async\" width=\"1020\" height=\"710\" src=\"https:\/\/cncrush.com\/wp-content\/uploads\/2024\/12\/RS-Borning-Bar-Reduction-Sleeves-1600x1600-1-e1734696235319-1024x713.webp\" class=\"attachment-large size-large\" alt=\"\" srcset=\"https:\/\/cncrush.com\/wp-content\/uploads\/2024\/12\/RS-Borning-Bar-Reduction-Sleeves-1600x1600-1-e1734696235319-1024x713.webp 1024w, https:\/\/cncrush.com\/wp-content\/uploads\/2024\/12\/RS-Borning-Bar-Reduction-Sleeves-1600x1600-1-e1734696235319-300x209.webp 300w, https:\/\/cncrush.com\/wp-content\/uploads\/2024\/12\/RS-Borning-Bar-Reduction-Sleeves-1600x1600-1-e1734696235319-768x535.webp 768w, https:\/\/cncrush.com\/wp-content\/uploads\/2024\/12\/RS-Borning-Bar-Reduction-Sleeves-1600x1600-1-e1734696235319-18x12.webp 18w, https:\/\/cncrush.com\/wp-content\/uploads\/2024\/12\/RS-Borning-Bar-Reduction-Sleeves-1600x1600-1-e1734696235319.webp 1200w\" sizes=\"auto, (max-width: 1020px) 100vw, 1020px\" title=\"\">\t\t\t\t\t\t\n\t\t\t\t\t<\/div>\n\t\t\t\t\t\t\t\t\n<style>\n#image_1393398782 {\n  width: 100%;\n}\n<\/style>\n\t<\/div>\n\t\n\t\t<\/div>\n\t<\/div>\n\t<\/a>\n\t\n\t\t<\/div>\n\t\t\t\t\t<\/div>\n\n\t\n\n<style>\n#row-48035954 > .col > .col-inner {\n  padding: 40px 40px 40px 40px;\n  background-color: rgb(255,255,255);\n  border-radius: 20px;\n}\n<\/style>\n<\/div>\n\t\t<\/div>\n\n\t\t\n<style>\n#section_526465413 {\n  padding-top: 60px;\n  padding-bottom: 60px;\n  background-color: rgb(250, 250, 250);\n}\n<\/style>\n\t<\/section>\n\t\n<div class=\"row align-middle\"  id=\"row-1745084523\">\n\n\t<div id=\"col-736191517\" class=\"col medium-6 small-12 large-6\"  >\n\t\t\t\t<div class=\"col-inner\"  >\n\t\t\t\n\t\t\t\n\t<div id=\"text-1739638439\" class=\"text\">\n\t\t\n<h3><strong>Ni\u010delna stopnja zavrnitve z robustnim statisti\u010dnim nadzorom procesa<\/strong><\/h3>\n<p>Pri CNCRUSH-u uporabljamo robusten statisti\u010dni nadzor procesa, da zagotovimo ni\u010d zavrnitev pri proizvodnji CNC stru\u017eenih delov. Na\u0161a zavezanost natan\u010dnosti in kakovosti je v sredi\u0161\u010du na\u0161ega proizvodnega procesa.<\/p>\n<h3><strong>Natan\u010dna izbira obdelovalnih strojev in nadzor izdelkov<\/strong><\/h3>\n<p>Strokovno pristopamo k skrbni izbiri optimalnih obdelovalnih strojev, rezilnih orodij in obdelovalnih parametrov. Na\u0161 obse\u017een na\u010drt za nadzor izdelkov je popolnoma integriran z naprednimi merilnimi sistemi, kar zagotavlja dosledno natan\u010dnost in vrhunsko kakovost v vsaki proizvodni seriji.<\/p>\n\t\t\n<style>\n#text-1739638439 {\n  font-size: 1rem;\n  color: rgb(0,0,0);\n}\n#text-1739638439 > * {\n  color: rgb(0,0,0);\n}\n<\/style>\n\t<\/div>\n\t\n\t\t<\/div>\n\t\t\t\t\t<\/div>\n\n\t\n\n\t<div id=\"col-1030232042\" class=\"col medium-6 small-12 large-6\"  >\n\t\t\t\t<div class=\"col-inner\"  >\n\t\t\t\n\t\t\t\n\t<div class=\"img has-hover x md-x lg-x y md-y lg-y\" id=\"image_1910082865\">\n\t\t\t\t\t\t\t\t<div class=\"img-inner dark\" >\n\t\t\t<img loading=\"lazy\" decoding=\"async\" width=\"1020\" height=\"574\" src=\"https:\/\/cncrush.com\/wp-content\/uploads\/2024\/11\/4-8-1024x576.jpg\" class=\"attachment-large size-large\" alt=\"Izdelava kovinskih delov\" srcset=\"https:\/\/cncrush.com\/wp-content\/uploads\/2024\/11\/4-8-1024x576.jpg 1024w, https:\/\/cncrush.com\/wp-content\/uploads\/2024\/11\/4-8-300x169.jpg 300w, https:\/\/cncrush.com\/wp-content\/uploads\/2024\/11\/4-8-768x432.jpg 768w, https:\/\/cncrush.com\/wp-content\/uploads\/2024\/11\/4-8-18x10.jpg 18w, https:\/\/cncrush.com\/wp-content\/uploads\/2024\/11\/4-8.jpg 1200w\" sizes=\"auto, (max-width: 1020px) 100vw, 1020px\" title=\"\">\t\t\t\t\t\t\n\t\t\t\t\t<\/div>\n\t\t\t\t\t\t\t\t\n<style>\n#image_1910082865 {\n  width: 100%;\n}\n<\/style>\n\t<\/div>\n\t\n\t\t<\/div>\n\t\t\t\t\t<\/div>\n\n\t\n<\/div>\n\n\t<section class=\"section\" id=\"section_268814284\">\n\t\t<div class=\"section-bg fill\" >\n\t\t\t\t\t\t\t\t\t\n\t\t\t\n\n\t\t<\/div>\n\n\t\t\n\n\t\t<div class=\"section-content relative\">\n\t\t\t\n<div class=\"container section-title-container\" ><h3 class=\"section-title section-title-center\"><b><\/b><span class=\"section-title-main\" style=\"color:rgb(0, 0, 0);\">Pogosto zastavljena vpra\u0161anja (FAQ)<\/span><b><\/b><\/h3><\/div>\n<div class=\"row row-collapse\"  id=\"row-37307890\">\n\n\t<div id=\"col-1070589377\" class=\"col small-12 large-12\"  >\n\t\t\t\t<div class=\"col-inner\"  >\n\t\t\t\n\t\t\t\n<h3 class=\"accordion_title\">Storitve za CNC stru\u017eene dele<\/h3><div class=\"accordion\">\n\t<div id=\"accordion-3269440288\" class=\"accordion-item\">\n\t\t<a id=\"accordion-3269440288-label\" class=\"accordion-title plain\" href=\"#accordion-item-what-accuracy\/tolerance-can-you-guarantee-for-turned-parts?\" aria-expanded=\"false\" aria-controls=\"accordion-3269440288-content\" >\n\t\t\t<button class=\"toggle\" aria-label=\"Preklopi\"><i class=\"icon-angle-down\"><\/i><\/button>\n\t\t\t<span>Kak\u0161no natan\u010dnost\/toleranco lahko zagotovite za stru\u017eene dele?<\/span>\n\t\t<\/a>\n\t\t<div id=\"accordion-3269440288-content\" class=\"accordion-inner\" aria-labelledby=\"accordion-3269440288-label\" >\n\t\t\t\n<p>Za storitve stru\u017eenja zagotavljamo natan\u010dnost 0,005 mm. Ta natan\u010dnost je dose\u017eena z nenehnim vlaganjem v najnovej\u0161e CNC stroje (npr. DMG, Okuma, Tsugami) in visokokakovostna rezalna orodja.<\/p>\n\t\t<\/div>\n\t<\/div>\n\t\n\t<div id=\"accordion-3498088751\" class=\"accordion-item\">\n\t\t<a id=\"accordion-3498088751-label\" class=\"accordion-title plain\" href=\"#accordion-item-can-you-combine-turning-and-milling-for-parts?\" aria-expanded=\"false\" aria-controls=\"accordion-3498088751-content\" >\n\t\t\t<button class=\"toggle\" aria-label=\"Preklopi\"><i class=\"icon-angle-down\"><\/i><\/button>\n\t\t\t<span>Ali lahko kombinirate stru\u017eenje in rezkanje delov?<\/span>\n\t\t<\/a>\n\t\t<div id=\"accordion-3498088751-content\" class=\"accordion-inner\" aria-labelledby=\"accordion-3498088751-label\" >\n\t\t\t\n<p>Da, imamo ve\u010d kot 80 CNC strojev, vklju\u010dno z:<\/p>\n<p>10 avtomatskih stru\u017enic s funkcijo rezkanja<br \/>\n8 CNC avtomatskih stru\u017enic \u0161vicarskega tipa s funkcijo rezkanja<br \/>\n4 CNC stru\u017enice s funkcijo rezkanja<br \/>\nTo nam omogo\u010da u\u010dinkovito stru\u017eenje in rezkanje v eni operaciji.<\/p>\n\t\t<\/div>\n\t<\/div>\n\t\n\t<div id=\"accordion-2643002650\" class=\"accordion-item\">\n\t\t<a id=\"accordion-2643002650-label\" class=\"accordion-title plain\" href=\"#accordion-item-what-kind-of-cnc-machines-do-you-use?\" aria-expanded=\"false\" aria-controls=\"accordion-2643002650-content\" >\n\t\t\t<button class=\"toggle\" aria-label=\"Preklopi\"><i class=\"icon-angle-down\"><\/i><\/button>\n\t\t\t<span>Kak\u0161ne CNC stroje uporabljate?<\/span>\n\t\t<\/a>\n\t\t<div id=\"accordion-2643002650-content\" class=\"accordion-inner\" aria-labelledby=\"accordion-2643002650-label\" >\n\t\t\t\n<p>Uporabljamo vrhunske stroje znamk, kot so Okuma, DMG, Doosan in Tsugami. Na\u0161e avtomatske stru\u017enice \u0161vicarskega tipa s funkcijami rezkanja ponujajo visoko natan\u010dnost, zaradi \u010desar so idealne za izdelavo kompleksnih delov. Celoten seznam strojev lahko prenesete na na\u0161i spletni strani.<\/p>\n\t\t<\/div>\n\t<\/div>\n\t\n\t<div id=\"accordion-3216303870\" class=\"accordion-item\">\n\t\t<a id=\"accordion-3216303870-label\" class=\"accordion-title plain\" href=\"#accordion-item-how-do-you-prepare-materials-before-turning?\" aria-expanded=\"false\" aria-controls=\"accordion-3216303870-content\" >\n\t\t\t<button class=\"toggle\" aria-label=\"Preklopi\"><i class=\"icon-angle-down\"><\/i><\/button>\n\t\t\t<span>Kako pripravite materiale pred stru\u017eenjem?<\/span>\n\t\t<\/a>\n\t\t<div id=\"accordion-3216303870-content\" class=\"accordion-inner\" aria-labelledby=\"accordion-3216303870-label\" >\n\t\t\t\n<p>Na\u0161 obrat je opremljen s 3 popolnoma avtomatskimi tra\u010dnimi \u017eagami, ki lahko re\u017eejo material od fi 5 mm do fi 300 mm. Nudimo tudi razrez palic v paketih za u\u010dinkovito obdelavo velikih naro\u010dil.<\/p>\n\t\t<\/div>\n\t<\/div>\n\t\n\t<div id=\"accordion-2261124929\" class=\"accordion-item\">\n\t\t<a id=\"accordion-2261124929-label\" class=\"accordion-title plain\" href=\"#accordion-item-what-factors-influence-the-cost-of-cnc-turned-parts?\" aria-expanded=\"false\" aria-controls=\"accordion-2261124929-content\" >\n\t\t\t<button class=\"toggle\" aria-label=\"Preklopi\"><i class=\"icon-angle-down\"><\/i><\/button>\n\t\t\t<span>Kateri dejavniki vplivajo na stro\u0161ke CNC stru\u017eenih delov?<\/span>\n\t\t<\/a>\n\t\t<div id=\"accordion-2261124929-content\" class=\"accordion-inner\" aria-labelledby=\"accordion-2261124929-label\" >\n\t\t\t\n<p>Na ceno vpliva ve\u010d dejavnikov, vklju\u010dno z:<\/p>\n<p>Kompleksnost dela<br \/>\nStro\u0161ki orodja<br \/>\nVelikost serije<br \/>\nTolerance in kakovost povr\u0161ine<br \/>\nDodatne storitve, kot so eloksiranje, utrjevanje ali lasersko ozna\u010devanje, lahko pove\u010dajo skupne stro\u0161ke.<\/p>\n\t\t<\/div>\n\t<\/div>\n\t\n\t<div id=\"accordion-274692833\" class=\"accordion-item\">\n\t\t<a id=\"accordion-274692833-label\" class=\"accordion-title plain\" href=\"#accordion-item-what-affects-productivity-in-cnc-turning-services?\" aria-expanded=\"false\" aria-controls=\"accordion-274692833-content\" >\n\t\t\t<button class=\"toggle\" aria-label=\"Preklopi\"><i class=\"icon-angle-down\"><\/i><\/button>\n\t\t\t<span>Kaj vpliva na produktivnost pri storitvah CNC stru\u017eenja?<\/span>\n\t\t<\/a>\n\t\t<div id=\"accordion-274692833-content\" class=\"accordion-inner\" aria-labelledby=\"accordion-274692833-label\" >\n\t\t\t\n<p>Produktivnost je odvisna od u\u010dinkovitosti stroja, kakovosti rezalnih orodij in hitrega programiranja rezalnih operacij. Pri CNCRUSh uporabljamo samodejne sisteme za nakladanje\/razkladanje in napredno programsko opremo CNC za pove\u010danje u\u010dinkovitosti. Dobro organizirani delovni prostori in izku\u0161eno osebje prav tako igrajo klju\u010dno vlogo pri optimizaciji proizvodnje.<\/p>\n\t\t<\/div>\n\t<\/div>\n\t\n<\/div>\n\t\t<\/div>\n\t\t\t\t\t<\/div>\n\n\t\n<\/div>\n\t\t<\/div>\n\n\t\t\n<style>\n#section_268814284 {\n  padding-top: 10px;\n  padding-bottom: 10px;\n}\n<\/style>\n\t<\/section>\n\t\n<div class=\"row row-collapse row-full-width\"  id=\"row-598814501\">\n\n\t<div id=\"col-1657925982\" class=\"col small-12 large-12\"  >\n\t\t\t\t<div class=\"col-inner text-center dark\"  >\n\t\t\t\n\t\t\t\n\n  <div class=\"banner has-hover\" id=\"banner-71610511\">\n          <div class=\"banner-inner fill\">\n        <div class=\"banner-bg fill\" >\n            <img loading=\"lazy\" decoding=\"async\" width=\"1020\" height=\"421\" src=\"https:\/\/cncrush.com\/wp-content\/uploads\/2024\/09\/milled-stainless-steel-background-1024x423.webp\" class=\"bg attachment-large size-large\" alt=\"\" title=\"\">                        <div class=\"overlay\"><\/div>            \n                    <\/div>\n\t\t\n        <div class=\"banner-layers container\">\n            <div class=\"fill banner-link\"><\/div>            \n   <div id=\"text-box-1934688196\" class=\"text-box banner-layer x50 md-x50 lg-x50 y50 md-y50 lg-y50 res-text\">\n                                <div class=\"text-box-content text dark\">\n              \n              <div class=\"text-inner text-center\">\n                  \n\t<div id=\"text-449274231\" class=\"text\">\n\t\t\n<h3 class=\"uppercase\">Vas zanima? Zagotovite si brezpla\u010dno ponudbo za CNC stru\u017eene dele \u0161e danes!<\/h3>\n<\/p>\n\t\t\n<style>\n#text-449274231 {\n  font-size: 0.75rem;\n}\n<\/style>\n\t<\/div>\n\t\n<a href=\"https:\/\/cncrush.com\/sl\/poslji-povprasevanje\/\" class=\"button alert\"  >\n\t\t<span>Po\u0161ljite svoje povpra\u0161evanje<\/span>\n\t<\/a>\n\n              <\/div>\n           <\/div>\n                            \n<style>\n#text-box-1934688196 {\n  width: 100%;\n}\n#text-box-1934688196 .text-box-content {\n  font-size: 100%;\n}\n@media (min-width:550px) {\n  #text-box-1934688196 {\n    width: 98%;\n  }\n}\n<\/style>\n    <\/div>\n \n        <\/div>\n      <\/div>\n\n            \n<style>\n#banner-71610511 {\n  padding-top: 99.99%;\n}\n#banner-71610511 .overlay {\n  background-color: rgba(0, 0, 0, 0.17);\n}\n#banner-71610511 .banner-bg img {\n  object-position: 47% 60%;\n}\n@media (min-width:550px) {\n  #banner-71610511 {\n    padding-top: 136px;\n  }\n}\n<\/style>\n  <\/div>\n\n\n\t\t<\/div>\n\t\t\t\t\t<\/div>\n\n\t\n<\/div>","protected":false},"excerpt":{"rendered":"","protected":false},"author":1,"featured_media":0,"parent":0,"menu_order":0,"comment_status":"closed","ping_status":"closed","template":"page-blank.php","meta":{"footnotes":""},"class_list":["post-21","page","type-page","status-publish","hentry"],"_links":{"self":[{"href":"https:\/\/cncrush.com\/sl\/wp-json\/wp\/v2\/pages\/21","targetHints":{"allow":["GET"]}}],"collection":[{"href":"https:\/\/cncrush.com\/sl\/wp-json\/wp\/v2\/pages"}],"about":[{"href":"https:\/\/cncrush.com\/sl\/wp-json\/wp\/v2\/types\/page"}],"author":[{"embeddable":true,"href":"https:\/\/cncrush.com\/sl\/wp-json\/wp\/v2\/users\/1"}],"replies":[{"embeddable":true,"href":"https:\/\/cncrush.com\/sl\/wp-json\/wp\/v2\/comments?post=21"}],"version-history":[{"count":0,"href":"https:\/\/cncrush.com\/sl\/wp-json\/wp\/v2\/pages\/21\/revisions"}],"wp:attachment":[{"href":"https:\/\/cncrush.com\/sl\/wp-json\/wp\/v2\/media?parent=21"}],"curies":[{"name":"wp","href":"https:\/\/api.w.org\/{rel}","templated":true}]}}