{"id":29,"date":"2024-09-29T03:50:01","date_gmt":"2024-09-29T03:50:01","guid":{"rendered":"https:\/\/cncrush.com\/?page_id=29"},"modified":"2024-12-20T14:06:29","modified_gmt":"2024-12-20T14:06:29","slug":"elektrotehnika","status":"publish","type":"page","link":"https:\/\/cncrush.com\/sl\/elektrotehnika\/","title":{"rendered":"Elektrotehnika"},"content":{"rendered":"<section class=\"section dark\" id=\"section_253042709\">\n\t\t<div class=\"section-bg fill\" >\n\t\t\t<img loading=\"lazy\" decoding=\"async\" width=\"2100\" height=\"700\" src=\"https:\/\/cncrush.com\/wp-content\/uploads\/2024\/10\/electrical-engineering.webp\" class=\"bg attachment- size-\" alt=\"\" title=\"\">\t\t\t\t\t\t<div class=\"section-bg-overlay absolute fill\"><\/div><button class=\"scroll-for-more z-5 icon absolute bottom h-center\" aria-label=\"Pomaknite se za ve\u010d\"><i class=\"icon-angle-down\" style=\"font-size:42px;\" ><\/i><\/button>\n\t\t\t\n\n\t\t<\/div>\n\n\t\t\n\n\t\t<div class=\"section-content relative\">\n\t\t\t\n<div class=\"row align-center\"  id=\"row-203383429\">\n\n\t<div id=\"col-1011408274\" class=\"col medium-10 small-12 large-10\"  >\n\t\t\t\t<div class=\"col-inner text-center\"  >\n\t\t\t\n\t\t\t\n\t<div id=\"text-3351263146\" class=\"text\">\n\t\t\n<h1>CNC re\u0161itve za elektrotehniko<\/h1>\n\t\t\n<style>\n#text-3351263146 {\n  font-size: 1.35rem;\n}\n@media (min-width:550px) {\n  #text-3351263146 {\n    font-size: 2rem;\n  }\n}\n<\/style>\n\t<\/div>\n\t\n<div class=\"row\"  id=\"row-1435981676\">\n\n\t<div id=\"col-177472433\" class=\"col medium-9 small-12 large-9\"  >\n\t\t\t\t<div class=\"col-inner\"  >\n\t\t\t\n\t\t\t\n<p>Pri CNCRUSH smo specializirani za proizvodnjo visoko natan\u010dnih stru\u017eeno rezkanih delov, ki so potrebni za izdelavo va\u0161ih naprednih elektri\u010dnih izdelkov. Ponujamo prilagodljivo proizvodnjo na zahtevo ali pogodbo, s \u010dimer zagotavljamo pravo\u010dasne dobave na podlagi na\u010del Just-In-Time (JIT).<\/p>\n\t\t<\/div>\n\t\t\t\t\t<\/div>\n\n\t\n<\/div>\n\t\t<\/div>\n\t\t\t\t\t<\/div>\n\n\t\n<\/div>\n\t\t<\/div>\n\n\t\t\n<style>\n#section_253042709 {\n  padding-top: 30px;\n  padding-bottom: 30px;\n  min-height: 100px;\n}\n#section_253042709 .section-bg-overlay {\n  background-color: rgba(0, 0, 0, 0.384);\n}\n#section_253042709 .section-bg img {\n  object-position: 53% 58%;\n}\n@media (min-width:550px) {\n  #section_253042709 {\n    min-height: 600px;\n  }\n}\n<\/style>\n\t<\/section>\n\t\n\n\t<section class=\"section\" id=\"section_622740384\">\n\t\t<div class=\"section-bg fill\" >\n\t\t\t\t\t\t\t\t\t\n\t\t\t\n\n\t\t<\/div>\n\n\t\t\n\n\t\t<div class=\"section-content relative\">\n\t\t\t\n<div class=\"row row-large steps-simple-headline\"  id=\"row-684966897\">\n\n\t<div id=\"col-1007787161\" class=\"col medium-8 small-12 large-12\"  >\n\t\t\t\t<div class=\"col-inner\"  >\n\t\t\t\n\t\t\t\n<div class=\"row row-collapse\"  id=\"row-1539798868\">\n\n\t<div id=\"col-768953684\" class=\"col medium-1 small-2 large-1\"  >\n\t\t\t\t<div class=\"col-inner\"  >\n\t\t\t\n\t\t\t\n<h2>01<\/h2>\n\t\t<\/div>\n\t\t\t\t\t<\/div>\n\n\t\n\n\t<div id=\"col-1935626237\" class=\"col medium-11 small-10 large-11\"  >\n\t\t\t\t<div class=\"col-inner\"  >\n\t\t\t\n\t\t\t\n<h3>Deli, ki jih izdelujemo<\/h3>\n<ul>\n<li><strong>Aluminijasta ohi\u0161ja<\/strong> za elektronska vezja in elektroopti\u010dne module<\/li>\n<li><strong>Komponente za laserske vire<\/strong> iz aluminija in bakra<\/li>\n<li><strong>Deli za industrijo polprevodnikov<\/strong><\/li>\n<\/ul>\n\t\t<\/div>\n\t\t\t\t\t<\/div>\n\n\t\n<\/div>\n<div class=\"is-divider divider clearfix\" style=\"margin-top:10px;margin-bottom:10px;max-width:100%;height:1px;\"><\/div>\n<div class=\"row row-collapse\"  id=\"row-137103828\">\n\n\t<div id=\"col-990812235\" class=\"col medium-1 small-2 large-1\"  >\n\t\t\t\t<div class=\"col-inner\"  >\n\t\t\t\n\t\t\t\n<h2>02<\/h2>\n\t\t<\/div>\n\t\t\t\t\t<\/div>\n\n\t\n\n\t<div id=\"col-46380047\" class=\"col medium-11 small-10 large-11\"  >\n\t\t\t\t<div class=\"col-inner\"  >\n\t\t\t\n\t\t\t\n<h3>Na\u0161 proces<\/h3>\n<ul>\n<li><strong>Natan\u010dnost:<\/strong> Dele stru\u017eimo in rezkamo z izjemno natan\u010dnostjo, pri \u010demer upo\u0161tevamo tolerance do 0,01 mm ali manj.<\/li>\n<li><strong>Estetika in kakovost:<\/strong> 100% na\u0161i deli so podvr\u017eeni strogemu pregledu kakovosti povr\u0161ine, ostrine robov, prese\u010di\u0161\u010d lukenj in odsotnosti robov.<\/li>\n<li><strong>\u010cisto\u010da:<\/strong> Vse komponente so industrijsko oprane in za\u0161\u010ditene pred korozijo in po\u0161kodbami med transportom.<\/li>\n<li><strong>Anodiziranje:<\/strong> Nudimo tako dekorativno kot tehni\u010dno eloksiranje za izbolj\u0161anje funkcionalnosti in videza va\u0161ih delov.<\/li>\n<\/ul>\n\t\t<\/div>\n\t\t\t\t\t<\/div>\n\n\t\n<\/div>\n<div class=\"is-divider divider clearfix\" style=\"margin-top:10px;margin-bottom:10px;max-width:100%;height:1px;\"><\/div>\n<div class=\"row row-collapse align-middle\"  id=\"row-737868189\">\n\n\t<div id=\"col-129754429\" class=\"col medium-1 small-2 large-1\"  >\n\t\t\t\t<div class=\"col-inner\"  >\n\t\t\t\n\t\t\t\n<h2>03<\/h2>\n\t\t<\/div>\n\t\t\t\t\t<\/div>\n\n\t\n\n\t<div id=\"col-688278303\" class=\"col medium-11 small-10 large-11\"  >\n\t\t\t\t<div class=\"col-inner\"  >\n\t\t\t\n\t\t\t\n<h3>Zagotavljanje kakovosti<\/h3>\n<p>Zagotavljamo natan\u010dnost na\u0161ih delov z nizko toleranco z uporabo <strong>Hexagon X-METRO koordinatni merilni stroj<\/strong>, ki zagotavlja natan\u010dnost merjenja do 0,002 mm.<\/p>\n<p>V sodelovanju z na\u0161imi strankami vnaprej dolo\u010dimo nadzorne in merilne strategije za izpolnitev natan\u010dnih specifikacij. Vsak del redno preverjamo na podlagi na\u0161ega na\u010drta kontrole, statisti\u010dno kontrolo kriti\u010dnih dimenzij pa izvajamo, kadar koli je to mogo\u010de.<\/p>\n\t\t<\/div>\n\t\t\t\t\t<\/div>\n\n\t\n<\/div>\n<div class=\"is-divider divider clearfix\" style=\"margin-top:10px;margin-bottom:10px;max-width:100%;height:1px;\"><\/div>\n\t\t<\/div>\n\t\t\t\t\t<\/div>\n\n\t\n<\/div>\n\t\t<\/div>\n\n\t\t\n<style>\n#section_622740384 {\n  padding-top: 60px;\n  padding-bottom: 60px;\n}\n<\/style>\n\t<\/section>\n\t\n<div class=\"row row-collapse row-full-width\"  id=\"row-280016198\">\n\n\t<div id=\"col-1146457403\" class=\"col small-12 large-12\"  >\n\t\t\t\t<div class=\"col-inner text-center dark\"  >\n\t\t\t\n\t\t\t\n\n  <div class=\"banner has-hover\" id=\"banner-1597219617\">\n          <div class=\"banner-inner fill\">\n        <div class=\"banner-bg fill\" >\n            <img loading=\"lazy\" decoding=\"async\" width=\"1020\" height=\"421\" src=\"https:\/\/cncrush.com\/wp-content\/uploads\/2024\/09\/milled-stainless-steel-background-1024x423.webp\" class=\"bg attachment-large size-large\" alt=\"\" title=\"\">                        <div class=\"overlay\"><\/div>            \n                    <\/div>\n\t\t\n        <div class=\"banner-layers container\">\n            <div class=\"fill banner-link\"><\/div>            \n   <div id=\"text-box-1706392366\" class=\"text-box banner-layer x50 md-x50 lg-x50 y50 md-y50 lg-y50 res-text\">\n                                <div class=\"text-box-content text dark\">\n              \n              <div class=\"text-inner text-center\">\n                  \n\t<div id=\"text-2342136722\" class=\"text\">\n\t\t\n<h3>Se sli\u0161i zanimivo? Zagotovite si brezpla\u010dno ponudbo \u0161e danes!<\/h3>\n\t\t\n<style>\n#text-2342136722 {\n  font-size: 0.75rem;\n  text-align: center;\n}\n<\/style>\n\t<\/div>\n\t\n<a href=\"https:\/\/cncrush.com\/sl\/poslji-povprasevanje\/\" class=\"button alert\"  >\n\t\t<span>Po\u0161ljite svoje povpra\u0161evanje<\/span>\n\t<\/a>\n\n              <\/div>\n           <\/div>\n                            \n<style>\n#text-box-1706392366 {\n  width: 100%;\n}\n#text-box-1706392366 .text-box-content {\n  font-size: 100%;\n}\n@media (min-width:550px) {\n  #text-box-1706392366 {\n    width: 94%;\n  }\n}\n<\/style>\n    <\/div>\n \n        <\/div>\n      <\/div>\n\n            \n<style>\n#banner-1597219617 {\n  padding-top: 99.99%;\n}\n#banner-1597219617 .overlay {\n  background-color: rgba(0, 0, 0, 0.17);\n}\n#banner-1597219617 .banner-bg img {\n  object-position: 47% 60%;\n}\n@media (min-width:550px) {\n  #banner-1597219617 {\n    padding-top: 118px;\n  }\n}\n<\/style>\n  <\/div>\n\n\n\t\t<\/div>\n\t\t\t\t\t<\/div>\n\n\t\n<\/div>","protected":false},"excerpt":{"rendered":"","protected":false},"author":1,"featured_media":0,"parent":0,"menu_order":0,"comment_status":"closed","ping_status":"closed","template":"page-blank.php","meta":{"footnotes":""},"class_list":["post-29","page","type-page","status-publish","hentry"],"_links":{"self":[{"href":"https:\/\/cncrush.com\/sl\/wp-json\/wp\/v2\/pages\/29","targetHints":{"allow":["GET"]}}],"collection":[{"href":"https:\/\/cncrush.com\/sl\/wp-json\/wp\/v2\/pages"}],"about":[{"href":"https:\/\/cncrush.com\/sl\/wp-json\/wp\/v2\/types\/page"}],"author":[{"embeddable":true,"href":"https:\/\/cncrush.com\/sl\/wp-json\/wp\/v2\/users\/1"}],"replies":[{"embeddable":true,"href":"https:\/\/cncrush.com\/sl\/wp-json\/wp\/v2\/comments?post=29"}],"version-history":[{"count":0,"href":"https:\/\/cncrush.com\/sl\/wp-json\/wp\/v2\/pages\/29\/revisions"}],"wp:attachment":[{"href":"https:\/\/cncrush.com\/sl\/wp-json\/wp\/v2\/media?parent=29"}],"curies":[{"name":"wp","href":"https:\/\/api.w.org\/{rel}","templated":true}]}}