{"id":31,"date":"2024-09-29T03:50:09","date_gmt":"2024-09-29T03:50:09","guid":{"rendered":"https:\/\/cncrush.com\/?page_id=31"},"modified":"2024-12-20T14:11:01","modified_gmt":"2024-12-20T14:11:01","slug":"strojegradnja-in-avtomatizacija","status":"publish","type":"page","link":"https:\/\/cncrush.com\/sl\/strojegradnja-in-avtomatizacija\/","title":{"rendered":"Strojegradnja in avtomatizacija"},"content":{"rendered":"<section class=\"section dark\" id=\"section_1248607193\">\n\t\t<div class=\"section-bg fill\" >\n\t\t\t<img loading=\"lazy\" decoding=\"async\" width=\"2100\" height=\"700\" src=\"https:\/\/cncrush.com\/wp-content\/uploads\/2024\/10\/machine-building-automation.webp\" class=\"bg attachment- size-\" alt=\"\" title=\"\">\t\t\t\t\t\t<div class=\"section-bg-overlay absolute fill\"><\/div><button class=\"scroll-for-more z-5 icon absolute bottom h-center\" aria-label=\"Pomaknite se za ve\u010d\"><i class=\"icon-angle-down\" style=\"font-size:42px;\" ><\/i><\/button>\n\t\t\t\n\n\t\t<\/div>\n\n\t\t\n\n\t\t<div class=\"section-content relative\">\n\t\t\t\n<div class=\"row align-center\"  id=\"row-932710951\">\n\n\t<div id=\"col-958655844\" class=\"col medium-10 small-12 large-10\"  >\n\t\t\t\t<div class=\"col-inner text-center\"  >\n\t\t\t\n\t\t\t\n\t<div id=\"text-1795328696\" class=\"text\">\n\t\t\n<h1>CNC storitve strojegradnje in avtomatizacije<\/h1>\n\t\t\n<style>\n#text-1795328696 {\n  font-size: 1.35rem;\n}\n@media (min-width:550px) {\n  #text-1795328696 {\n    font-size: 2rem;\n  }\n}\n<\/style>\n\t<\/div>\n\t\n<div class=\"row\"  id=\"row-1773693835\">\n\n\t<div id=\"col-1238767719\" class=\"col medium-9 small-12 large-9\"  >\n\t\t\t\t<div class=\"col-inner\"  >\n\t\t\t\n\t\t\t\n<p>V podjetju CNCRUSH izdelujemo vsak del za va\u0161e stroje ali naprave z zanesljivostjo, stro\u0161kovno u\u010dinkovitostjo in najvi\u0161jo kakovostjo. S certifikatoma ISO 9001:2015 in ISO 14001 zagotavljamo pravo\u010dasno dostavo in izjemne standarde za vse komponente.<\/p>\n\t\t<\/div>\n\t\t\t\t\t<\/div>\n\n\t\n<\/div>\n\t\t<\/div>\n\t\t\t\t\t<\/div>\n\n\t\n<\/div>\n\t\t<\/div>\n\n\t\t\n<style>\n#section_1248607193 {\n  padding-top: 30px;\n  padding-bottom: 30px;\n  min-height: 100px;\n}\n#section_1248607193 .section-bg-overlay {\n  background-color: rgba(0, 0, 0, 0.384);\n}\n#section_1248607193 .section-bg img {\n  object-position: 53% 58%;\n}\n@media (min-width:550px) {\n  #section_1248607193 {\n    min-height: 600px;\n  }\n}\n<\/style>\n\t<\/section>\n\t\n\n\t<section class=\"section\" id=\"section_1284805208\">\n\t\t<div class=\"section-bg fill\" >\n\t\t\t\t\t\t\t\t\t\n\t\t\t\n\n\t\t<\/div>\n\n\t\t\n\n\t\t<div class=\"section-content relative\">\n\t\t\t\n<div class=\"row row-large steps-simple-headline\"  id=\"row-567790585\">\n\n\t<div id=\"col-786026421\" class=\"col medium-8 small-12 large-12\"  >\n\t\t\t\t<div class=\"col-inner\"  >\n\t\t\t\n\t\t\t\n<div class=\"row row-collapse\"  id=\"row-300408568\">\n\n\t<div id=\"col-1106787200\" class=\"col medium-1 small-2 large-1\"  >\n\t\t\t\t<div class=\"col-inner\"  >\n\t\t\t\n\t\t\t\n<h2>01<\/h2>\n\t\t<\/div>\n\t\t\t\t\t<\/div>\n\n\t\n\n\t<div id=\"col-774238765\" class=\"col medium-11 small-10 large-11\"  >\n\t\t\t\t<div class=\"col-inner\"  >\n\t\t\t\n\t\t\t\n<h3>Deli, ki jih izdelujemo<\/h3>\n<p>Na\u0161e strokovno znanje zajema razli\u010dne materiale, vklju\u010dno z aluminijem, jeklom, bakrom in plastiko, za dele, kot so:<\/p>\n<ul>\n<li>Karoserije, ohi\u0161ja, bloki<\/li>\n<li>Pritrdilni, prilagoditveni in povezovalni elementi<\/li>\n<li>Lamele in profili<\/li>\n<li>Objemke, obro\u010di, matice, osi in gredi<\/li>\n<li>Nosilci<\/li>\n<li>Plo\u0161\u010de<\/li>\n<\/ul>\n\t\t<\/div>\n\t\t\t\t\t<\/div>\n\n\t\n<\/div>\n<div class=\"is-divider divider clearfix\" style=\"margin-top:10px;margin-bottom:10px;max-width:100%;height:1px;\"><\/div>\n<div class=\"row row-collapse\"  id=\"row-465126378\">\n\n\t<div id=\"col-2089774441\" class=\"col medium-1 small-2 large-1\"  >\n\t\t\t\t<div class=\"col-inner\"  >\n\t\t\t\n\t\t\t\n<h2>02<\/h2>\n\t\t<\/div>\n\t\t\t\t\t<\/div>\n\n\t\n\n\t<div id=\"col-352256114\" class=\"col medium-11 small-10 large-11\"  >\n\t\t\t\t<div class=\"col-inner\"  >\n\t\t\t\n\t\t\t\n<h3>Na\u0161 proces<\/h3>\n<p>V podjetju CNCRUSH je kakovost na\u0161a glavna prednostna naloga.<\/p>\n<ul>\n<li><strong>100% Nadzor kakovosti:<\/strong> Vsak del je odobren za proizvodnjo s strani na\u0161e ekipe za nadzor kakovosti z nenehnim spremljanjem procesa na podlagi podrobnega na\u010drta nadzora.<\/li>\n<li><strong>Poro\u010danje:<\/strong> Na zahtevo nudimo <strong>PPAP<\/strong> in <strong>8D poro\u010dila<\/strong> da zagotovite skladnost z va\u0161imi specifikacijami.<\/li>\n<\/ul>\n\t\t<\/div>\n\t\t\t\t\t<\/div>\n\n\t\n<\/div>\n<div class=\"is-divider divider clearfix\" style=\"margin-top:10px;margin-bottom:10px;max-width:100%;height:1px;\"><\/div>\n<div class=\"row row-collapse align-middle\"  id=\"row-1095268076\">\n\n\t<div id=\"col-62748390\" class=\"col medium-1 small-2 large-1\"  >\n\t\t\t\t<div class=\"col-inner\"  >\n\t\t\t\n\t\t\t\n<h2>03<\/h2>\n\t\t<\/div>\n\t\t\t\t\t<\/div>\n\n\t\n\n\t<div id=\"col-380856078\" class=\"col medium-11 small-10 large-11\"  >\n\t\t\t\t<div class=\"col-inner\"  >\n\t\t\t\n\t\t\t\n<h3>Zagotavljanje kakovosti<\/h3>\n<p>V podjetju CNCRUSH je kakovost na\u0161a glavna prednostna naloga.<\/p>\n<ul>\n<li><strong>100% Nadzor kakovosti:<\/strong> Vsak del je odobren za proizvodnjo s strani na\u0161e ekipe za nadzor kakovosti z nenehnim spremljanjem procesa na podlagi podrobnega na\u010drta nadzora.<\/li>\n<li><strong>Poro\u010danje:<\/strong> Na zahtevo nudimo <strong>Poro\u010dila o prvem pregledu artikla (FAI) in<\/strong> <strong>8D poro\u010dila<\/strong> da zagotovite skladnost z va\u0161imi specifikacijami.<\/li>\n<\/ul>\n\t\t<\/div>\n\t\t\t\t\t<\/div>\n\n\t\n<\/div>\n\t\t<\/div>\n\t\t\t\t\t<\/div>\n\n\t\n<\/div>\n\t\t<\/div>\n\n\t\t\n<style>\n#section_1284805208 {\n  padding-top: 60px;\n  padding-bottom: 60px;\n}\n<\/style>\n\t<\/section>\n\t\n<div class=\"row row-collapse row-full-width\"  id=\"row-1950327982\">\n\n\t<div id=\"col-1273408621\" class=\"col small-12 large-12\"  >\n\t\t\t\t<div class=\"col-inner text-center dark\"  >\n\t\t\t\n\t\t\t\n\n  <div class=\"banner has-hover\" id=\"banner-601699836\">\n          <div class=\"banner-inner fill\">\n        <div class=\"banner-bg fill\" >\n            <img loading=\"lazy\" decoding=\"async\" width=\"1020\" height=\"421\" src=\"https:\/\/cncrush.com\/wp-content\/uploads\/2024\/09\/milled-stainless-steel-background-1024x423.webp\" class=\"bg attachment-large size-large\" alt=\"\" title=\"\">                        <div class=\"overlay\"><\/div>            \n                    <\/div>\n\t\t\n        <div class=\"banner-layers container\">\n            <div class=\"fill banner-link\"><\/div>            \n   <div id=\"text-box-712401388\" class=\"text-box banner-layer x50 md-x50 lg-x50 y50 md-y50 lg-y50 res-text\">\n                                <div class=\"text-box-content text dark\">\n              \n              <div class=\"text-inner text-center\">\n                  \n\t<div id=\"text-2595366577\" class=\"text\">\n\t\t\n<h3>Vas zanima? Zagotovite si brezpla\u010dno ponudbo \u0161e danes!<\/h3>\n\t\t\n<style>\n#text-2595366577 {\n  font-size: 0.75rem;\n  text-align: center;\n}\n<\/style>\n\t<\/div>\n\t\n<a href=\"https:\/\/cncrush.com\/sl\/poslji-povprasevanje\/\" class=\"button alert\"  >\n\t\t<span>Po\u0161ljite svoje povpra\u0161evanje<\/span>\n\t<\/a>\n\n              <\/div>\n           <\/div>\n                            \n<style>\n#text-box-712401388 {\n  width: 100%;\n}\n#text-box-712401388 .text-box-content {\n  font-size: 100%;\n}\n@media (min-width:550px) {\n  #text-box-712401388 {\n    width: 94%;\n  }\n}\n<\/style>\n    <\/div>\n \n        <\/div>\n      <\/div>\n\n            \n<style>\n#banner-601699836 {\n  padding-top: 99.99%;\n}\n#banner-601699836 .overlay {\n  background-color: rgba(0, 0, 0, 0.17);\n}\n#banner-601699836 .banner-bg img {\n  object-position: 47% 60%;\n}\n@media (min-width:550px) {\n  #banner-601699836 {\n    padding-top: 105px;\n  }\n}\n<\/style>\n  <\/div>\n\n\n\t\t<\/div>\n\t\t\t\t\t<\/div>\n\n\t\n<\/div>","protected":false},"excerpt":{"rendered":"","protected":false},"author":1,"featured_media":0,"parent":0,"menu_order":0,"comment_status":"closed","ping_status":"closed","template":"page-blank.php","meta":{"footnotes":""},"class_list":["post-31","page","type-page","status-publish","hentry"],"_links":{"self":[{"href":"https:\/\/cncrush.com\/sl\/wp-json\/wp\/v2\/pages\/31","targetHints":{"allow":["GET"]}}],"collection":[{"href":"https:\/\/cncrush.com\/sl\/wp-json\/wp\/v2\/pages"}],"about":[{"href":"https:\/\/cncrush.com\/sl\/wp-json\/wp\/v2\/types\/page"}],"author":[{"embeddable":true,"href":"https:\/\/cncrush.com\/sl\/wp-json\/wp\/v2\/users\/1"}],"replies":[{"embeddable":true,"href":"https:\/\/cncrush.com\/sl\/wp-json\/wp\/v2\/comments?post=31"}],"version-history":[{"count":0,"href":"https:\/\/cncrush.com\/sl\/wp-json\/wp\/v2\/pages\/31\/revisions"}],"wp:attachment":[{"href":"https:\/\/cncrush.com\/sl\/wp-json\/wp\/v2\/media?parent=31"}],"curies":[{"name":"wp","href":"https:\/\/api.w.org\/{rel}","templated":true}]}}