{"id":33,"date":"2024-09-29T03:50:17","date_gmt":"2024-09-29T03:50:17","guid":{"rendered":"https:\/\/cncrush.com\/?page_id=33"},"modified":"2024-12-20T14:14:01","modified_gmt":"2024-12-20T14:14:01","slug":"potrosniskih-izdelkov","status":"publish","type":"page","link":"https:\/\/cncrush.com\/sl\/potrosniskih-izdelkov\/","title":{"rendered":"Potro\u0161ni\u0161ki izdelki"},"content":{"rendered":"<section class=\"section dark\" id=\"section_121638236\">\n\t\t<div class=\"section-bg fill\" >\n\t\t\t<img loading=\"lazy\" decoding=\"async\" width=\"2100\" height=\"700\" src=\"https:\/\/cncrush.com\/wp-content\/uploads\/2024\/10\/consumer-products.webp\" class=\"bg attachment- size-\" alt=\"\" title=\"\">\t\t\t\t\t\t<div class=\"section-bg-overlay absolute fill\"><\/div><button class=\"scroll-for-more z-5 icon absolute bottom h-center\" aria-label=\"Pomaknite se za ve\u010d\"><i class=\"icon-angle-down\" style=\"font-size:42px;\" ><\/i><\/button>\n\t\t\t\n\n\t\t<\/div>\n\n\t\t\n\n\t\t<div class=\"section-content relative\">\n\t\t\t\n<div class=\"row align-center\"  id=\"row-1177941438\">\n\n\t<div id=\"col-1883368498\" class=\"col medium-10 small-12 large-10\"  >\n\t\t\t\t<div class=\"col-inner text-center\"  >\n\t\t\t\n\t\t\t\n\t<div id=\"text-2597493621\" class=\"text\">\n\t\t\n<h1>Proizvodnja potro\u0161ni\u0161kih izdelkov<\/h1>\n\t\t\n<style>\n#text-2597493621 {\n  font-size: 1.35rem;\n}\n@media (min-width:550px) {\n  #text-2597493621 {\n    font-size: 2rem;\n  }\n}\n<\/style>\n\t<\/div>\n\t\n<div class=\"row\"  id=\"row-197913320\">\n\n\t<div id=\"col-853875509\" class=\"col medium-9 small-12 large-9\"  >\n\t\t\t\t<div class=\"col-inner\"  >\n\t\t\t\n\t\t\t\n<p>Pri CNCRUSH-u bomo uresni\u010dili va\u0161e zamisli o izdelkih in vam tako pomagali optimizirati stro\u0161ke na\u010drtovanja in izdelave. Zagotavljamo, da je va\u0161 izdelek pakiran v skladu z va\u0161imi specifikacijami, kar zagotavlja kakovost in vrednost.<\/p>\n\t\t<\/div>\n\t\t\t\t\t<\/div>\n\n\t\n<\/div>\n\t\t<\/div>\n\t\t\t\t\t<\/div>\n\n\t\n<\/div>\n\t\t<\/div>\n\n\t\t\n<style>\n#section_121638236 {\n  padding-top: 30px;\n  padding-bottom: 30px;\n  min-height: 100px;\n}\n#section_121638236 .section-bg-overlay {\n  background-color: rgba(0, 0, 0, 0.384);\n}\n#section_121638236 .section-bg img {\n  object-position: 53% 58%;\n}\n@media (min-width:550px) {\n  #section_121638236 {\n    min-height: 600px;\n  }\n}\n<\/style>\n\t<\/section>\n\t\n\n\t<section class=\"section\" id=\"section_1260766810\">\n\t\t<div class=\"section-bg fill\" >\n\t\t\t\t\t\t\t\t\t\n\t\t\t\n\n\t\t<\/div>\n\n\t\t\n\n\t\t<div class=\"section-content relative\">\n\t\t\t\n<div class=\"row row-large steps-simple-headline\"  id=\"row-1204020948\">\n\n\t<div id=\"col-153167333\" class=\"col medium-8 small-12 large-12\"  >\n\t\t\t\t<div class=\"col-inner\"  >\n\t\t\t\n\t\t\t\n<div class=\"row row-collapse\"  id=\"row-1868171271\">\n\n\t<div id=\"col-1256663685\" class=\"col medium-1 small-2 large-1\"  >\n\t\t\t\t<div class=\"col-inner\"  >\n\t\t\t\n\t\t\t\n<h2>01<\/h2>\n\t\t<\/div>\n\t\t\t\t\t<\/div>\n\n\t\n\n\t<div id=\"col-2106024291\" class=\"col medium-11 small-10 large-11\"  >\n\t\t\t\t<div class=\"col-inner\"  >\n\t\t\t\n\t\t\t\n<h3>Primeri izdelkov, ki jih izdelujemo<\/h3>\n<ul>\n<li>Ohi\u0161ja za tipke nadzornega sistema zgradbe<\/li>\n<li>Ovitki za tablice<\/li>\n<li>Deli za kolesa<\/li>\n<li>Sestavine za \u0161i\u0161o<\/li>\n<li>Dr\u017eala in gumbi za gospodinjske aparate in elektronsko opremo<\/li>\n<\/ul>\n\t\t<\/div>\n\t\t\t\t\t<\/div>\n\n\t\n<\/div>\n<div class=\"is-divider divider clearfix\" style=\"margin-top:10px;margin-bottom:10px;max-width:100%;height:1px;\"><\/div>\n<div class=\"row row-collapse\"  id=\"row-2048255134\">\n\n\t<div id=\"col-592290754\" class=\"col medium-1 small-2 large-1\"  >\n\t\t\t\t<div class=\"col-inner\"  >\n\t\t\t\n\t\t\t\n<h2>02<\/h2>\n\t\t<\/div>\n\t\t\t\t\t<\/div>\n\n\t\n\n\t<div id=\"col-349605752\" class=\"col medium-11 small-10 large-11\"  >\n\t\t\t\t<div class=\"col-inner\"  >\n\t\t\t\n\t\t\t\n<h3>Celovita podpora<\/h3>\n<p>Imate idejo, vendar niste prepri\u010dani o naslednjih korakih? Pri CNCRUSH-u va\u0161e zamisli pretvorimo v resni\u010dnost. Na\u0161a ekipa vam bo pomagala pri:<\/p>\n<ul>\n<li><strong>Oblikovanje va\u0161ega izdelka<\/strong> da zagotovite, da ustreza va\u0161i viziji<\/li>\n<li>Zagotavljanje <strong>optimalno delovanje<\/strong> s pravimi specifikacijami<\/li>\n<li><strong>Izbira najbolj\u0161ih materialov<\/strong> za vzdr\u017eljivost in funkcionalnost<\/li>\n<li>Ustvarjanje najve\u010d <strong>u\u010dinkovit proizvodni proces<\/strong><\/li>\n<li><strong>Izbira popolne embala\u017ee<\/strong> da ustreza va\u0161i blagovni znamki<\/li>\n<\/ul>\n\t\t<\/div>\n\t\t\t\t\t<\/div>\n\n\t\n<\/div>\n<div class=\"is-divider divider clearfix\" style=\"margin-top:10px;margin-bottom:10px;max-width:100%;height:1px;\"><\/div>\n<div class=\"row row-collapse align-middle\"  id=\"row-1169681795\">\n\n\t<div id=\"col-80145669\" class=\"col medium-1 small-2 large-1\"  >\n\t\t\t\t<div class=\"col-inner\"  >\n\t\t\t\n\t\t\t\n<h2>03<\/h2>\n\t\t<\/div>\n\t\t\t\t\t<\/div>\n\n\t\n\n\t<div id=\"col-1316193486\" class=\"col medium-11 small-10 large-11\"  >\n\t\t\t\t<div class=\"col-inner\"  >\n\t\t\t\n\t\t\t\n<h3>Prilagojen proizvodni proces<\/h3>\n<p>Pri CNCRUSH ponujamo proizvodne re\u0161itve od konca do konca, prilagojene posebnim potrebam va\u0161ega izdelka:<\/p>\n<ul>\n<li><strong>Oblikovanje in natan\u010dnost:<\/strong> Podrobna konstrukcija in optimizacija parametrov<\/li>\n<li><strong>Razvoj in testiranje:<\/strong> Identifikacija prave tehnologije in dodatnih zdravljenj<\/li>\n<li><strong>Vizualne in embala\u017ene re\u0161itve:<\/strong> Zagotavljanje odli\u010dnega videza in ustrezne za\u0161\u010dite kon\u010dnega izdelka<\/li>\n<li><strong>Nadzor kakovosti:<\/strong> Celoviti pregledi za zagotavljanje vrhunske kakovosti<\/li>\n<li><strong>Prilagodljivost:<\/strong> Preprosto prilagajanje modifikacijam izdelka in izbolj\u0161avam oblikovanja<\/li>\n<li><strong>Neposredna komunikacija:<\/strong> Tesno sodelovanje z va\u0161im vodjem projekta in stalno spremljanje proizvodne linije<\/li>\n<li><strong>Vzdr\u017eljivost in testiranje:<\/strong> Izbira pravih materialov za dolgo \u017eivljenjsko dobo izdelka<\/li>\n<\/ul>\n\t\t<\/div>\n\t\t\t\t\t<\/div>\n\n\t\n<\/div>\n<div class=\"is-divider divider clearfix\" style=\"margin-top:10px;margin-bottom:10px;max-width:100%;height:1px;\"><\/div>\n\t\t<\/div>\n\t\t\t\t\t<\/div>\n\n\t\n<\/div>\n\t\t<\/div>\n\n\t\t\n<style>\n#section_1260766810 {\n  padding-top: 60px;\n  padding-bottom: 60px;\n}\n<\/style>\n\t<\/section>\n\t\n<div class=\"row row-collapse row-full-width\"  id=\"row-150459653\">\n\n\t<div id=\"col-225073470\" class=\"col small-12 large-12\"  >\n\t\t\t\t<div class=\"col-inner text-center dark\"  >\n\t\t\t\n\t\t\t\n\n  <div class=\"banner has-hover\" id=\"banner-925727087\">\n          <div class=\"banner-inner fill\">\n        <div class=\"banner-bg fill\" >\n            <img loading=\"lazy\" decoding=\"async\" width=\"1020\" height=\"421\" src=\"https:\/\/cncrush.com\/wp-content\/uploads\/2024\/09\/milled-stainless-steel-background-1024x423.webp\" class=\"bg attachment-large size-large\" alt=\"\" title=\"\">                        <div class=\"overlay\"><\/div>            \n                    <\/div>\n\t\t\n        <div class=\"banner-layers container\">\n            <div class=\"fill banner-link\"><\/div>            \n   <div id=\"text-box-1560412356\" class=\"text-box banner-layer x50 md-x50 lg-x50 y50 md-y50 lg-y50 res-text\">\n                                <div class=\"text-box-content text dark\">\n              \n              <div class=\"text-inner text-center\">\n                  \n\t<div id=\"text-4275047115\" class=\"text\">\n\t\t\n<h3>Vas zanima? Zagotovite si brezpla\u010dno ponudbo \u0161e danes!<\/h3>\n\t\t\n<style>\n#text-4275047115 {\n  font-size: 0.75rem;\n  text-align: center;\n}\n<\/style>\n\t<\/div>\n\t\n<a href=\"https:\/\/cncrush.com\/sl\/poslji-povprasevanje\/\" class=\"button alert\"  >\n\t\t<span>Po\u0161ljite svoje povpra\u0161evanje<\/span>\n\t<\/a>\n\n              <\/div>\n           <\/div>\n                            \n<style>\n#text-box-1560412356 {\n  width: 100%;\n}\n#text-box-1560412356 .text-box-content {\n  font-size: 100%;\n}\n@media (min-width:550px) {\n  #text-box-1560412356 {\n    width: 94%;\n  }\n}\n<\/style>\n    <\/div>\n \n        <\/div>\n      <\/div>\n\n            \n<style>\n#banner-925727087 {\n  padding-top: 99.99%;\n}\n#banner-925727087 .overlay {\n  background-color: rgba(0, 0, 0, 0.17);\n}\n#banner-925727087 .banner-bg img {\n  object-position: 47% 60%;\n}\n@media (min-width:550px) {\n  #banner-925727087 {\n    padding-top: 119px;\n  }\n}\n<\/style>\n  <\/div>\n\n\n\t\t<\/div>\n\t\t\t\t\t<\/div>\n\n\t\n<\/div>","protected":false},"excerpt":{"rendered":"","protected":false},"author":1,"featured_media":0,"parent":0,"menu_order":0,"comment_status":"closed","ping_status":"closed","template":"page-blank.php","meta":{"footnotes":""},"class_list":["post-33","page","type-page","status-publish","hentry"],"_links":{"self":[{"href":"https:\/\/cncrush.com\/sl\/wp-json\/wp\/v2\/pages\/33","targetHints":{"allow":["GET"]}}],"collection":[{"href":"https:\/\/cncrush.com\/sl\/wp-json\/wp\/v2\/pages"}],"about":[{"href":"https:\/\/cncrush.com\/sl\/wp-json\/wp\/v2\/types\/page"}],"author":[{"embeddable":true,"href":"https:\/\/cncrush.com\/sl\/wp-json\/wp\/v2\/users\/1"}],"replies":[{"embeddable":true,"href":"https:\/\/cncrush.com\/sl\/wp-json\/wp\/v2\/comments?post=33"}],"version-history":[{"count":0,"href":"https:\/\/cncrush.com\/sl\/wp-json\/wp\/v2\/pages\/33\/revisions"}],"wp:attachment":[{"href":"https:\/\/cncrush.com\/sl\/wp-json\/wp\/v2\/media?parent=33"}],"curies":[{"name":"wp","href":"https:\/\/api.w.org\/{rel}","templated":true}]}}