{"id":37,"date":"2024-09-29T03:50:30","date_gmt":"2024-09-29T03:50:30","guid":{"rendered":"https:\/\/cncrush.com\/?page_id=37"},"modified":"2024-12-20T13:53:35","modified_gmt":"2024-12-20T13:53:35","slug":"medicinska-industrija","status":"publish","type":"page","link":"https:\/\/cncrush.com\/sl\/medicinska-industrija\/","title":{"rendered":"Medicinska industrija"},"content":{"rendered":"<section class=\"section dark\" id=\"section_1100128027\">\n\t\t<div class=\"section-bg fill\" >\n\t\t\t<img loading=\"lazy\" decoding=\"async\" width=\"2100\" height=\"700\" src=\"https:\/\/cncrush.com\/wp-content\/uploads\/2024\/10\/medical-industry.webp\" class=\"bg attachment- size-\" alt=\"\" title=\"\">\t\t\t\t\t\t<div class=\"section-bg-overlay absolute fill\"><\/div><button class=\"scroll-for-more z-5 icon absolute bottom h-center\" aria-label=\"Pomaknite se za ve\u010d\"><i class=\"icon-angle-down\" style=\"font-size:42px;\" ><\/i><\/button>\n\t\t\t\n\n\t\t<\/div>\n\n\t\t\n\n\t\t<div class=\"section-content relative\">\n\t\t\t\n<div class=\"row align-center\"  id=\"row-1145090607\">\n\n\t<div id=\"col-460365821\" class=\"col medium-10 small-12 large-10\"  >\n\t\t\t\t<div class=\"col-inner text-center\"  >\n\t\t\t\n\t\t\t\n\t<div id=\"text-1934456976\" class=\"text\">\n\t\t\n<h1>CNC natan\u010dni deli za medicinsko industrijo<\/h1>\n\t\t\n<style>\n#text-1934456976 {\n  font-size: 1.35rem;\n}\n@media (min-width:550px) {\n  #text-1934456976 {\n    font-size: 2rem;\n  }\n}\n<\/style>\n\t<\/div>\n\t\n<div class=\"row\"  id=\"row-201722713\">\n\n\t<div id=\"col-814466586\" class=\"col medium-9 small-12 large-9\"  >\n\t\t\t\t<div class=\"col-inner\"  >\n\t\t\t\n\t\t\t\n<p>Pri CNCRUSH izdelujemo natan\u010dne komponente za specializirano medicinsko opremo, kar zagotavlja najvi\u0161jo kakovost in zanesljivost za medicinski sektor.<\/p>\n\t\t<\/div>\n\t\t\t\t\t<\/div>\n\n\t\n<\/div>\n\t\t<\/div>\n\t\t\t\t\t<\/div>\n\n\t\n<\/div>\n\t\t<\/div>\n\n\t\t\n<style>\n#section_1100128027 {\n  padding-top: 30px;\n  padding-bottom: 30px;\n  min-height: 100px;\n}\n#section_1100128027 .section-bg-overlay {\n  background-color: rgba(0, 0, 0, 0.384);\n}\n#section_1100128027 .section-bg img {\n  object-position: 53% 58%;\n}\n@media (min-width:550px) {\n  #section_1100128027 {\n    min-height: 600px;\n  }\n}\n<\/style>\n\t<\/section>\n\t\n\n\t<section class=\"section\" id=\"section_285471191\">\n\t\t<div class=\"section-bg fill\" >\n\t\t\t\t\t\t\t\t\t\n\t\t\t\n\n\t\t<\/div>\n\n\t\t\n\n\t\t<div class=\"section-content relative\">\n\t\t\t\n<div class=\"row row-large steps-simple-headline\"  id=\"row-236281182\">\n\n\t<div id=\"col-1087865543\" class=\"col medium-8 small-12 large-12\"  >\n\t\t\t\t<div class=\"col-inner\"  >\n\t\t\t\n\t\t\t\n<div class=\"row row-collapse\"  id=\"row-2073647175\">\n\n\t<div id=\"col-2146521321\" class=\"col medium-1 small-2 large-1\"  >\n\t\t\t\t<div class=\"col-inner\"  >\n\t\t\t\n\t\t\t\n<h2>01<\/h2>\n\t\t<\/div>\n\t\t\t\t\t<\/div>\n\n\t\n\n\t<div id=\"col-342882659\" class=\"col medium-11 small-10 large-11\"  >\n\t\t\t\t<div class=\"col-inner\"  >\n\t\t\t\n\t\t\t\n<h3>Deli, ki jih izdelujemo<\/h3>\n<p>Specializirani smo za proizvodnjo kriti\u010dnih delov za medicinske pripomo\u010dke, vklju\u010dno z:<\/p>\n<ul>\n<li><strong>Aluminijasta ohi\u0161ja<\/strong><\/li>\n<li><strong>Mehanski deli<\/strong> za medicinsko opremo iz aluminija in nerjave\u010dega jekla, ki se uporablja v radioterapiji, endoskopiji, laparoskopiji in zobnih skenerjih<\/li>\n<li><strong>Elektrode<\/strong><\/li>\n<\/ul>\n\t\t<\/div>\n\t\t\t\t\t<\/div>\n\n\t\n<\/div>\n<div class=\"is-divider divider clearfix\" style=\"margin-top:10px;margin-bottom:10px;max-width:100%;height:1px;\"><\/div>\n<div class=\"row row-collapse\"  id=\"row-1451065921\">\n\n\t<div id=\"col-1733774126\" class=\"col medium-1 small-2 large-1\"  >\n\t\t\t\t<div class=\"col-inner\"  >\n\t\t\t\n\t\t\t\n<h2>02<\/h2>\n\t\t<\/div>\n\t\t\t\t\t<\/div>\n\n\t\n\n\t<div id=\"col-709509354\" class=\"col medium-11 small-10 large-11\"  >\n\t\t\t\t<div class=\"col-inner\"  >\n\t\t\t\n\t\t\t\n<h3>Na\u0161 proizvodni proces<\/h3>\n<ul>\n<li><strong>Natan\u010dnost:<\/strong> Izdelujemo majhne, \u200b\u200bvisoko natan\u010dne dele s tolerancami do 0,02 mm.<\/li>\n<li><strong>\u010cisto\u010da:<\/strong> Vsak del je natan\u010dno preverjen, da se zagotovi, da ni robov, ostru\u017ekov ali ostankov olja.<\/li>\n<li><strong>Zanesljivost:<\/strong> Skrbno izbiramo proizvodne procese, ki zagotavljajo visoko ponovljivost, funkcionalnost in skladnost delov.<\/li>\n<li><strong>Vklju\u010denost strank:<\/strong> Tesno sodelujemo s strankami, da analiziramo zahteve glede na\u010drtovanja in prilagodimo na\u0161e procese, da izpolnijo njihove specifi\u010dne potrebe.<\/li>\n<\/ul>\n\t\t<\/div>\n\t\t\t\t\t<\/div>\n\n\t\n<\/div>\n<div class=\"is-divider divider clearfix\" style=\"margin-top:10px;margin-bottom:10px;max-width:100%;height:1px;\"><\/div>\n<div class=\"row row-collapse align-middle\"  id=\"row-2035913523\">\n\n\t<div id=\"col-303188708\" class=\"col medium-1 small-2 large-1\"  >\n\t\t\t\t<div class=\"col-inner\"  >\n\t\t\t\n\t\t\t\n<h2>03<\/h2>\n\t\t<\/div>\n\t\t\t\t\t<\/div>\n\n\t\n\n\t<div id=\"col-785797813\" class=\"col medium-11 small-10 large-11\"  >\n\t\t\t\t<div class=\"col-inner\"  >\n\t\t\t\n\t\t\t\n<h3>Zagotavljanje kakovosti<\/h3>\n<p>Natan\u010dnost je klju\u010dnega pomena na medicinskem podro\u010dju in izpolnjujemo najvi\u0161je standarde z uporabo napredne merilne opreme, kot je <strong>Hexagon Global S<\/strong>, ki zagotavlja natan\u010dnost 0,005 mm. Pri zapletenih delih majhne velikosti izvajamo tudi vizualne preglede s pove\u010danimi pogledi, da zagotovimo kakovost.<\/p>\n\t\t<\/div>\n\t\t\t\t\t<\/div>\n\n\t\n<\/div>\n<div class=\"is-divider divider clearfix\" style=\"margin-top:10px;margin-bottom:10px;max-width:100%;height:1px;\"><\/div>\n\t\t<\/div>\n\t\t\t\t\t<\/div>\n\n\t\n<\/div>\n\t\t<\/div>\n\n\t\t\n<style>\n#section_285471191 {\n  padding-top: 60px;\n  padding-bottom: 60px;\n}\n<\/style>\n\t<\/section>\n\t\n<div class=\"row row-collapse row-full-width\"  id=\"row-899459639\">\n\n\t<div id=\"col-1175929\" class=\"col small-12 large-12\"  >\n\t\t\t\t<div class=\"col-inner text-center dark\"  >\n\t\t\t\n\t\t\t\n\n  <div class=\"banner has-hover\" id=\"banner-153078817\">\n          <div class=\"banner-inner fill\">\n        <div class=\"banner-bg fill\" >\n            <img loading=\"lazy\" decoding=\"async\" width=\"1020\" height=\"421\" src=\"https:\/\/cncrush.com\/wp-content\/uploads\/2024\/09\/milled-stainless-steel-background-1024x423.webp\" class=\"bg attachment-large size-large\" alt=\"\" title=\"\">                        <div class=\"overlay\"><\/div>            \n                    <\/div>\n\t\t\n        <div class=\"banner-layers container\">\n            <div class=\"fill banner-link\"><\/div>            \n   <div id=\"text-box-1961145099\" class=\"text-box banner-layer x50 md-x50 lg-x50 y50 md-y50 lg-y50 res-text\">\n                                <div class=\"text-box-content text dark\">\n              \n              <div class=\"text-inner text-center\">\n                  \n\t<div id=\"text-3564701395\" class=\"text\">\n\t\t\n<h3>Vas zanima? Zagotovite si brezpla\u010dno ponudbo \u0161e danes!<\/h3>\n\t\t\n<style>\n#text-3564701395 {\n  font-size: 0.75rem;\n  text-align: center;\n}\n<\/style>\n\t<\/div>\n\t\n<a href=\"https:\/\/cncrush.com\/sl\/poslji-povprasevanje\/\" class=\"button alert\"  >\n\t\t<span>Po\u0161ljite svoje povpra\u0161evanje<\/span>\n\t<\/a>\n\n              <\/div>\n           <\/div>\n                            \n<style>\n#text-box-1961145099 {\n  width: 100%;\n}\n#text-box-1961145099 .text-box-content {\n  font-size: 100%;\n}\n@media (min-width:550px) {\n  #text-box-1961145099 {\n    width: 94%;\n  }\n}\n<\/style>\n    <\/div>\n \n        <\/div>\n      <\/div>\n\n            \n<style>\n#banner-153078817 {\n  padding-top: 99.99%;\n}\n#banner-153078817 .overlay {\n  background-color: rgba(0, 0, 0, 0.17);\n}\n#banner-153078817 .banner-bg img {\n  object-position: 47% 60%;\n}\n@media (min-width:550px) {\n  #banner-153078817 {\n    padding-top: 97px;\n  }\n}\n<\/style>\n  <\/div>\n\n\n\t\t<\/div>\n\t\t\t\t\t<\/div>\n\n\t\n<\/div>","protected":false},"excerpt":{"rendered":"","protected":false},"author":1,"featured_media":0,"parent":0,"menu_order":0,"comment_status":"closed","ping_status":"closed","template":"page-blank.php","meta":{"footnotes":""},"class_list":["post-37","page","type-page","status-publish","hentry"],"_links":{"self":[{"href":"https:\/\/cncrush.com\/sl\/wp-json\/wp\/v2\/pages\/37","targetHints":{"allow":["GET"]}}],"collection":[{"href":"https:\/\/cncrush.com\/sl\/wp-json\/wp\/v2\/pages"}],"about":[{"href":"https:\/\/cncrush.com\/sl\/wp-json\/wp\/v2\/types\/page"}],"author":[{"embeddable":true,"href":"https:\/\/cncrush.com\/sl\/wp-json\/wp\/v2\/users\/1"}],"replies":[{"embeddable":true,"href":"https:\/\/cncrush.com\/sl\/wp-json\/wp\/v2\/comments?post=37"}],"version-history":[{"count":0,"href":"https:\/\/cncrush.com\/sl\/wp-json\/wp\/v2\/pages\/37\/revisions"}],"wp:attachment":[{"href":"https:\/\/cncrush.com\/sl\/wp-json\/wp\/v2\/media?parent=37"}],"curies":[{"name":"wp","href":"https:\/\/api.w.org\/{rel}","templated":true}]}}