{"id":43,"date":"2024-09-29T03:52:14","date_gmt":"2024-09-29T03:52:14","guid":{"rendered":"https:\/\/cncrush.com\/?page_id=43"},"modified":"2024-10-03T15:34:47","modified_gmt":"2024-10-03T15:34:47","slug":"politiko-piskotkov","status":"publish","type":"page","link":"https:\/\/cncrush.com\/sl\/politiko-piskotkov\/","title":{"rendered":"Politika pi\u0161kotkov"},"content":{"rendered":"<p>pri <strong><a href=\"https:\/\/cncrush.com\/sl\/\">CNCRUSH<\/a><\/strong>, smo zavezani varovanju va\u0161e zasebnosti in zagotavljanju preglednosti pri ravnanju z va\u0161imi osebnimi podatki. Ta pravilnik o pi\u0161kotkih pojasnjuje, kako uporabljamo pi\u0161kotke in podobne tehnologije na na\u0161i spletni strani, <a href=\"https:\/\/cncrush.com\/sl\/\" target=\"_new\" rel=\"noopener\">https:\/\/cncrush.com\/<\/a> (\u00bbspletno mesto\u00ab). Z nadaljnjo uporabo na\u0161ega spletnega mesta se strinjate z uporabo pi\u0161kotkov, kot je opisano v tem pravilniku.<\/p>\n<h4><strong>Kaj so pi\u0161kotki?<\/strong><\/h4>\n<p>Pi\u0161kotki so majhne besedilne datoteke, ki se shranijo v va\u0161i napravi (ra\u010dunalnik, pametni telefon ali tablica), ko obi\u0161\u010dete spletno mesto. Vsebujejo informacije, ki spletnemu mestu pomagajo prepoznati va\u0161o napravo in lahko izbolj\u0161ajo va\u0161o izku\u0161njo tako, da si zapomnijo nastavitve, omogo\u010dijo hitrej\u0161e nalaganje in izbolj\u0161ajo splo\u0161no funkcionalnost.<\/p>\n<h4><strong>Vrste pi\u0161kotkov, ki jih uporabljamo<\/strong><\/h4>\n<ol>\n<li><strong>Strogo potrebni pi\u0161kotki:<\/strong> Ti pi\u0161kotki so bistveni za pravilno delovanje spletnega mesta. Omogo\u010dajo osnovne funkcije, kot so navigacija po straneh in varna podro\u010dja spletnega mesta. Brez teh pi\u0161kotkov dolo\u010denih storitev, ki jih zahtevate, ni mogo\u010de zagotoviti. Primeri nujno potrebnih pi\u0161kotkov vklju\u010dujejo:\n<ul>\n<li>Upravljanje sej<\/li>\n<li>Varnostno preverjanje pristnosti<\/li>\n<li>Oddaje obrazcev<\/li>\n<\/ul>\n<\/li>\n<li><strong>Pi\u0161kotki za u\u010dinkovitost in analitiko:<\/strong> Ti pi\u0161kotki zbirajo informacije o tem, kako obiskovalci uporabljajo na\u0161o spletno stran, kot so strani, ki jih najpogosteje obi\u0161\u010dejo, in vsa sporo\u010dila o napakah, ki jih prejmejo. Podatki so zdru\u017eeni in anonimni ter nam pomagajo izbolj\u0161ati delovanje na\u0161ega spletnega mesta. Za spremljanje prometa na spletnem mestu in vzorcev uporabe uporabljamo analiti\u010dna orodja tretjih oseb, kot je Google Analytics. To nam pomaga sprejemati odlo\u010ditve na podlagi podatkov za optimizacijo uporabni\u0161ke izku\u0161nje.<\/li>\n<li><strong>Funkcionalni pi\u0161kotki:<\/strong> Ti pi\u0161kotki omogo\u010dajo spletnemu mestu, da si zapomni va\u0161e izbire, kot so va\u0161e jezikovne nastavitve ali regija. Izbolj\u0161ajo va\u0161o uporabni\u0161ko izku\u0161njo z zagotavljanjem prilagojenih funkcij.<\/li>\n<li><strong>Ciljni in ogla\u0161evalski pi\u0161kotki:<\/strong> Te pi\u0161kotke lahko uporabimo, da vam prika\u017eemo ustreznej\u0161e oglase. Sledijo va\u0161i spletni dejavnosti in nam omogo\u010dajo prikazovanje oglasov na podlagi va\u0161ih zanimanj. Ti pi\u0161kotki nam pomagajo tudi pri merjenju u\u010dinkovitosti na\u0161ih tr\u017enih kampanj. Sodelujemo z ogla\u0161evalci tretjih oseb, ki lahko namestijo pi\u0161kotke v va\u0161o napravo, ko obi\u0161\u010dete na\u0161o spletno stran. Upo\u0161tevajte, da imajo te tretje osebe svojo politiko zasebnosti in pi\u0161kotkov.<\/li>\n<\/ol>\n<h4><strong>Kako uporabljamo pi\u0161kotke<\/strong><\/h4>\n<p>Pi\u0161kotke uporabljamo za:<\/p>\n<ul>\n<li>Izbolj\u0161ajte funkcionalnost in u\u010dinkovitost na\u0161ega spletnega mesta.<\/li>\n<li>Zagotavljajo vam prilagojeno izku\u0161njo.<\/li>\n<li>Analizirajte promet in izbolj\u0161ajte uporabnost spletnega mesta.<\/li>\n<li>Podprite na\u0161a prizadevanja za tr\u017eenje in ogla\u0161evanje.<\/li>\n<\/ul>\n<p>Pi\u0161kotki nam tudi pomagajo izbolj\u0161ati kakovost na\u0161ih storitev, tako da prepoznajo morebitne tehni\u010dne te\u017eave ali podro\u010dja za izbolj\u0161avo.<\/p>\n<h4><strong>Upravljanje pi\u0161kotkov<\/strong><\/h4>\n<p>Pravico do nadzora in upravljanja pi\u0161kotkov imate na ve\u010d na\u010dinov:<\/p>\n<ol>\n<li><strong>Nastavitve brskalnika:<\/strong> Ve\u010dina spletnih brskalnikov omogo\u010da upravljanje va\u0161ih nastavitev pi\u0161kotkov prek njihovih nastavitev. Pi\u0161kotke lahko blokirate ali izbri\u0161ete. Vendar upo\u0161tevajte, da \u010de onemogo\u010dite dolo\u010dene pi\u0161kotke, deli na\u0161ega spletnega mesta morda ne bodo delovali pravilno.<\/li>\n<li><strong>Povezave za zavrnitev:<\/strong> Za uspe\u0161nost in ciljne pi\u0161kotke se lahko odjavite neposredno prek ustreznih storitev tretjih oseb:\n<ul>\n<li><a target=\"_new\" rel=\"noopener\">Izklju\u010ditev storitve Google Analytics<\/a><\/li>\n<li>Nastavitve ogla\u0161evanja za Google<\/li>\n<li>Va\u0161e spletne izbire za uporabnike v EU<\/li>\n<\/ul>\n<\/li>\n<li><strong>Nastavitve Ne sledi (DNT):<\/strong> Nekateri spletni brskalniki ponujajo funkcijo \u00bbNe sledi\u00ab, ki vam omogo\u010da, da sporo\u010dite svojo \u017eeljo po zasebnosti in zahtevate, da spletna mesta ne sledijo va\u0161im spletnim dejavnostim. Vendar pa ni enotnega standarda za signale DNT in na\u0161e spletno mesto se morda ne bo odzvalo na te signale.<\/li>\n<\/ol>\n<h4><strong>Pi\u0161kotki tretjih oseb<\/strong><\/h4>\n<p>Storitve tretjih oseb, ki nastavijo pi\u0161kotke v va\u0161i napravi, lahko uporabimo za izbolj\u0161anje va\u0161e izku\u0161nje brskanja ali za prikaz prilagojene vsebine. Te pi\u0161kotke tretjih oseb urejajo politike zasebnosti ustreznih tretjih oseb in priporo\u010damo, da si za ve\u010d informacij ogledate njihove politike.<\/p>\n<h4><strong>Spremembe tega pravilnika o pi\u0161kotkih<\/strong><\/h4>\n<p>Ta pravilnik o pi\u0161kotkih lahko ob\u010dasno posodobimo, da odra\u017ea spremembe v tehnologiji, zakonskih zahtevah ali funkcionalnosti na\u0161ega spletnega mesta. Vse posodobitve bodo objavljene na tej strani, \u00bbdatum za\u010detka veljavnosti\u00ab pa bo ustrezno spremenjen. Svetujemo vam, da redno pregledujete to politiko, da boste obve\u0161\u010deni o na\u0161i uporabi pi\u0161kotkov.<\/p>\n<h4><strong>Kontaktirajte nas<\/strong><\/h4>\n<p>\u010ce imate kakr\u0161na koli vpra\u0161anja o na\u0161i uporabi pi\u0161kotkov ali tej Politiki pi\u0161kotkov, se obrnite na nas na:<\/p>\n<p><strong>E-po\u0161ta:<\/strong> <a rel=\"noopener\"><span \n                data-original-string='8hSFNzt1MDdVeS7h+8TIEw==250tGMxgKJkqxi67FSYh\/gTN8Js9iWFFAnq8XRPk9jk55U='\n                class='apbct-email-encoder'\n                title='Ta stik je bil kodiran z Anti-Spam by CleanTalk. Kliknite, da dekodirate. Da dokon\u010date dekodiranje, se prepri\u010dajte, da je JavaScript omogo\u010den v va\u0161em brskalniku.'>v<span class=\"apbct-blur\">**<\/span>@<span class=\"apbct-blur\">*****<\/span>sh.com<\/span><\/a><\/p>","protected":false},"excerpt":{"rendered":"<p>Pri CNCRUSH-u smo zavezani varovanju va\u0161e zasebnosti in zagotavljanju preglednosti pri ravnanju z va\u0161imi osebnimi podatki. Ta pravilnik o pi\u0161kotkih pojasnjuje, kako uporabljamo pi\u0161kotke in podobne tehnologije na na\u0161i spletni strani, https:\/\/cncrush.com\/ (\u00bbspletna stran\u00ab). Z nadaljnjo uporabo na\u0161ega spletnega mesta se strinjate z uporabo pi\u0161kotkov, kot je opisano v tem pravilniku. Kaj [\u2026]","protected":false},"author":1,"featured_media":0,"parent":0,"menu_order":0,"comment_status":"closed","ping_status":"closed","template":"page-blank-title-center.php","meta":{"footnotes":""},"class_list":["post-43","page","type-page","status-publish","hentry"],"_links":{"self":[{"href":"https:\/\/cncrush.com\/sl\/wp-json\/wp\/v2\/pages\/43","targetHints":{"allow":["GET"]}}],"collection":[{"href":"https:\/\/cncrush.com\/sl\/wp-json\/wp\/v2\/pages"}],"about":[{"href":"https:\/\/cncrush.com\/sl\/wp-json\/wp\/v2\/types\/page"}],"author":[{"embeddable":true,"href":"https:\/\/cncrush.com\/sl\/wp-json\/wp\/v2\/users\/1"}],"replies":[{"embeddable":true,"href":"https:\/\/cncrush.com\/sl\/wp-json\/wp\/v2\/comments?post=43"}],"version-history":[{"count":0,"href":"https:\/\/cncrush.com\/sl\/wp-json\/wp\/v2\/pages\/43\/revisions"}],"wp:attachment":[{"href":"https:\/\/cncrush.com\/sl\/wp-json\/wp\/v2\/media?parent=43"}],"curies":[{"name":"wp","href":"https:\/\/api.w.org\/{rel}","templated":true}]}}