{"id":12,"date":"2024-09-29T03:47:11","date_gmt":"2024-09-29T03:47:11","guid":{"rendered":"https:\/\/cncrush.com\/?page_id=12"},"modified":"2024-12-20T13:30:54","modified_gmt":"2024-12-20T13:30:54","slug":"om-oss","status":"publish","type":"page","link":"https:\/\/cncrush.com\/sv\/om-oss\/","title":{"rendered":"Om oss"},"content":{"rendered":"<section class=\"section\" id=\"section_1925813845\">\n\t\t<div class=\"section-bg fill\" >\n\t\t\t\t\t\t\t\t\t\n\t\t\t\n\n\t\t<\/div>\n\n\t\t\n\n\t\t<div class=\"section-content relative\">\n\t\t\t\n<div class=\"row align-center\"  id=\"row-166259637\">\n\n\t<div id=\"col-260464002\" class=\"col medium-11 small-12 large-10\"  >\n\t\t\t\t<div class=\"col-inner\"  >\n\t\t\t\n\t\t\t\n<div class=\"row row-large align-middle\"  id=\"row-1868121974\">\n\n\t<div id=\"col-33919188\" class=\"col medium-4 small-12 large-6\"  >\n\t\t\t\t<div class=\"col-inner\"  >\n\t\t\t\n\t\t\t\n\n  <div class=\"banner has-hover\" id=\"banner-1447402620\">\n          <div class=\"banner-inner fill\">\n        <div class=\"banner-bg fill\" >\n            <img loading=\"lazy\" decoding=\"async\" width=\"1020\" height=\"876\" src=\"https:\/\/cncrush.com\/wp-content\/uploads\/2024\/12\/Machines-1-1024x879.jpg\" class=\"bg attachment-large size-large\" alt=\"\" title=\"\">                                    \n                    <\/div>\n\t\t\n        <div class=\"banner-layers container\">\n            <div class=\"fill banner-link\"><\/div>            \n   <div id=\"text-box-1633489200\" class=\"text-box banner-layer x50 md-x50 lg-x50 y50 md-y50 lg-y50 res-text\">\n                                <div class=\"text-box-content text dark\">\n              \n              <div class=\"text-inner text-center\">\n                  \n              <\/div>\n           <\/div>\n                            \n<style>\n#text-box-1633489200 {\n  width: 60%;\n}\n#text-box-1633489200 .text-box-content {\n  font-size: 100%;\n}\n@media (min-width:550px) {\n  #text-box-1633489200 {\n    width: 60%;\n  }\n}\n<\/style>\n    <\/div>\n \n        <\/div>\n      <\/div>\n\n            \n<style>\n#banner-1447402620 {\n  padding-top: 300px;\n}\n@media (min-width:550px) {\n  #banner-1447402620 {\n    padding-top: 79.66%;\n  }\n}\n<\/style>\n  <\/div>\n\n\n\t\t<\/div>\n\t\t\t\t\t<\/div>\n\n\t\n\n\t<div id=\"col-2135065130\" class=\"col medium-8 small-12 large-6\"  >\n\t\t\t\t<div class=\"col-inner\"  >\n\t\t\t\n\t\t\t\n<h3>V\u00e5r \u00f6dmjuka b\u00f6rjan <\/h3>\n<p>2012 b\u00f6rjade Mike, v\u00e5r grundare, med bara tv\u00e5 CNC-maskiner och en vision att leverera precision och kvalitet. P\u00e5 den tiden riktade vi oss enbart till den inhemska marknaden och tillverkade anpassade delar f\u00f6r ett brett spektrum av industrier. Fr\u00e5n sm\u00e5 verkst\u00e4der till stora fabriker, Mikes engagemang och praktiska tillv\u00e4gag\u00e5ngss\u00e4tt byggde upp ett rykte om tillf\u00f6rlitlighet och excellens, vilket lade grunden f\u00f6r vad vi \u00e4r idag.<\/p>\n\t\t<\/div>\n\t\t\t\t\t<\/div>\n\n\t\n<\/div>\n<div class=\"row row-large align-middle\"  id=\"row-268493409\">\n\n\t<div id=\"col-445456289\" class=\"col medium-8 small-12 large-6\"  >\n\t\t\t\t<div class=\"col-inner\"  >\n\t\t\t\n\t\t\t\n<h3>Expanderande horisonter<\/h3>\n<p>I takt med att efterfr\u00e5gan v\u00e4xte, \u00f6kade ocks\u00e5 v\u00e5r ambition. \u00c5r 2015 ut\u00f6kade vi v\u00e5r verksamhet f\u00f6r att betj\u00e4na kunder i Europa, USA och Australien. L\u00e4ngs v\u00e4gen f\u00f6rfinade vi v\u00e5r expertis och b\u00f6rjade fokusera p\u00e5 nyckelbranscher som fordonskomponenter, medicinsk utrustning, elektroniska delar och automationsutrustning. Dessa specialiserade sektorer blev h\u00f6rnstenen i v\u00e5r tillv\u00e4xt och innovation.<\/p>\n\t\t<\/div>\n\t\t\t\t\t<\/div>\n\n\t\n\n\t<div id=\"col-1763533543\" class=\"col medium-4 small-12 large-6 medium-col-first\"  >\n\t\t\t\t<div class=\"col-inner\"  >\n\t\t\t\n\t\t\t\n\n  <div class=\"banner has-hover\" id=\"banner-224553867\">\n          <div class=\"banner-inner fill\">\n        <div class=\"banner-bg fill\" >\n            <img loading=\"lazy\" decoding=\"async\" width=\"507\" height=\"494\" src=\"https:\/\/cncrush.com\/wp-content\/uploads\/2024\/12\/About-us-2.png\" class=\"bg attachment-large size-large\" alt=\"\" title=\"\">                                    \n                    <\/div>\n\t\t\n        <div class=\"banner-layers container\">\n            <div class=\"fill banner-link\"><\/div>            \n   <div id=\"text-box-607503459\" class=\"text-box banner-layer x50 md-x50 lg-x50 y50 md-y50 lg-y50 res-text\">\n                                <div class=\"text-box-content text dark\">\n              \n              <div class=\"text-inner text-center\">\n                  \n              <\/div>\n           <\/div>\n                            \n<style>\n#text-box-607503459 {\n  width: 60%;\n}\n#text-box-607503459 .text-box-content {\n  font-size: 100%;\n}\n@media (min-width:550px) {\n  #text-box-607503459 {\n    width: 60%;\n  }\n}\n<\/style>\n    <\/div>\n \n        <\/div>\n      <\/div>\n\n            \n<style>\n#banner-224553867 {\n  padding-top: 300px;\n}\n@media (min-width:550px) {\n  #banner-224553867 {\n    padding-top: 61.03%;\n  }\n}\n<\/style>\n  <\/div>\n\n\n\t\t<\/div>\n\t\t\t\t\t<\/div>\n\n\t\n<\/div>\n<div class=\"row row-large align-middle\"  id=\"row-1267535424\">\n\n\t<div id=\"col-226079629\" class=\"col medium-4 small-12 large-6\"  >\n\t\t\t\t<div class=\"col-inner\"  >\n\t\t\t\n\t\t\t\n\n  <div class=\"banner has-hover\" id=\"banner-52562467\">\n          <div class=\"banner-inner fill\">\n        <div class=\"banner-bg fill\" >\n            <img loading=\"lazy\" decoding=\"async\" width=\"1020\" height=\"680\" src=\"https:\/\/cncrush.com\/wp-content\/uploads\/2024\/12\/Machines-2-1024x683.jpg\" class=\"bg attachment-large size-large\" alt=\"cnc milling\" title=\"\">                                    \n                    <\/div>\n\t\t\n        <div class=\"banner-layers container\">\n            <div class=\"fill banner-link\"><\/div>            \n   <div id=\"text-box-1478947833\" class=\"text-box banner-layer x50 md-x50 lg-x50 y50 md-y50 lg-y50 res-text\">\n                                <div class=\"text-box-content text dark\">\n              \n              <div class=\"text-inner text-center\">\n                  \n              <\/div>\n           <\/div>\n                            \n<style>\n#text-box-1478947833 {\n  width: 60%;\n}\n#text-box-1478947833 .text-box-content {\n  font-size: 100%;\n}\n@media (min-width:550px) {\n  #text-box-1478947833 {\n    width: 60%;\n  }\n}\n<\/style>\n    <\/div>\n \n        <\/div>\n      <\/div>\n\n            \n<style>\n#banner-52562467 {\n  padding-top: 300px;\n}\n@media (min-width:550px) {\n  #banner-52562467 {\n    padding-top: 70.63%;\n  }\n}\n<\/style>\n  <\/div>\n\n\n\t\t<\/div>\n\t\t\t\t\t<\/div>\n\n\t\n\n\t<div id=\"col-489958125\" class=\"col medium-8 small-12 large-6\"  >\n\t\t\t\t<div class=\"col-inner\"  >\n\t\t\t\n\t\t\t\n<h3>Ett blomstrande team med en global vision<\/h3>\n<p>V\u00e5rt team v\u00e4xte tillsammans med v\u00e5r verksamhet. Fr\u00e5n 8 skickliga yrkesverksamma 2018 till \u00f6ver 20 beg\u00e5vade individer 2024, vi har kommit l\u00e5ngt. Varje medlem i v\u00e5rt team delar ett engagemang f\u00f6r precision, kvalitet och kundn\u00f6jdhet. Idag levererar vi stolt CNC-bearbetningstj\u00e4nster i v\u00e4rldsklass till globala marknader, med \u00f6ver ett decenniums erfarenhet och passion f\u00f6r st\u00e4ndiga f\u00f6rb\u00e4ttringar.<\/p>\n\t\t<\/div>\n\t\t\t\t\t<\/div>\n\n\t\n<\/div>\n<div class=\"row align-center\"  id=\"row-1691339459\">\n\n\t<div id=\"col-1933617093\" class=\"col medium-9 small-10 large-12\"  >\n\t\t\t\t<div class=\"col-inner text-center\"  >\n\t\t\t\n\t\t\t\n\t<div id=\"text-1183110348\" class=\"text\">\n\t\t\n<p>P\u00e5 CNCRUSH \u00e4r vi engagerade i <strong>kvalitet, precision och innovation<\/strong>. Oavsett om du beh\u00f6ver sm\u00e5 prototypk\u00f6rningar eller stora produktionspartier \u00e4r vi din p\u00e5litliga partner f\u00f6r CNC-bearbetning, vilket s\u00e4kerst\u00e4ller excellens i varje steg av produktionen.<\/p>\n<p>Vi inbjuder dig att samarbeta med CNCRUSH, d\u00e4r <strong>precision m\u00f6ter tillf\u00f6rlitlighet<\/strong>. L\u00e5t oss bygga n\u00e5got extraordin\u00e4rt tillsammans.<br \/>\n\t\t\n<style>\n#text-1183110348 {\n  text-align: left;\n}\n<\/style>\n\t<\/div>\n\t\n<a href=\"https:\/\/cncrush.com\/sv\/skicka-forfragan\/\" class=\"button secondary\"  style=\"border-radius:4px;\">\n\t\t<span>Skicka f\u00f6rfr\u00e5gan<\/span>\n\t<\/a>\n\n\t\t<\/div>\n\t\t\t\t\n<style>\n#col-1933617093 > .col-inner {\n  margin: 20px 0px 20px 0px;\n}\n<\/style>\n\t<\/div>\n\n\t\n<\/div>\n\t\t<\/div>\n\t\t\t\t\t<\/div>\n\n\t\n<\/div>\n\t\t<\/div>\n\n\t\t\n<style>\n#section_1925813845 {\n  padding-top: 80px;\n  padding-bottom: 80px;\n  background-color: rgb(244, 244, 244);\n}\n<\/style>\n\t<\/section>","protected":false},"excerpt":{"rendered":"","protected":false},"author":1,"featured_media":103,"parent":0,"menu_order":0,"comment_status":"closed","ping_status":"closed","template":"page-blank.php","meta":{"footnotes":""},"class_list":["post-12","page","type-page","status-publish","has-post-thumbnail","hentry"],"_links":{"self":[{"href":"https:\/\/cncrush.com\/sv\/wp-json\/wp\/v2\/pages\/12","targetHints":{"allow":["GET"]}}],"collection":[{"href":"https:\/\/cncrush.com\/sv\/wp-json\/wp\/v2\/pages"}],"about":[{"href":"https:\/\/cncrush.com\/sv\/wp-json\/wp\/v2\/types\/page"}],"author":[{"embeddable":true,"href":"https:\/\/cncrush.com\/sv\/wp-json\/wp\/v2\/users\/1"}],"replies":[{"embeddable":true,"href":"https:\/\/cncrush.com\/sv\/wp-json\/wp\/v2\/comments?post=12"}],"version-history":[{"count":0,"href":"https:\/\/cncrush.com\/sv\/wp-json\/wp\/v2\/pages\/12\/revisions"}],"wp:featuredmedia":[{"embeddable":true,"href":"https:\/\/cncrush.com\/sv\/wp-json\/wp\/v2\/media\/103"}],"wp:attachment":[{"href":"https:\/\/cncrush.com\/sv\/wp-json\/wp\/v2\/media?parent=12"}],"curies":[{"name":"wp","href":"https:\/\/api.w.org\/{rel}","templated":true}]}}