{"id":21,"date":"2024-09-29T03:49:06","date_gmt":"2024-09-29T03:49:06","guid":{"rendered":"https:\/\/cncrush.com\/?page_id=21"},"modified":"2024-12-20T12:05:30","modified_gmt":"2024-12-20T12:05:30","slug":"cnc-svarvade-delar","status":"publish","type":"page","link":"https:\/\/cncrush.com\/sv\/cnc-svarvade-delar\/","title":{"rendered":"CNC svarvade delar"},"content":{"rendered":"<section class=\"section dark\" id=\"section_1678039218\">\n\t\t<div class=\"section-bg fill\" >\n\t\t\t<img loading=\"lazy\" decoding=\"async\" width=\"800\" height=\"400\" src=\"https:\/\/cncrush.com\/wp-content\/uploads\/2024\/11\/1-2.webp\" class=\"bg attachment- size-\" alt=\"CNC-fr\u00e4sning\" title=\"\">\t\t\t\t\t\t<div class=\"section-bg-overlay absolute fill\"><\/div><button class=\"scroll-for-more z-5 icon absolute bottom h-center\" aria-label=\"Bl\u00e4ddra f\u00f6r mer\"><i class=\"icon-angle-down\" style=\"font-size:42px;\" ><\/i><\/button>\n\t\t\t\n\n\t\t<\/div>\n\n\t\t\n\n\t\t<div class=\"section-content relative\">\n\t\t\t\n<div class=\"row align-center\"  id=\"row-1928970494\">\n\n\t<div id=\"col-1649392157\" class=\"col medium-10 small-12 large-10\"  >\n\t\t\t\t<div class=\"col-inner text-center\"  >\n\t\t\t\n\t\t\t\n\t<div id=\"text-1637752345\" class=\"text\">\n\t\t\n<h1>CNC svarvade delar<\/h1>\n\t\t\n<style>\n#text-1637752345 {\n  font-size: 1.35rem;\n}\n@media (min-width:550px) {\n  #text-1637752345 {\n    font-size: 2rem;\n  }\n}\n<\/style>\n\t<\/div>\n\t\n<div class=\"row\"  id=\"row-572586708\">\n\n\t<div id=\"col-817643263\" class=\"col medium-10 small-12 large-10\"  >\n\t\t\t\t<div class=\"col-inner\"  >\n\t\t\t\n\t\t\t\n<p>V\u00e5r CNC-svarvningsprocess producerar skr\u00e4ddarsydda prototyper och tillverkningsdelar f\u00f6r slutanv\u00e4ndning p\u00e5 s\u00e5 snabbt som 1 dag. Vi anv\u00e4nder en CNC-svarv med levande verktyg s\u00e5 att funktioner som axiella och radiella h\u00e5l, plattor, sp\u00e5r och slitsar kan bearbetas.<\/p>\n\t\t<\/div>\n\t\t\t\t\t<\/div>\n\n\t\n<\/div>\n\t\t<\/div>\n\t\t\t\t\t<\/div>\n\n\t\n<\/div>\n\t\t<\/div>\n\n\t\t\n<style>\n#section_1678039218 {\n  padding-top: 30px;\n  padding-bottom: 30px;\n  min-height: 100px;\n}\n#section_1678039218 .section-bg-overlay {\n  background-color: rgba(0, 0, 0, 0.384);\n}\n#section_1678039218 .section-bg img {\n  object-position: 53% 58%;\n}\n@media (min-width:550px) {\n  #section_1678039218 {\n    min-height: 200px;\n  }\n}\n<\/style>\n\t<\/section>\n\t\n\n\t<section class=\"section\" id=\"section_1853214368\">\n\t\t<div class=\"section-bg fill\" >\n\t\t\t\t\t\t\t\t\t\n\t\t\t\n\n\t\t<\/div>\n\n\t\t\n\n\t\t<div class=\"section-content relative\">\n\t\t\t\n<div class=\"row align-equal row-box-shadow-2-hover\"  id=\"row-2036566791\">\n\n\t<div id=\"col-363777850\" class=\"col medium-6 small-12 large-4\"  data-animate=\"bounceInUp\">\n\t\t\t\t<div class=\"col-inner\"  >\n\t\t\t\n\t\t\t\n\n\t<a class=\"plain\" href=\"#\" >\t<div class=\"icon-box featured-box icon-box-center text-center\"  >\n\t\t\t\t<div class=\"icon-box-text last-reset\">\n\t\t\t\t\t\t\t\t\t\n<h3>Bilremskiva<\/h3>\n\t<div class=\"img has-hover x md-x lg-x y md-y lg-y\" id=\"image_1349911201\">\n\t\t\t\t\t\t\t\t<div class=\"img-inner dark\" >\n\t\t\t<img loading=\"lazy\" decoding=\"async\" width=\"1020\" height=\"829\" src=\"https:\/\/cncrush.com\/wp-content\/uploads\/2024\/12\/234c1419f76b724ab7490d7d935cb0f-1024x832.jpg\" class=\"attachment-large size-large\" alt=\"\" srcset=\"https:\/\/cncrush.com\/wp-content\/uploads\/2024\/12\/234c1419f76b724ab7490d7d935cb0f-1024x832.jpg 1024w, https:\/\/cncrush.com\/wp-content\/uploads\/2024\/12\/234c1419f76b724ab7490d7d935cb0f-300x244.jpg 300w, https:\/\/cncrush.com\/wp-content\/uploads\/2024\/12\/234c1419f76b724ab7490d7d935cb0f-768x624.jpg 768w, https:\/\/cncrush.com\/wp-content\/uploads\/2024\/12\/234c1419f76b724ab7490d7d935cb0f-1536x1248.jpg 1536w, https:\/\/cncrush.com\/wp-content\/uploads\/2024\/12\/234c1419f76b724ab7490d7d935cb0f-2048x1665.jpg 2048w, https:\/\/cncrush.com\/wp-content\/uploads\/2024\/12\/234c1419f76b724ab7490d7d935cb0f-15x12.jpg 15w\" sizes=\"auto, (max-width: 1020px) 100vw, 1020px\" title=\"\">\t\t\t\t\t\t\n\t\t\t\t\t<\/div>\n\t\t\t\t\t\t\t\t\n<style>\n#image_1349911201 {\n  width: 100%;\n}\n<\/style>\n\t<\/div>\n\t\n\t\t<\/div>\n\t<\/div>\n\t<\/a>\n\t\n\t\t<\/div>\n\t\t\t\t\t<\/div>\n\n\t\n\n\t<div id=\"col-1141774042\" class=\"col medium-6 small-12 large-4\"  data-animate=\"bounceInUp\">\n\t\t\t\t<div class=\"col-inner\"  >\n\t\t\t\n\t\t\t\n\n\t<a class=\"plain\" href=\"#\" >\t<div class=\"icon-box featured-box icon-box-center text-center\"  >\n\t\t\t\t<div class=\"icon-box-text last-reset\">\n\t\t\t\t\t\t\t\t\t\n<h3>Axlar och axlar<\/h3>\n\t<div class=\"img has-hover x md-x lg-x y md-y lg-y\" id=\"image_1576036417\">\n\t\t\t\t\t\t\t\t<div class=\"img-inner dark\" >\n\t\t\t<img loading=\"lazy\" decoding=\"async\" width=\"1020\" height=\"588\" src=\"https:\/\/cncrush.com\/wp-content\/uploads\/2024\/12\/Nickel-Plating.jpg\" class=\"attachment-large size-large\" alt=\"\" srcset=\"https:\/\/cncrush.com\/wp-content\/uploads\/2024\/12\/Nickel-Plating.jpg 1024w, https:\/\/cncrush.com\/wp-content\/uploads\/2024\/12\/Nickel-Plating-300x173.jpg 300w, https:\/\/cncrush.com\/wp-content\/uploads\/2024\/12\/Nickel-Plating-768x443.jpg 768w, https:\/\/cncrush.com\/wp-content\/uploads\/2024\/12\/Nickel-Plating-18x10.jpg 18w\" sizes=\"auto, (max-width: 1020px) 100vw, 1020px\" title=\"\">\t\t\t\t\t\t\n\t\t\t\t\t<\/div>\n\t\t\t\t\t\t\t\t\n<style>\n#image_1576036417 {\n  width: 100%;\n}\n<\/style>\n\t<\/div>\n\t\n\t\t<\/div>\n\t<\/div>\n\t<\/a>\n\t\n\t\t<\/div>\n\t\t\t\t\t<\/div>\n\n\t\n\n\t<div id=\"col-360744603\" class=\"col medium-6 small-12 large-4\"  data-animate=\"bounceInUp\">\n\t\t\t\t<div class=\"col-inner\"  >\n\t\t\t\n\t\t\t\n\n\t<a class=\"plain\" href=\"#\" >\t<div class=\"icon-box featured-box icon-box-center text-center\"  >\n\t\t\t\t<div class=\"icon-box-text last-reset\">\n\t\t\t\t\t\t\t\t\t\n<h3>Skruvar och f\u00e4stelement<\/h3>\n\t<div class=\"img has-hover x md-x lg-x y md-y lg-y\" id=\"image_478088950\">\n\t\t\t\t\t\t\t\t<div class=\"img-inner dark\" >\n\t\t\t<img loading=\"lazy\" decoding=\"async\" width=\"1020\" height=\"741\" src=\"https:\/\/cncrush.com\/wp-content\/uploads\/2024\/12\/1-1024x744.jpg\" class=\"attachment-large size-large\" alt=\"\" srcset=\"https:\/\/cncrush.com\/wp-content\/uploads\/2024\/12\/1-1024x744.jpg 1024w, https:\/\/cncrush.com\/wp-content\/uploads\/2024\/12\/1-300x218.jpg 300w, https:\/\/cncrush.com\/wp-content\/uploads\/2024\/12\/1-768x558.jpg 768w, https:\/\/cncrush.com\/wp-content\/uploads\/2024\/12\/1-1536x1116.jpg 1536w, https:\/\/cncrush.com\/wp-content\/uploads\/2024\/12\/1-2048x1488.jpg 2048w, https:\/\/cncrush.com\/wp-content\/uploads\/2024\/12\/1-18x12.jpg 18w\" sizes=\"auto, (max-width: 1020px) 100vw, 1020px\" title=\"\">\t\t\t\t\t\t\n\t\t\t\t\t<\/div>\n\t\t\t\t\t\t\t\t\n<style>\n#image_478088950 {\n  width: 100%;\n}\n<\/style>\n\t<\/div>\n\t\n\t\t<\/div>\n\t<\/div>\n\t<\/a>\n\t\n\t\t<\/div>\n\t\t\t\t\t<\/div>\n\n\t\n\n\t<div id=\"col-1797696131\" class=\"col medium-6 small-12 large-4\"  data-animate=\"bounceInUp\">\n\t\t\t\t<div class=\"col-inner\"  >\n\t\t\t\n\t\t\t\n\n\t<a class=\"plain\" href=\"#\" >\t<div class=\"icon-box featured-box icon-box-center text-center\"  >\n\t\t\t\t<div class=\"icon-box-text last-reset\">\n\t\t\t\t\t\t\t\t\t\n<h3>Bussningar<\/h3>\n\t<div class=\"img has-hover x md-x lg-x y md-y lg-y\" id=\"image_1195535501\">\n\t\t\t\t\t\t\t\t<div class=\"img-inner dark\" >\n\t\t\t<img loading=\"lazy\" decoding=\"async\" width=\"1020\" height=\"709\" src=\"https:\/\/cncrush.com\/wp-content\/uploads\/2024\/12\/4482ae9563252855b301506e337d83d-1024x712.jpg\" class=\"attachment-large size-large\" alt=\"CNC-bearbetade delar\" srcset=\"https:\/\/cncrush.com\/wp-content\/uploads\/2024\/12\/4482ae9563252855b301506e337d83d-1024x712.jpg 1024w, https:\/\/cncrush.com\/wp-content\/uploads\/2024\/12\/4482ae9563252855b301506e337d83d-300x209.jpg 300w, https:\/\/cncrush.com\/wp-content\/uploads\/2024\/12\/4482ae9563252855b301506e337d83d-768x534.jpg 768w, https:\/\/cncrush.com\/wp-content\/uploads\/2024\/12\/4482ae9563252855b301506e337d83d-1536x1068.jpg 1536w, https:\/\/cncrush.com\/wp-content\/uploads\/2024\/12\/4482ae9563252855b301506e337d83d-2048x1424.jpg 2048w, https:\/\/cncrush.com\/wp-content\/uploads\/2024\/12\/4482ae9563252855b301506e337d83d-18x12.jpg 18w\" sizes=\"auto, (max-width: 1020px) 100vw, 1020px\" title=\"\">\t\t\t\t\t\t\n\t\t\t\t\t<\/div>\n\t\t\t\t\t\t\t\t\n<style>\n#image_1195535501 {\n  width: 100%;\n}\n<\/style>\n\t<\/div>\n\t\n\t\t<\/div>\n\t<\/div>\n\t<\/a>\n\t\n\t\t<\/div>\n\t\t\t\t\t<\/div>\n\n\t\n\n\t<div id=\"col-673322267\" class=\"col medium-6 small-12 large-4\"  data-animate=\"bounceInUp\">\n\t\t\t\t<div class=\"col-inner\"  >\n\t\t\t\n\t\t\t\n\n\t<a class=\"plain\" href=\"#\" >\t<div class=\"icon-box featured-box icon-box-center text-center\"  >\n\t\t\t\t<div class=\"icon-box-text last-reset\">\n\t\t\t\t\t\t\t\t\t\n<h3>Bultar och muttrar<\/h3>\n\t<div class=\"img has-hover x md-x lg-x y md-y lg-y\" id=\"image_1848795655\">\n\t\t\t\t\t\t\t\t<div class=\"img-inner dark\" >\n\t\t\t<img loading=\"lazy\" decoding=\"async\" width=\"1020\" height=\"780\" src=\"https:\/\/cncrush.com\/wp-content\/uploads\/2024\/12\/CNC-Turning-Bolts-e1734696175378.png\" class=\"attachment-large size-large\" alt=\"\" srcset=\"https:\/\/cncrush.com\/wp-content\/uploads\/2024\/12\/CNC-Turning-Bolts-e1734696175378.png 1024w, https:\/\/cncrush.com\/wp-content\/uploads\/2024\/12\/CNC-Turning-Bolts-e1734696175378-300x229.png 300w, https:\/\/cncrush.com\/wp-content\/uploads\/2024\/12\/CNC-Turning-Bolts-e1734696175378-768x587.png 768w, https:\/\/cncrush.com\/wp-content\/uploads\/2024\/12\/CNC-Turning-Bolts-e1734696175378-16x12.png 16w\" sizes=\"auto, (max-width: 1020px) 100vw, 1020px\" title=\"\">\t\t\t\t\t\t\n\t\t\t\t\t<\/div>\n\t\t\t\t\t\t\t\t\n<style>\n#image_1848795655 {\n  width: 100%;\n}\n<\/style>\n\t<\/div>\n\t\n\t\t<\/div>\n\t<\/div>\n\t<\/a>\n\t\n\t\t<\/div>\n\t\t\t\t\t<\/div>\n\n\t\n\n\t<div id=\"col-1749314389\" class=\"col medium-6 small-12 large-4\"  data-animate=\"bounceInUp\">\n\t\t\t\t<div class=\"col-inner\"  >\n\t\t\t\n\t\t\t\n\n\t<a class=\"plain\" href=\"#\" >\t<div class=\"icon-box featured-box icon-box-center text-center\"  >\n\t\t\t\t<div class=\"icon-box-text last-reset\">\n\t\t\t\t\t\t\t\t\t\n<h3>\u00c4rmar<\/h3>\n\t<div class=\"img has-hover x md-x lg-x y md-y lg-y\" id=\"image_1111998763\">\n\t\t\t\t\t\t\t\t<div class=\"img-inner dark\" >\n\t\t\t<img loading=\"lazy\" decoding=\"async\" width=\"1020\" height=\"710\" src=\"https:\/\/cncrush.com\/wp-content\/uploads\/2024\/12\/RS-Borning-Bar-Reduction-Sleeves-1600x1600-1-e1734696235319-1024x713.webp\" class=\"attachment-large size-large\" alt=\"\" srcset=\"https:\/\/cncrush.com\/wp-content\/uploads\/2024\/12\/RS-Borning-Bar-Reduction-Sleeves-1600x1600-1-e1734696235319-1024x713.webp 1024w, https:\/\/cncrush.com\/wp-content\/uploads\/2024\/12\/RS-Borning-Bar-Reduction-Sleeves-1600x1600-1-e1734696235319-300x209.webp 300w, https:\/\/cncrush.com\/wp-content\/uploads\/2024\/12\/RS-Borning-Bar-Reduction-Sleeves-1600x1600-1-e1734696235319-768x535.webp 768w, https:\/\/cncrush.com\/wp-content\/uploads\/2024\/12\/RS-Borning-Bar-Reduction-Sleeves-1600x1600-1-e1734696235319-18x12.webp 18w, https:\/\/cncrush.com\/wp-content\/uploads\/2024\/12\/RS-Borning-Bar-Reduction-Sleeves-1600x1600-1-e1734696235319.webp 1200w\" sizes=\"auto, (max-width: 1020px) 100vw, 1020px\" title=\"\">\t\t\t\t\t\t\n\t\t\t\t\t<\/div>\n\t\t\t\t\t\t\t\t\n<style>\n#image_1111998763 {\n  width: 100%;\n}\n<\/style>\n\t<\/div>\n\t\n\t\t<\/div>\n\t<\/div>\n\t<\/a>\n\t\n\t\t<\/div>\n\t\t\t\t\t<\/div>\n\n\t\n\n<style>\n#row-2036566791 > .col > .col-inner {\n  padding: 40px 40px 40px 40px;\n  background-color: rgb(255,255,255);\n  border-radius: 20px;\n}\n<\/style>\n<\/div>\n\t\t<\/div>\n\n\t\t\n<style>\n#section_1853214368 {\n  padding-top: 60px;\n  padding-bottom: 60px;\n  background-color: rgb(250, 250, 250);\n}\n<\/style>\n\t<\/section>\n\t\n<div class=\"row align-middle\"  id=\"row-1401041432\">\n\n\t<div id=\"col-1557808547\" class=\"col medium-6 small-12 large-6\"  >\n\t\t\t\t<div class=\"col-inner\"  >\n\t\t\t\n\t\t\t\n\t<div id=\"text-500744688\" class=\"text\">\n\t\t\n<h3><strong>Noll avslagsfrekvens med robust statistisk processkontroll<\/strong><\/h3>\n<p>P\u00e5 CNCRUSH anv\u00e4nder vi robust statistisk processkontroll f\u00f6r att s\u00e4kerst\u00e4lla noll avslag i produktionen av CNC-svarvade delar. V\u00e5rt engagemang f\u00f6r precision och kvalitet \u00e4r k\u00e4rnan i v\u00e5r tillverkningsprocess.<\/p>\n<h3><strong>Noggrant val av verktygsmaskiner och produktkontroll<\/strong><\/h3>\n<p>Vi tar ett professionellt tillv\u00e4gag\u00e5ngss\u00e4tt genom att noggrant v\u00e4lja de optimala verktygsmaskinerna, sk\u00e4rverktygen och bearbetningsparametrarna. V\u00e5r omfattande produktkontrollplan \u00e4r helt integrerad med avancerade m\u00e4tsystem, vilket s\u00e4kerst\u00e4ller konsekvent noggrannhet och h\u00f6gsta kvalitet i varje produktionsk\u00f6rning.<\/p>\n\t\t\n<style>\n#text-500744688 {\n  font-size: 1rem;\n  color: rgb(0,0,0);\n}\n#text-500744688 > * {\n  color: rgb(0,0,0);\n}\n<\/style>\n\t<\/div>\n\t\n\t\t<\/div>\n\t\t\t\t\t<\/div>\n\n\t\n\n\t<div id=\"col-1860169928\" class=\"col medium-6 small-12 large-6\"  >\n\t\t\t\t<div class=\"col-inner\"  >\n\t\t\t\n\t\t\t\n\t<div class=\"img has-hover x md-x lg-x y md-y lg-y\" id=\"image_1153670737\">\n\t\t\t\t\t\t\t\t<div class=\"img-inner dark\" >\n\t\t\t<img loading=\"lazy\" decoding=\"async\" width=\"1020\" height=\"574\" src=\"https:\/\/cncrush.com\/wp-content\/uploads\/2024\/11\/4-8-1024x576.jpg\" class=\"attachment-large size-large\" alt=\"Tillverkning av metalldelar\" srcset=\"https:\/\/cncrush.com\/wp-content\/uploads\/2024\/11\/4-8-1024x576.jpg 1024w, https:\/\/cncrush.com\/wp-content\/uploads\/2024\/11\/4-8-300x169.jpg 300w, https:\/\/cncrush.com\/wp-content\/uploads\/2024\/11\/4-8-768x432.jpg 768w, https:\/\/cncrush.com\/wp-content\/uploads\/2024\/11\/4-8-18x10.jpg 18w, https:\/\/cncrush.com\/wp-content\/uploads\/2024\/11\/4-8.jpg 1200w\" sizes=\"auto, (max-width: 1020px) 100vw, 1020px\" title=\"\">\t\t\t\t\t\t\n\t\t\t\t\t<\/div>\n\t\t\t\t\t\t\t\t\n<style>\n#image_1153670737 {\n  width: 100%;\n}\n<\/style>\n\t<\/div>\n\t\n\t\t<\/div>\n\t\t\t\t\t<\/div>\n\n\t\n<\/div>\n\n\t<section class=\"section\" id=\"section_1343267901\">\n\t\t<div class=\"section-bg fill\" >\n\t\t\t\t\t\t\t\t\t\n\t\t\t\n\n\t\t<\/div>\n\n\t\t\n\n\t\t<div class=\"section-content relative\">\n\t\t\t\n<div class=\"container section-title-container\" ><h3 class=\"section-title section-title-center\"><b><\/b><span class=\"section-title-main\" style=\"color:rgb(0, 0, 0);\">Vanliga fr\u00e5gor (FAQ)<\/span><b><\/b><\/h3><\/div>\n<div class=\"row row-collapse\"  id=\"row-2069162857\">\n\n\t<div id=\"col-2045752887\" class=\"col small-12 large-12\"  >\n\t\t\t\t<div class=\"col-inner\"  >\n\t\t\t\n\t\t\t\n<h3 class=\"accordion_title\">Tj\u00e4nster f\u00f6r CNC-svarvade delar<\/h3><div class=\"accordion\">\n\t<div id=\"accordion-1568189614\" class=\"accordion-item\">\n\t\t<a id=\"accordion-1568189614-label\" class=\"accordion-title plain\" href=\"#accordion-item-what-accuracy\/tolerance-can-you-guarantee-for-turned-parts?\" aria-expanded=\"false\" aria-controls=\"accordion-1568189614-content\" >\n\t\t\t<button class=\"toggle\" aria-label=\"V\u00e4xla\"><i class=\"icon-angle-down\"><\/i><\/button>\n\t\t\t<span>Vilken noggrannhet\/tolerans kan du garantera f\u00f6r svarvade delar?<\/span>\n\t\t<\/a>\n\t\t<div id=\"accordion-1568189614-content\" class=\"accordion-inner\" aria-labelledby=\"accordion-1568189614-label\" >\n\t\t\t\n<p>Vi garanterar en noggrannhet p\u00e5 0,005 mm f\u00f6r svarvningstj\u00e4nster. Denna precision uppn\u00e5s genom kontinuerliga investeringar i de senaste CNC-maskinerna (t.ex. DMG, Okuma, Tsugami) och h\u00f6gkvalitativa sk\u00e4rverktyg.<\/p>\n\t\t<\/div>\n\t<\/div>\n\t\n\t<div id=\"accordion-390379276\" class=\"accordion-item\">\n\t\t<a id=\"accordion-390379276-label\" class=\"accordion-title plain\" href=\"#accordion-item-can-you-combine-turning-and-milling-for-parts?\" aria-expanded=\"false\" aria-controls=\"accordion-390379276-content\" >\n\t\t\t<button class=\"toggle\" aria-label=\"V\u00e4xla\"><i class=\"icon-angle-down\"><\/i><\/button>\n\t\t\t<span>Kan man kombinera svarvning och fr\u00e4sning f\u00f6r delar?<\/span>\n\t\t<\/a>\n\t\t<div id=\"accordion-390379276-content\" class=\"accordion-inner\" aria-labelledby=\"accordion-390379276-label\" >\n\t\t\t\n<p>Ja, vi har \u00f6ver 80 CNC-maskiner, inklusive:<\/p>\n<p>10 automatiska svarvar med fr\u00e4sfunktion<br \/>\n8 CNC automatiska svarvar av schweizisk typ med fr\u00e4sfunktion<br \/>\n4 CNC-svarvar med fr\u00e4sfunktion<br \/>\nDetta g\u00f6r att vi effektivt kan svarva och fr\u00e4sa i en operation.<\/p>\n\t\t<\/div>\n\t<\/div>\n\t\n\t<div id=\"accordion-3250761548\" class=\"accordion-item\">\n\t\t<a id=\"accordion-3250761548-label\" class=\"accordion-title plain\" href=\"#accordion-item-what-kind-of-cnc-machines-do-you-use?\" aria-expanded=\"false\" aria-controls=\"accordion-3250761548-content\" >\n\t\t\t<button class=\"toggle\" aria-label=\"V\u00e4xla\"><i class=\"icon-angle-down\"><\/i><\/button>\n\t\t\t<span>Vilken typ av CNC-maskiner anv\u00e4nder du?<\/span>\n\t\t<\/a>\n\t\t<div id=\"accordion-3250761548-content\" class=\"accordion-inner\" aria-labelledby=\"accordion-3250761548-label\" >\n\t\t\t\n<p>Vi anv\u00e4nder maskiner av h\u00f6gsta kvalitet fr\u00e5n m\u00e4rken som Okuma, DMG, Doosan och Tsugami. V\u00e5ra automatiska svarvar av schweizisk typ med fr\u00e4sfunktioner erbjuder h\u00f6g noggrannhet, vilket g\u00f6r dem idealiska f\u00f6r tillverkning av komplexa detaljer. Du kan ladda ner en fullst\u00e4ndig lista \u00f6ver maskiner p\u00e5 v\u00e5r hemsida.<\/p>\n\t\t<\/div>\n\t<\/div>\n\t\n\t<div id=\"accordion-3828976258\" class=\"accordion-item\">\n\t\t<a id=\"accordion-3828976258-label\" class=\"accordion-title plain\" href=\"#accordion-item-how-do-you-prepare-materials-before-turning?\" aria-expanded=\"false\" aria-controls=\"accordion-3828976258-content\" >\n\t\t\t<button class=\"toggle\" aria-label=\"V\u00e4xla\"><i class=\"icon-angle-down\"><\/i><\/button>\n\t\t\t<span>Hur f\u00f6rbereder du material innan du svarvar?<\/span>\n\t\t<\/a>\n\t\t<div id=\"accordion-3828976258-content\" class=\"accordion-inner\" aria-labelledby=\"accordion-3828976258-label\" >\n\t\t\t\n<p>V\u00e5r anl\u00e4ggning \u00e4r utrustad med 3 helautomatiska bands\u00e5gar, kapabla att sk\u00e4ra material fr\u00e5n fi 5 mm till fi 300 mm. Vi erbjuder \u00e4ven st\u00e5ngsk\u00e4rning i paket f\u00f6r att hantera stora best\u00e4llningar effektivt.<\/p>\n\t\t<\/div>\n\t<\/div>\n\t\n\t<div id=\"accordion-3054783046\" class=\"accordion-item\">\n\t\t<a id=\"accordion-3054783046-label\" class=\"accordion-title plain\" href=\"#accordion-item-what-factors-influence-the-cost-of-cnc-turned-parts?\" aria-expanded=\"false\" aria-controls=\"accordion-3054783046-content\" >\n\t\t\t<button class=\"toggle\" aria-label=\"V\u00e4xla\"><i class=\"icon-angle-down\"><\/i><\/button>\n\t\t\t<span>Vilka faktorer p\u00e5verkar kostnaden f\u00f6r CNC-svarvade delar?<\/span>\n\t\t<\/a>\n\t\t<div id=\"accordion-3054783046-content\" class=\"accordion-inner\" aria-labelledby=\"accordion-3054783046-label\" >\n\t\t\t\n<p>Flera faktorer p\u00e5verkar priss\u00e4ttningen, inklusive:<\/p>\n<p>Komponentens komplexitet<br \/>\nVerktygskostnader<br \/>\nBatchstorlek<br \/>\nToleranser och ytkvalitet<br \/>\nYtterligare tj\u00e4nster som anodisering, h\u00e4rdning eller laserm\u00e4rkning kan \u00f6ka den totala kostnaden.<\/p>\n\t\t<\/div>\n\t<\/div>\n\t\n\t<div id=\"accordion-2391235404\" class=\"accordion-item\">\n\t\t<a id=\"accordion-2391235404-label\" class=\"accordion-title plain\" href=\"#accordion-item-what-affects-productivity-in-cnc-turning-services?\" aria-expanded=\"false\" aria-controls=\"accordion-2391235404-content\" >\n\t\t\t<button class=\"toggle\" aria-label=\"V\u00e4xla\"><i class=\"icon-angle-down\"><\/i><\/button>\n\t\t\t<span>Vad p\u00e5verkar produktiviteten i CNC-svarvningstj\u00e4nster?<\/span>\n\t\t<\/a>\n\t\t<div id=\"accordion-2391235404-content\" class=\"accordion-inner\" aria-labelledby=\"accordion-2391235404-label\" >\n\t\t\t\n<p>Produktiviteten beror p\u00e5 maskinens effektivitet, kvaliteten p\u00e5 sk\u00e4rverktygen och snabb programmering av sk\u00e4roperationer. P\u00e5 CNCRUSH anv\u00e4nder vi automatiska lastning\/lossningssystem och avancerad CNC-mjukvara f\u00f6r att maximera effektiviteten. V\u00e4lorganiserade arbetsplatser och erfaren personal spelar ocks\u00e5 en avg\u00f6rande roll f\u00f6r att optimera produktionen.<\/p>\n\t\t<\/div>\n\t<\/div>\n\t\n<\/div>\n\t\t<\/div>\n\t\t\t\t\t<\/div>\n\n\t\n<\/div>\n\t\t<\/div>\n\n\t\t\n<style>\n#section_1343267901 {\n  padding-top: 10px;\n  padding-bottom: 10px;\n}\n<\/style>\n\t<\/section>\n\t\n<div class=\"row row-collapse row-full-width\"  id=\"row-170164164\">\n\n\t<div id=\"col-756178567\" class=\"col small-12 large-12\"  >\n\t\t\t\t<div class=\"col-inner text-center dark\"  >\n\t\t\t\n\t\t\t\n\n  <div class=\"banner has-hover\" id=\"banner-1793710581\">\n          <div class=\"banner-inner fill\">\n        <div class=\"banner-bg fill\" >\n            <img loading=\"lazy\" decoding=\"async\" width=\"1020\" height=\"421\" src=\"https:\/\/cncrush.com\/wp-content\/uploads\/2024\/09\/milled-stainless-steel-background-1024x423.webp\" class=\"bg attachment-large size-large\" alt=\"\" title=\"\">                        <div class=\"overlay\"><\/div>            \n                    <\/div>\n\t\t\n        <div class=\"banner-layers container\">\n            <div class=\"fill banner-link\"><\/div>            \n   <div id=\"text-box-659991690\" class=\"text-box banner-layer x50 md-x50 lg-x50 y50 md-y50 lg-y50 res-text\">\n                                <div class=\"text-box-content text dark\">\n              \n              <div class=\"text-inner text-center\">\n                  \n\t<div id=\"text-534930055\" class=\"text\">\n\t\t\n<h3 class=\"uppercase\">Intresserad? F\u00e5 en gratis offert f\u00f6r CNC-svarvade delar idag!<\/h3>\n<\/p>\n\t\t\n<style>\n#text-534930055 {\n  font-size: 0.75rem;\n}\n<\/style>\n\t<\/div>\n\t\n<a href=\"https:\/\/cncrush.com\/sv\/skicka-forfragan\/\" class=\"button alert\"  >\n\t\t<span>Skicka din f\u00f6rfr\u00e5gan<\/span>\n\t<\/a>\n\n              <\/div>\n           <\/div>\n                            \n<style>\n#text-box-659991690 {\n  width: 100%;\n}\n#text-box-659991690 .text-box-content {\n  font-size: 100%;\n}\n@media (min-width:550px) {\n  #text-box-659991690 {\n    width: 98%;\n  }\n}\n<\/style>\n    <\/div>\n \n        <\/div>\n      <\/div>\n\n            \n<style>\n#banner-1793710581 {\n  padding-top: 99.99%;\n}\n#banner-1793710581 .overlay {\n  background-color: rgba(0, 0, 0, 0.17);\n}\n#banner-1793710581 .banner-bg img {\n  object-position: 47% 60%;\n}\n@media (min-width:550px) {\n  #banner-1793710581 {\n    padding-top: 136px;\n  }\n}\n<\/style>\n  <\/div>\n\n\n\t\t<\/div>\n\t\t\t\t\t<\/div>\n\n\t\n<\/div>","protected":false},"excerpt":{"rendered":"","protected":false},"author":1,"featured_media":0,"parent":0,"menu_order":0,"comment_status":"closed","ping_status":"closed","template":"page-blank.php","meta":{"footnotes":""},"class_list":["post-21","page","type-page","status-publish","hentry"],"_links":{"self":[{"href":"https:\/\/cncrush.com\/sv\/wp-json\/wp\/v2\/pages\/21","targetHints":{"allow":["GET"]}}],"collection":[{"href":"https:\/\/cncrush.com\/sv\/wp-json\/wp\/v2\/pages"}],"about":[{"href":"https:\/\/cncrush.com\/sv\/wp-json\/wp\/v2\/types\/page"}],"author":[{"embeddable":true,"href":"https:\/\/cncrush.com\/sv\/wp-json\/wp\/v2\/users\/1"}],"replies":[{"embeddable":true,"href":"https:\/\/cncrush.com\/sv\/wp-json\/wp\/v2\/comments?post=21"}],"version-history":[{"count":0,"href":"https:\/\/cncrush.com\/sv\/wp-json\/wp\/v2\/pages\/21\/revisions"}],"wp:attachment":[{"href":"https:\/\/cncrush.com\/sv\/wp-json\/wp\/v2\/media?parent=21"}],"curies":[{"name":"wp","href":"https:\/\/api.w.org\/{rel}","templated":true}]}}