{"id":25,"date":"2024-09-29T03:49:21","date_gmt":"2024-09-29T03:49:21","guid":{"rendered":"https:\/\/cncrush.com\/?page_id=25"},"modified":"2025-06-04T05:03:07","modified_gmt":"2025-06-04T05:03:07","slug":"delar-anodisering","status":"publish","type":"page","link":"https:\/\/cncrush.com\/sv\/delar-anodisering\/","title":{"rendered":"Delar anodisering"},"content":{"rendered":"<section class=\"section\" id=\"section_242154871\">\n\t\t<div class=\"section-bg fill\" >\n\t\t\t\t\t\t\t\t\t\n\t\t\t\n\n\t\t<\/div>\n\n\t\t\n\n\t\t<div class=\"section-content relative\">\n\t\t\t\n<div class=\"row align-equal row-box-shadow-2-hover\"  id=\"row-199962486\">\n\n\t<div id=\"col-1650214579\" class=\"col medium-6 small-12 large-4\"  data-animate=\"bounceInUp\">\n\t\t\t\t<div class=\"col-inner\"  >\n\t\t\t\n\t\t\t\n\t<div class=\"box has-hover   has-hover box-text-bottom\" >\n\n\t\t<div class=\"box-image\" >\n\t\t\t\t\t\t<div class=\"\" >\n\t\t\t\t<img loading=\"lazy\" decoding=\"async\" width=\"2560\" height=\"2081\" src=\"https:\/\/cncrush.com\/wp-content\/uploads\/2024\/12\/234c1419f76b724ab7490d7d935cb0f-scaled.jpg\" class=\"attachment- size-\" alt=\"\" srcset=\"https:\/\/cncrush.com\/wp-content\/uploads\/2024\/12\/234c1419f76b724ab7490d7d935cb0f-scaled.jpg 2560w, https:\/\/cncrush.com\/wp-content\/uploads\/2024\/12\/234c1419f76b724ab7490d7d935cb0f-300x244.jpg 300w, https:\/\/cncrush.com\/wp-content\/uploads\/2024\/12\/234c1419f76b724ab7490d7d935cb0f-1024x832.jpg 1024w, https:\/\/cncrush.com\/wp-content\/uploads\/2024\/12\/234c1419f76b724ab7490d7d935cb0f-768x624.jpg 768w, https:\/\/cncrush.com\/wp-content\/uploads\/2024\/12\/234c1419f76b724ab7490d7d935cb0f-1536x1248.jpg 1536w, https:\/\/cncrush.com\/wp-content\/uploads\/2024\/12\/234c1419f76b724ab7490d7d935cb0f-2048x1665.jpg 2048w, https:\/\/cncrush.com\/wp-content\/uploads\/2024\/12\/234c1419f76b724ab7490d7d935cb0f-15x12.jpg 15w\" sizes=\"auto, (max-width: 2560px) 100vw, 2560px\" title=\"\">\t\t\t\t\t\t\t\t\t\t\t<\/div>\n\t\t\t\t\t<\/div>\n\n\t\t<div class=\"box-text text-center\" >\n\t\t\t<div class=\"box-text-inner\">\n\t\t\t\t\n<h4>Vanlig anodisering<\/h4>\n<p>Vanlig anodisering f\u00f6rb\u00e4ttrar korrosionsbest\u00e4ndigheten och erbjuder dekorativa ytskikt. Tjockleken \u00e4r 5-20\u03bcm. <\/p>\n\t\t\t<\/div>\n\t\t<\/div>\n\t<\/div>\n\t\n\t\t<\/div>\n\t\t\t\t\t<\/div>\n\n\t\n\n\t<div id=\"col-280222631\" class=\"col medium-6 small-12 large-4\"  data-animate=\"bounceInUp\">\n\t\t\t\t<div class=\"col-inner\"  >\n\t\t\t\n\t\t\t\n\n\t<a class=\"plain\" href=\"#\" >\t<div class=\"icon-box featured-box icon-box-center text-center\"  >\n\t\t\t\t<div class=\"icon-box-text last-reset\">\n\t\t\t\t\t\t\t\t\t\n\t<div class=\"box has-hover   has-hover box-text-bottom\" >\n\n\t\t<div class=\"box-image\" >\n\t\t\t\t\t\t<div class=\"\" >\n\t\t\t\t<img loading=\"lazy\" decoding=\"async\" width=\"2109\" height=\"2560\" src=\"https:\/\/cncrush.com\/wp-content\/uploads\/2024\/12\/437ffd92eead4650cf71d439fb915d7-scaled.jpg\" class=\"attachment- size-\" alt=\"Anodiserande aluminium\" srcset=\"https:\/\/cncrush.com\/wp-content\/uploads\/2024\/12\/437ffd92eead4650cf71d439fb915d7-scaled.jpg 2109w, https:\/\/cncrush.com\/wp-content\/uploads\/2024\/12\/437ffd92eead4650cf71d439fb915d7-247x300.jpg 247w, https:\/\/cncrush.com\/wp-content\/uploads\/2024\/12\/437ffd92eead4650cf71d439fb915d7-843x1024.jpg 843w, https:\/\/cncrush.com\/wp-content\/uploads\/2024\/12\/437ffd92eead4650cf71d439fb915d7-768x932.jpg 768w, https:\/\/cncrush.com\/wp-content\/uploads\/2024\/12\/437ffd92eead4650cf71d439fb915d7-1265x1536.jpg 1265w, https:\/\/cncrush.com\/wp-content\/uploads\/2024\/12\/437ffd92eead4650cf71d439fb915d7-1687x2048.jpg 1687w, https:\/\/cncrush.com\/wp-content\/uploads\/2024\/12\/437ffd92eead4650cf71d439fb915d7-10x12.jpg 10w\" sizes=\"auto, (max-width: 2109px) 100vw, 2109px\" title=\"\">\t\t\t\t\t\t\t\t\t\t\t<\/div>\n\t\t\t\t\t<\/div>\n\n\t\t<div class=\"box-text text-center\" >\n\t\t\t<div class=\"box-text-inner\">\n\t\t\t\t\n<h4>H\u00e5rd anodisering<\/h4>\n<p>H\u00e5rd anodisering skapar en h\u00e5llbar, slitstark yta f\u00f6r aluminiumdetaljer. Tjockleken \u00e4r 25-70 \u03bcm.<\/p>\n\t\t\t<\/div>\n\t\t<\/div>\n\t<\/div>\n\t\n\t\t<\/div>\n\t<\/div>\n\t<\/a>\n\t\n\t\t<\/div>\n\t\t\t\t\t<\/div>\n\n\t\n\n\t<div id=\"col-1221286650\" class=\"col medium-6 small-12 large-4\"  data-animate=\"bounceInUp\">\n\t\t\t\t<div class=\"col-inner\"  >\n\t\t\t\n\t\t\t\n\n\t<a class=\"plain\" href=\"#\" >\t<div class=\"icon-box featured-box icon-box-center text-center\"  >\n\t\t\t\t<div class=\"icon-box-text last-reset\">\n\t\t\t\t\t\t\t\t\t\n\t<div class=\"box has-hover   has-hover box-text-bottom\" >\n\n\t\t<div class=\"box-image\" >\n\t\t\t\t\t\t<div class=\"\" >\n\t\t\t\t<img loading=\"lazy\" decoding=\"async\" width=\"2560\" height=\"1780\" src=\"https:\/\/cncrush.com\/wp-content\/uploads\/2024\/12\/4482ae9563252855b301506e337d83d-scaled.jpg\" class=\"attachment- size-\" alt=\"CNC-bearbetade delar\" srcset=\"https:\/\/cncrush.com\/wp-content\/uploads\/2024\/12\/4482ae9563252855b301506e337d83d-scaled.jpg 2560w, https:\/\/cncrush.com\/wp-content\/uploads\/2024\/12\/4482ae9563252855b301506e337d83d-300x209.jpg 300w, https:\/\/cncrush.com\/wp-content\/uploads\/2024\/12\/4482ae9563252855b301506e337d83d-1024x712.jpg 1024w, https:\/\/cncrush.com\/wp-content\/uploads\/2024\/12\/4482ae9563252855b301506e337d83d-768x534.jpg 768w, https:\/\/cncrush.com\/wp-content\/uploads\/2024\/12\/4482ae9563252855b301506e337d83d-1536x1068.jpg 1536w, https:\/\/cncrush.com\/wp-content\/uploads\/2024\/12\/4482ae9563252855b301506e337d83d-2048x1424.jpg 2048w, https:\/\/cncrush.com\/wp-content\/uploads\/2024\/12\/4482ae9563252855b301506e337d83d-18x12.jpg 18w\" sizes=\"auto, (max-width: 2560px) 100vw, 2560px\" title=\"\">\t\t\t\t\t\t\t\t\t\t\t<\/div>\n\t\t\t\t\t<\/div>\n\n\t\t<div class=\"box-text text-center\" >\n\t\t\t<div class=\"box-text-inner\">\n\t\t\t\t\n<h4>F\u00e4rgad anodisering<\/h4>\n<p>F\u00e4rgad anodisering ger livfulla, h\u00e5llbara ytor samtidigt som aluminiumytor skyddas.<\/p>\n\t\t\t<\/div>\n\t\t<\/div>\n\t<\/div>\n\t\n\t\t<\/div>\n\t<\/div>\n\t<\/a>\n\t\n\t\t<\/div>\n\t\t\t\t\t<\/div>\n\n\t\n\n\t<div id=\"col-271512778\" class=\"col medium-4 small-12 large-4\"  >\n\t\t\t\t<div class=\"col-inner\"  >\n\t\t\t\n\t\t\t\n\t<div class=\"box has-hover   has-hover box-text-bottom\" >\n\n\t\t<div class=\"box-image\" >\n\t\t\t\t\t\t<div class=\"\" >\n\t\t\t\t<img loading=\"lazy\" decoding=\"async\" width=\"2560\" height=\"2251\" src=\"https:\/\/cncrush.com\/wp-content\/uploads\/2024\/12\/edd09d5920df704c041b5b2d202f671-scaled.jpg\" class=\"attachment- size-\" alt=\"\" srcset=\"https:\/\/cncrush.com\/wp-content\/uploads\/2024\/12\/edd09d5920df704c041b5b2d202f671-scaled.jpg 2560w, https:\/\/cncrush.com\/wp-content\/uploads\/2024\/12\/edd09d5920df704c041b5b2d202f671-300x264.jpg 300w, https:\/\/cncrush.com\/wp-content\/uploads\/2024\/12\/edd09d5920df704c041b5b2d202f671-1024x900.jpg 1024w, https:\/\/cncrush.com\/wp-content\/uploads\/2024\/12\/edd09d5920df704c041b5b2d202f671-768x675.jpg 768w, https:\/\/cncrush.com\/wp-content\/uploads\/2024\/12\/edd09d5920df704c041b5b2d202f671-1536x1350.jpg 1536w, https:\/\/cncrush.com\/wp-content\/uploads\/2024\/12\/edd09d5920df704c041b5b2d202f671-2048x1800.jpg 2048w, https:\/\/cncrush.com\/wp-content\/uploads\/2024\/12\/edd09d5920df704c041b5b2d202f671-14x12.jpg 14w\" sizes=\"auto, (max-width: 2560px) 100vw, 2560px\" title=\"\">\t\t\t\t\t\t\t\t\t\t\t<\/div>\n\t\t\t\t\t<\/div>\n\n\t\t<div class=\"box-text text-center\" >\n\t\t\t<div class=\"box-text-inner\">\n\t\t\t\t\n<h4>Zinkpl\u00e4tering<\/h4>\n<p>Zinkpl\u00e4tering ger korrosionsbest\u00e4ndighet och en sl\u00e4t, gl\u00e4nsande finish f\u00f6r metalldelar.<\/p>\n\t\t\t<\/div>\n\t\t<\/div>\n\t<\/div>\n\t\n\t\t<\/div>\n\t\t\t\t\t<\/div>\n\n\t\n\n\t<div id=\"col-1715134978\" class=\"col medium-4 small-12 large-4\"  >\n\t\t\t\t<div class=\"col-inner\"  >\n\t\t\t\n\t\t\t\n\t<div class=\"box has-hover   has-hover box-text-bottom\" >\n\n\t\t<div class=\"box-image\" >\n\t\t\t\t\t\t<div class=\"\" >\n\t\t\t\t<img loading=\"lazy\" decoding=\"async\" width=\"1024\" height=\"590\" src=\"https:\/\/cncrush.com\/wp-content\/uploads\/2024\/12\/Nickel-Plating.jpg\" class=\"attachment- size-\" alt=\"\" srcset=\"https:\/\/cncrush.com\/wp-content\/uploads\/2024\/12\/Nickel-Plating.jpg 1024w, https:\/\/cncrush.com\/wp-content\/uploads\/2024\/12\/Nickel-Plating-300x173.jpg 300w, https:\/\/cncrush.com\/wp-content\/uploads\/2024\/12\/Nickel-Plating-768x443.jpg 768w, https:\/\/cncrush.com\/wp-content\/uploads\/2024\/12\/Nickel-Plating-18x10.jpg 18w\" sizes=\"auto, (max-width: 1024px) 100vw, 1024px\" title=\"\">\t\t\t\t\t\t\t\t\t\t\t<\/div>\n\t\t\t\t\t<\/div>\n\n\t\t<div class=\"box-text text-center\" >\n\t\t\t<div class=\"box-text-inner\">\n\t\t\t\t\n<h4>F\u00f6rnickling<\/h4>\n<p>Nickelpl\u00e4tering ger korrosionsbest\u00e4ndighet och sl\u00e4t finish.<\/p>\n\t\t\t<\/div>\n\t\t<\/div>\n\t<\/div>\n\t\n\t\t<\/div>\n\t\t\t\t\t<\/div>\n\n\t\n\n\t<div id=\"col-1362100241\" class=\"col medium-4 small-12 large-4\"  >\n\t\t\t\t<div class=\"col-inner\"  >\n\t\t\t\n\t\t\t\n\t<div class=\"box has-hover   has-hover box-text-bottom\" >\n\n\t\t<div class=\"box-image\" >\n\t\t\t\t\t\t<div class=\"\" >\n\t\t\t\t<img loading=\"lazy\" decoding=\"async\" width=\"560\" height=\"400\" src=\"https:\/\/cncrush.com\/wp-content\/uploads\/2024\/12\/Chrome-Plating.jpg\" class=\"attachment- size-\" alt=\"\" srcset=\"https:\/\/cncrush.com\/wp-content\/uploads\/2024\/12\/Chrome-Plating.jpg 560w, https:\/\/cncrush.com\/wp-content\/uploads\/2024\/12\/Chrome-Plating-300x214.jpg 300w, https:\/\/cncrush.com\/wp-content\/uploads\/2024\/12\/Chrome-Plating-18x12.jpg 18w\" sizes=\"auto, (max-width: 560px) 100vw, 560px\" title=\"\">\t\t\t\t\t\t\t\t\t\t\t<\/div>\n\t\t\t\t\t<\/div>\n\n\t\t<div class=\"box-text text-center\" >\n\t\t\t<div class=\"box-text-inner\">\n\t\t\t\t\n<h4>Krompl\u00e4tering<\/h4>\n<p>Chrome Plating ger ett gl\u00e4nsande, h\u00e5llbart, slitstarkt lager.<\/p>\n\t\t\t<\/div>\n\t\t<\/div>\n\t<\/div>\n\t\n\t\t<\/div>\n\t\t\t\t\t<\/div>\n\n\t\n\n\t<div id=\"col-61578991\" class=\"col medium-4 small-12 large-4\"  >\n\t\t\t\t<div class=\"col-inner\"  >\n\t\t\t\n\t\t\t\n\t<div class=\"box has-hover   has-hover box-text-bottom\" >\n\n\t\t<div class=\"box-image\" >\n\t\t\t\t\t\t<div class=\"\" >\n\t\t\t\t<img loading=\"lazy\" decoding=\"async\" width=\"1770\" height=\"1152\" src=\"https:\/\/cncrush.com\/wp-content\/uploads\/2024\/12\/powder-coating-scaled-e1734677075851.jpg\" class=\"attachment- size-\" alt=\"\" srcset=\"https:\/\/cncrush.com\/wp-content\/uploads\/2024\/12\/powder-coating-scaled-e1734677075851.jpg 1770w, https:\/\/cncrush.com\/wp-content\/uploads\/2024\/12\/powder-coating-scaled-e1734677075851-300x195.jpg 300w, https:\/\/cncrush.com\/wp-content\/uploads\/2024\/12\/powder-coating-scaled-e1734677075851-1024x666.jpg 1024w, https:\/\/cncrush.com\/wp-content\/uploads\/2024\/12\/powder-coating-scaled-e1734677075851-768x500.jpg 768w, https:\/\/cncrush.com\/wp-content\/uploads\/2024\/12\/powder-coating-scaled-e1734677075851-1536x1000.jpg 1536w, https:\/\/cncrush.com\/wp-content\/uploads\/2024\/12\/powder-coating-scaled-e1734677075851-18x12.jpg 18w\" sizes=\"auto, (max-width: 1770px) 100vw, 1770px\" title=\"\">\t\t\t\t\t\t\t\t\t\t\t<\/div>\n\t\t\t\t\t<\/div>\n\n\t\t<div class=\"box-text text-center\" >\n\t\t\t<div class=\"box-text-inner\">\n\t\t\t\t\n<h4>Pulverlackering<\/h4>\n<p>Pulverlackering ger h\u00e5llbarhet, j\u00e4mnhet och korrosionsbest\u00e4ndighet.<\/p>\n\t\t\t<\/div>\n\t\t<\/div>\n\t<\/div>\n\t\n\t\t<\/div>\n\t\t\t\t\t<\/div>\n\n\t\n\n\t<div id=\"col-1538278904\" class=\"col medium-4 small-12 large-4\"  >\n\t\t\t\t<div class=\"col-inner\"  >\n\t\t\t\n\t\t\t\n\t<div class=\"box has-hover   has-hover box-text-bottom\" >\n\n\t\t<div class=\"box-image\" >\n\t\t\t\t\t\t<div class=\"\" >\n\t\t\t\t<img loading=\"lazy\" decoding=\"async\" width=\"1693\" height=\"1260\" src=\"https:\/\/cncrush.com\/wp-content\/uploads\/2024\/12\/Brushing.jpg\" class=\"attachment- size-\" alt=\"\" srcset=\"https:\/\/cncrush.com\/wp-content\/uploads\/2024\/12\/Brushing.jpg 1693w, https:\/\/cncrush.com\/wp-content\/uploads\/2024\/12\/Brushing-300x223.jpg 300w, https:\/\/cncrush.com\/wp-content\/uploads\/2024\/12\/Brushing-1024x762.jpg 1024w, https:\/\/cncrush.com\/wp-content\/uploads\/2024\/12\/Brushing-768x572.jpg 768w, https:\/\/cncrush.com\/wp-content\/uploads\/2024\/12\/Brushing-1536x1143.jpg 1536w, https:\/\/cncrush.com\/wp-content\/uploads\/2024\/12\/Brushing-16x12.jpg 16w\" sizes=\"auto, (max-width: 1693px) 100vw, 1693px\" title=\"\">\t\t\t\t\t\t\t\t\t\t\t<\/div>\n\t\t\t\t\t<\/div>\n\n\t\t<div class=\"box-text text-center\" >\n\t\t\t<div class=\"box-text-inner\">\n\t\t\t\t\n<h4>Borstning<\/h4>\n<p>Borstning skapar en strukturerad, matt finish f\u00f6r en elegant look.<\/p>\n\t\t\t<\/div>\n\t\t<\/div>\n\t<\/div>\n\t\n\t\t<\/div>\n\t\t\t\t\t<\/div>\n\n\t\n\n\t<div id=\"col-89445657\" class=\"col medium-4 small-12 large-4\"  >\n\t\t\t\t<div class=\"col-inner\"  >\n\t\t\t\n\t\t\t\n\t<div class=\"box has-hover   has-hover box-text-bottom\" >\n\n\t\t<div class=\"box-image\" >\n\t\t\t\t\t\t<div class=\"\" >\n\t\t\t\t<img loading=\"lazy\" decoding=\"async\" width=\"1600\" height=\"1068\" src=\"https:\/\/cncrush.com\/wp-content\/uploads\/2024\/12\/Polished.jpg\" class=\"attachment- size-\" alt=\"\" srcset=\"https:\/\/cncrush.com\/wp-content\/uploads\/2024\/12\/Polished.jpg 1600w, https:\/\/cncrush.com\/wp-content\/uploads\/2024\/12\/Polished-300x200.jpg 300w, https:\/\/cncrush.com\/wp-content\/uploads\/2024\/12\/Polished-1024x684.jpg 1024w, https:\/\/cncrush.com\/wp-content\/uploads\/2024\/12\/Polished-768x513.jpg 768w, https:\/\/cncrush.com\/wp-content\/uploads\/2024\/12\/Polished-1536x1025.jpg 1536w, https:\/\/cncrush.com\/wp-content\/uploads\/2024\/12\/Polished-18x12.jpg 18w\" sizes=\"auto, (max-width: 1600px) 100vw, 1600px\" title=\"\">\t\t\t\t\t\t\t\t\t\t\t<\/div>\n\t\t\t\t\t<\/div>\n\n\t\t<div class=\"box-text text-center\" >\n\t\t\t<div class=\"box-text-inner\">\n\t\t\t\t\n<h4>Putsning<\/h4>\n<p>Polering ger en blank, sl\u00e4t, reflekterande yta.<\/p>\n\t\t\t<\/div>\n\t\t<\/div>\n\t<\/div>\n\t\n\t\t<\/div>\n\t\t\t\t\t<\/div>\n\n\t\n\n\t<div id=\"col-82601519\" class=\"col medium-4 small-12 large-4\"  >\n\t\t\t\t<div class=\"col-inner\"  >\n\t\t\t\n\t\t\t\n\t<div class=\"box has-hover   has-hover box-text-bottom\" >\n\n\t\t<div class=\"box-image\" >\n\t\t\t\t\t\t<div class=\"\" >\n\t\t\t\t<img loading=\"lazy\" decoding=\"async\" width=\"660\" height=\"440\" src=\"https:\/\/cncrush.com\/wp-content\/uploads\/2024\/12\/Hardening.jpeg\" class=\"attachment- size-\" alt=\"\" srcset=\"https:\/\/cncrush.com\/wp-content\/uploads\/2024\/12\/Hardening.jpeg 660w, https:\/\/cncrush.com\/wp-content\/uploads\/2024\/12\/Hardening-300x200.jpeg 300w, https:\/\/cncrush.com\/wp-content\/uploads\/2024\/12\/Hardening-18x12.jpeg 18w\" sizes=\"auto, (max-width: 660px) 100vw, 660px\" title=\"\">\t\t\t\t\t\t\t\t\t\t\t<\/div>\n\t\t\t\t\t<\/div>\n\n\t\t<div class=\"box-text text-center\" >\n\t\t\t<div class=\"box-text-inner\">\n\t\t\t\t\n<h4>H\u00e4rdning<\/h4>\n<p>H\u00e4rdning \u00f6kar styrkan, slitstyrkan och h\u00e5llbarheten.<\/p>\n\t\t\t<\/div>\n\t\t<\/div>\n\t<\/div>\n\t\n\t\t<\/div>\n\t\t\t\t\t<\/div>\n\n\t\n\n\t<div id=\"col-443508435\" class=\"col medium-4 small-12 large-4\"  >\n\t\t\t\t<div class=\"col-inner\"  >\n\t\t\t\n\t\t\t\n\t<div class=\"box has-hover   has-hover box-text-bottom\" >\n\n\t\t<div class=\"box-image\" >\n\t\t\t\t\t\t<div class=\"\" >\n\t\t\t\t<img loading=\"lazy\" decoding=\"async\" width=\"565\" height=\"334\" src=\"https:\/\/cncrush.com\/wp-content\/uploads\/2024\/12\/HVOF.jpg\" class=\"attachment- size-\" alt=\"\" srcset=\"https:\/\/cncrush.com\/wp-content\/uploads\/2024\/12\/HVOF.jpg 565w, https:\/\/cncrush.com\/wp-content\/uploads\/2024\/12\/HVOF-300x177.jpg 300w, https:\/\/cncrush.com\/wp-content\/uploads\/2024\/12\/HVOF-18x12.jpg 18w\" sizes=\"auto, (max-width: 565px) 100vw, 565px\" title=\"\">\t\t\t\t\t\t\t\t\t\t\t<\/div>\n\t\t\t\t\t<\/div>\n\n\t\t<div class=\"box-text text-center\" >\n\t\t\t<div class=\"box-text-inner\">\n\t\t\t\t\n<h4>HVOF Bel\u00e4ggning<\/h4>\n<p>HVOF \u00e4r en bel\u00e4ggning med h\u00f6g densitet f\u00f6r extrem h\u00e5llbarhet och slitage<\/p>\n\t\t\t<\/div>\n\t\t<\/div>\n\t<\/div>\n\t\n\t\t<\/div>\n\t\t\t\t\t<\/div>\n\n\t\n\n\t<div id=\"col-1632285667\" class=\"col medium-4 small-12 large-4\"  >\n\t\t\t\t<div class=\"col-inner\"  >\n\t\t\t\n\t\t\t\n\t<div class=\"box has-hover   has-hover box-text-bottom\" >\n\n\t\t<div class=\"box-image\" >\n\t\t\t\t\t\t<div class=\"\" >\n\t\t\t\t<img loading=\"lazy\" decoding=\"async\" width=\"1227\" height=\"792\" src=\"https:\/\/cncrush.com\/wp-content\/uploads\/2025\/06\/PVD.jpg\" class=\"attachment- size-\" alt=\"\" srcset=\"https:\/\/cncrush.com\/wp-content\/uploads\/2025\/06\/PVD.jpg 1227w, https:\/\/cncrush.com\/wp-content\/uploads\/2025\/06\/PVD-300x194.jpg 300w, https:\/\/cncrush.com\/wp-content\/uploads\/2025\/06\/PVD-1024x661.jpg 1024w, https:\/\/cncrush.com\/wp-content\/uploads\/2025\/06\/PVD-768x496.jpg 768w, https:\/\/cncrush.com\/wp-content\/uploads\/2025\/06\/PVD-18x12.jpg 18w\" sizes=\"auto, (max-width: 1227px) 100vw, 1227px\" title=\"\">\t\t\t\t\t\t\t\t\t\t\t<\/div>\n\t\t\t\t\t<\/div>\n\n\t\t<div class=\"box-text text-center\" >\n\t\t\t<div class=\"box-text-inner\">\n\t\t\t\t\n<h4>PVD-DLC bel\u00e4ggning<\/h4>\n<p>PVD-DLC \u00e4r en tunn, seg bel\u00e4ggning med h\u00f6g h\u00e5rdhet och l\u00e5g friktion.<\/p>\n\t\t\t<\/div>\n\t\t<\/div>\n\t<\/div>\n\t\n\t\t<\/div>\n\t\t\t\t\t<\/div>\n\n\t\n\n<style>\n#row-199962486 > .col > .col-inner {\n  padding: 40px 40px 40px 40px;\n  background-color: rgb(255,255,255);\n  border-radius: 20px;\n}\n<\/style>\n<\/div>\n\t\t<\/div>\n\n\t\t\n<style>\n#section_242154871 {\n  padding-top: 60px;\n  padding-bottom: 60px;\n  background-color: rgb(250, 250, 250);\n}\n<\/style>\n\t<\/section>\n\t\n<div class=\"row align-middle\"  id=\"row-1610325015\">\n\n\t<div id=\"col-1568078675\" class=\"col medium-6 small-12 large-6\"  >\n\t\t\t\t<div class=\"col-inner\"  >\n\t\t\t\n\t\t\t\n\t<div id=\"text-4152237214\" class=\"text\">\n\t\t\n<p><strong>Varf\u00f6r v\u00e4lja CRRUSH f\u00f6r ytbehandling?<\/strong><\/p>\n<p>Vi \u00e4r fast beslutna att leverera exceptionella resultat genom att erbjuda:<\/p>\n<ul>\n<li>\n<p><strong>Tight toleranskontroll:<\/strong> Vi s\u00e4kerst\u00e4ller exakt \u00f6verensst\u00e4mmelse med sn\u00e4va toleranser och bibeh\u00e5ller de exakta specifikationer som kr\u00e4vs f\u00f6r dina delar.<\/p>\n<\/li>\n<li>\n<p><strong>\u00d6verl\u00e4gsen estetik:<\/strong> V\u00e5r ytbehandlingsprocess garanterar konsekvent f\u00e4rg och enhetlig tjocklek \u00f6ver alla lager, vilket s\u00e4kerst\u00e4ller en felfri finish.<\/p>\n<\/li>\n<li>\n<p><strong>S\u00e4ker hantering och logistik:<\/strong> Med noggrann intern logistik skyddar vi dina delar fr\u00e5n bl\u00e5m\u00e4rken, repor eller skador under produktionsprocessen.<\/p>\n<\/li>\n<li>\n<p><strong>Snabb leverans och leverans i tid:<\/strong> Vi \u00e4r stolta \u00f6ver att tillhandah\u00e5lla korta ledtider och konsekvent h\u00e5lla leveranstider, vilket s\u00e4kerst\u00e4ller att ditt projekt h\u00e5ller schemat.<\/p>\n<\/li>\n<\/ul>\n\t\t\n<style>\n#text-4152237214 {\n  font-size: 1rem;\n  color: rgb(0,0,0);\n}\n#text-4152237214 > * {\n  color: rgb(0,0,0);\n}\n<\/style>\n\t<\/div>\n\t\n\t\t<\/div>\n\t\t\t\t\t<\/div>\n\n\t\n\n\t<div id=\"col-255273243\" class=\"col medium-6 small-12 large-6\"  >\n\t\t\t\t<div class=\"col-inner\"  >\n\t\t\t\n\t\t\t\n\t<div class=\"img has-hover x md-x lg-x y md-y lg-y\" id=\"image_154145758\">\n\t\t\t\t\t\t\t\t<div class=\"img-inner dark\" >\n\t\t\t<img loading=\"lazy\" decoding=\"async\" width=\"800\" height=\"600\" src=\"https:\/\/cncrush.com\/wp-content\/uploads\/2024\/11\/4.png\" class=\"attachment-large size-large\" alt=\"Anodiserad aluminium\" srcset=\"https:\/\/cncrush.com\/wp-content\/uploads\/2024\/11\/4.png 800w, https:\/\/cncrush.com\/wp-content\/uploads\/2024\/11\/4-300x225.png 300w, https:\/\/cncrush.com\/wp-content\/uploads\/2024\/11\/4-768x576.png 768w, https:\/\/cncrush.com\/wp-content\/uploads\/2024\/11\/4-16x12.png 16w\" sizes=\"auto, (max-width: 800px) 100vw, 800px\" title=\"\">\t\t\t\t\t\t\n\t\t\t\t\t<\/div>\n\t\t\t\t\t\t\t\t\n<style>\n#image_154145758 {\n  width: 100%;\n}\n<\/style>\n\t<\/div>\n\t\n\t\t<\/div>\n\t\t\t\t\t<\/div>\n\n\t\n<\/div>\n<div class=\"row row-collapse row-full-width\"  id=\"row-413337405\">\n\n\t<div id=\"col-1917604467\" class=\"col small-12 large-12\"  >\n\t\t\t\t<div class=\"col-inner text-center dark\"  >\n\t\t\t\n\t\t\t\n\n  <div class=\"banner has-hover\" id=\"banner-152961784\">\n          <div class=\"banner-inner fill\">\n        <div class=\"banner-bg fill\" >\n            <img loading=\"lazy\" decoding=\"async\" width=\"1020\" height=\"421\" src=\"https:\/\/cncrush.com\/wp-content\/uploads\/2024\/09\/milled-stainless-steel-background-1024x423.webp\" class=\"bg attachment-large size-large\" alt=\"\" title=\"\">                        <div class=\"overlay\"><\/div>            \n                    <\/div>\n\t\t\n        <div class=\"banner-layers container\">\n            <div class=\"fill banner-link\"><\/div>            \n   <div id=\"text-box-1633476960\" class=\"text-box banner-layer x50 md-x50 lg-x50 y50 md-y50 lg-y50 res-text\">\n                                <div class=\"text-box-content text dark\">\n              \n              <div class=\"text-inner text-center\">\n                  \n\t<div id=\"text-3831611436\" class=\"text\">\n\t\t\n<h2>Intresserad? F\u00e5 en gratis offert f\u00f6r CNC-tj\u00e4nster idag!<\/h2>\n\t\t\n<style>\n#text-3831611436 {\n  font-size: 1rem;\n}\n<\/style>\n\t<\/div>\n\t\n<a href=\"https:\/\/cncrush.com\/sv\/skicka-forfragan\/\" class=\"button alert\"  >\n\t\t<span>Skicka din f\u00f6rfr\u00e5gan<\/span>\n\t<\/a>\n\n              <\/div>\n           <\/div>\n                            \n<style>\n#text-box-1633476960 {\n  width: 100%;\n}\n#text-box-1633476960 .text-box-content {\n  font-size: 100%;\n}\n@media (min-width:550px) {\n  #text-box-1633476960 {\n    width: 98%;\n  }\n}\n<\/style>\n    <\/div>\n \n        <\/div>\n      <\/div>\n\n            \n<style>\n#banner-152961784 {\n  padding-top: 99.99%;\n}\n#banner-152961784 .overlay {\n  background-color: rgba(0, 0, 0, 0.17);\n}\n#banner-152961784 .banner-bg img {\n  object-position: 47% 60%;\n}\n@media (min-width:550px) {\n  #banner-152961784 {\n    padding-top: 128px;\n  }\n}\n<\/style>\n  <\/div>\n\n\n\t\t<\/div>\n\t\t\t\t\t<\/div>\n\n\t\n<\/div>","protected":false},"excerpt":{"rendered":"","protected":false},"author":1,"featured_media":0,"parent":0,"menu_order":0,"comment_status":"closed","ping_status":"closed","template":"page-blank.php","meta":{"footnotes":""},"class_list":["post-25","page","type-page","status-publish","hentry"],"_links":{"self":[{"href":"https:\/\/cncrush.com\/sv\/wp-json\/wp\/v2\/pages\/25","targetHints":{"allow":["GET"]}}],"collection":[{"href":"https:\/\/cncrush.com\/sv\/wp-json\/wp\/v2\/pages"}],"about":[{"href":"https:\/\/cncrush.com\/sv\/wp-json\/wp\/v2\/types\/page"}],"author":[{"embeddable":true,"href":"https:\/\/cncrush.com\/sv\/wp-json\/wp\/v2\/users\/1"}],"replies":[{"embeddable":true,"href":"https:\/\/cncrush.com\/sv\/wp-json\/wp\/v2\/comments?post=25"}],"version-history":[{"count":0,"href":"https:\/\/cncrush.com\/sv\/wp-json\/wp\/v2\/pages\/25\/revisions"}],"wp:attachment":[{"href":"https:\/\/cncrush.com\/sv\/wp-json\/wp\/v2\/media?parent=25"}],"curies":[{"name":"wp","href":"https:\/\/api.w.org\/{rel}","templated":true}]}}