{"id":29,"date":"2024-09-29T03:50:01","date_gmt":"2024-09-29T03:50:01","guid":{"rendered":"https:\/\/cncrush.com\/?page_id=29"},"modified":"2024-12-20T14:06:29","modified_gmt":"2024-12-20T14:06:29","slug":"elektroteknik","status":"publish","type":"page","link":"https:\/\/cncrush.com\/sv\/elektroteknik\/","title":{"rendered":"Elektroteknik"},"content":{"rendered":"<section class=\"section dark\" id=\"section_269982675\">\n\t\t<div class=\"section-bg fill\" >\n\t\t\t<img loading=\"lazy\" decoding=\"async\" width=\"2100\" height=\"700\" src=\"https:\/\/cncrush.com\/wp-content\/uploads\/2024\/10\/electrical-engineering.webp\" class=\"bg attachment- size-\" alt=\"\" title=\"\">\t\t\t\t\t\t<div class=\"section-bg-overlay absolute fill\"><\/div><button class=\"scroll-for-more z-5 icon absolute bottom h-center\" aria-label=\"Bl\u00e4ddra f\u00f6r mer\"><i class=\"icon-angle-down\" style=\"font-size:42px;\" ><\/i><\/button>\n\t\t\t\n\n\t\t<\/div>\n\n\t\t\n\n\t\t<div class=\"section-content relative\">\n\t\t\t\n<div class=\"row align-center\"  id=\"row-514029362\">\n\n\t<div id=\"col-394465573\" class=\"col medium-10 small-12 large-10\"  >\n\t\t\t\t<div class=\"col-inner text-center\"  >\n\t\t\t\n\t\t\t\n\t<div id=\"text-723759405\" class=\"text\">\n\t\t\n<h1>Elektroteknik CNC-l\u00f6sningar<\/h1>\n\t\t\n<style>\n#text-723759405 {\n  font-size: 1.35rem;\n}\n@media (min-width:550px) {\n  #text-723759405 {\n    font-size: 2rem;\n  }\n}\n<\/style>\n\t<\/div>\n\t\n<div class=\"row\"  id=\"row-226727242\">\n\n\t<div id=\"col-207041989\" class=\"col medium-9 small-12 large-9\"  >\n\t\t\t\t<div class=\"col-inner\"  >\n\t\t\t\n\t\t\t\n<p>P\u00e5 CNCRUSH \u00e4r vi specialiserade p\u00e5 produktion av h\u00f6gprecisionssvarvade delar som kr\u00e4vs f\u00f6r att bygga dina avancerade elektriska produkter. Vi erbjuder flexibel produktion p\u00e5 beg\u00e4ran eller kontrakt, vilket s\u00e4kerst\u00e4ller snabba leveranser baserade p\u00e5 Just-In-Time (JIT) principer.<\/p>\n\t\t<\/div>\n\t\t\t\t\t<\/div>\n\n\t\n<\/div>\n\t\t<\/div>\n\t\t\t\t\t<\/div>\n\n\t\n<\/div>\n\t\t<\/div>\n\n\t\t\n<style>\n#section_269982675 {\n  padding-top: 30px;\n  padding-bottom: 30px;\n  min-height: 100px;\n}\n#section_269982675 .section-bg-overlay {\n  background-color: rgba(0, 0, 0, 0.384);\n}\n#section_269982675 .section-bg img {\n  object-position: 53% 58%;\n}\n@media (min-width:550px) {\n  #section_269982675 {\n    min-height: 600px;\n  }\n}\n<\/style>\n\t<\/section>\n\t\n\n\t<section class=\"section\" id=\"section_1103415423\">\n\t\t<div class=\"section-bg fill\" >\n\t\t\t\t\t\t\t\t\t\n\t\t\t\n\n\t\t<\/div>\n\n\t\t\n\n\t\t<div class=\"section-content relative\">\n\t\t\t\n<div class=\"row row-large steps-simple-headline\"  id=\"row-2115642461\">\n\n\t<div id=\"col-280386528\" class=\"col medium-8 small-12 large-12\"  >\n\t\t\t\t<div class=\"col-inner\"  >\n\t\t\t\n\t\t\t\n<div class=\"row row-collapse\"  id=\"row-508747363\">\n\n\t<div id=\"col-31406936\" class=\"col medium-1 small-2 large-1\"  >\n\t\t\t\t<div class=\"col-inner\"  >\n\t\t\t\n\t\t\t\n<h2>01<\/h2>\n\t\t<\/div>\n\t\t\t\t\t<\/div>\n\n\t\n\n\t<div id=\"col-1870188643\" class=\"col medium-11 small-10 large-11\"  >\n\t\t\t\t<div class=\"col-inner\"  >\n\t\t\t\n\t\t\t\n<h3>Delar vi tillverkar<\/h3>\n<ul>\n<li><strong>Aluminiumh\u00f6ljen<\/strong> f\u00f6r elektroniska kretsar och elektrooptiska moduler<\/li>\n<li><strong>Komponenter f\u00f6r laserk\u00e4llor<\/strong> tillverkad av aluminium och koppar<\/li>\n<li><strong>Delar f\u00f6r halvledarindustrin<\/strong><\/li>\n<\/ul>\n\t\t<\/div>\n\t\t\t\t\t<\/div>\n\n\t\n<\/div>\n<div class=\"is-divider divider clearfix\" style=\"margin-top:10px;margin-bottom:10px;max-width:100%;height:1px;\"><\/div>\n<div class=\"row row-collapse\"  id=\"row-298157675\">\n\n\t<div id=\"col-1402919640\" class=\"col medium-1 small-2 large-1\"  >\n\t\t\t\t<div class=\"col-inner\"  >\n\t\t\t\n\t\t\t\n<h2>02<\/h2>\n\t\t<\/div>\n\t\t\t\t\t<\/div>\n\n\t\n\n\t<div id=\"col-462506651\" class=\"col medium-11 small-10 large-11\"  >\n\t\t\t\t<div class=\"col-inner\"  >\n\t\t\t\n\t\t\t\n<h3>V\u00e5r process<\/h3>\n<ul>\n<li><strong>Precision:<\/strong> Vi svarvar och fr\u00e4sar delar med exceptionell precision, och m\u00f6ter toleranser s\u00e5 sn\u00e4va som 0,01 mm eller l\u00e4gre.<\/li>\n<li><strong>Estetik och kvalitet:<\/strong> 100% av v\u00e5ra delar genomg\u00e5r rigor\u00f6sa inspektioner f\u00f6r ytkvalitet, kantsk\u00e4rpa, h\u00e5lkorsningar och fr\u00e5nvaro av grader.<\/li>\n<li><strong>Renlighet:<\/strong> Alla komponenter \u00e4r industritv\u00e4ttade och skyddade mot korrosion och transportskador.<\/li>\n<li><strong>Anodisering:<\/strong> Vi tillhandah\u00e5ller b\u00e5de dekorativ och teknisk anodisering f\u00f6r att f\u00f6rb\u00e4ttra funktionaliteten och utseendet p\u00e5 dina delar.<\/li>\n<\/ul>\n\t\t<\/div>\n\t\t\t\t\t<\/div>\n\n\t\n<\/div>\n<div class=\"is-divider divider clearfix\" style=\"margin-top:10px;margin-bottom:10px;max-width:100%;height:1px;\"><\/div>\n<div class=\"row row-collapse align-middle\"  id=\"row-374658813\">\n\n\t<div id=\"col-449631339\" class=\"col medium-1 small-2 large-1\"  >\n\t\t\t\t<div class=\"col-inner\"  >\n\t\t\t\n\t\t\t\n<h2>03<\/h2>\n\t\t<\/div>\n\t\t\t\t\t<\/div>\n\n\t\n\n\t<div id=\"col-29969654\" class=\"col medium-11 small-10 large-11\"  >\n\t\t\t\t<div class=\"col-inner\"  >\n\t\t\t\n\t\t\t\n<h3>Kvalitetss\u00e4kring<\/h3>\n<p>Vi s\u00e4kerst\u00e4ller noggrannheten hos v\u00e5ra sn\u00e4va toleransdelar med hj\u00e4lp av <strong>Hexagon X-METRO koordinatm\u00e4tare<\/strong>, vilket garanterar m\u00e4tprecision upp till 0,002 mm.<\/p>\n<p>I samarbete med v\u00e5ra kunder f\u00f6rdefinierar vi styr- och m\u00e4tstrategier f\u00f6r att m\u00f6ta exakta specifikationer. Varje del kontrolleras regelbundet baserat p\u00e5 v\u00e5r kontrollplan, och statistisk kontroll av kritiska dimensioner genomf\u00f6rs n\u00e4r s\u00e5 \u00e4r m\u00f6jligt.<\/p>\n\t\t<\/div>\n\t\t\t\t\t<\/div>\n\n\t\n<\/div>\n<div class=\"is-divider divider clearfix\" style=\"margin-top:10px;margin-bottom:10px;max-width:100%;height:1px;\"><\/div>\n\t\t<\/div>\n\t\t\t\t\t<\/div>\n\n\t\n<\/div>\n\t\t<\/div>\n\n\t\t\n<style>\n#section_1103415423 {\n  padding-top: 60px;\n  padding-bottom: 60px;\n}\n<\/style>\n\t<\/section>\n\t\n<div class=\"row row-collapse row-full-width\"  id=\"row-1586692167\">\n\n\t<div id=\"col-376578718\" class=\"col small-12 large-12\"  >\n\t\t\t\t<div class=\"col-inner text-center dark\"  >\n\t\t\t\n\t\t\t\n\n  <div class=\"banner has-hover\" id=\"banner-1130296501\">\n          <div class=\"banner-inner fill\">\n        <div class=\"banner-bg fill\" >\n            <img loading=\"lazy\" decoding=\"async\" width=\"1020\" height=\"421\" src=\"https:\/\/cncrush.com\/wp-content\/uploads\/2024\/09\/milled-stainless-steel-background-1024x423.webp\" class=\"bg attachment-large size-large\" alt=\"\" title=\"\">                        <div class=\"overlay\"><\/div>            \n                    <\/div>\n\t\t\n        <div class=\"banner-layers container\">\n            <div class=\"fill banner-link\"><\/div>            \n   <div id=\"text-box-839860126\" class=\"text-box banner-layer x50 md-x50 lg-x50 y50 md-y50 lg-y50 res-text\">\n                                <div class=\"text-box-content text dark\">\n              \n              <div class=\"text-inner text-center\">\n                  \n\t<div id=\"text-1528875222\" class=\"text\">\n\t\t\n<h3>L\u00e5ter intressant? F\u00e5 en kostnadsfri offert idag!<\/h3>\n\t\t\n<style>\n#text-1528875222 {\n  font-size: 0.75rem;\n  text-align: center;\n}\n<\/style>\n\t<\/div>\n\t\n<a href=\"https:\/\/cncrush.com\/sv\/skicka-forfragan\/\" class=\"button alert\"  >\n\t\t<span>Skicka din f\u00f6rfr\u00e5gan<\/span>\n\t<\/a>\n\n              <\/div>\n           <\/div>\n                            \n<style>\n#text-box-839860126 {\n  width: 100%;\n}\n#text-box-839860126 .text-box-content {\n  font-size: 100%;\n}\n@media (min-width:550px) {\n  #text-box-839860126 {\n    width: 94%;\n  }\n}\n<\/style>\n    <\/div>\n \n        <\/div>\n      <\/div>\n\n            \n<style>\n#banner-1130296501 {\n  padding-top: 99.99%;\n}\n#banner-1130296501 .overlay {\n  background-color: rgba(0, 0, 0, 0.17);\n}\n#banner-1130296501 .banner-bg img {\n  object-position: 47% 60%;\n}\n@media (min-width:550px) {\n  #banner-1130296501 {\n    padding-top: 118px;\n  }\n}\n<\/style>\n  <\/div>\n\n\n\t\t<\/div>\n\t\t\t\t\t<\/div>\n\n\t\n<\/div>","protected":false},"excerpt":{"rendered":"","protected":false},"author":1,"featured_media":0,"parent":0,"menu_order":0,"comment_status":"closed","ping_status":"closed","template":"page-blank.php","meta":{"footnotes":""},"class_list":["post-29","page","type-page","status-publish","hentry"],"_links":{"self":[{"href":"https:\/\/cncrush.com\/sv\/wp-json\/wp\/v2\/pages\/29","targetHints":{"allow":["GET"]}}],"collection":[{"href":"https:\/\/cncrush.com\/sv\/wp-json\/wp\/v2\/pages"}],"about":[{"href":"https:\/\/cncrush.com\/sv\/wp-json\/wp\/v2\/types\/page"}],"author":[{"embeddable":true,"href":"https:\/\/cncrush.com\/sv\/wp-json\/wp\/v2\/users\/1"}],"replies":[{"embeddable":true,"href":"https:\/\/cncrush.com\/sv\/wp-json\/wp\/v2\/comments?post=29"}],"version-history":[{"count":0,"href":"https:\/\/cncrush.com\/sv\/wp-json\/wp\/v2\/pages\/29\/revisions"}],"wp:attachment":[{"href":"https:\/\/cncrush.com\/sv\/wp-json\/wp\/v2\/media?parent=29"}],"curies":[{"name":"wp","href":"https:\/\/api.w.org\/{rel}","templated":true}]}}