{"id":3,"date":"2024-09-29T03:41:52","date_gmt":"2024-09-29T03:41:52","guid":{"rendered":"http:\/\/cncrush.com\/?page_id=3"},"modified":"2024-10-03T15:38:15","modified_gmt":"2024-10-03T15:38:15","slug":"sekretesspolicy","status":"publish","type":"page","link":"https:\/\/cncrush.com\/sv\/sekretesspolicy\/","title":{"rendered":"Sekretesspolicy"},"content":{"rendered":"<p>P\u00e5 <strong><a href=\"https:\/\/cncrush.com\/sv\/\">CNCRUSH<\/a><\/strong>, din integritet \u00e4r av yttersta vikt f\u00f6r oss. Denna integritetspolicy beskriver hur vi samlar in, anv\u00e4nder, avsl\u00f6jar och skyddar din personliga information n\u00e4r du bes\u00f6ker v\u00e5r webbplats, <a href=\"https:\/\/cncrush.com\/sv\/\" target=\"_new\" rel=\"noopener\">https:\/\/cncrush.com\/<\/a> (\"Webbplatsen\") eller n\u00e4r du interagerar med oss \u200b\u200bp\u00e5 n\u00e5got s\u00e4tt. Genom att anv\u00e4nda v\u00e5r webbplats eller engagera dig i v\u00e5ra tj\u00e4nster samtycker du till den praxis som beskrivs i denna policy.<\/p>\r\n<h4 class=\"wp-block-heading\"><strong>1. Information vi samlar in<\/strong><\/h4>\r\n<p>Vi samlar in flera typer av information fr\u00e5n och om anv\u00e4ndare av v\u00e5r webbplats, inklusive:<\/p>\r\n<ul>\r\n<li>\r\n<p><strong>Personlig identifieringsinformation (PII):<\/strong> Detta kan inkludera ditt namn, e-postadress, telefonnummer, f\u00f6retagsnamn och alla andra personliga uppgifter du anger n\u00e4r du:<\/p>\r\n<ul>\r\n<li>Beg\u00e4r en offert<\/li>\r\n<li>Kontakta oss via e-post eller formul\u00e4r<\/li>\r\n<li>Prenumerera p\u00e5 nyhetsbrev eller marknadskommunikation<\/li>\r\n<li>Interagera med oss \u200b\u200bp\u00e5 sociala medier eller genom v\u00e5ra kundtj\u00e4nstkanaler<\/li>\r\n<\/ul>\r\n<\/li>\r\n<li>\r\n<p><strong>Icke-personlig information:<\/strong> Vi kan ocks\u00e5 samla in icke-personliga uppgifter som inte avsl\u00f6jar din specifika identitet, s\u00e5som webbl\u00e4sartyp, enhetsinformation, geografisk plats och hur du anv\u00e4nder v\u00e5r webbplats (t.ex. visade sidor, tid p\u00e5 webbplatsen).<\/p>\r\n<\/li>\r\n<li>\r\n<p><strong>Cookies och sp\u00e5rningstekniker:<\/strong> Vi anv\u00e4nder cookies och andra sp\u00e5rningstekniker f\u00f6r att f\u00f6rb\u00e4ttra din upplevelse p\u00e5 v\u00e5r webbplats och samla in data om ditt surfbeteende. F\u00f6r mer information om hur vi anv\u00e4nder cookies, se v\u00e5r <a target=\"_new\" rel=\"noopener\">Cookiespolicy<\/a>.<\/p>\r\n<\/li>\r\n<\/ul>\r\n<h4><strong>2. Hur vi anv\u00e4nder din information<\/strong><\/h4>\r\n<p>Vi anv\u00e4nder informationen vi samlar in f\u00f6r att:<\/p>\r\n<ul>\r\n<li>Tillhandah\u00e5lla och f\u00f6rb\u00e4ttra v\u00e5ra CNC-bearbetningstj\u00e4nster<\/li>\r\n<li>Svara p\u00e5 dina f\u00f6rfr\u00e5gningar, f\u00f6rfr\u00e5gningar eller l\u00e4mna offerter<\/li>\r\n<li>Anpassa din upplevelse p\u00e5 v\u00e5r webbplats<\/li>\r\n<li>Kommunicera med dig om uppdateringar, kampanjer eller annan relevant information<\/li>\r\n<li>Analysera och f\u00f6rb\u00e4ttra prestandan p\u00e5 v\u00e5r webbplats<\/li>\r\n<li>F\u00f6lj juridiska skyldigheter och skydda v\u00e5ra r\u00e4ttigheter<\/li>\r\n<\/ul>\r\n<p>Din information hj\u00e4lper oss att b\u00e4ttre f\u00f6rst\u00e5 dina behov och f\u00f6rb\u00e4ttra v\u00e5ra tj\u00e4nster. Vi samlar bara in den information som \u00e4r n\u00f6dv\u00e4ndig f\u00f6r dessa \u00e4ndam\u00e5l, och vi respekterar din integritet genom att s\u00e4kerst\u00e4lla att dina uppgifter hanteras p\u00e5 ett s\u00e4kert s\u00e4tt.<\/p>\r\n<h4><strong>3. R\u00e4ttslig grund f\u00f6r behandling<\/strong><\/h4>\r\n<p>Vi behandlar personuppgifter baserat p\u00e5 f\u00f6ljande juridiska grunder:<\/p>\r\n<ul>\r\n<li><strong>Avtalsf\u00f6rpliktelse:<\/strong> N\u00e4r du beg\u00e4r v\u00e5ra tj\u00e4nster (t.ex. beg\u00e4r en offert eller g\u00f6r ett k\u00f6p) behandlar vi dina personuppgifter f\u00f6r att uppfylla v\u00e5rt avtal med dig.<\/li>\r\n<li><strong>Ber\u00e4ttigade intressen:<\/strong> Vi kan komma att behandla dina personuppgifter f\u00f6r legitima aff\u00e4rs\u00e4ndam\u00e5l, s\u00e5som att f\u00f6rb\u00e4ttra v\u00e5ra tj\u00e4nster, marknadsf\u00f6ringskommunikation eller f\u00f6rb\u00e4ttra din upplevelse.<\/li>\r\n<li><strong>Samtycke:<\/strong> D\u00e4r det kr\u00e4vs enligt lag kommer vi att inh\u00e4mta ditt samtycke innan vi samlar in eller behandlar dina uppgifter, till exempel f\u00f6r att skicka marknadsf\u00f6ringsmeddelanden.<\/li>\r\n<li><strong>Efterlevnad av juridiska skyldigheter:<\/strong> Vi kan ocks\u00e5 komma att behandla dina personuppgifter f\u00f6r att f\u00f6lja till\u00e4mpliga lagar och f\u00f6rordningar.<\/li>\r\n<\/ul>\r\n<h4><strong>4. Delning och utl\u00e4mnande av din information<\/strong><\/h4>\r\n<p>Vi s\u00e4ljer, byter eller hyr inte ut dina personuppgifter till tredje part. Vi kan dock dela din information under f\u00f6ljande omst\u00e4ndigheter:<\/p>\r\n<ul>\r\n<li>\r\n<p><strong>Tj\u00e4nsteleverant\u00f6rer:<\/strong> Vi kan komma att dela dina uppgifter med p\u00e5litliga tredjepartsleverant\u00f6rer som tillhandah\u00e5ller tj\u00e4nster f\u00f6r v\u00e5r r\u00e4kning, s\u00e5som webbhotell, dataanalys, e-postleverans eller betalningshantering. Dessa tredje parter \u00e4r bundna av sekretessavtal och anv\u00e4nder endast dina uppgifter f\u00f6r de specifika tj\u00e4nster vi efterfr\u00e5gar.<\/p>\r\n<\/li>\r\n<li>\r\n<p><strong>Laglig efterlevnad:<\/strong> Vi kan komma att avsl\u00f6ja din information om det kr\u00e4vs enligt lag, till exempel som svar p\u00e5 ett domstolsbeslut eller en beg\u00e4ran fr\u00e5n regeringen, eller f\u00f6r att skydda v\u00e5ra juridiska r\u00e4ttigheter, f\u00f6rhindra bedr\u00e4geri eller s\u00e4kerst\u00e4lla v\u00e5ra anv\u00e4ndares s\u00e4kerhet.<\/p>\r\n<\/li>\r\n<li>\r\n<p><strong>F\u00f6retags\u00f6verf\u00f6ringar:<\/strong> I h\u00e4ndelse av en sammanslagning, f\u00f6rv\u00e4rv eller f\u00f6rs\u00e4ljning av tillg\u00e5ngar kan dina personuppgifter \u00f6verf\u00f6ras som en del av aff\u00e4rstransaktionen.<\/p>\r\n<\/li>\r\n<\/ul>\r\n<h4><strong>5. Datas\u00e4kerhet<\/strong><\/h4>\r\n<p>Vi tar s\u00e4kerheten f\u00f6r din personliga information p\u00e5 allvar och anv\u00e4nder en m\u00e4ngd olika \u00e5tg\u00e4rder f\u00f6r att skydda den fr\u00e5n obeh\u00f6rig \u00e5tkomst, avsl\u00f6jande, \u00e4ndring eller f\u00f6rst\u00f6relse. Dessa \u00e5tg\u00e4rder inkluderar:<\/p>\r\n<ul>\r\n<li>S\u00e4ker serverhosting och brandv\u00e4ggar<\/li>\r\n<li>Kryptering av k\u00e4nslig data under \u00f6verf\u00f6ring (t.ex. SSL)<\/li>\r\n<li>Begr\u00e4nsad tillg\u00e5ng till personuppgifter endast f\u00f6r beh\u00f6rig personal<\/li>\r\n<\/ul>\r\n<p>Ingen metod f\u00f6r \u00f6verf\u00f6ring eller lagring \u00e4r dock 100% s\u00e4ker, och \u00e4ven om vi str\u00e4var efter att skydda din personliga information kan vi inte garantera dess absoluta s\u00e4kerhet.<\/p>\r\n<h4><strong>6. Dina datar\u00e4ttigheter<\/strong><\/h4>\r\n<p>Du har f\u00f6ljande r\u00e4ttigheter ang\u00e5ende dina personuppgifter:<\/p>\r\n<ul>\r\n<li><strong>Tilltr\u00e4de:<\/strong> Du har r\u00e4tt att beg\u00e4ra en kopia av de personuppgifter vi har om dig.<\/li>\r\n<li><strong>Korrektion:<\/strong> Du kan beg\u00e4ra att vi korrigerar eventuella felaktigheter i dina personuppgifter.<\/li>\r\n<li><strong>Radering:<\/strong> Du kan beg\u00e4ra att vi raderar dina personuppgifter under vissa f\u00f6ruts\u00e4ttningar.<\/li>\r\n<li><strong>Begr\u00e4nsning av bearbetning:<\/strong> Du kan beg\u00e4ra att vi begr\u00e4nsar behandlingen av dina uppgifter under s\u00e4rskilda omst\u00e4ndigheter.<\/li>\r\n<li><strong>Dataportabilitet:<\/strong> Du har r\u00e4tt att f\u00e5 dina personuppgifter i ett strukturerat, vanligt f\u00f6rekommande och maskinl\u00e4sbart format.<\/li>\r\n<li><strong>Inv\u00e4ndning:<\/strong> Du kan n\u00e4r som helst inv\u00e4nda mot behandlingen av dina uppgifter f\u00f6r marknadsf\u00f6rings\u00e4ndam\u00e5l.<\/li>\r\n<\/ul>\r\n<p>F\u00f6r att ut\u00f6va n\u00e5gon av dessa r\u00e4ttigheter, v\u00e4nligen kontakta oss p\u00e5 <a rel=\"noopener\"><span \n                data-original-string='KdPXpoVDCPhbPTuccETaRw==250WJHlptF0bSJasmxTfwNem2MFc5JH0w+Ft0ZrsjjBYBY='\n                class='apbct-email-encoder'\n                title='Denna kontakt har kodats av Anti-Spam av CleanTalk. Klicka f\u00f6r att koda upp. F\u00f6r att slutf\u00f6ra kodningen se till att JavaScript \u00e4r aktiverat i din webbl\u00e4sare.'>i<span class=\"apbct-blur\">**<\/span>@<span class=\"apbct-blur\">*****<\/span>sh.com<\/span><\/a>. Vi kommer att svara p\u00e5 din beg\u00e4ran inom den tidsram som kr\u00e4vs enligt till\u00e4mplig lag.<\/p>\r\n<h4><strong>7. Internationella data\u00f6verf\u00f6ringar<\/strong><\/h4>\r\n<p>Som ett Kina-baserat f\u00f6retag kan dina personuppgifter \u00f6verf\u00f6ras till och behandlas i l\u00e4nder utanf\u00f6r ditt hemland. Om du befinner dig i Europeiska ekonomiska samarbetsomr\u00e5det (EES) kan detta inkludera \u00f6verf\u00f6ringar till l\u00e4nder som inte har samma dataskyddslagar som ditt land. Vi kommer dock att vidta alla rimliga \u00e5tg\u00e4rder f\u00f6r att s\u00e4kerst\u00e4lla att dina uppgifter behandlas s\u00e4kert och i enlighet med denna integritetspolicy.<\/p>\r\n<h4><strong>8. Datalagring<\/strong><\/h4>\r\n<p>Vi beh\u00e5ller dina personuppgifter endast s\u00e5 l\u00e4nge som det \u00e4r n\u00f6dv\u00e4ndigt f\u00f6r att uppfylla de syften f\u00f6r vilka de samlades in, eller enligt lag. N\u00e4r vi inte l\u00e4ngre beh\u00f6ver dina uppgifter kommer vi att radera eller anonymisera dem p\u00e5 ett s\u00e4kert s\u00e4tt.<\/p>\r\n<h4><strong>9. Tredjepartsl\u00e4nkar<\/strong><\/h4>\r\n<p>V\u00e5r webbplats kan inneh\u00e5lla l\u00e4nkar till tredje parts webbplatser. Vi \u00e4r inte ansvariga f\u00f6r sekretesspraxis eller inneh\u00e5llet p\u00e5 dessa externa webbplatser. Vi uppmuntrar dig att granska integritetspolicyn f\u00f6r alla tredjepartswebbplatser du bes\u00f6ker.<\/p>\r\n<h4><strong>10. \u00c4ndringar av denna integritetspolicy<\/strong><\/h4>\r\n<p>Vi kan uppdatera denna integritetspolicy d\u00e5 och d\u00e5 f\u00f6r att \u00e5terspegla f\u00f6r\u00e4ndringar i v\u00e5r praxis eller av juridiska och regulatoriska sk\u00e4l. Eventuella \u00e4ndringar kommer att publiceras p\u00e5 denna sida med ett uppdaterat \"Ikrafttr\u00e4dandedatum.\" Vi uppmuntrar dig att granska denna policy med j\u00e4mna mellanrum f\u00f6r att h\u00e5lla dig informerad om hur vi skyddar dina uppgifter.<\/p>\r\n<h4><strong>Kontakta oss<\/strong><\/h4>\r\n<p>Om du har n\u00e5gra fr\u00e5gor eller funderingar om denna integritetspolicy eller hur vi hanterar din personliga information, v\u00e4nligen kontakta oss p\u00e5:<\/p>\r\n<p><strong>E-post:<\/strong> <a rel=\"noopener\"><span \n                data-original-string='fLfx5vD2XjZQWOJ+pYy7Dg==250oHZHMD\/EGQfdnEgVSfLwAaEA0XoiSIxgeZy2HfvT+gk='\n                class='apbct-email-encoder'\n                title='Denna kontakt har kodats av Anti-Spam av CleanTalk. Klicka f\u00f6r att koda upp. F\u00f6r att slutf\u00f6ra kodningen se till att JavaScript \u00e4r aktiverat i din webbl\u00e4sare.'>i<span class=\"apbct-blur\">**<\/span>@<span class=\"apbct-blur\">*****<\/span>sh.com<\/span><\/a><\/p>","protected":false},"excerpt":{"rendered":"<p>P\u00e5 CNCRUSH \u00e4r din integritet av yttersta vikt f\u00f6r oss. Denna integritetspolicy beskriver hur vi samlar in, anv\u00e4nder, avsl\u00f6jar och skyddar din personliga information n\u00e4r du bes\u00f6ker v\u00e5r webbplats, https:\/\/cncrush.com\/ (\"webbplatsen\") eller n\u00e4r du interagerar med oss \u200b\u200bp\u00e5 n\u00e5got s\u00e4tt. Genom att anv\u00e4nda v\u00e5r webbplats eller engagera dig i v\u00e5ra tj\u00e4nster samtycker du till [\u2026]","protected":false},"author":1,"featured_media":0,"parent":0,"menu_order":0,"comment_status":"closed","ping_status":"closed","template":"page-blank-title-center.php","meta":{"footnotes":""},"class_list":["post-3","page","type-page","status-publish","hentry"],"_links":{"self":[{"href":"https:\/\/cncrush.com\/sv\/wp-json\/wp\/v2\/pages\/3","targetHints":{"allow":["GET"]}}],"collection":[{"href":"https:\/\/cncrush.com\/sv\/wp-json\/wp\/v2\/pages"}],"about":[{"href":"https:\/\/cncrush.com\/sv\/wp-json\/wp\/v2\/types\/page"}],"author":[{"embeddable":true,"href":"https:\/\/cncrush.com\/sv\/wp-json\/wp\/v2\/users\/1"}],"replies":[{"embeddable":true,"href":"https:\/\/cncrush.com\/sv\/wp-json\/wp\/v2\/comments?post=3"}],"version-history":[{"count":0,"href":"https:\/\/cncrush.com\/sv\/wp-json\/wp\/v2\/pages\/3\/revisions"}],"wp:attachment":[{"href":"https:\/\/cncrush.com\/sv\/wp-json\/wp\/v2\/media?parent=3"}],"curies":[{"name":"wp","href":"https:\/\/api.w.org\/{rel}","templated":true}]}}