{"id":31,"date":"2024-09-29T03:50:09","date_gmt":"2024-09-29T03:50:09","guid":{"rendered":"https:\/\/cncrush.com\/?page_id=31"},"modified":"2024-12-20T14:11:01","modified_gmt":"2024-12-20T14:11:01","slug":"maskinbyggnad-och-automation","status":"publish","type":"page","link":"https:\/\/cncrush.com\/sv\/maskinbyggnad-och-automation\/","title":{"rendered":"Maskinbyggnad och automation"},"content":{"rendered":"<section class=\"section dark\" id=\"section_1221910711\">\n\t\t<div class=\"section-bg fill\" >\n\t\t\t<img loading=\"lazy\" decoding=\"async\" width=\"2100\" height=\"700\" src=\"https:\/\/cncrush.com\/wp-content\/uploads\/2024\/10\/machine-building-automation.webp\" class=\"bg attachment- size-\" alt=\"\" title=\"\">\t\t\t\t\t\t<div class=\"section-bg-overlay absolute fill\"><\/div><button class=\"scroll-for-more z-5 icon absolute bottom h-center\" aria-label=\"Bl\u00e4ddra f\u00f6r mer\"><i class=\"icon-angle-down\" style=\"font-size:42px;\" ><\/i><\/button>\n\t\t\t\n\n\t\t<\/div>\n\n\t\t\n\n\t\t<div class=\"section-content relative\">\n\t\t\t\n<div class=\"row align-center\"  id=\"row-251698903\">\n\n\t<div id=\"col-998624216\" class=\"col medium-10 small-12 large-10\"  >\n\t\t\t\t<div class=\"col-inner text-center\"  >\n\t\t\t\n\t\t\t\n\t<div id=\"text-4031101190\" class=\"text\">\n\t\t\n<h1>Maskinbyggnad och automation CNC-tj\u00e4nster<\/h1>\n\t\t\n<style>\n#text-4031101190 {\n  font-size: 1.35rem;\n}\n@media (min-width:550px) {\n  #text-4031101190 {\n    font-size: 2rem;\n  }\n}\n<\/style>\n\t<\/div>\n\t\n<div class=\"row\"  id=\"row-823655590\">\n\n\t<div id=\"col-598458742\" class=\"col medium-9 small-12 large-9\"  >\n\t\t\t\t<div class=\"col-inner\"  >\n\t\t\t\n\t\t\t\n<p>P\u00e5 CNCRUSH producerar vi varje del till dina maskiner eller enheter med tillf\u00f6rlitlighet, kostnadseffektivitet och h\u00f6gsta kvalitet. Certifierade enligt ISO 9001:2015 och ISO 14001 s\u00e4kerst\u00e4ller vi leverans i tid och exceptionella standarder f\u00f6r alla komponenter.<\/p>\n\t\t<\/div>\n\t\t\t\t\t<\/div>\n\n\t\n<\/div>\n\t\t<\/div>\n\t\t\t\t\t<\/div>\n\n\t\n<\/div>\n\t\t<\/div>\n\n\t\t\n<style>\n#section_1221910711 {\n  padding-top: 30px;\n  padding-bottom: 30px;\n  min-height: 100px;\n}\n#section_1221910711 .section-bg-overlay {\n  background-color: rgba(0, 0, 0, 0.384);\n}\n#section_1221910711 .section-bg img {\n  object-position: 53% 58%;\n}\n@media (min-width:550px) {\n  #section_1221910711 {\n    min-height: 600px;\n  }\n}\n<\/style>\n\t<\/section>\n\t\n\n\t<section class=\"section\" id=\"section_2077712000\">\n\t\t<div class=\"section-bg fill\" >\n\t\t\t\t\t\t\t\t\t\n\t\t\t\n\n\t\t<\/div>\n\n\t\t\n\n\t\t<div class=\"section-content relative\">\n\t\t\t\n<div class=\"row row-large steps-simple-headline\"  id=\"row-1711920171\">\n\n\t<div id=\"col-766795360\" class=\"col medium-8 small-12 large-12\"  >\n\t\t\t\t<div class=\"col-inner\"  >\n\t\t\t\n\t\t\t\n<div class=\"row row-collapse\"  id=\"row-1516189695\">\n\n\t<div id=\"col-1945571753\" class=\"col medium-1 small-2 large-1\"  >\n\t\t\t\t<div class=\"col-inner\"  >\n\t\t\t\n\t\t\t\n<h2>01<\/h2>\n\t\t<\/div>\n\t\t\t\t\t<\/div>\n\n\t\n\n\t<div id=\"col-1758714788\" class=\"col medium-11 small-10 large-11\"  >\n\t\t\t\t<div class=\"col-inner\"  >\n\t\t\t\n\t\t\t\n<h3>Delar vi tillverkar<\/h3>\n<p>V\u00e5r expertis sp\u00e4nner \u00f6ver en m\u00e4ngd olika material, inklusive aluminium, st\u00e5l, koppar och plast, f\u00f6r delar som:<\/p>\n<ul>\n<li>Karosser, h\u00f6ljen, block<\/li>\n<li>Fixering, justering och anslutning av element<\/li>\n<li>Lameller och profiler<\/li>\n<li>Hylsor, ringar, muttrar, axlar och axlar<\/li>\n<li>H\u00e5llare<\/li>\n<li>Tallrikar<\/li>\n<\/ul>\n\t\t<\/div>\n\t\t\t\t\t<\/div>\n\n\t\n<\/div>\n<div class=\"is-divider divider clearfix\" style=\"margin-top:10px;margin-bottom:10px;max-width:100%;height:1px;\"><\/div>\n<div class=\"row row-collapse\"  id=\"row-303929986\">\n\n\t<div id=\"col-1285392513\" class=\"col medium-1 small-2 large-1\"  >\n\t\t\t\t<div class=\"col-inner\"  >\n\t\t\t\n\t\t\t\n<h2>02<\/h2>\n\t\t<\/div>\n\t\t\t\t\t<\/div>\n\n\t\n\n\t<div id=\"col-1255718128\" class=\"col medium-11 small-10 large-11\"  >\n\t\t\t\t<div class=\"col-inner\"  >\n\t\t\t\n\t\t\t\n<h3>V\u00e5r process<\/h3>\n<p>Hos CNCRUSH \u00e4r kvalitet v\u00e5r h\u00f6gsta prioritet.<\/p>\n<ul>\n<li><strong>100% kvalitetskontroll:<\/strong> Varje del \u00e4r godk\u00e4nd f\u00f6r produktion av v\u00e5rt kvalitetskontrollteam, med kontinuerlig process\u00f6vervakning baserad p\u00e5 en detaljerad kontrollplan.<\/li>\n<li><strong>Rapportering:<\/strong> P\u00e5 beg\u00e4ran tillhandah\u00e5ller vi <strong>PPAP<\/strong> och <strong>8D rapporterar<\/strong> f\u00f6r att s\u00e4kerst\u00e4lla \u00f6verensst\u00e4mmelse med dina specifikationer.<\/li>\n<\/ul>\n\t\t<\/div>\n\t\t\t\t\t<\/div>\n\n\t\n<\/div>\n<div class=\"is-divider divider clearfix\" style=\"margin-top:10px;margin-bottom:10px;max-width:100%;height:1px;\"><\/div>\n<div class=\"row row-collapse align-middle\"  id=\"row-1974658806\">\n\n\t<div id=\"col-1203133388\" class=\"col medium-1 small-2 large-1\"  >\n\t\t\t\t<div class=\"col-inner\"  >\n\t\t\t\n\t\t\t\n<h2>03<\/h2>\n\t\t<\/div>\n\t\t\t\t\t<\/div>\n\n\t\n\n\t<div id=\"col-1056094790\" class=\"col medium-11 small-10 large-11\"  >\n\t\t\t\t<div class=\"col-inner\"  >\n\t\t\t\n\t\t\t\n<h3>Kvalitetss\u00e4kring<\/h3>\n<p>Hos CNCRUSH \u00e4r kvalitet v\u00e5r h\u00f6gsta prioritet.<\/p>\n<ul>\n<li><strong>100% kvalitetskontroll:<\/strong> Varje del \u00e4r godk\u00e4nd f\u00f6r produktion av v\u00e5rt kvalitetskontrollteam, med kontinuerlig process\u00f6vervakning baserad p\u00e5 en detaljerad kontrollplan.<\/li>\n<li><strong>Rapportering:<\/strong> P\u00e5 beg\u00e4ran tillhandah\u00e5ller vi <strong>F\u00f6rsta artikelinspektionen (FAI) rapporterar och<\/strong> <strong>8D rapporterar<\/strong> f\u00f6r att s\u00e4kerst\u00e4lla \u00f6verensst\u00e4mmelse med dina specifikationer.<\/li>\n<\/ul>\n\t\t<\/div>\n\t\t\t\t\t<\/div>\n\n\t\n<\/div>\n\t\t<\/div>\n\t\t\t\t\t<\/div>\n\n\t\n<\/div>\n\t\t<\/div>\n\n\t\t\n<style>\n#section_2077712000 {\n  padding-top: 60px;\n  padding-bottom: 60px;\n}\n<\/style>\n\t<\/section>\n\t\n<div class=\"row row-collapse row-full-width\"  id=\"row-1504808142\">\n\n\t<div id=\"col-1115902035\" class=\"col small-12 large-12\"  >\n\t\t\t\t<div class=\"col-inner text-center dark\"  >\n\t\t\t\n\t\t\t\n\n  <div class=\"banner has-hover\" id=\"banner-1099914073\">\n          <div class=\"banner-inner fill\">\n        <div class=\"banner-bg fill\" >\n            <img loading=\"lazy\" decoding=\"async\" width=\"1020\" height=\"421\" src=\"https:\/\/cncrush.com\/wp-content\/uploads\/2024\/09\/milled-stainless-steel-background-1024x423.webp\" class=\"bg attachment-large size-large\" alt=\"\" title=\"\">                        <div class=\"overlay\"><\/div>            \n                    <\/div>\n\t\t\n        <div class=\"banner-layers container\">\n            <div class=\"fill banner-link\"><\/div>            \n   <div id=\"text-box-1188002495\" class=\"text-box banner-layer x50 md-x50 lg-x50 y50 md-y50 lg-y50 res-text\">\n                                <div class=\"text-box-content text dark\">\n              \n              <div class=\"text-inner text-center\">\n                  \n\t<div id=\"text-873335518\" class=\"text\">\n\t\t\n<h3>Intresserad? F\u00e5 en kostnadsfri offert idag!<\/h3>\n\t\t\n<style>\n#text-873335518 {\n  font-size: 0.75rem;\n  text-align: center;\n}\n<\/style>\n\t<\/div>\n\t\n<a href=\"https:\/\/cncrush.com\/sv\/skicka-forfragan\/\" class=\"button alert\"  >\n\t\t<span>Skicka din f\u00f6rfr\u00e5gan<\/span>\n\t<\/a>\n\n              <\/div>\n           <\/div>\n                            \n<style>\n#text-box-1188002495 {\n  width: 100%;\n}\n#text-box-1188002495 .text-box-content {\n  font-size: 100%;\n}\n@media (min-width:550px) {\n  #text-box-1188002495 {\n    width: 94%;\n  }\n}\n<\/style>\n    <\/div>\n \n        <\/div>\n      <\/div>\n\n            \n<style>\n#banner-1099914073 {\n  padding-top: 99.99%;\n}\n#banner-1099914073 .overlay {\n  background-color: rgba(0, 0, 0, 0.17);\n}\n#banner-1099914073 .banner-bg img {\n  object-position: 47% 60%;\n}\n@media (min-width:550px) {\n  #banner-1099914073 {\n    padding-top: 105px;\n  }\n}\n<\/style>\n  <\/div>\n\n\n\t\t<\/div>\n\t\t\t\t\t<\/div>\n\n\t\n<\/div>","protected":false},"excerpt":{"rendered":"","protected":false},"author":1,"featured_media":0,"parent":0,"menu_order":0,"comment_status":"closed","ping_status":"closed","template":"page-blank.php","meta":{"footnotes":""},"class_list":["post-31","page","type-page","status-publish","hentry"],"_links":{"self":[{"href":"https:\/\/cncrush.com\/sv\/wp-json\/wp\/v2\/pages\/31","targetHints":{"allow":["GET"]}}],"collection":[{"href":"https:\/\/cncrush.com\/sv\/wp-json\/wp\/v2\/pages"}],"about":[{"href":"https:\/\/cncrush.com\/sv\/wp-json\/wp\/v2\/types\/page"}],"author":[{"embeddable":true,"href":"https:\/\/cncrush.com\/sv\/wp-json\/wp\/v2\/users\/1"}],"replies":[{"embeddable":true,"href":"https:\/\/cncrush.com\/sv\/wp-json\/wp\/v2\/comments?post=31"}],"version-history":[{"count":0,"href":"https:\/\/cncrush.com\/sv\/wp-json\/wp\/v2\/pages\/31\/revisions"}],"wp:attachment":[{"href":"https:\/\/cncrush.com\/sv\/wp-json\/wp\/v2\/media?parent=31"}],"curies":[{"name":"wp","href":"https:\/\/api.w.org\/{rel}","templated":true}]}}