{"id":33,"date":"2024-09-29T03:50:17","date_gmt":"2024-09-29T03:50:17","guid":{"rendered":"https:\/\/cncrush.com\/?page_id=33"},"modified":"2024-12-20T14:14:01","modified_gmt":"2024-12-20T14:14:01","slug":"konsumentprodukter","status":"publish","type":"page","link":"https:\/\/cncrush.com\/sv\/konsumentprodukter\/","title":{"rendered":"Konsumentprodukter"},"content":{"rendered":"<section class=\"section dark\" id=\"section_1514029782\">\n\t\t<div class=\"section-bg fill\" >\n\t\t\t<img loading=\"lazy\" decoding=\"async\" width=\"2100\" height=\"700\" src=\"https:\/\/cncrush.com\/wp-content\/uploads\/2024\/10\/consumer-products.webp\" class=\"bg attachment- size-\" alt=\"\" title=\"\">\t\t\t\t\t\t<div class=\"section-bg-overlay absolute fill\"><\/div><button class=\"scroll-for-more z-5 icon absolute bottom h-center\" aria-label=\"Bl\u00e4ddra f\u00f6r mer\"><i class=\"icon-angle-down\" style=\"font-size:42px;\" ><\/i><\/button>\n\t\t\t\n\n\t\t<\/div>\n\n\t\t\n\n\t\t<div class=\"section-content relative\">\n\t\t\t\n<div class=\"row align-center\"  id=\"row-1561800188\">\n\n\t<div id=\"col-1767404519\" class=\"col medium-10 small-12 large-10\"  >\n\t\t\t\t<div class=\"col-inner text-center\"  >\n\t\t\t\n\t\t\t\n\t<div id=\"text-2722854537\" class=\"text\">\n\t\t\n<h1>Tillverkning av konsumentprodukter<\/h1>\n\t\t\n<style>\n#text-2722854537 {\n  font-size: 1.35rem;\n}\n@media (min-width:550px) {\n  #text-2722854537 {\n    font-size: 2rem;\n  }\n}\n<\/style>\n\t<\/div>\n\t\n<div class=\"row\"  id=\"row-2112371772\">\n\n\t<div id=\"col-1402070704\" class=\"col medium-9 small-12 large-9\"  >\n\t\t\t\t<div class=\"col-inner\"  >\n\t\t\t\n\t\t\t\n<p>P\u00e5 CNCRUSH kommer vi att f\u00f6rverkliga dina produktid\u00e9er och hj\u00e4lpa dig att optimera b\u00e5de design- och tillverkningskostnader. Vi s\u00e4kerst\u00e4ller att din produkt paketeras enligt dina specifikationer och levererar b\u00e5de kvalitet och v\u00e4rde.<\/p>\n\t\t<\/div>\n\t\t\t\t\t<\/div>\n\n\t\n<\/div>\n\t\t<\/div>\n\t\t\t\t\t<\/div>\n\n\t\n<\/div>\n\t\t<\/div>\n\n\t\t\n<style>\n#section_1514029782 {\n  padding-top: 30px;\n  padding-bottom: 30px;\n  min-height: 100px;\n}\n#section_1514029782 .section-bg-overlay {\n  background-color: rgba(0, 0, 0, 0.384);\n}\n#section_1514029782 .section-bg img {\n  object-position: 53% 58%;\n}\n@media (min-width:550px) {\n  #section_1514029782 {\n    min-height: 600px;\n  }\n}\n<\/style>\n\t<\/section>\n\t\n\n\t<section class=\"section\" id=\"section_588182245\">\n\t\t<div class=\"section-bg fill\" >\n\t\t\t\t\t\t\t\t\t\n\t\t\t\n\n\t\t<\/div>\n\n\t\t\n\n\t\t<div class=\"section-content relative\">\n\t\t\t\n<div class=\"row row-large steps-simple-headline\"  id=\"row-610774120\">\n\n\t<div id=\"col-1698485729\" class=\"col medium-8 small-12 large-12\"  >\n\t\t\t\t<div class=\"col-inner\"  >\n\t\t\t\n\t\t\t\n<div class=\"row row-collapse\"  id=\"row-1285222459\">\n\n\t<div id=\"col-1083334384\" class=\"col medium-1 small-2 large-1\"  >\n\t\t\t\t<div class=\"col-inner\"  >\n\t\t\t\n\t\t\t\n<h2>01<\/h2>\n\t\t<\/div>\n\t\t\t\t\t<\/div>\n\n\t\n\n\t<div id=\"col-1541131450\" class=\"col medium-11 small-10 large-11\"  >\n\t\t\t\t<div class=\"col-inner\"  >\n\t\t\t\n\t\t\t\n<h3>Exempel p\u00e5 produkter vi tillverkar<\/h3>\n<ul>\n<li>Hus f\u00f6r byggnadsstyrsystems tryckknappar<\/li>\n<li>Tablettfodral<\/li>\n<li>Cykeldelar<\/li>\n<li>Komponenter f\u00f6r shishas<\/li>\n<li>H\u00e5llare och knoppar f\u00f6r hush\u00e5llsapparater och elektronisk utrustning<\/li>\n<\/ul>\n\t\t<\/div>\n\t\t\t\t\t<\/div>\n\n\t\n<\/div>\n<div class=\"is-divider divider clearfix\" style=\"margin-top:10px;margin-bottom:10px;max-width:100%;height:1px;\"><\/div>\n<div class=\"row row-collapse\"  id=\"row-1618803731\">\n\n\t<div id=\"col-2063538423\" class=\"col medium-1 small-2 large-1\"  >\n\t\t\t\t<div class=\"col-inner\"  >\n\t\t\t\n\t\t\t\n<h2>02<\/h2>\n\t\t<\/div>\n\t\t\t\t\t<\/div>\n\n\t\n\n\t<div id=\"col-57888558\" class=\"col medium-11 small-10 large-11\"  >\n\t\t\t\t<div class=\"col-inner\"  >\n\t\t\t\n\t\t\t\n<h3>Omfattande Supportt<\/h3>\n<p>Har du en id\u00e9 men os\u00e4ker p\u00e5 n\u00e4sta steg? P\u00e5 CNRUSH f\u00f6rvandlar vi dina koncept till verklighet. V\u00e5rt team hj\u00e4lper dig med:<\/p>\n<ul>\n<li><strong>Designa din produkt<\/strong> f\u00f6r att s\u00e4kerst\u00e4lla att den uppfyller din vision<\/li>\n<li>S\u00e4kerst\u00e4llande <strong>optimal prestanda<\/strong> med r\u00e4tt specifikationer<\/li>\n<li><strong>Att v\u00e4lja de b\u00e4sta materialen<\/strong> f\u00f6r h\u00e5llbarhet och funktionalitet<\/li>\n<li>Skapar mest <strong>effektiv produktionsprocess<\/strong><\/li>\n<li><strong>Att v\u00e4lja den perfekta f\u00f6rpackningen<\/strong> f\u00f6r att matcha ditt varum\u00e4rke<\/li>\n<\/ul>\n\t\t<\/div>\n\t\t\t\t\t<\/div>\n\n\t\n<\/div>\n<div class=\"is-divider divider clearfix\" style=\"margin-top:10px;margin-bottom:10px;max-width:100%;height:1px;\"><\/div>\n<div class=\"row row-collapse align-middle\"  id=\"row-119088038\">\n\n\t<div id=\"col-1392410683\" class=\"col medium-1 small-2 large-1\"  >\n\t\t\t\t<div class=\"col-inner\"  >\n\t\t\t\n\t\t\t\n<h2>03<\/h2>\n\t\t<\/div>\n\t\t\t\t\t<\/div>\n\n\t\n\n\t<div id=\"col-1265006326\" class=\"col medium-11 small-10 large-11\"  >\n\t\t\t\t<div class=\"col-inner\"  >\n\t\t\t\n\t\t\t\n<h3>Skr\u00e4ddarsydd tillverkningsprocess<\/h3>\n<p>P\u00e5 CNCRUSH erbjuder vi end-to-end produktionsl\u00f6sningar, skr\u00e4ddarsydda f\u00f6r att m\u00f6ta de specifika behoven hos din produkt:<\/p>\n<ul>\n<li><strong>Design och precision:<\/strong> Detaljerad konstruktion och parameteroptimering<\/li>\n<li><strong>Utveckling och testning:<\/strong> Identifiera r\u00e4tt teknik och ytterligare behandlingar<\/li>\n<li><strong>Visuella och f\u00f6rpackningsl\u00f6sningar:<\/strong> Se till att den slutliga produkten ser bra ut och \u00e4r ordentligt skyddad<\/li>\n<li><strong>Kvalitetskontroll:<\/strong> Omfattande inspektioner f\u00f6r att s\u00e4kerst\u00e4lla h\u00f6gsta kvalitet<\/li>\n<li><strong>Flexibilitet:<\/strong> Anpassa dig enkelt till produkt\u00e4ndringar och designf\u00f6rb\u00e4ttringar<\/li>\n<li><strong>Direkt kommunikation:<\/strong> N\u00e4ra samarbete med din projektledare och l\u00f6pande produktionslinje\u00f6vervakning<\/li>\n<li><strong>H\u00e5llbarhet och testning:<\/strong> Att v\u00e4lja r\u00e4tt material f\u00f6r produktens livsl\u00e4ngd<\/li>\n<\/ul>\n\t\t<\/div>\n\t\t\t\t\t<\/div>\n\n\t\n<\/div>\n<div class=\"is-divider divider clearfix\" style=\"margin-top:10px;margin-bottom:10px;max-width:100%;height:1px;\"><\/div>\n\t\t<\/div>\n\t\t\t\t\t<\/div>\n\n\t\n<\/div>\n\t\t<\/div>\n\n\t\t\n<style>\n#section_588182245 {\n  padding-top: 60px;\n  padding-bottom: 60px;\n}\n<\/style>\n\t<\/section>\n\t\n<div class=\"row row-collapse row-full-width\"  id=\"row-942562062\">\n\n\t<div id=\"col-1301802583\" class=\"col small-12 large-12\"  >\n\t\t\t\t<div class=\"col-inner text-center dark\"  >\n\t\t\t\n\t\t\t\n\n  <div class=\"banner has-hover\" id=\"banner-1975945127\">\n          <div class=\"banner-inner fill\">\n        <div class=\"banner-bg fill\" >\n            <img loading=\"lazy\" decoding=\"async\" width=\"1020\" height=\"421\" src=\"https:\/\/cncrush.com\/wp-content\/uploads\/2024\/09\/milled-stainless-steel-background-1024x423.webp\" class=\"bg attachment-large size-large\" alt=\"\" title=\"\">                        <div class=\"overlay\"><\/div>            \n                    <\/div>\n\t\t\n        <div class=\"banner-layers container\">\n            <div class=\"fill banner-link\"><\/div>            \n   <div id=\"text-box-1403178739\" class=\"text-box banner-layer x50 md-x50 lg-x50 y50 md-y50 lg-y50 res-text\">\n                                <div class=\"text-box-content text dark\">\n              \n              <div class=\"text-inner text-center\">\n                  \n\t<div id=\"text-3845883297\" class=\"text\">\n\t\t\n<h3>Intresserad? F\u00e5 en kostnadsfri offert idag!<\/h3>\n\t\t\n<style>\n#text-3845883297 {\n  font-size: 0.75rem;\n  text-align: center;\n}\n<\/style>\n\t<\/div>\n\t\n<a href=\"https:\/\/cncrush.com\/sv\/skicka-forfragan\/\" class=\"button alert\"  >\n\t\t<span>Skicka din f\u00f6rfr\u00e5gan<\/span>\n\t<\/a>\n\n              <\/div>\n           <\/div>\n                            \n<style>\n#text-box-1403178739 {\n  width: 100%;\n}\n#text-box-1403178739 .text-box-content {\n  font-size: 100%;\n}\n@media (min-width:550px) {\n  #text-box-1403178739 {\n    width: 94%;\n  }\n}\n<\/style>\n    <\/div>\n \n        <\/div>\n      <\/div>\n\n            \n<style>\n#banner-1975945127 {\n  padding-top: 99.99%;\n}\n#banner-1975945127 .overlay {\n  background-color: rgba(0, 0, 0, 0.17);\n}\n#banner-1975945127 .banner-bg img {\n  object-position: 47% 60%;\n}\n@media (min-width:550px) {\n  #banner-1975945127 {\n    padding-top: 119px;\n  }\n}\n<\/style>\n  <\/div>\n\n\n\t\t<\/div>\n\t\t\t\t\t<\/div>\n\n\t\n<\/div>","protected":false},"excerpt":{"rendered":"","protected":false},"author":1,"featured_media":0,"parent":0,"menu_order":0,"comment_status":"closed","ping_status":"closed","template":"page-blank.php","meta":{"footnotes":""},"class_list":["post-33","page","type-page","status-publish","hentry"],"_links":{"self":[{"href":"https:\/\/cncrush.com\/sv\/wp-json\/wp\/v2\/pages\/33","targetHints":{"allow":["GET"]}}],"collection":[{"href":"https:\/\/cncrush.com\/sv\/wp-json\/wp\/v2\/pages"}],"about":[{"href":"https:\/\/cncrush.com\/sv\/wp-json\/wp\/v2\/types\/page"}],"author":[{"embeddable":true,"href":"https:\/\/cncrush.com\/sv\/wp-json\/wp\/v2\/users\/1"}],"replies":[{"embeddable":true,"href":"https:\/\/cncrush.com\/sv\/wp-json\/wp\/v2\/comments?post=33"}],"version-history":[{"count":0,"href":"https:\/\/cncrush.com\/sv\/wp-json\/wp\/v2\/pages\/33\/revisions"}],"wp:attachment":[{"href":"https:\/\/cncrush.com\/sv\/wp-json\/wp\/v2\/media?parent=33"}],"curies":[{"name":"wp","href":"https:\/\/api.w.org\/{rel}","templated":true}]}}