{"id":37,"date":"2024-09-29T03:50:30","date_gmt":"2024-09-29T03:50:30","guid":{"rendered":"https:\/\/cncrush.com\/?page_id=37"},"modified":"2024-12-20T13:53:35","modified_gmt":"2024-12-20T13:53:35","slug":"medicinsk-industri","status":"publish","type":"page","link":"https:\/\/cncrush.com\/sv\/medicinsk-industri\/","title":{"rendered":"Medicinsk industri"},"content":{"rendered":"<section class=\"section dark\" id=\"section_2131149862\">\n\t\t<div class=\"section-bg fill\" >\n\t\t\t<img loading=\"lazy\" decoding=\"async\" width=\"2100\" height=\"700\" src=\"https:\/\/cncrush.com\/wp-content\/uploads\/2024\/10\/medical-industry.webp\" class=\"bg attachment- size-\" alt=\"\" title=\"\">\t\t\t\t\t\t<div class=\"section-bg-overlay absolute fill\"><\/div><button class=\"scroll-for-more z-5 icon absolute bottom h-center\" aria-label=\"Bl\u00e4ddra f\u00f6r mer\"><i class=\"icon-angle-down\" style=\"font-size:42px;\" ><\/i><\/button>\n\t\t\t\n\n\t\t<\/div>\n\n\t\t\n\n\t\t<div class=\"section-content relative\">\n\t\t\t\n<div class=\"row align-center\"  id=\"row-469393837\">\n\n\t<div id=\"col-834110890\" class=\"col medium-10 small-12 large-10\"  >\n\t\t\t\t<div class=\"col-inner text-center\"  >\n\t\t\t\n\t\t\t\n\t<div id=\"text-1510473244\" class=\"text\">\n\t\t\n<h1>CNC-precisionsdelar f\u00f6r den medicinska industrin<\/h1>\n\t\t\n<style>\n#text-1510473244 {\n  font-size: 1.35rem;\n}\n@media (min-width:550px) {\n  #text-1510473244 {\n    font-size: 2rem;\n  }\n}\n<\/style>\n\t<\/div>\n\t\n<div class=\"row\"  id=\"row-2044861721\">\n\n\t<div id=\"col-1218341230\" class=\"col medium-9 small-12 large-9\"  >\n\t\t\t\t<div class=\"col-inner\"  >\n\t\t\t\n\t\t\t\n<p>P\u00e5 CNCRUSH tillverkar vi precisionskomponenter f\u00f6r specialiserad medicinsk utrustning, vilket s\u00e4kerst\u00e4ller h\u00f6gsta kvalitet och tillf\u00f6rlitlighet f\u00f6r den medicinska sektorn.<\/p>\n\t\t<\/div>\n\t\t\t\t\t<\/div>\n\n\t\n<\/div>\n\t\t<\/div>\n\t\t\t\t\t<\/div>\n\n\t\n<\/div>\n\t\t<\/div>\n\n\t\t\n<style>\n#section_2131149862 {\n  padding-top: 30px;\n  padding-bottom: 30px;\n  min-height: 100px;\n}\n#section_2131149862 .section-bg-overlay {\n  background-color: rgba(0, 0, 0, 0.384);\n}\n#section_2131149862 .section-bg img {\n  object-position: 53% 58%;\n}\n@media (min-width:550px) {\n  #section_2131149862 {\n    min-height: 600px;\n  }\n}\n<\/style>\n\t<\/section>\n\t\n\n\t<section class=\"section\" id=\"section_341535870\">\n\t\t<div class=\"section-bg fill\" >\n\t\t\t\t\t\t\t\t\t\n\t\t\t\n\n\t\t<\/div>\n\n\t\t\n\n\t\t<div class=\"section-content relative\">\n\t\t\t\n<div class=\"row row-large steps-simple-headline\"  id=\"row-1239738774\">\n\n\t<div id=\"col-1488631319\" class=\"col medium-8 small-12 large-12\"  >\n\t\t\t\t<div class=\"col-inner\"  >\n\t\t\t\n\t\t\t\n<div class=\"row row-collapse\"  id=\"row-1615842551\">\n\n\t<div id=\"col-390629917\" class=\"col medium-1 small-2 large-1\"  >\n\t\t\t\t<div class=\"col-inner\"  >\n\t\t\t\n\t\t\t\n<h2>01<\/h2>\n\t\t<\/div>\n\t\t\t\t\t<\/div>\n\n\t\n\n\t<div id=\"col-2003689924\" class=\"col medium-11 small-10 large-11\"  >\n\t\t\t\t<div class=\"col-inner\"  >\n\t\t\t\n\t\t\t\n<h3>Delar vi tillverkar<\/h3>\n<p>Vi \u00e4r specialiserade p\u00e5 att producera kritiska delar f\u00f6r medicinsk utrustning, inklusive:<\/p>\n<ul>\n<li><strong>Aluminiumh\u00f6ljen<\/strong><\/li>\n<li><strong>Mekaniska delar<\/strong> f\u00f6r medicinsk utrustning tillverkad av aluminium och rostfritt st\u00e5l, som anv\u00e4nds vid str\u00e5lbehandling, endoskopi, laparoskopi och dentala skannrar<\/li>\n<li><strong>Elektroder<\/strong><\/li>\n<\/ul>\n\t\t<\/div>\n\t\t\t\t\t<\/div>\n\n\t\n<\/div>\n<div class=\"is-divider divider clearfix\" style=\"margin-top:10px;margin-bottom:10px;max-width:100%;height:1px;\"><\/div>\n<div class=\"row row-collapse\"  id=\"row-1184691689\">\n\n\t<div id=\"col-1827595014\" class=\"col medium-1 small-2 large-1\"  >\n\t\t\t\t<div class=\"col-inner\"  >\n\t\t\t\n\t\t\t\n<h2>02<\/h2>\n\t\t<\/div>\n\t\t\t\t\t<\/div>\n\n\t\n\n\t<div id=\"col-646801101\" class=\"col medium-11 small-10 large-11\"  >\n\t\t\t\t<div class=\"col-inner\"  >\n\t\t\t\n\t\t\t\n<h3>V\u00e5r tillverkningsprocess<\/h3>\n<ul>\n<li><strong>Precision:<\/strong> Vi tillverkar sm\u00e5 h\u00f6gprecisionsdelar med toleranser s\u00e5 sn\u00e4va som 0,02 mm.<\/li>\n<li><strong>Renlighet:<\/strong> Varje del kontrolleras noggrant f\u00f6r att s\u00e4kerst\u00e4lla att den \u00e4r fri fr\u00e5n grader, sp\u00e5n eller oljerester.<\/li>\n<li><strong>P\u00e5litlighet:<\/strong> Vi v\u00e4ljer noggrant ut tillverkningsprocesser som s\u00e4kerst\u00e4ller h\u00f6g repeterbarhet, funktionalitet och \u00f6verensst\u00e4mmelse hos delar.<\/li>\n<li><strong>Kundengagemang:<\/strong> Vi arbetar n\u00e4ra kunderna f\u00f6r att analysera designkrav och anpassa v\u00e5ra processer f\u00f6r att m\u00f6ta deras specifika behov.<\/li>\n<\/ul>\n\t\t<\/div>\n\t\t\t\t\t<\/div>\n\n\t\n<\/div>\n<div class=\"is-divider divider clearfix\" style=\"margin-top:10px;margin-bottom:10px;max-width:100%;height:1px;\"><\/div>\n<div class=\"row row-collapse align-middle\"  id=\"row-1827863218\">\n\n\t<div id=\"col-1634697054\" class=\"col medium-1 small-2 large-1\"  >\n\t\t\t\t<div class=\"col-inner\"  >\n\t\t\t\n\t\t\t\n<h2>03<\/h2>\n\t\t<\/div>\n\t\t\t\t\t<\/div>\n\n\t\n\n\t<div id=\"col-334645372\" class=\"col medium-11 small-10 large-11\"  >\n\t\t\t\t<div class=\"col-inner\"  >\n\t\t\t\n\t\t\t\n<h3>Kvalitetss\u00e4kring<\/h3>\n<p>Precision \u00e4r avg\u00f6rande inom det medicinska omr\u00e5det, och vi uppfyller de h\u00f6gsta standarderna genom att anv\u00e4nda avancerad m\u00e4tutrustning som <strong>Hexagon Global S<\/strong>, vilket ger en noggrannhet p\u00e5 0,005 mm. F\u00f6r komplexa, sm\u00e5 delar utf\u00f6r vi ocks\u00e5 visuella inspektioner med f\u00f6rstorade vyer f\u00f6r att s\u00e4kerst\u00e4lla kvaliteten.<\/p>\n\t\t<\/div>\n\t\t\t\t\t<\/div>\n\n\t\n<\/div>\n<div class=\"is-divider divider clearfix\" style=\"margin-top:10px;margin-bottom:10px;max-width:100%;height:1px;\"><\/div>\n\t\t<\/div>\n\t\t\t\t\t<\/div>\n\n\t\n<\/div>\n\t\t<\/div>\n\n\t\t\n<style>\n#section_341535870 {\n  padding-top: 60px;\n  padding-bottom: 60px;\n}\n<\/style>\n\t<\/section>\n\t\n<div class=\"row row-collapse row-full-width\"  id=\"row-509687974\">\n\n\t<div id=\"col-1040569432\" class=\"col small-12 large-12\"  >\n\t\t\t\t<div class=\"col-inner text-center dark\"  >\n\t\t\t\n\t\t\t\n\n  <div class=\"banner has-hover\" id=\"banner-703964665\">\n          <div class=\"banner-inner fill\">\n        <div class=\"banner-bg fill\" >\n            <img loading=\"lazy\" decoding=\"async\" width=\"1020\" height=\"421\" src=\"https:\/\/cncrush.com\/wp-content\/uploads\/2024\/09\/milled-stainless-steel-background-1024x423.webp\" class=\"bg attachment-large size-large\" alt=\"\" title=\"\">                        <div class=\"overlay\"><\/div>            \n                    <\/div>\n\t\t\n        <div class=\"banner-layers container\">\n            <div class=\"fill banner-link\"><\/div>            \n   <div id=\"text-box-358005047\" class=\"text-box banner-layer x50 md-x50 lg-x50 y50 md-y50 lg-y50 res-text\">\n                                <div class=\"text-box-content text dark\">\n              \n              <div class=\"text-inner text-center\">\n                  \n\t<div id=\"text-4210703283\" class=\"text\">\n\t\t\n<h3>Intresserad? F\u00e5 en kostnadsfri offert idag!<\/h3>\n\t\t\n<style>\n#text-4210703283 {\n  font-size: 0.75rem;\n  text-align: center;\n}\n<\/style>\n\t<\/div>\n\t\n<a href=\"https:\/\/cncrush.com\/sv\/skicka-forfragan\/\" class=\"button alert\"  >\n\t\t<span>Skicka din f\u00f6rfr\u00e5gan<\/span>\n\t<\/a>\n\n              <\/div>\n           <\/div>\n                            \n<style>\n#text-box-358005047 {\n  width: 100%;\n}\n#text-box-358005047 .text-box-content {\n  font-size: 100%;\n}\n@media (min-width:550px) {\n  #text-box-358005047 {\n    width: 94%;\n  }\n}\n<\/style>\n    <\/div>\n \n        <\/div>\n      <\/div>\n\n            \n<style>\n#banner-703964665 {\n  padding-top: 99.99%;\n}\n#banner-703964665 .overlay {\n  background-color: rgba(0, 0, 0, 0.17);\n}\n#banner-703964665 .banner-bg img {\n  object-position: 47% 60%;\n}\n@media (min-width:550px) {\n  #banner-703964665 {\n    padding-top: 97px;\n  }\n}\n<\/style>\n  <\/div>\n\n\n\t\t<\/div>\n\t\t\t\t\t<\/div>\n\n\t\n<\/div>","protected":false},"excerpt":{"rendered":"","protected":false},"author":1,"featured_media":0,"parent":0,"menu_order":0,"comment_status":"closed","ping_status":"closed","template":"page-blank.php","meta":{"footnotes":""},"class_list":["post-37","page","type-page","status-publish","hentry"],"_links":{"self":[{"href":"https:\/\/cncrush.com\/sv\/wp-json\/wp\/v2\/pages\/37","targetHints":{"allow":["GET"]}}],"collection":[{"href":"https:\/\/cncrush.com\/sv\/wp-json\/wp\/v2\/pages"}],"about":[{"href":"https:\/\/cncrush.com\/sv\/wp-json\/wp\/v2\/types\/page"}],"author":[{"embeddable":true,"href":"https:\/\/cncrush.com\/sv\/wp-json\/wp\/v2\/users\/1"}],"replies":[{"embeddable":true,"href":"https:\/\/cncrush.com\/sv\/wp-json\/wp\/v2\/comments?post=37"}],"version-history":[{"count":0,"href":"https:\/\/cncrush.com\/sv\/wp-json\/wp\/v2\/pages\/37\/revisions"}],"wp:attachment":[{"href":"https:\/\/cncrush.com\/sv\/wp-json\/wp\/v2\/media?parent=37"}],"curies":[{"name":"wp","href":"https:\/\/api.w.org\/{rel}","templated":true}]}}