{"id":43,"date":"2024-09-29T03:52:14","date_gmt":"2024-09-29T03:52:14","guid":{"rendered":"https:\/\/cncrush.com\/?page_id=43"},"modified":"2024-10-03T15:34:47","modified_gmt":"2024-10-03T15:34:47","slug":"cookies-policy","status":"publish","type":"page","link":"https:\/\/cncrush.com\/sv\/cookies-policy\/","title":{"rendered":"Cookiespolicy"},"content":{"rendered":"<p>P\u00e5 <strong><a href=\"https:\/\/cncrush.com\/sv\/\">CNCRUSH<\/a><\/strong>, vi har \u00e5tagit oss att skydda din integritet och s\u00e4kerst\u00e4lla transparens i hur vi hanterar dina personuppgifter. Denna cookiepolicy f\u00f6rklarar hur vi anv\u00e4nder cookies och liknande tekniker p\u00e5 v\u00e5r webbplats, <a href=\"https:\/\/cncrush.com\/sv\/\" target=\"_new\" rel=\"noopener\">https:\/\/cncrush.com\/<\/a> (\"Webbplatsen\"). Genom att forts\u00e4tta anv\u00e4nda v\u00e5r webbplats samtycker du till anv\u00e4ndningen av cookies som beskrivs i denna policy.<\/p>\n<h4><strong>Vad \u00e4r cookies?<\/strong><\/h4>\n<p>Cookies \u00e4r sm\u00e5 textfiler som lagras p\u00e5 din enhet (dator, smartphone eller surfplatta) n\u00e4r du bes\u00f6ker en webbplats. De inneh\u00e5ller information som hj\u00e4lper webbplatsen att k\u00e4nna igen din enhet och kan f\u00f6rb\u00e4ttra din upplevelse genom att komma ih\u00e5g inst\u00e4llningar, m\u00f6jligg\u00f6ra snabbare laddning och f\u00f6rb\u00e4ttra den \u00f6vergripande funktionaliteten.<\/p>\n<h4><strong>Typer av cookies vi anv\u00e4nder<\/strong><\/h4>\n<ol>\n<li><strong>Str\u00e4ngt n\u00f6dv\u00e4ndiga cookies:<\/strong> Dessa cookies \u00e4r n\u00f6dv\u00e4ndiga f\u00f6r att webbplatsen ska fungera korrekt. De m\u00f6jligg\u00f6r grundl\u00e4ggande funktioner som sidnavigering och s\u00e4kra omr\u00e5den p\u00e5 webbplatsen. Utan dessa cookies kan vissa tj\u00e4nster som du beg\u00e4r inte tillhandah\u00e5llas. Exempel p\u00e5 absolut n\u00f6dv\u00e4ndiga cookies inkluderar:\n<ul>\n<li>Sessionshantering<\/li>\n<li>S\u00e4kerhetsautentisering<\/li>\n<li>Forminl\u00e4mningar<\/li>\n<\/ul>\n<\/li>\n<li><strong>Prestanda- och analyscookies:<\/strong> Dessa cookies samlar in information om hur bes\u00f6kare anv\u00e4nder v\u00e5r webbplats, s\u00e5som de sidor de bes\u00f6ker oftast och eventuella felmeddelanden de f\u00e5r. Informationen \u00e4r aggregerad och anonym, och den hj\u00e4lper oss att f\u00f6rb\u00e4ttra prestandan p\u00e5 v\u00e5r webbplats. Vi anv\u00e4nder tredjepartsanalysverktyg, s\u00e5som Google Analytics, f\u00f6r att \u00f6vervaka webbplatstrafik och anv\u00e4ndningsm\u00f6nster. Detta hj\u00e4lper oss att fatta datadrivna beslut f\u00f6r att optimera anv\u00e4ndarupplevelsen.<\/li>\n<li><strong>Funktionscookies:<\/strong> Dessa cookies till\u00e5ter webbplatsen att komma ih\u00e5g val du g\u00f6r, s\u00e5som dina spr\u00e5kinst\u00e4llningar eller region. De f\u00f6rb\u00e4ttrar din anv\u00e4ndarupplevelse genom att tillhandah\u00e5lla personliga funktioner.<\/li>\n<li><strong>Inriktnings- och reklamcookies:<\/strong> Vi kan anv\u00e4nda dessa cookies f\u00f6r att visa mer relevanta annonser till dig. De sp\u00e5rar din onlineaktivitet och l\u00e5ter oss visa annonser baserat p\u00e5 dina intressen. Dessa cookies hj\u00e4lper oss ocks\u00e5 att m\u00e4ta effektiviteten av v\u00e5ra marknadsf\u00f6ringskampanjer. Vi arbetar med tredjepartsannons\u00f6rer som kan placera cookies p\u00e5 din enhet n\u00e4r du bes\u00f6ker v\u00e5r webbplats. Observera att dessa tredje parter har sina egna integritets- och cookiespolicyer.<\/li>\n<\/ol>\n<h4><strong>Hur vi anv\u00e4nder cookies<\/strong><\/h4>\n<p>Vi anv\u00e4nder cookies f\u00f6r att:<\/p>\n<ul>\n<li>F\u00f6rb\u00e4ttra funktionaliteten och prestandan p\u00e5 v\u00e5r webbplats.<\/li>\n<li>Ge dig en personlig upplevelse.<\/li>\n<li>Analysera trafik och f\u00f6rb\u00e4ttra webbplatsens anv\u00e4ndbarhet.<\/li>\n<li>St\u00f6d v\u00e5ra marknadsf\u00f6rings- och reklaminsatser.<\/li>\n<\/ul>\n<p>Cookies hj\u00e4lper oss ocks\u00e5 att f\u00f6rb\u00e4ttra kvaliteten p\u00e5 v\u00e5ra tj\u00e4nster genom att identifiera eventuella tekniska problem eller omr\u00e5den f\u00f6r f\u00f6rb\u00e4ttring.<\/p>\n<h4><strong>Hantera cookies<\/strong><\/h4>\n<p>Du har r\u00e4tt att kontrollera och hantera cookies p\u00e5 flera s\u00e4tt:<\/p>\n<ol>\n<li><strong>Webbl\u00e4sarinst\u00e4llningar:<\/strong> De flesta webbl\u00e4sare l\u00e5ter dig hantera dina cookie-inst\u00e4llningar genom deras inst\u00e4llningar. Du kan v\u00e4lja att blockera eller ta bort cookies. Observera dock att om du inaktiverar vissa cookies kan det h\u00e4nda att delar av v\u00e5r webbplats inte fungerar korrekt.<\/li>\n<li><strong>Opt-out-l\u00e4nkar:<\/strong> F\u00f6r prestanda- och inriktningscookies kan du v\u00e4lja bort dem direkt via respektive tredjepartstj\u00e4nster:\n<ul>\n<li><a target=\"_new\" rel=\"noopener\">V\u00e4lj bort Google Analytics<\/a><\/li>\n<li>Annonspreferenser f\u00f6r Google<\/li>\n<li>Dina onlineval f\u00f6r EU-anv\u00e4ndare<\/li>\n<\/ul>\n<\/li>\n<li><strong>Inst\u00e4llningar f\u00f6r sp\u00e5ra inte (DNT):<\/strong> Vissa webbl\u00e4sare erbjuder en \"Do Not Track\"-funktion, som l\u00e5ter dig signalera att du f\u00f6redrar sekretess och beg\u00e4ra att webbplatser inte sp\u00e5rar dina onlineaktiviteter. Det finns dock ingen enhetlig standard f\u00f6r DNT-signaler, och v\u00e5r webbplats kanske inte svarar p\u00e5 dessa signaler.<\/li>\n<\/ol>\n<h4><strong>Tredjepartscookies<\/strong><\/h4>\n<p>Vi kan anv\u00e4nda tredjepartstj\u00e4nster som s\u00e4tter cookies p\u00e5 din enhet f\u00f6r att f\u00f6rb\u00e4ttra din surfupplevelse eller f\u00f6r att visa personligt inneh\u00e5ll. Dessa tredjepartscookies styrs av respektive tredje parts sekretesspolicyer, och vi rekommenderar att du granskar deras policyer f\u00f6r mer information.<\/p>\n<h4><strong>\u00c4ndringar av denna cookiepolicy<\/strong><\/h4>\n<p>Vi kan uppdatera denna cookiepolicy d\u00e5 och d\u00e5 f\u00f6r att \u00e5terspegla f\u00f6r\u00e4ndringar i teknik, juridiska krav eller v\u00e5r webbplats funktionalitet. Eventuella uppdateringar kommer att publiceras p\u00e5 denna sida, och \"Ikrafttr\u00e4dandedatum\" kommer att revideras i enlighet med detta. Vi uppmuntrar dig att granska denna policy med j\u00e4mna mellanrum f\u00f6r att h\u00e5lla dig informerad om v\u00e5r anv\u00e4ndning av cookies.<\/p>\n<h4><strong>Kontakta oss<\/strong><\/h4>\n<p>Om du har n\u00e5gra fr\u00e5gor om v\u00e5r anv\u00e4ndning av cookies eller denna cookiepolicy, v\u00e4nligen kontakta oss p\u00e5:<\/p>\n<p><strong>E-post:<\/strong> <a rel=\"noopener\"><span \n                data-original-string='32YlZsfCAOP0A6kpudb9Dw==250L1chYsbmTWneix5nmwuc+zUqJHhfZd2LPDsBLhAjI+Y='\n                class='apbct-email-encoder'\n                title='Denna kontakt har kodats av Anti-Spam av CleanTalk. Klicka f\u00f6r att koda upp. F\u00f6r att slutf\u00f6ra kodningen se till att JavaScript \u00e4r aktiverat i din webbl\u00e4sare.'>i<span class=\"apbct-blur\">**<\/span>@<span class=\"apbct-blur\">*****<\/span>sh.com<\/span><\/a><\/p>","protected":false},"excerpt":{"rendered":"<p>At CNCRUSH, we are committed to protecting your privacy and ensuring transparency in how we handle your personal data. This Cookies Policy explains how we use cookies and similar technologies on our website, https:\/\/cncrush.com\/ (&#8220;the Website&#8221;). By continuing to use our Website, you agree to the use of cookies as outlined in this policy. What [&#8230;]\n","protected":false},"author":1,"featured_media":0,"parent":0,"menu_order":0,"comment_status":"closed","ping_status":"closed","template":"page-blank-title-center.php","meta":{"footnotes":""},"class_list":["post-43","page","type-page","status-publish","hentry"],"_links":{"self":[{"href":"https:\/\/cncrush.com\/sv\/wp-json\/wp\/v2\/pages\/43","targetHints":{"allow":["GET"]}}],"collection":[{"href":"https:\/\/cncrush.com\/sv\/wp-json\/wp\/v2\/pages"}],"about":[{"href":"https:\/\/cncrush.com\/sv\/wp-json\/wp\/v2\/types\/page"}],"author":[{"embeddable":true,"href":"https:\/\/cncrush.com\/sv\/wp-json\/wp\/v2\/users\/1"}],"replies":[{"embeddable":true,"href":"https:\/\/cncrush.com\/sv\/wp-json\/wp\/v2\/comments?post=43"}],"version-history":[{"count":0,"href":"https:\/\/cncrush.com\/sv\/wp-json\/wp\/v2\/pages\/43\/revisions"}],"wp:attachment":[{"href":"https:\/\/cncrush.com\/sv\/wp-json\/wp\/v2\/media?parent=43"}],"curies":[{"name":"wp","href":"https:\/\/api.w.org\/{rel}","templated":true}]}}