{"id":12,"date":"2024-09-29T03:47:11","date_gmt":"2024-09-29T03:47:11","guid":{"rendered":"https:\/\/cncrush.com\/?page_id=12"},"modified":"2024-12-20T13:30:54","modified_gmt":"2024-12-20T13:30:54","slug":"hakkimizda","status":"publish","type":"page","link":"https:\/\/cncrush.com\/tr\/hakkimizda\/","title":{"rendered":"Hakk\u0131m\u0131zda"},"content":{"rendered":"<section class=\"section\" id=\"section_1556568811\">\n\t\t<div class=\"section-bg fill\" >\n\t\t\t\t\t\t\t\t\t\n\t\t\t\n\n\t\t<\/div>\n\n\t\t\n\n\t\t<div class=\"section-content relative\">\n\t\t\t\n<div class=\"row align-center\"  id=\"row-955296138\">\n\n\t<div id=\"col-123289819\" class=\"col medium-11 small-12 large-10\"  >\n\t\t\t\t<div class=\"col-inner\"  >\n\t\t\t\n\t\t\t\n<div class=\"row row-large align-middle\"  id=\"row-169248739\">\n\n\t<div id=\"col-760353794\" class=\"col medium-4 small-12 large-6\"  >\n\t\t\t\t<div class=\"col-inner\"  >\n\t\t\t\n\t\t\t\n\n  <div class=\"banner has-hover\" id=\"banner-250683063\">\n          <div class=\"banner-inner fill\">\n        <div class=\"banner-bg fill\" >\n            <img loading=\"lazy\" decoding=\"async\" width=\"1020\" height=\"876\" src=\"https:\/\/cncrush.com\/wp-content\/uploads\/2024\/12\/Machines-1-1024x879.jpg\" class=\"bg attachment-large size-large\" alt=\"\" title=\"\">                                    \n                    <\/div>\n\t\t\n        <div class=\"banner-layers container\">\n            <div class=\"fill banner-link\"><\/div>            \n   <div id=\"text-box-1456318231\" class=\"text-box banner-layer x50 md-x50 lg-x50 y50 md-y50 lg-y50 res-text\">\n                                <div class=\"text-box-content text dark\">\n              \n              <div class=\"text-inner text-center\">\n                  \n              <\/div>\n           <\/div>\n                            \n<style>\n#text-box-1456318231 {\n  width: 60%;\n}\n#text-box-1456318231 .text-box-content {\n  font-size: 100%;\n}\n@media (min-width:550px) {\n  #text-box-1456318231 {\n    width: 60%;\n  }\n}\n<\/style>\n    <\/div>\n \n        <\/div>\n      <\/div>\n\n            \n<style>\n#banner-250683063 {\n  padding-top: 300px;\n}\n@media (min-width:550px) {\n  #banner-250683063 {\n    padding-top: 79.66%;\n  }\n}\n<\/style>\n  <\/div>\n\n\n\t\t<\/div>\n\t\t\t\t\t<\/div>\n\n\t\n\n\t<div id=\"col-2106038890\" class=\"col medium-8 small-12 large-6\"  >\n\t\t\t\t<div class=\"col-inner\"  >\n\t\t\t\n\t\t\t\n<h3>M\u00fctevaz\u0131 Ba\u015flang\u0131\u00e7lar\u0131m\u0131z <\/h3>\n<p>Kurucumuz Mike, 2012 y\u0131l\u0131nda yaln\u0131zca iki CNC makinesiyle ve hassasiyet ve kalite sunma vizyonuyla i\u015fe ba\u015flad\u0131. O zamanlar yaln\u0131zca i\u00e7 pazara hitap ediyorduk ve \u00e7ok \u00e7e\u015fitli end\u00fcstrilere \u00f6zel par\u00e7alar \u00fcretiyorduk. K\u00fc\u00e7\u00fck at\u00f6lyelerden b\u00fcy\u00fck fabrikalara kadar Mike'\u0131n adanm\u0131\u015fl\u0131\u011f\u0131 ve uygulamal\u0131 yakla\u015f\u0131m\u0131, g\u00fcvenilirlik ve m\u00fckemmellik konusunda itibar kazand\u0131 ve bug\u00fcn oldu\u011fumuz \u015feyin temelini olu\u015fturdu.<\/p>\n\t\t<\/div>\n\t\t\t\t\t<\/div>\n\n\t\n<\/div>\n<div class=\"row row-large align-middle\"  id=\"row-1295182279\">\n\n\t<div id=\"col-1034852703\" class=\"col medium-8 small-12 large-6\"  >\n\t\t\t\t<div class=\"col-inner\"  >\n\t\t\t\n\t\t\t\n<h3>Ufuklar Geni\u015fliyor<\/h3>\n<p>Talep artt\u0131k\u00e7a h\u0131rslar\u0131m\u0131z da artt\u0131. 2015 y\u0131l\u0131na gelindi\u011finde operasyonlar\u0131m\u0131z\u0131 Avrupa, Amerika Birle\u015fik Devletleri ve Avustralya'daki m\u00fc\u015fterilerimize hizmet verecek \u015fekilde geni\u015flettik. Yol boyunca uzmanl\u0131\u011f\u0131m\u0131z\u0131 geli\u015ftirdik ve otomotiv bile\u015fenleri, t\u0131bbi cihazlar, elektronik par\u00e7alar ve otomasyon ekipmanlar\u0131 gibi \u00f6nemli sekt\u00f6rlere odaklanmaya ba\u015flad\u0131k. Bu uzmanla\u015fm\u0131\u015f sekt\u00f6rler b\u00fcy\u00fcmemizin ve yenilik\u00e7ili\u011fimizin temel ta\u015f\u0131 haline geldi.<\/p>\n\t\t<\/div>\n\t\t\t\t\t<\/div>\n\n\t\n\n\t<div id=\"col-1218433531\" class=\"col medium-4 small-12 large-6 medium-col-first\"  >\n\t\t\t\t<div class=\"col-inner\"  >\n\t\t\t\n\t\t\t\n\n  <div class=\"banner has-hover\" id=\"banner-1134134372\">\n          <div class=\"banner-inner fill\">\n        <div class=\"banner-bg fill\" >\n            <img loading=\"lazy\" decoding=\"async\" width=\"507\" height=\"494\" src=\"https:\/\/cncrush.com\/wp-content\/uploads\/2024\/12\/About-us-2.png\" class=\"bg attachment-large size-large\" alt=\"\" title=\"\">                                    \n                    <\/div>\n\t\t\n        <div class=\"banner-layers container\">\n            <div class=\"fill banner-link\"><\/div>            \n   <div id=\"text-box-1850844261\" class=\"text-box banner-layer x50 md-x50 lg-x50 y50 md-y50 lg-y50 res-text\">\n                                <div class=\"text-box-content text dark\">\n              \n              <div class=\"text-inner text-center\">\n                  \n              <\/div>\n           <\/div>\n                            \n<style>\n#text-box-1850844261 {\n  width: 60%;\n}\n#text-box-1850844261 .text-box-content {\n  font-size: 100%;\n}\n@media (min-width:550px) {\n  #text-box-1850844261 {\n    width: 60%;\n  }\n}\n<\/style>\n    <\/div>\n \n        <\/div>\n      <\/div>\n\n            \n<style>\n#banner-1134134372 {\n  padding-top: 300px;\n}\n@media (min-width:550px) {\n  #banner-1134134372 {\n    padding-top: 61.03%;\n  }\n}\n<\/style>\n  <\/div>\n\n\n\t\t<\/div>\n\t\t\t\t\t<\/div>\n\n\t\n<\/div>\n<div class=\"row row-large align-middle\"  id=\"row-1850565361\">\n\n\t<div id=\"col-1727719512\" class=\"col medium-4 small-12 large-6\"  >\n\t\t\t\t<div class=\"col-inner\"  >\n\t\t\t\n\t\t\t\n\n  <div class=\"banner has-hover\" id=\"banner-350780694\">\n          <div class=\"banner-inner fill\">\n        <div class=\"banner-bg fill\" >\n            <img loading=\"lazy\" decoding=\"async\" width=\"1020\" height=\"680\" src=\"https:\/\/cncrush.com\/wp-content\/uploads\/2024\/12\/Machines-2-1024x683.jpg\" class=\"bg attachment-large size-large\" alt=\"cnc frezeleme\" title=\"\">                                    \n                    <\/div>\n\t\t\n        <div class=\"banner-layers container\">\n            <div class=\"fill banner-link\"><\/div>            \n   <div id=\"text-box-1222920158\" class=\"text-box banner-layer x50 md-x50 lg-x50 y50 md-y50 lg-y50 res-text\">\n                                <div class=\"text-box-content text dark\">\n              \n              <div class=\"text-inner text-center\">\n                  \n              <\/div>\n           <\/div>\n                            \n<style>\n#text-box-1222920158 {\n  width: 60%;\n}\n#text-box-1222920158 .text-box-content {\n  font-size: 100%;\n}\n@media (min-width:550px) {\n  #text-box-1222920158 {\n    width: 60%;\n  }\n}\n<\/style>\n    <\/div>\n \n        <\/div>\n      <\/div>\n\n            \n<style>\n#banner-350780694 {\n  padding-top: 300px;\n}\n@media (min-width:550px) {\n  #banner-350780694 {\n    padding-top: 70.63%;\n  }\n}\n<\/style>\n  <\/div>\n\n\n\t\t<\/div>\n\t\t\t\t\t<\/div>\n\n\t\n\n\t<div id=\"col-198517430\" class=\"col medium-8 small-12 large-6\"  >\n\t\t\t\t<div class=\"col-inner\"  >\n\t\t\t\n\t\t\t\n<h3>Global Vizyonlu, Ba\u015far\u0131l\u0131 Bir Ekip<\/h3>\n<p>Ekibimiz i\u015fimizle birlikte b\u00fcy\u00fcd\u00fc. 2018'de 8 yetenekli profesyonelden 2024'te 20'den fazla yetenekli ki\u015fiye kadar uzun bir yol kat ettik. Ekibimizin her \u00fcyesi hassasiyet, kalite ve m\u00fc\u015fteri memnuniyetine olan ba\u011fl\u0131l\u0131\u011f\u0131 payla\u015f\u0131yor. Bug\u00fcn, on y\u0131l\u0131 a\u015fk\u0131n deneyim ve s\u00fcrekli iyile\u015ftirme tutkusuyla desteklenen, k\u00fcresel pazarlara birinci s\u0131n\u0131f CNC i\u015fleme hizmetleri sunmaktan gurur duyuyoruz.<\/p>\n\t\t<\/div>\n\t\t\t\t\t<\/div>\n\n\t\n<\/div>\n<div class=\"row align-center\"  id=\"row-712356478\">\n\n\t<div id=\"col-993956445\" class=\"col medium-9 small-10 large-12\"  >\n\t\t\t\t<div class=\"col-inner text-center\"  >\n\t\t\t\n\t\t\t\n\t<div id=\"text-1816277908\" class=\"text\">\n\t\t\n<p>CNCRUSH olarak \u015funlar\u0131 taahh\u00fct ediyoruz: <strong>kalite, hassasiyet ve yenilik<\/strong>. \u0130ster k\u00fc\u00e7\u00fck prototip \u00e7al\u0131\u015fmalar\u0131na ister b\u00fcy\u00fck \u00fcretim partilerine ihtiyac\u0131n\u0131z olsun, CNC i\u015fleme konusunda g\u00fcvenilir orta\u011f\u0131n\u0131z\u0131z ve \u00fcretimin her a\u015famas\u0131nda m\u00fckemmelli\u011fi garanti ederiz.<\/p>\n<p>Sizi CNCRUSH ile i\u015fbirli\u011fi yapmaya davet ediyoruz; <strong>hassasiyet g\u00fcvenilirli\u011fi kar\u015f\u0131l\u0131yor<\/strong>. Birlikte ola\u011fan\u00fcst\u00fc bir \u015fey in\u015fa edelim.<br \/>\n\t\t\n<style>\n#text-1816277908 {\n  text-align: left;\n}\n<\/style>\n\t<\/div>\n\t\n<a href=\"https:\/\/cncrush.com\/tr\/sorusturma-gonder\/\" class=\"button secondary\"  style=\"border-radius:4px;\">\n\t\t<span>Talep G\u00f6nder<\/span>\n\t<\/a>\n\n\t\t<\/div>\n\t\t\t\t\n<style>\n#col-993956445 > .col-inner {\n  margin: 20px 0px 20px 0px;\n}\n<\/style>\n\t<\/div>\n\n\t\n<\/div>\n\t\t<\/div>\n\t\t\t\t\t<\/div>\n\n\t\n<\/div>\n\t\t<\/div>\n\n\t\t\n<style>\n#section_1556568811 {\n  padding-top: 80px;\n  padding-bottom: 80px;\n  background-color: rgb(244, 244, 244);\n}\n<\/style>\n\t<\/section>","protected":false},"excerpt":{"rendered":"","protected":false},"author":1,"featured_media":103,"parent":0,"menu_order":0,"comment_status":"closed","ping_status":"closed","template":"page-blank.php","meta":{"footnotes":""},"class_list":["post-12","page","type-page","status-publish","has-post-thumbnail","hentry"],"_links":{"self":[{"href":"https:\/\/cncrush.com\/tr\/wp-json\/wp\/v2\/pages\/12","targetHints":{"allow":["GET"]}}],"collection":[{"href":"https:\/\/cncrush.com\/tr\/wp-json\/wp\/v2\/pages"}],"about":[{"href":"https:\/\/cncrush.com\/tr\/wp-json\/wp\/v2\/types\/page"}],"author":[{"embeddable":true,"href":"https:\/\/cncrush.com\/tr\/wp-json\/wp\/v2\/users\/1"}],"replies":[{"embeddable":true,"href":"https:\/\/cncrush.com\/tr\/wp-json\/wp\/v2\/comments?post=12"}],"version-history":[{"count":0,"href":"https:\/\/cncrush.com\/tr\/wp-json\/wp\/v2\/pages\/12\/revisions"}],"wp:featuredmedia":[{"embeddable":true,"href":"https:\/\/cncrush.com\/tr\/wp-json\/wp\/v2\/media\/103"}],"wp:attachment":[{"href":"https:\/\/cncrush.com\/tr\/wp-json\/wp\/v2\/media?parent=12"}],"curies":[{"name":"wp","href":"https:\/\/api.w.org\/{rel}","templated":true}]}}