{"id":29,"date":"2024-09-29T03:50:01","date_gmt":"2024-09-29T03:50:01","guid":{"rendered":"https:\/\/cncrush.com\/?page_id=29"},"modified":"2024-12-20T14:06:29","modified_gmt":"2024-12-20T14:06:29","slug":"elektrik-muhendisligi","status":"publish","type":"page","link":"https:\/\/cncrush.com\/tr\/elektrik-muhendisligi\/","title":{"rendered":"Elektrik m\u00fchendisli\u011fi"},"content":{"rendered":"<section class=\"section dark\" id=\"section_1273903186\">\n\t\t<div class=\"section-bg fill\" >\n\t\t\t<img loading=\"lazy\" decoding=\"async\" width=\"2100\" height=\"700\" src=\"https:\/\/cncrush.com\/wp-content\/uploads\/2024\/10\/electrical-engineering.webp\" class=\"bg attachment- size-\" alt=\"\" title=\"\">\t\t\t\t\t\t<div class=\"section-bg-overlay absolute fill\"><\/div><button class=\"scroll-for-more z-5 icon absolute bottom h-center\" aria-label=\"Daha fazlas\u0131 i\u00e7in a\u015fa\u011f\u0131ya bak\u0131n\"><i class=\"icon-angle-down\" style=\"font-size:42px;\" ><\/i><\/button>\n\t\t\t\n\n\t\t<\/div>\n\n\t\t\n\n\t\t<div class=\"section-content relative\">\n\t\t\t\n<div class=\"row align-center\"  id=\"row-696907317\">\n\n\t<div id=\"col-1908740701\" class=\"col medium-10 small-12 large-10\"  >\n\t\t\t\t<div class=\"col-inner text-center\"  >\n\t\t\t\n\t\t\t\n\t<div id=\"text-3486019253\" class=\"text\">\n\t\t\n<h1>Elektrik M\u00fchendisli\u011fi CNC \u00c7\u00f6z\u00fcmleri<\/h1>\n\t\t\n<style>\n#text-3486019253 {\n  font-size: 1.35rem;\n}\n@media (min-width:550px) {\n  #text-3486019253 {\n    font-size: 2rem;\n  }\n}\n<\/style>\n\t<\/div>\n\t\n<div class=\"row\"  id=\"row-804007386\">\n\n\t<div id=\"col-576823241\" class=\"col medium-9 small-12 large-9\"  >\n\t\t\t\t<div class=\"col-inner\"  >\n\t\t\t\n\t\t\t\n<p>CNCRUSH'ta, geli\u015fmi\u015f elektrikli \u00fcr\u00fcnlerinizi olu\u015fturmak i\u00e7in gereken y\u00fcksek hassasiyetli tornalanm\u0131\u015f-frezelenmi\u015f par\u00e7alar\u0131n \u00fcretiminde uzman\u0131z. Talep veya s\u00f6zle\u015fme \u00fczerine esnek \u00fcretim sunarak Tam Zaman\u0131nda (JIT) ilkelerine dayal\u0131 olarak zaman\u0131nda teslimat sa\u011fl\u0131yoruz.<\/p>\n\t\t<\/div>\n\t\t\t\t\t<\/div>\n\n\t\n<\/div>\n\t\t<\/div>\n\t\t\t\t\t<\/div>\n\n\t\n<\/div>\n\t\t<\/div>\n\n\t\t\n<style>\n#section_1273903186 {\n  padding-top: 30px;\n  padding-bottom: 30px;\n  min-height: 100px;\n}\n#section_1273903186 .section-bg-overlay {\n  background-color: rgba(0, 0, 0, 0.384);\n}\n#section_1273903186 .section-bg img {\n  object-position: 53% 58%;\n}\n@media (min-width:550px) {\n  #section_1273903186 {\n    min-height: 600px;\n  }\n}\n<\/style>\n\t<\/section>\n\t\n\n\t<section class=\"section\" id=\"section_1278905294\">\n\t\t<div class=\"section-bg fill\" >\n\t\t\t\t\t\t\t\t\t\n\t\t\t\n\n\t\t<\/div>\n\n\t\t\n\n\t\t<div class=\"section-content relative\">\n\t\t\t\n<div class=\"row row-large steps-simple-headline\"  id=\"row-120667220\">\n\n\t<div id=\"col-1126171275\" class=\"col medium-8 small-12 large-12\"  >\n\t\t\t\t<div class=\"col-inner\"  >\n\t\t\t\n\t\t\t\n<div class=\"row row-collapse\"  id=\"row-1878046542\">\n\n\t<div id=\"col-142006307\" class=\"col medium-1 small-2 large-1\"  >\n\t\t\t\t<div class=\"col-inner\"  >\n\t\t\t\n\t\t\t\n<h2>01<\/h2>\n\t\t<\/div>\n\t\t\t\t\t<\/div>\n\n\t\n\n\t<div id=\"col-1956829926\" class=\"col medium-11 small-10 large-11\"  >\n\t\t\t\t<div class=\"col-inner\"  >\n\t\t\t\n\t\t\t\n<h3>\u0130malat\u0131n\u0131 Yapt\u0131\u011f\u0131m\u0131z Par\u00e7alar<\/h3>\n<ul>\n<li><strong>Al\u00fcminyum Muhafazalar<\/strong> elektronik devreler ve elektro-optik mod\u00fcller i\u00e7in<\/li>\n<li><strong>Lazer Kaynaklar\u0131 i\u00e7in Bile\u015fenler<\/strong> al\u00fcminyum ve bak\u0131rdan yap\u0131lm\u0131\u015f<\/li>\n<li><strong>Yar\u0131 \u0130letken End\u00fcstrisine Y\u00f6nelik Par\u00e7alar<\/strong><\/li>\n<\/ul>\n\t\t<\/div>\n\t\t\t\t\t<\/div>\n\n\t\n<\/div>\n<div class=\"is-divider divider clearfix\" style=\"margin-top:10px;margin-bottom:10px;max-width:100%;height:1px;\"><\/div>\n<div class=\"row row-collapse\"  id=\"row-2008380062\">\n\n\t<div id=\"col-366386773\" class=\"col medium-1 small-2 large-1\"  >\n\t\t\t\t<div class=\"col-inner\"  >\n\t\t\t\n\t\t\t\n<h2>02<\/h2>\n\t\t<\/div>\n\t\t\t\t\t<\/div>\n\n\t\n\n\t<div id=\"col-233333749\" class=\"col medium-11 small-10 large-11\"  >\n\t\t\t\t<div class=\"col-inner\"  >\n\t\t\t\n\t\t\t\n<h3>S\u00fcrecimiz<\/h3>\n<ul>\n<li><strong>Kesinlik:<\/strong> Par\u00e7alar\u0131 ola\u011fan\u00fcst\u00fc hassasiyetle torna ve frezeliyoruz, 0,01 mm veya daha d\u00fc\u015f\u00fck toleranslar\u0131 kar\u015f\u0131l\u0131yoruz.<\/li>\n<li><strong>Estetik ve Kalite:<\/strong> Par\u00e7alar\u0131m\u0131z\u0131n 100%'si y\u00fczey kalitesi, kenar keskinli\u011fi, delik kesi\u015fimleri ve \u00e7apak olmamas\u0131 a\u00e7\u0131s\u0131ndan s\u0131k\u0131 bir denetime tabi tutulur.<\/li>\n<li><strong>Temizlik:<\/strong> T\u00fcm bile\u015fenler end\u00fcstriyel olarak y\u0131kan\u0131r ve nakliye s\u0131ras\u0131nda korozyona ve hasara kar\u015f\u0131 korunur.<\/li>\n<li><strong>Eloksal:<\/strong> Par\u00e7alar\u0131n\u0131z\u0131n i\u015flevselli\u011fini ve g\u00f6r\u00fcn\u00fcm\u00fcn\u00fc geli\u015ftirmek i\u00e7in hem dekoratif hem de teknik eloksal sa\u011fl\u0131yoruz.<\/li>\n<\/ul>\n\t\t<\/div>\n\t\t\t\t\t<\/div>\n\n\t\n<\/div>\n<div class=\"is-divider divider clearfix\" style=\"margin-top:10px;margin-bottom:10px;max-width:100%;height:1px;\"><\/div>\n<div class=\"row row-collapse align-middle\"  id=\"row-403113273\">\n\n\t<div id=\"col-464001235\" class=\"col medium-1 small-2 large-1\"  >\n\t\t\t\t<div class=\"col-inner\"  >\n\t\t\t\n\t\t\t\n<h2>03<\/h2>\n\t\t<\/div>\n\t\t\t\t\t<\/div>\n\n\t\n\n\t<div id=\"col-676305218\" class=\"col medium-11 small-10 large-11\"  >\n\t\t\t\t<div class=\"col-inner\"  >\n\t\t\t\n\t\t\t\n<h3>Kalite G\u00fcvencesi<\/h3>\n<p>Dar toleransl\u0131 par\u00e7alar\u0131m\u0131z\u0131n do\u011frulu\u011funu a\u015fa\u011f\u0131dakileri kullanarak sa\u011fl\u0131yoruz: <strong>Hexagon X-METRO koordinat \u00f6l\u00e7\u00fcm makinesi<\/strong>0,002 mm'ye kadar \u00f6l\u00e7\u00fcm hassasiyetini garanti eder.<\/p>\n<p>M\u00fc\u015fterilerimizle i\u015fbirli\u011fi i\u00e7inde, spesifikasyonlar\u0131 tam olarak kar\u015f\u0131lamak i\u00e7in kontrol ve \u00f6l\u00e7\u00fcm stratejilerini \u00f6nceden tan\u0131ml\u0131yoruz. Kontrol Plan\u0131m\u0131za g\u00f6re her par\u00e7a d\u00fczenli olarak kontrol edilmekte ve m\u00fcmk\u00fcn olan durumlarda kritik boyutlar\u0131n istatistiksel kontrol\u00fc yap\u0131lmaktad\u0131r.<\/p>\n\t\t<\/div>\n\t\t\t\t\t<\/div>\n\n\t\n<\/div>\n<div class=\"is-divider divider clearfix\" style=\"margin-top:10px;margin-bottom:10px;max-width:100%;height:1px;\"><\/div>\n\t\t<\/div>\n\t\t\t\t\t<\/div>\n\n\t\n<\/div>\n\t\t<\/div>\n\n\t\t\n<style>\n#section_1278905294 {\n  padding-top: 60px;\n  padding-bottom: 60px;\n}\n<\/style>\n\t<\/section>\n\t\n<div class=\"row row-collapse row-full-width\"  id=\"row-871285826\">\n\n\t<div id=\"col-405075342\" class=\"col small-12 large-12\"  >\n\t\t\t\t<div class=\"col-inner text-center dark\"  >\n\t\t\t\n\t\t\t\n\n  <div class=\"banner has-hover\" id=\"banner-2063013679\">\n          <div class=\"banner-inner fill\">\n        <div class=\"banner-bg fill\" >\n            <img loading=\"lazy\" decoding=\"async\" width=\"1020\" height=\"421\" src=\"https:\/\/cncrush.com\/wp-content\/uploads\/2024\/09\/milled-stainless-steel-background-1024x423.webp\" class=\"bg attachment-large size-large\" alt=\"\" title=\"\">                        <div class=\"overlay\"><\/div>            \n                    <\/div>\n\t\t\n        <div class=\"banner-layers container\">\n            <div class=\"fill banner-link\"><\/div>            \n   <div id=\"text-box-10040250\" class=\"text-box banner-layer x50 md-x50 lg-x50 y50 md-y50 lg-y50 res-text\">\n                                <div class=\"text-box-content text dark\">\n              \n              <div class=\"text-inner text-center\">\n                  \n\t<div id=\"text-736838042\" class=\"text\">\n\t\t\n<h3>Kula\u011fa ilgin\u00e7 mi geliyor? Bug\u00fcn \u00dccretsiz Teklif Al\u0131n!<\/h3>\n\t\t\n<style>\n#text-736838042 {\n  font-size: 0.75rem;\n  text-align: center;\n}\n<\/style>\n\t<\/div>\n\t\n<a href=\"https:\/\/cncrush.com\/tr\/sorusturma-gonder\/\" class=\"button alert\"  >\n\t\t<span>Sorgunuzu g\u00f6nderin<\/span>\n\t<\/a>\n\n              <\/div>\n           <\/div>\n                            \n<style>\n#text-box-10040250 {\n  width: 100%;\n}\n#text-box-10040250 .text-box-content {\n  font-size: 100%;\n}\n@media (min-width:550px) {\n  #text-box-10040250 {\n    width: 94%;\n  }\n}\n<\/style>\n    <\/div>\n \n        <\/div>\n      <\/div>\n\n            \n<style>\n#banner-2063013679 {\n  padding-top: 99.99%;\n}\n#banner-2063013679 .overlay {\n  background-color: rgba(0, 0, 0, 0.17);\n}\n#banner-2063013679 .banner-bg img {\n  object-position: 47% 60%;\n}\n@media (min-width:550px) {\n  #banner-2063013679 {\n    padding-top: 118px;\n  }\n}\n<\/style>\n  <\/div>\n\n\n\t\t<\/div>\n\t\t\t\t\t<\/div>\n\n\t\n<\/div>","protected":false},"excerpt":{"rendered":"","protected":false},"author":1,"featured_media":0,"parent":0,"menu_order":0,"comment_status":"closed","ping_status":"closed","template":"page-blank.php","meta":{"footnotes":""},"class_list":["post-29","page","type-page","status-publish","hentry"],"_links":{"self":[{"href":"https:\/\/cncrush.com\/tr\/wp-json\/wp\/v2\/pages\/29","targetHints":{"allow":["GET"]}}],"collection":[{"href":"https:\/\/cncrush.com\/tr\/wp-json\/wp\/v2\/pages"}],"about":[{"href":"https:\/\/cncrush.com\/tr\/wp-json\/wp\/v2\/types\/page"}],"author":[{"embeddable":true,"href":"https:\/\/cncrush.com\/tr\/wp-json\/wp\/v2\/users\/1"}],"replies":[{"embeddable":true,"href":"https:\/\/cncrush.com\/tr\/wp-json\/wp\/v2\/comments?post=29"}],"version-history":[{"count":0,"href":"https:\/\/cncrush.com\/tr\/wp-json\/wp\/v2\/pages\/29\/revisions"}],"wp:attachment":[{"href":"https:\/\/cncrush.com\/tr\/wp-json\/wp\/v2\/media?parent=29"}],"curies":[{"name":"wp","href":"https:\/\/api.w.org\/{rel}","templated":true}]}}