{"id":31,"date":"2024-09-29T03:50:09","date_gmt":"2024-09-29T03:50:09","guid":{"rendered":"https:\/\/cncrush.com\/?page_id=31"},"modified":"2024-12-20T14:11:01","modified_gmt":"2024-12-20T14:11:01","slug":"makine-yapimi-ve-otomasyon","status":"publish","type":"page","link":"https:\/\/cncrush.com\/tr\/makine-yapimi-ve-otomasyon\/","title":{"rendered":"Makine \u0130malat\u0131 ve Otomasyon"},"content":{"rendered":"<section class=\"section dark\" id=\"section_637602644\">\n\t\t<div class=\"section-bg fill\" >\n\t\t\t<img loading=\"lazy\" decoding=\"async\" width=\"2100\" height=\"700\" src=\"https:\/\/cncrush.com\/wp-content\/uploads\/2024\/10\/machine-building-automation.webp\" class=\"bg attachment- size-\" alt=\"\" title=\"\">\t\t\t\t\t\t<div class=\"section-bg-overlay absolute fill\"><\/div><button class=\"scroll-for-more z-5 icon absolute bottom h-center\" aria-label=\"Daha fazlas\u0131 i\u00e7in a\u015fa\u011f\u0131ya bak\u0131n\"><i class=\"icon-angle-down\" style=\"font-size:42px;\" ><\/i><\/button>\n\t\t\t\n\n\t\t<\/div>\n\n\t\t\n\n\t\t<div class=\"section-content relative\">\n\t\t\t\n<div class=\"row align-center\"  id=\"row-175964579\">\n\n\t<div id=\"col-980227081\" class=\"col medium-10 small-12 large-10\"  >\n\t\t\t\t<div class=\"col-inner text-center\"  >\n\t\t\t\n\t\t\t\n\t<div id=\"text-339085791\" class=\"text\">\n\t\t\n<h1>Makine \u0130malat\u0131 ve Otomasyon CNC Hizmetleri<\/h1>\n\t\t\n<style>\n#text-339085791 {\n  font-size: 1.35rem;\n}\n@media (min-width:550px) {\n  #text-339085791 {\n    font-size: 2rem;\n  }\n}\n<\/style>\n\t<\/div>\n\t\n<div class=\"row\"  id=\"row-1251339562\">\n\n\t<div id=\"col-103129639\" class=\"col medium-9 small-12 large-9\"  >\n\t\t\t\t<div class=\"col-inner\"  >\n\t\t\t\n\t\t\t\n<p>CNCRUSH'ta makineleriniz veya cihazlar\u0131n\u0131z i\u00e7in her par\u00e7ay\u0131 g\u00fcvenilirlik, maliyet etkinli\u011fi ve en y\u00fcksek kalitede \u00fcretiyoruz. ISO 9001:2015 ve ISO 14001 sertifikal\u0131 olarak, t\u00fcm bile\u015fenler i\u00e7in zaman\u0131nda teslimat ve ola\u011fan\u00fcst\u00fc standartlar sa\u011fl\u0131yoruz.<\/p>\n\t\t<\/div>\n\t\t\t\t\t<\/div>\n\n\t\n<\/div>\n\t\t<\/div>\n\t\t\t\t\t<\/div>\n\n\t\n<\/div>\n\t\t<\/div>\n\n\t\t\n<style>\n#section_637602644 {\n  padding-top: 30px;\n  padding-bottom: 30px;\n  min-height: 100px;\n}\n#section_637602644 .section-bg-overlay {\n  background-color: rgba(0, 0, 0, 0.384);\n}\n#section_637602644 .section-bg img {\n  object-position: 53% 58%;\n}\n@media (min-width:550px) {\n  #section_637602644 {\n    min-height: 600px;\n  }\n}\n<\/style>\n\t<\/section>\n\t\n\n\t<section class=\"section\" id=\"section_1688122219\">\n\t\t<div class=\"section-bg fill\" >\n\t\t\t\t\t\t\t\t\t\n\t\t\t\n\n\t\t<\/div>\n\n\t\t\n\n\t\t<div class=\"section-content relative\">\n\t\t\t\n<div class=\"row row-large steps-simple-headline\"  id=\"row-1261835780\">\n\n\t<div id=\"col-1253544241\" class=\"col medium-8 small-12 large-12\"  >\n\t\t\t\t<div class=\"col-inner\"  >\n\t\t\t\n\t\t\t\n<div class=\"row row-collapse\"  id=\"row-999695902\">\n\n\t<div id=\"col-1199605587\" class=\"col medium-1 small-2 large-1\"  >\n\t\t\t\t<div class=\"col-inner\"  >\n\t\t\t\n\t\t\t\n<h2>01<\/h2>\n\t\t<\/div>\n\t\t\t\t\t<\/div>\n\n\t\n\n\t<div id=\"col-1138714258\" class=\"col medium-11 small-10 large-11\"  >\n\t\t\t\t<div class=\"col-inner\"  >\n\t\t\t\n\t\t\t\n<h3>\u0130malat\u0131n\u0131 Yapt\u0131\u011f\u0131m\u0131z Par\u00e7alar<\/h3>\n<p>Uzmanl\u0131\u011f\u0131m\u0131z a\u015fa\u011f\u0131daki gibi par\u00e7alar i\u00e7in al\u00fcminyum, \u00e7elik, bak\u0131r ve plastik dahil olmak \u00fczere \u00e7e\u015fitli malzemeleri kapsamaktad\u0131r:<\/p>\n<ul>\n<li>G\u00f6vdeler, muhafazalar, bloklar<\/li>\n<li>Elemanlar\u0131n sabitlenmesi, ayarlanmas\u0131 ve ba\u011flanmas\u0131<\/li>\n<li>\u00c7\u0131talar ve profiller<\/li>\n<li>Kovanlar, halkalar, somunlar, akslar ve miller<\/li>\n<li>Sahipler<\/li>\n<li>Plakalar<\/li>\n<\/ul>\n\t\t<\/div>\n\t\t\t\t\t<\/div>\n\n\t\n<\/div>\n<div class=\"is-divider divider clearfix\" style=\"margin-top:10px;margin-bottom:10px;max-width:100%;height:1px;\"><\/div>\n<div class=\"row row-collapse\"  id=\"row-153345867\">\n\n\t<div id=\"col-1557989304\" class=\"col medium-1 small-2 large-1\"  >\n\t\t\t\t<div class=\"col-inner\"  >\n\t\t\t\n\t\t\t\n<h2>02<\/h2>\n\t\t<\/div>\n\t\t\t\t\t<\/div>\n\n\t\n\n\t<div id=\"col-993781976\" class=\"col medium-11 small-10 large-11\"  >\n\t\t\t\t<div class=\"col-inner\"  >\n\t\t\t\n\t\t\t\n<h3>S\u00fcrecimiz<\/h3>\n<p>CNCRUSH'ta kalite bizim \u00f6nceli\u011fimizdir.<\/p>\n<ul>\n<li><strong>100% Kalite Kontrol\u00fc:<\/strong> Her par\u00e7a, ayr\u0131nt\u0131l\u0131 bir Kontrol Plan\u0131na dayal\u0131 olarak s\u00fcrekli proses takibi ile Kalite Kontrol ekibimiz taraf\u0131ndan \u00fcretim i\u00e7in onaylan\u0131r.<\/li>\n<li><strong>Raporlama:<\/strong> Talep \u00fczerine sa\u011fl\u0131yoruz <strong>PPAP<\/strong> Ve <strong>8D raporlar\u0131<\/strong> Spesifikasyonlar\u0131n\u0131za uygunlu\u011fu sa\u011flamak i\u00e7in.<\/li>\n<\/ul>\n\t\t<\/div>\n\t\t\t\t\t<\/div>\n\n\t\n<\/div>\n<div class=\"is-divider divider clearfix\" style=\"margin-top:10px;margin-bottom:10px;max-width:100%;height:1px;\"><\/div>\n<div class=\"row row-collapse align-middle\"  id=\"row-838900300\">\n\n\t<div id=\"col-1012779238\" class=\"col medium-1 small-2 large-1\"  >\n\t\t\t\t<div class=\"col-inner\"  >\n\t\t\t\n\t\t\t\n<h2>03<\/h2>\n\t\t<\/div>\n\t\t\t\t\t<\/div>\n\n\t\n\n\t<div id=\"col-1694591548\" class=\"col medium-11 small-10 large-11\"  >\n\t\t\t\t<div class=\"col-inner\"  >\n\t\t\t\n\t\t\t\n<h3>Kalite g\u00fcvencesi<\/h3>\n<p>CNCRUSH'ta kalite bizim \u00f6nceli\u011fimizdir.<\/p>\n<ul>\n<li><strong>100% Kalite Kontrol\u00fc:<\/strong> Her par\u00e7a, ayr\u0131nt\u0131l\u0131 bir Kontrol Plan\u0131na dayal\u0131 olarak s\u00fcrekli proses takibi ile Kalite Kontrol ekibimiz taraf\u0131ndan \u00fcretim i\u00e7in onaylan\u0131r.<\/li>\n<li><strong>Raporlama:<\/strong> Talep \u00fczerine sa\u011fl\u0131yoruz <strong>\u0130lk \u00dcr\u00fcn Denetimi (FAI) raporlar\u0131 ve<\/strong> <strong>8D raporlar\u0131<\/strong> Spesifikasyonlar\u0131n\u0131za uygunlu\u011fu sa\u011flamak i\u00e7in.<\/li>\n<\/ul>\n\t\t<\/div>\n\t\t\t\t\t<\/div>\n\n\t\n<\/div>\n\t\t<\/div>\n\t\t\t\t\t<\/div>\n\n\t\n<\/div>\n\t\t<\/div>\n\n\t\t\n<style>\n#section_1688122219 {\n  padding-top: 60px;\n  padding-bottom: 60px;\n}\n<\/style>\n\t<\/section>\n\t\n<div class=\"row row-collapse row-full-width\"  id=\"row-1615620384\">\n\n\t<div id=\"col-750079510\" class=\"col small-12 large-12\"  >\n\t\t\t\t<div class=\"col-inner text-center dark\"  >\n\t\t\t\n\t\t\t\n\n  <div class=\"banner has-hover\" id=\"banner-1817973911\">\n          <div class=\"banner-inner fill\">\n        <div class=\"banner-bg fill\" >\n            <img loading=\"lazy\" decoding=\"async\" width=\"1020\" height=\"421\" src=\"https:\/\/cncrush.com\/wp-content\/uploads\/2024\/09\/milled-stainless-steel-background-1024x423.webp\" class=\"bg attachment-large size-large\" alt=\"\" title=\"\">                        <div class=\"overlay\"><\/div>            \n                    <\/div>\n\t\t\n        <div class=\"banner-layers container\">\n            <div class=\"fill banner-link\"><\/div>            \n   <div id=\"text-box-2070430620\" class=\"text-box banner-layer x50 md-x50 lg-x50 y50 md-y50 lg-y50 res-text\">\n                                <div class=\"text-box-content text dark\">\n              \n              <div class=\"text-inner text-center\">\n                  \n\t<div id=\"text-2349331079\" class=\"text\">\n\t\t\n<h3>\u0130lgili? Bug\u00fcn \u00dccretsiz Teklif Al\u0131n!<\/h3>\n\t\t\n<style>\n#text-2349331079 {\n  font-size: 0.75rem;\n  text-align: center;\n}\n<\/style>\n\t<\/div>\n\t\n<a href=\"https:\/\/cncrush.com\/tr\/sorusturma-gonder\/\" class=\"button alert\"  >\n\t\t<span>Sorgunuzu g\u00f6nderin<\/span>\n\t<\/a>\n\n              <\/div>\n           <\/div>\n                            \n<style>\n#text-box-2070430620 {\n  width: 100%;\n}\n#text-box-2070430620 .text-box-content {\n  font-size: 100%;\n}\n@media (min-width:550px) {\n  #text-box-2070430620 {\n    width: 94%;\n  }\n}\n<\/style>\n    <\/div>\n \n        <\/div>\n      <\/div>\n\n            \n<style>\n#banner-1817973911 {\n  padding-top: 99.99%;\n}\n#banner-1817973911 .overlay {\n  background-color: rgba(0, 0, 0, 0.17);\n}\n#banner-1817973911 .banner-bg img {\n  object-position: 47% 60%;\n}\n@media (min-width:550px) {\n  #banner-1817973911 {\n    padding-top: 105px;\n  }\n}\n<\/style>\n  <\/div>\n\n\n\t\t<\/div>\n\t\t\t\t\t<\/div>\n\n\t\n<\/div>","protected":false},"excerpt":{"rendered":"","protected":false},"author":1,"featured_media":0,"parent":0,"menu_order":0,"comment_status":"closed","ping_status":"closed","template":"page-blank.php","meta":{"footnotes":""},"class_list":["post-31","page","type-page","status-publish","hentry"],"_links":{"self":[{"href":"https:\/\/cncrush.com\/tr\/wp-json\/wp\/v2\/pages\/31","targetHints":{"allow":["GET"]}}],"collection":[{"href":"https:\/\/cncrush.com\/tr\/wp-json\/wp\/v2\/pages"}],"about":[{"href":"https:\/\/cncrush.com\/tr\/wp-json\/wp\/v2\/types\/page"}],"author":[{"embeddable":true,"href":"https:\/\/cncrush.com\/tr\/wp-json\/wp\/v2\/users\/1"}],"replies":[{"embeddable":true,"href":"https:\/\/cncrush.com\/tr\/wp-json\/wp\/v2\/comments?post=31"}],"version-history":[{"count":0,"href":"https:\/\/cncrush.com\/tr\/wp-json\/wp\/v2\/pages\/31\/revisions"}],"wp:attachment":[{"href":"https:\/\/cncrush.com\/tr\/wp-json\/wp\/v2\/media?parent=31"}],"curies":[{"name":"wp","href":"https:\/\/api.w.org\/{rel}","templated":true}]}}