{"id":33,"date":"2024-09-29T03:50:17","date_gmt":"2024-09-29T03:50:17","guid":{"rendered":"https:\/\/cncrush.com\/?page_id=33"},"modified":"2024-12-20T14:14:01","modified_gmt":"2024-12-20T14:14:01","slug":"tuketici-urunleri","status":"publish","type":"page","link":"https:\/\/cncrush.com\/tr\/tuketici-urunleri\/","title":{"rendered":"T\u00fcketici \u00dcr\u00fcnleri"},"content":{"rendered":"<section class=\"section dark\" id=\"section_228935589\">\n\t\t<div class=\"section-bg fill\" >\n\t\t\t<img loading=\"lazy\" decoding=\"async\" width=\"2100\" height=\"700\" src=\"https:\/\/cncrush.com\/wp-content\/uploads\/2024\/10\/consumer-products.webp\" class=\"bg attachment- size-\" alt=\"\" title=\"\">\t\t\t\t\t\t<div class=\"section-bg-overlay absolute fill\"><\/div><button class=\"scroll-for-more z-5 icon absolute bottom h-center\" aria-label=\"Daha fazlas\u0131 i\u00e7in a\u015fa\u011f\u0131ya bak\u0131n\"><i class=\"icon-angle-down\" style=\"font-size:42px;\" ><\/i><\/button>\n\t\t\t\n\n\t\t<\/div>\n\n\t\t\n\n\t\t<div class=\"section-content relative\">\n\t\t\t\n<div class=\"row align-center\"  id=\"row-1356462868\">\n\n\t<div id=\"col-594302377\" class=\"col medium-10 small-12 large-10\"  >\n\t\t\t\t<div class=\"col-inner text-center\"  >\n\t\t\t\n\t\t\t\n\t<div id=\"text-675813886\" class=\"text\">\n\t\t\n<h1>T\u00fcketici \u00dcr\u00fcnleri \u0130malat\u0131<\/h1>\n\t\t\n<style>\n#text-675813886 {\n  font-size: 1.35rem;\n}\n@media (min-width:550px) {\n  #text-675813886 {\n    font-size: 2rem;\n  }\n}\n<\/style>\n\t<\/div>\n\t\n<div class=\"row\"  id=\"row-178644995\">\n\n\t<div id=\"col-1050305857\" class=\"col medium-9 small-12 large-9\"  >\n\t\t\t\t<div class=\"col-inner\"  >\n\t\t\t\n\t\t\t\n<p>CNCRUSH'ta \u00fcr\u00fcn fikirlerinizi hayata ge\u00e7irerek hem tasar\u0131m hem de \u00fcretim maliyetlerinizi optimize etmenize yard\u0131mc\u0131 olaca\u011f\u0131z. \u00dcr\u00fcn\u00fcn\u00fcz\u00fcn hem kalite hem de de\u011fer sunarak spesifikasyonlar\u0131n\u0131za g\u00f6re paketlenmesini sa\u011fl\u0131yoruz.<\/p>\n\t\t<\/div>\n\t\t\t\t\t<\/div>\n\n\t\n<\/div>\n\t\t<\/div>\n\t\t\t\t\t<\/div>\n\n\t\n<\/div>\n\t\t<\/div>\n\n\t\t\n<style>\n#section_228935589 {\n  padding-top: 30px;\n  padding-bottom: 30px;\n  min-height: 100px;\n}\n#section_228935589 .section-bg-overlay {\n  background-color: rgba(0, 0, 0, 0.384);\n}\n#section_228935589 .section-bg img {\n  object-position: 53% 58%;\n}\n@media (min-width:550px) {\n  #section_228935589 {\n    min-height: 600px;\n  }\n}\n<\/style>\n\t<\/section>\n\t\n\n\t<section class=\"section\" id=\"section_425413501\">\n\t\t<div class=\"section-bg fill\" >\n\t\t\t\t\t\t\t\t\t\n\t\t\t\n\n\t\t<\/div>\n\n\t\t\n\n\t\t<div class=\"section-content relative\">\n\t\t\t\n<div class=\"row row-large steps-simple-headline\"  id=\"row-1243907785\">\n\n\t<div id=\"col-1181135454\" class=\"col medium-8 small-12 large-12\"  >\n\t\t\t\t<div class=\"col-inner\"  >\n\t\t\t\n\t\t\t\n<div class=\"row row-collapse\"  id=\"row-78703115\">\n\n\t<div id=\"col-1575387492\" class=\"col medium-1 small-2 large-1\"  >\n\t\t\t\t<div class=\"col-inner\"  >\n\t\t\t\n\t\t\t\n<h2>01<\/h2>\n\t\t<\/div>\n\t\t\t\t\t<\/div>\n\n\t\n\n\t<div id=\"col-1018739672\" class=\"col medium-11 small-10 large-11\"  >\n\t\t\t\t<div class=\"col-inner\"  >\n\t\t\t\n\t\t\t\n<h3>\u00dcretti\u011fimiz \u00dcr\u00fcnlerden \u00d6rnekler<\/h3>\n<ul>\n<li>Bina kontrol sistemi butonlar\u0131 i\u00e7in muhafazalar<\/li>\n<li>Tablet k\u0131l\u0131flar\u0131<\/li>\n<li>Bisiklet par\u00e7alar\u0131<\/li>\n<li>Nargileler i\u00e7in bile\u015fenler<\/li>\n<li>Ev aletleri ve elektronik ekipmanlar i\u00e7in tutucular ve d\u00fc\u011fmeler<\/li>\n<\/ul>\n\t\t<\/div>\n\t\t\t\t\t<\/div>\n\n\t\n<\/div>\n<div class=\"is-divider divider clearfix\" style=\"margin-top:10px;margin-bottom:10px;max-width:100%;height:1px;\"><\/div>\n<div class=\"row row-collapse\"  id=\"row-1053642643\">\n\n\t<div id=\"col-399290172\" class=\"col medium-1 small-2 large-1\"  >\n\t\t\t\t<div class=\"col-inner\"  >\n\t\t\t\n\t\t\t\n<h2>02<\/h2>\n\t\t<\/div>\n\t\t\t\t\t<\/div>\n\n\t\n\n\t<div id=\"col-1240360230\" class=\"col medium-11 small-10 large-11\"  >\n\t\t\t\t<div class=\"col-inner\"  >\n\t\t\t\n\t\t\t\n<h3>Kapsaml\u0131 Destek<\/h3>\n<p>Bir fikriniz var ancak sonraki ad\u0131mlardan emin de\u011fil misiniz? CNCRUSH'ta konseptlerinizi ger\u00e7e\u011fe d\u00f6n\u00fc\u015ft\u00fcr\u00fcyoruz. Ekibimiz size \u015fu konularda yard\u0131mc\u0131 olacakt\u0131r:<\/p>\n<ul>\n<li><strong>\u00dcr\u00fcn\u00fcn\u00fcz\u00fc tasarlama<\/strong> vizyonunuzu kar\u015f\u0131lad\u0131\u011f\u0131ndan emin olmak i\u00e7in<\/li>\n<li>Sa\u011flama <strong>optimum performans<\/strong> do\u011fru spesifikasyonlarla<\/li>\n<li><strong>En iyi malzemeleri se\u00e7mek<\/strong> dayan\u0131kl\u0131l\u0131k ve i\u015flevsellik i\u00e7in<\/li>\n<li>En fazlas\u0131n\u0131 yaratmak <strong>verimli \u00fcretim s\u00fcreci<\/strong><\/li>\n<li><strong>M\u00fckemmel ambalaj\u0131 se\u00e7mek<\/strong> markan\u0131za uyacak \u015fekilde<\/li>\n<\/ul>\n\t\t<\/div>\n\t\t\t\t\t<\/div>\n\n\t\n<\/div>\n<div class=\"is-divider divider clearfix\" style=\"margin-top:10px;margin-bottom:10px;max-width:100%;height:1px;\"><\/div>\n<div class=\"row row-collapse align-middle\"  id=\"row-472972290\">\n\n\t<div id=\"col-435384402\" class=\"col medium-1 small-2 large-1\"  >\n\t\t\t\t<div class=\"col-inner\"  >\n\t\t\t\n\t\t\t\n<h2>03<\/h2>\n\t\t<\/div>\n\t\t\t\t\t<\/div>\n\n\t\n\n\t<div id=\"col-670693097\" class=\"col medium-11 small-10 large-11\"  >\n\t\t\t\t<div class=\"col-inner\"  >\n\t\t\t\n\t\t\t\n<h3>\u00d6zel \u00dcretim S\u00fcreci<\/h3>\n<p>CNCRUSH'ta \u00fcr\u00fcn\u00fcn\u00fcz\u00fcn \u00f6zel ihtiya\u00e7lar\u0131n\u0131 kar\u015f\u0131lamak \u00fczere uyarlanm\u0131\u015f u\u00e7tan uca \u00fcretim \u00e7\u00f6z\u00fcmleri sunuyoruz:<\/p>\n<ul>\n<li><strong>Tasar\u0131m ve Hassasiyet:<\/strong> Ayr\u0131nt\u0131l\u0131 yap\u0131 ve parametre optimizasyonu<\/li>\n<li><strong>Geli\u015ftirme ve Test:<\/strong> Do\u011fru teknolojinin ve ek tedavilerin belirlenmesi<\/li>\n<li><strong>G\u00f6rsel ve Paketleme \u00c7\u00f6z\u00fcmleri:<\/strong> Nihai \u00fcr\u00fcn\u00fcn harika g\u00f6r\u00fcnmesini ve uygun \u015fekilde korunmas\u0131n\u0131 sa\u011flamak<\/li>\n<li><strong>Kalite Kontrol\u00fc:<\/strong> En y\u00fcksek kaliteyi sa\u011flamak i\u00e7in kapsaml\u0131 denetimler<\/li>\n<li><strong>Esneklik:<\/strong> \u00dcr\u00fcn de\u011fi\u015fikliklerine ve tasar\u0131m iyile\u015ftirmelerine kolayca uyum sa\u011flay\u0131n<\/li>\n<li><strong>Do\u011frudan \u0130leti\u015fim:<\/strong> Proje y\u00f6neticinizle yak\u0131n i\u015fbirli\u011fi ve s\u00fcrekli \u00fcretim hatt\u0131 izlemesi<\/li>\n<li><strong>Dayan\u0131kl\u0131l\u0131k ve Test:<\/strong> \u00dcr\u00fcn\u00fcn uzun \u00f6m\u00fcrl\u00fc olmas\u0131 i\u00e7in do\u011fru malzemelerin se\u00e7ilmesi<\/li>\n<\/ul>\n\t\t<\/div>\n\t\t\t\t\t<\/div>\n\n\t\n<\/div>\n<div class=\"is-divider divider clearfix\" style=\"margin-top:10px;margin-bottom:10px;max-width:100%;height:1px;\"><\/div>\n\t\t<\/div>\n\t\t\t\t\t<\/div>\n\n\t\n<\/div>\n\t\t<\/div>\n\n\t\t\n<style>\n#section_425413501 {\n  padding-top: 60px;\n  padding-bottom: 60px;\n}\n<\/style>\n\t<\/section>\n\t\n<div class=\"row row-collapse row-full-width\"  id=\"row-670656693\">\n\n\t<div id=\"col-2117626558\" class=\"col small-12 large-12\"  >\n\t\t\t\t<div class=\"col-inner text-center dark\"  >\n\t\t\t\n\t\t\t\n\n  <div class=\"banner has-hover\" id=\"banner-1133339301\">\n          <div class=\"banner-inner fill\">\n        <div class=\"banner-bg fill\" >\n            <img loading=\"lazy\" decoding=\"async\" width=\"1020\" height=\"421\" src=\"https:\/\/cncrush.com\/wp-content\/uploads\/2024\/09\/milled-stainless-steel-background-1024x423.webp\" class=\"bg attachment-large size-large\" alt=\"\" title=\"\">                        <div class=\"overlay\"><\/div>            \n                    <\/div>\n\t\t\n        <div class=\"banner-layers container\">\n            <div class=\"fill banner-link\"><\/div>            \n   <div id=\"text-box-90726537\" class=\"text-box banner-layer x50 md-x50 lg-x50 y50 md-y50 lg-y50 res-text\">\n                                <div class=\"text-box-content text dark\">\n              \n              <div class=\"text-inner text-center\">\n                  \n\t<div id=\"text-432347245\" class=\"text\">\n\t\t\n<h3>\u0130lgili? Bug\u00fcn \u00dccretsiz Teklif Al\u0131n!<\/h3>\n\t\t\n<style>\n#text-432347245 {\n  font-size: 0.75rem;\n  text-align: center;\n}\n<\/style>\n\t<\/div>\n\t\n<a href=\"https:\/\/cncrush.com\/tr\/sorusturma-gonder\/\" class=\"button alert\"  >\n\t\t<span>Sorgunuzu g\u00f6nderin<\/span>\n\t<\/a>\n\n              <\/div>\n           <\/div>\n                            \n<style>\n#text-box-90726537 {\n  width: 100%;\n}\n#text-box-90726537 .text-box-content {\n  font-size: 100%;\n}\n@media (min-width:550px) {\n  #text-box-90726537 {\n    width: 94%;\n  }\n}\n<\/style>\n    <\/div>\n \n        <\/div>\n      <\/div>\n\n            \n<style>\n#banner-1133339301 {\n  padding-top: 99.99%;\n}\n#banner-1133339301 .overlay {\n  background-color: rgba(0, 0, 0, 0.17);\n}\n#banner-1133339301 .banner-bg img {\n  object-position: 47% 60%;\n}\n@media (min-width:550px) {\n  #banner-1133339301 {\n    padding-top: 119px;\n  }\n}\n<\/style>\n  <\/div>\n\n\n\t\t<\/div>\n\t\t\t\t\t<\/div>\n\n\t\n<\/div>","protected":false},"excerpt":{"rendered":"","protected":false},"author":1,"featured_media":0,"parent":0,"menu_order":0,"comment_status":"closed","ping_status":"closed","template":"page-blank.php","meta":{"footnotes":""},"class_list":["post-33","page","type-page","status-publish","hentry"],"_links":{"self":[{"href":"https:\/\/cncrush.com\/tr\/wp-json\/wp\/v2\/pages\/33","targetHints":{"allow":["GET"]}}],"collection":[{"href":"https:\/\/cncrush.com\/tr\/wp-json\/wp\/v2\/pages"}],"about":[{"href":"https:\/\/cncrush.com\/tr\/wp-json\/wp\/v2\/types\/page"}],"author":[{"embeddable":true,"href":"https:\/\/cncrush.com\/tr\/wp-json\/wp\/v2\/users\/1"}],"replies":[{"embeddable":true,"href":"https:\/\/cncrush.com\/tr\/wp-json\/wp\/v2\/comments?post=33"}],"version-history":[{"count":0,"href":"https:\/\/cncrush.com\/tr\/wp-json\/wp\/v2\/pages\/33\/revisions"}],"wp:attachment":[{"href":"https:\/\/cncrush.com\/tr\/wp-json\/wp\/v2\/media?parent=33"}],"curies":[{"name":"wp","href":"https:\/\/api.w.org\/{rel}","templated":true}]}}