{"id":37,"date":"2024-09-29T03:50:30","date_gmt":"2024-09-29T03:50:30","guid":{"rendered":"https:\/\/cncrush.com\/?page_id=37"},"modified":"2024-12-20T13:53:35","modified_gmt":"2024-12-20T13:53:35","slug":"tip-endustrisi","status":"publish","type":"page","link":"https:\/\/cncrush.com\/tr\/tip-endustrisi\/","title":{"rendered":"Medikal End\u00fcstrisi"},"content":{"rendered":"<section class=\"section dark\" id=\"section_1992231936\">\n\t\t<div class=\"section-bg fill\" >\n\t\t\t<img loading=\"lazy\" decoding=\"async\" width=\"2100\" height=\"700\" src=\"https:\/\/cncrush.com\/wp-content\/uploads\/2024\/10\/medical-industry.webp\" class=\"bg attachment- size-\" alt=\"\" title=\"\">\t\t\t\t\t\t<div class=\"section-bg-overlay absolute fill\"><\/div><button class=\"scroll-for-more z-5 icon absolute bottom h-center\" aria-label=\"Daha fazlas\u0131 i\u00e7in a\u015fa\u011f\u0131ya bak\u0131n\"><i class=\"icon-angle-down\" style=\"font-size:42px;\" ><\/i><\/button>\n\t\t\t\n\n\t\t<\/div>\n\n\t\t\n\n\t\t<div class=\"section-content relative\">\n\t\t\t\n<div class=\"row align-center\"  id=\"row-1865892911\">\n\n\t<div id=\"col-907224790\" class=\"col medium-10 small-12 large-10\"  >\n\t\t\t\t<div class=\"col-inner text-center\"  >\n\t\t\t\n\t\t\t\n\t<div id=\"text-4142890685\" class=\"text\">\n\t\t\n<h1>Medikal Sekt\u00f6r\u00fcne Y\u00f6nelik CNC Hassas Par\u00e7alar<\/h1>\n\t\t\n<style>\n#text-4142890685 {\n  font-size: 1.35rem;\n}\n@media (min-width:550px) {\n  #text-4142890685 {\n    font-size: 2rem;\n  }\n}\n<\/style>\n\t<\/div>\n\t\n<div class=\"row\"  id=\"row-1963090191\">\n\n\t<div id=\"col-1808824350\" class=\"col medium-9 small-12 large-9\"  >\n\t\t\t\t<div class=\"col-inner\"  >\n\t\t\t\n\t\t\t\n<p>CNCRUSH'ta, \u00f6zel t\u0131bbi ekipmanlara y\u00f6nelik hassas bile\u015fenler \u00fcreterek t\u0131p sekt\u00f6r\u00fc i\u00e7in en y\u00fcksek kalite ve g\u00fcvenilirli\u011fi sa\u011fl\u0131yoruz.<\/p>\n\t\t<\/div>\n\t\t\t\t\t<\/div>\n\n\t\n<\/div>\n\t\t<\/div>\n\t\t\t\t\t<\/div>\n\n\t\n<\/div>\n\t\t<\/div>\n\n\t\t\n<style>\n#section_1992231936 {\n  padding-top: 30px;\n  padding-bottom: 30px;\n  min-height: 100px;\n}\n#section_1992231936 .section-bg-overlay {\n  background-color: rgba(0, 0, 0, 0.384);\n}\n#section_1992231936 .section-bg img {\n  object-position: 53% 58%;\n}\n@media (min-width:550px) {\n  #section_1992231936 {\n    min-height: 600px;\n  }\n}\n<\/style>\n\t<\/section>\n\t\n\n\t<section class=\"section\" id=\"section_999512044\">\n\t\t<div class=\"section-bg fill\" >\n\t\t\t\t\t\t\t\t\t\n\t\t\t\n\n\t\t<\/div>\n\n\t\t\n\n\t\t<div class=\"section-content relative\">\n\t\t\t\n<div class=\"row row-large steps-simple-headline\"  id=\"row-1394603721\">\n\n\t<div id=\"col-1757628255\" class=\"col medium-8 small-12 large-12\"  >\n\t\t\t\t<div class=\"col-inner\"  >\n\t\t\t\n\t\t\t\n<div class=\"row row-collapse\"  id=\"row-656548253\">\n\n\t<div id=\"col-1826184808\" class=\"col medium-1 small-2 large-1\"  >\n\t\t\t\t<div class=\"col-inner\"  >\n\t\t\t\n\t\t\t\n<h2>01<\/h2>\n\t\t<\/div>\n\t\t\t\t\t<\/div>\n\n\t\n\n\t<div id=\"col-1295270898\" class=\"col medium-11 small-10 large-11\"  >\n\t\t\t\t<div class=\"col-inner\"  >\n\t\t\t\n\t\t\t\n<h3>\u0130malat\u0131n\u0131 Yapt\u0131\u011f\u0131m\u0131z Par\u00e7alar<\/h3>\n<p>A\u015fa\u011f\u0131dakiler de dahil olmak \u00fczere t\u0131bbi cihazlar i\u00e7in kritik par\u00e7alar\u0131n \u00fcretiminde uzman\u0131z:<\/p>\n<ul>\n<li><strong>Al\u00fcminyum Muhafazalar<\/strong><\/li>\n<li><strong>Mekanik Par\u00e7alar<\/strong> radyoterapi, endoskopi, laparoskopi ve di\u015f taray\u0131c\u0131lar\u0131nda kullan\u0131lan, al\u00fcminyum ve paslanmaz \u00e7elikten yap\u0131lm\u0131\u015f t\u0131bbi ekipmanlar i\u00e7in<\/li>\n<li><strong>Elektrotlar<\/strong><\/li>\n<\/ul>\n\t\t<\/div>\n\t\t\t\t\t<\/div>\n\n\t\n<\/div>\n<div class=\"is-divider divider clearfix\" style=\"margin-top:10px;margin-bottom:10px;max-width:100%;height:1px;\"><\/div>\n<div class=\"row row-collapse\"  id=\"row-673100676\">\n\n\t<div id=\"col-1962888790\" class=\"col medium-1 small-2 large-1\"  >\n\t\t\t\t<div class=\"col-inner\"  >\n\t\t\t\n\t\t\t\n<h2>02<\/h2>\n\t\t<\/div>\n\t\t\t\t\t<\/div>\n\n\t\n\n\t<div id=\"col-308438576\" class=\"col medium-11 small-10 large-11\"  >\n\t\t\t\t<div class=\"col-inner\"  >\n\t\t\t\n\t\t\t\n<h3>\u00dcretim S\u00fcrecimiz<\/h3>\n<ul>\n<li><strong>Kesinlik:<\/strong> Toleranslar\u0131 0,02 mm'ye kadar olan k\u00fc\u00e7\u00fck, y\u00fcksek hassasiyetli par\u00e7alar \u00fcretiyoruz.<\/li>\n<li><strong>Temizlik:<\/strong> Her par\u00e7an\u0131n \u00e7apak, tala\u015f veya ya\u011f kal\u0131nt\u0131lar\u0131 i\u00e7ermedi\u011finden emin olmak i\u00e7in titizlikle kontrol edilir.<\/li>\n<li><strong>G\u00fcvenilirlik:<\/strong> Par\u00e7alar\u0131n y\u00fcksek tekrarlanabilirli\u011fini, i\u015flevselli\u011fini ve uyumlulu\u011funu sa\u011flayan \u00fcretim s\u00fcre\u00e7lerini dikkatle se\u00e7iyoruz.<\/li>\n<li><strong>M\u00fc\u015fteri Kat\u0131l\u0131m\u0131:<\/strong> Tasar\u0131m gereksinimlerini analiz etmek ve s\u00fcre\u00e7lerimizi onlar\u0131n \u00f6zel ihtiya\u00e7lar\u0131n\u0131 kar\u015f\u0131layacak \u015fekilde ayarlamak i\u00e7in m\u00fc\u015fterilerimizle yak\u0131n i\u015fbirli\u011fi i\u00e7inde \u00e7al\u0131\u015f\u0131yoruz.<\/li>\n<\/ul>\n\t\t<\/div>\n\t\t\t\t\t<\/div>\n\n\t\n<\/div>\n<div class=\"is-divider divider clearfix\" style=\"margin-top:10px;margin-bottom:10px;max-width:100%;height:1px;\"><\/div>\n<div class=\"row row-collapse align-middle\"  id=\"row-983396401\">\n\n\t<div id=\"col-1173753325\" class=\"col medium-1 small-2 large-1\"  >\n\t\t\t\t<div class=\"col-inner\"  >\n\t\t\t\n\t\t\t\n<h2>03<\/h2>\n\t\t<\/div>\n\t\t\t\t\t<\/div>\n\n\t\n\n\t<div id=\"col-844328671\" class=\"col medium-11 small-10 large-11\"  >\n\t\t\t\t<div class=\"col-inner\"  >\n\t\t\t\n\t\t\t\n<h3>Kalite G\u00fcvencesi<\/h3>\n<p>Hassasiyet t\u0131p alan\u0131nda kritik \u00f6neme sahiptir ve a\u015fa\u011f\u0131daki gibi geli\u015fmi\u015f \u00f6l\u00e7\u00fcm ekipmanlar\u0131n\u0131 kullanarak en y\u00fcksek standartlar\u0131 kar\u015f\u0131l\u0131yoruz: <strong>Alt\u0131gen K\u00fcresel S<\/strong>0,005 mm do\u011fruluk sa\u011flar. Karma\u015f\u0131k, k\u00fc\u00e7\u00fck boyutlu par\u00e7alar i\u00e7in kaliteyi sa\u011flamak amac\u0131yla b\u00fcy\u00fct\u00fclm\u00fc\u015f g\u00f6r\u00fcn\u00fcmleri kullanarak g\u00f6rsel denetimler de ger\u00e7ekle\u015ftiriyoruz.<\/p>\n\t\t<\/div>\n\t\t\t\t\t<\/div>\n\n\t\n<\/div>\n<div class=\"is-divider divider clearfix\" style=\"margin-top:10px;margin-bottom:10px;max-width:100%;height:1px;\"><\/div>\n\t\t<\/div>\n\t\t\t\t\t<\/div>\n\n\t\n<\/div>\n\t\t<\/div>\n\n\t\t\n<style>\n#section_999512044 {\n  padding-top: 60px;\n  padding-bottom: 60px;\n}\n<\/style>\n\t<\/section>\n\t\n<div class=\"row row-collapse row-full-width\"  id=\"row-435072902\">\n\n\t<div id=\"col-37324058\" class=\"col small-12 large-12\"  >\n\t\t\t\t<div class=\"col-inner text-center dark\"  >\n\t\t\t\n\t\t\t\n\n  <div class=\"banner has-hover\" id=\"banner-75185074\">\n          <div class=\"banner-inner fill\">\n        <div class=\"banner-bg fill\" >\n            <img loading=\"lazy\" decoding=\"async\" width=\"1020\" height=\"421\" src=\"https:\/\/cncrush.com\/wp-content\/uploads\/2024\/09\/milled-stainless-steel-background-1024x423.webp\" class=\"bg attachment-large size-large\" alt=\"\" title=\"\">                        <div class=\"overlay\"><\/div>            \n                    <\/div>\n\t\t\n        <div class=\"banner-layers container\">\n            <div class=\"fill banner-link\"><\/div>            \n   <div id=\"text-box-541243060\" class=\"text-box banner-layer x50 md-x50 lg-x50 y50 md-y50 lg-y50 res-text\">\n                                <div class=\"text-box-content text dark\">\n              \n              <div class=\"text-inner text-center\">\n                  \n\t<div id=\"text-493655922\" class=\"text\">\n\t\t\n<h3>\u0130lgili? Bug\u00fcn \u00dccretsiz Teklif Al\u0131n!<\/h3>\n\t\t\n<style>\n#text-493655922 {\n  font-size: 0.75rem;\n  text-align: center;\n}\n<\/style>\n\t<\/div>\n\t\n<a href=\"https:\/\/cncrush.com\/tr\/sorusturma-gonder\/\" class=\"button alert\"  >\n\t\t<span>Sorgunuzu g\u00f6nderin<\/span>\n\t<\/a>\n\n              <\/div>\n           <\/div>\n                            \n<style>\n#text-box-541243060 {\n  width: 100%;\n}\n#text-box-541243060 .text-box-content {\n  font-size: 100%;\n}\n@media (min-width:550px) {\n  #text-box-541243060 {\n    width: 94%;\n  }\n}\n<\/style>\n    <\/div>\n \n        <\/div>\n      <\/div>\n\n            \n<style>\n#banner-75185074 {\n  padding-top: 99.99%;\n}\n#banner-75185074 .overlay {\n  background-color: rgba(0, 0, 0, 0.17);\n}\n#banner-75185074 .banner-bg img {\n  object-position: 47% 60%;\n}\n@media (min-width:550px) {\n  #banner-75185074 {\n    padding-top: 97px;\n  }\n}\n<\/style>\n  <\/div>\n\n\n\t\t<\/div>\n\t\t\t\t\t<\/div>\n\n\t\n<\/div>","protected":false},"excerpt":{"rendered":"","protected":false},"author":1,"featured_media":0,"parent":0,"menu_order":0,"comment_status":"closed","ping_status":"closed","template":"page-blank.php","meta":{"footnotes":""},"class_list":["post-37","page","type-page","status-publish","hentry"],"_links":{"self":[{"href":"https:\/\/cncrush.com\/tr\/wp-json\/wp\/v2\/pages\/37","targetHints":{"allow":["GET"]}}],"collection":[{"href":"https:\/\/cncrush.com\/tr\/wp-json\/wp\/v2\/pages"}],"about":[{"href":"https:\/\/cncrush.com\/tr\/wp-json\/wp\/v2\/types\/page"}],"author":[{"embeddable":true,"href":"https:\/\/cncrush.com\/tr\/wp-json\/wp\/v2\/users\/1"}],"replies":[{"embeddable":true,"href":"https:\/\/cncrush.com\/tr\/wp-json\/wp\/v2\/comments?post=37"}],"version-history":[{"count":0,"href":"https:\/\/cncrush.com\/tr\/wp-json\/wp\/v2\/pages\/37\/revisions"}],"wp:attachment":[{"href":"https:\/\/cncrush.com\/tr\/wp-json\/wp\/v2\/media?parent=37"}],"curies":[{"name":"wp","href":"https:\/\/api.w.org\/{rel}","templated":true}]}}