{"id":43,"date":"2024-09-29T03:52:14","date_gmt":"2024-09-29T03:52:14","guid":{"rendered":"https:\/\/cncrush.com\/?page_id=43"},"modified":"2024-10-03T15:34:47","modified_gmt":"2024-10-03T15:34:47","slug":"cerez-politikasi","status":"publish","type":"page","link":"https:\/\/cncrush.com\/tr\/cerez-politikasi\/","title":{"rendered":"\u00c7erez Politikas\u0131"},"content":{"rendered":"<p>\u015eu tarihte: <strong><a href=\"https:\/\/cncrush.com\/tr\/\">CNCRUSH<\/a><\/strong>olarak, gizlili\u011finizi korumaya ve ki\u015fisel verilerinizi nas\u0131l kulland\u0131\u011f\u0131m\u0131z konusunda \u015feffafl\u0131k sa\u011flamaya kararl\u0131y\u0131z. Bu \u00c7erez Politikas\u0131, web sitemizde \u00e7erezleri ve benzer teknolojileri nas\u0131l kulland\u0131\u011f\u0131m\u0131z\u0131 a\u00e7\u0131klamaktad\u0131r, <a href=\"https:\/\/cncrush.com\/tr\/\" target=\"_new\" rel=\"noopener\">https:\/\/cncrush.com\/<\/a> (\u201cWeb Sitesi\u201d). Web Sitemizi kullanmaya devam ederek \u00e7erezlerin bu politikada belirtildi\u011fi \u015fekilde kullan\u0131lmas\u0131n\u0131 kabul etmi\u015f olursunuz.<\/p>\n<h4><strong>\u00c7erezler Nedir?<\/strong><\/h4>\n<p>\u00c7erezler, bir web sitesini ziyaret etti\u011finizde cihaz\u0131n\u0131za (bilgisayar, ak\u0131ll\u0131 telefon veya tablet) depolanan k\u00fc\u00e7\u00fck metin dosyalar\u0131d\u0131r. Web sitesinin cihaz\u0131n\u0131z\u0131 tan\u0131mas\u0131na yard\u0131mc\u0131 olan ve tercihleri \u200b\u200bhat\u0131rlayarak, daha h\u0131zl\u0131 y\u00fcklemeyi m\u00fcmk\u00fcn k\u0131larak ve genel i\u015flevselli\u011fi geli\u015ftirerek deneyiminizi geli\u015ftirebilecek bilgiler i\u00e7erirler.<\/p>\n<h4><strong>Kulland\u0131\u011f\u0131m\u0131z \u00c7erez T\u00fcrleri<\/strong><\/h4>\n<ol>\n<li><strong>Kesinlikle Gerekli \u00c7erezler:<\/strong> Bu \u00e7erezler Web Sitesinin d\u00fczg\u00fcn \u00e7al\u0131\u015fmas\u0131 i\u00e7in gereklidir. Sayfalarda gezinme ve Web Sitesinin g\u00fcvenli alanlar\u0131 gibi temel \u00f6zellikleri etkinle\u015ftirir. Bu \u00e7erezler olmadan talep etti\u011finiz baz\u0131 hizmetler sa\u011flanamaz. Kesinlikle gerekli olan \u00e7erezlerin \u00f6rnekleri \u015funlar\u0131 i\u00e7erir:\n<ul>\n<li>Oturum y\u00f6netimi<\/li>\n<li>G\u00fcvenlik kimlik do\u011frulamas\u0131<\/li>\n<li>Form g\u00f6nderimleri<\/li>\n<\/ul>\n<\/li>\n<li><strong>Performans ve Analiz \u00c7erezleri:<\/strong> Bu \u00e7erezler, ziyaret\u00e7ilerin en s\u0131k ziyaret ettikleri sayfalar ve ald\u0131klar\u0131 hata mesajlar\u0131 gibi Web Sitemizi nas\u0131l kulland\u0131klar\u0131na ili\u015fkin bilgileri toplar. Bilgiler toplu ve anonimdir ve Web Sitemizin performans\u0131n\u0131 art\u0131rmam\u0131za yard\u0131mc\u0131 olur. Web Sitesi trafi\u011fini ve kullan\u0131m kal\u0131plar\u0131n\u0131 izlemek i\u00e7in Google Analytics gibi \u00fc\u00e7\u00fcnc\u00fc taraf analiz ara\u00e7lar\u0131n\u0131 kullan\u0131r\u0131z. Bu, kullan\u0131c\u0131 deneyimini optimize etmek i\u00e7in veriye dayal\u0131 kararlar almam\u0131za yard\u0131mc\u0131 olur.<\/li>\n<li><strong>\u0130\u015flevsellik \u00c7erezleri:<\/strong> Bu \u00e7erezler Web Sitesinin, dil tercihleriniz veya b\u00f6lgeniz gibi yapt\u0131\u011f\u0131n\u0131z se\u00e7imleri hat\u0131rlamas\u0131n\u0131 sa\u011flar. Ki\u015fiselle\u015ftirilmi\u015f \u00f6zellikler sa\u011flayarak kullan\u0131c\u0131 deneyiminizi geli\u015ftirirler.<\/li>\n<li><strong>Hedefleme ve Reklam \u00c7erezleri:<\/strong> Bu \u00e7erezleri size daha alakal\u0131 reklamlar sunmak i\u00e7in kullanabiliriz. \u00c7evrimi\u00e7i etkinliklerinizi izlerler ve ilgi alanlar\u0131n\u0131za g\u00f6re reklam g\u00f6stermemize olanak tan\u0131rlar. Bu \u00e7erezler ayn\u0131 zamanda pazarlama kampanyalar\u0131m\u0131z\u0131n etkinli\u011fini \u00f6l\u00e7memize de yard\u0131mc\u0131 olur. Web Sitemizi ziyaret etti\u011finizde cihaz\u0131n\u0131za \u00e7erez yerle\u015ftirebilecek \u00fc\u00e7\u00fcnc\u00fc taraf reklamverenlerle \u00e7al\u0131\u015f\u0131yoruz. L\u00fctfen bu \u00fc\u00e7\u00fcnc\u00fc taraflar\u0131n kendi gizlilik ve \u00e7erez politikalar\u0131na sahip oldu\u011funu unutmay\u0131n.<\/li>\n<\/ol>\n<h4><strong>\u00c7erezleri Nas\u0131l Kullan\u0131yoruz<\/strong><\/h4>\n<p>\u00c7erezleri a\u015fa\u011f\u0131daki ama\u00e7larla kullan\u0131r\u0131z:<\/p>\n<ul>\n<li>Web Sitemizin i\u015flevselli\u011fini ve performans\u0131n\u0131 geli\u015ftirin.<\/li>\n<li>Size ki\u015fiselle\u015ftirilmi\u015f bir deneyim sunun.<\/li>\n<li>Trafi\u011fi analiz edin ve Web Sitesinin kullan\u0131labilirli\u011fini iyile\u015ftirin.<\/li>\n<li>Pazarlama ve reklam \u00e7al\u0131\u015fmalar\u0131m\u0131z\u0131 destekleyin.<\/li>\n<\/ul>\n<p>\u00c7erezler ayr\u0131ca teknik sorunlar\u0131 veya geli\u015ftirilecek alanlar\u0131 belirleyerek hizmetlerimizin kalitesini art\u0131rmam\u0131za da yard\u0131mc\u0131 olur.<\/p>\n<h4><strong>\u00c7erezleri Y\u00f6netme<\/strong><\/h4>\n<p>\u00c7erezleri \u00e7e\u015fitli \u015fekillerde kontrol etme ve y\u00f6netme hakk\u0131na sahipsiniz:<\/p>\n<ol>\n<li><strong>Taray\u0131c\u0131 Ayarlar\u0131:<\/strong> \u00c7o\u011fu web taray\u0131c\u0131s\u0131, ayarlar\u0131 arac\u0131l\u0131\u011f\u0131yla \u00e7erez tercihlerinizi y\u00f6netmenize olanak tan\u0131r. \u00c7erezleri engellemeyi veya silmeyi se\u00e7ebilirsiniz. Ancak baz\u0131 \u00e7erezleri devre d\u0131\u015f\u0131 b\u0131rak\u0131rsan\u0131z Web Sitemizin baz\u0131 b\u00f6l\u00fcmlerinin d\u00fczg\u00fcn \u00e7al\u0131\u015fmayabilece\u011fini l\u00fctfen unutmay\u0131n.<\/li>\n<li><strong>Devre D\u0131\u015f\u0131 B\u0131rakma Ba\u011flant\u0131lar\u0131:<\/strong> Performans ve hedefleme \u00e7erezlerini do\u011frudan ilgili \u00fc\u00e7\u00fcnc\u00fc taraf hizmetleri arac\u0131l\u0131\u011f\u0131yla devre d\u0131\u015f\u0131 b\u0131rakabilirsiniz:\n<ul>\n<li><a target=\"_new\" rel=\"noopener\">Google Analytics Kapsam\u0131 D\u0131\u015f\u0131nda Kalma<\/a><\/li>\n<li>Google i\u00e7in Reklamc\u0131l\u0131k Tercihleri<\/li>\n<li>AB Kullan\u0131c\u0131lar\u0131 i\u00e7in \u00c7evrimi\u00e7i Se\u00e7imleriniz<\/li>\n<\/ul>\n<\/li>\n<li><strong>Takip Etme (DNT) Ayarlar\u0131:<\/strong> Baz\u0131 web taray\u0131c\u0131lar\u0131, gizlilik tercihinizi belirtmenize ve web sitelerinin \u00e7evrimi\u00e7i etkinliklerinizi izlememesini talep etmenize olanak tan\u0131yan bir \"\u0130zleme\" \u00f6zelli\u011fi sunar. Ancak DNT sinyalleri i\u00e7in tek tip bir standart yoktur ve Web Sitemiz bu sinyallere yan\u0131t vermeyebilir.<\/li>\n<\/ol>\n<h4><strong>\u00dc\u00e7\u00fcnc\u00fc Taraf \u00c7erezleri<\/strong><\/h4>\n<p>Tarama deneyiminizi geli\u015ftirmek veya ki\u015fiselle\u015ftirilmi\u015f i\u00e7erik g\u00f6r\u00fcnt\u00fclemek i\u00e7in cihaz\u0131n\u0131za \u00e7erezler yerle\u015ftiren \u00fc\u00e7\u00fcnc\u00fc taraf hizmetlerini kullanabiliriz. Bu \u00fc\u00e7\u00fcnc\u00fc taraf \u00e7erezleri, ilgili \u00fc\u00e7\u00fcnc\u00fc taraflar\u0131n gizlilik politikalar\u0131na tabidir ve daha fazla bilgi i\u00e7in onlar\u0131n politikalar\u0131n\u0131 incelemenizi \u00f6neririz.<\/p>\n<h4><strong>Bu \u00c7erez Politikas\u0131ndaki De\u011fi\u015fiklikler<\/strong><\/h4>\n<p>Teknolojideki, yasal gerekliliklerdeki veya Web Sitemizin i\u015flevselli\u011findeki de\u011fi\u015fiklikleri yans\u0131tacak \u015fekilde bu \u00c7erez Politikas\u0131n\u0131 zaman zaman g\u00fcncelleyebiliriz. Herhangi bir g\u00fcncelleme bu sayfada yay\u0131nlanacak ve \"Ge\u00e7erlilik Tarihi\" buna g\u00f6re revize edilecektir. \u00c7erez kullan\u0131m\u0131m\u0131z hakk\u0131nda bilgi sahibi olmak i\u00e7in bu politikay\u0131 d\u00fczenli aral\u0131klarla incelemenizi \u00f6neririz.<\/p>\n<h4><strong>Bize Ula\u015f\u0131n<\/strong><\/h4>\n<p>\u00c7erez kullan\u0131m\u0131m\u0131z veya bu \u00c7erez Politikas\u0131 hakk\u0131nda herhangi bir sorunuz varsa l\u00fctfen bizimle \u015fu adresten ileti\u015fime ge\u00e7in:<\/p>\n<p><strong>E-posta:<\/strong> <a rel=\"noopener\"><span \n                data-original-string='BFJDXSwEY51JVjBelGBqLA==250iABEVUgzFHDM4+B2Jv5mVh3IvX4b4MAuTqP39fuxKew='\n                class='apbct-email-encoder'\n                title='Bu ileti\u015fim CleanTalk taraf\u0131ndan Anti-Spam taraf\u0131ndan kodlanm\u0131\u015ft\u0131r. Kod \u00e7\u00f6zmek i\u00e7in t\u0131klay\u0131n. Kod \u00e7\u00f6zmeyi tamamlamak i\u00e7in taray\u0131c\u0131n\u0131zda JavaScript&#039;in etkin oldu\u011fundan emin olun.'>i\u00e7inde<span class=\"apbct-blur\">**<\/span>@<span class=\"apbct-blur\">*****<\/span>sh.com<\/span><\/a><\/p>","protected":false},"excerpt":{"rendered":"<p>CNCRUSH olarak gizlili\u011finizi korumaya ve ki\u015fisel verilerinizi nas\u0131l kulland\u0131\u011f\u0131m\u0131z konusunda \u015feffafl\u0131k sa\u011flamaya kararl\u0131y\u0131z. Bu \u00c7erez Politikas\u0131, https:\/\/cncrush.com\/ (\u201cWeb Sitesi\u201d) web sitemizde \u00e7erezleri ve benzer teknolojileri nas\u0131l kulland\u0131\u011f\u0131m\u0131z\u0131 a\u00e7\u0131klamaktad\u0131r. Web Sitemizi kullanmaya devam ederek \u00e7erezlerin bu politikada belirtildi\u011fi \u015fekilde kullan\u0131lmas\u0131n\u0131 kabul etmi\u015f olursunuz. Ne [\u2026]","protected":false},"author":1,"featured_media":0,"parent":0,"menu_order":0,"comment_status":"closed","ping_status":"closed","template":"page-blank-title-center.php","meta":{"footnotes":""},"class_list":["post-43","page","type-page","status-publish","hentry"],"_links":{"self":[{"href":"https:\/\/cncrush.com\/tr\/wp-json\/wp\/v2\/pages\/43","targetHints":{"allow":["GET"]}}],"collection":[{"href":"https:\/\/cncrush.com\/tr\/wp-json\/wp\/v2\/pages"}],"about":[{"href":"https:\/\/cncrush.com\/tr\/wp-json\/wp\/v2\/types\/page"}],"author":[{"embeddable":true,"href":"https:\/\/cncrush.com\/tr\/wp-json\/wp\/v2\/users\/1"}],"replies":[{"embeddable":true,"href":"https:\/\/cncrush.com\/tr\/wp-json\/wp\/v2\/comments?post=43"}],"version-history":[{"count":0,"href":"https:\/\/cncrush.com\/tr\/wp-json\/wp\/v2\/pages\/43\/revisions"}],"wp:attachment":[{"href":"https:\/\/cncrush.com\/tr\/wp-json\/wp\/v2\/media?parent=43"}],"curies":[{"name":"wp","href":"https:\/\/api.w.org\/{rel}","templated":true}]}}